{"id":9134,"date":"2024-04-26T03:31:58","date_gmt":"2024-04-26T00:31:58","guid":{"rendered":"https:\/\/mescomar.com\/?page_id=9134"},"modified":"2024-06-21T05:52:29","modified_gmt":"2024-06-21T02:52:29","slug":"ship-main-engine","status":"publish","type":"page","link":"https:\/\/mescomar.com\/tr\/ship-main-engine\/","title":{"rendered":"Gemi Ana Dizel Makineleri"},"content":{"rendered":"<h1 class=\"wp-block-heading has-black-color has-text-color has-link-color wp-elements-e65f1148495133a0905758b98bdce1fa\"><strong>Tuzla-\u0130stanbul ve Yalova'da Gemi Ana Makina Tamir\/Bak\u0131m ve Yedek Par\u00e7a Hizmetleri<\/strong><\/h1>\n\n\n\n<hr class=\"wp-block-separator has-text-color has-black-color has-alpha-channel-opacity has-black-background-color has-background is-style-wide\"\/>\n\n\n\n<p style=\"font-size:18px\">Mescomar olarak Tuzla - \u0130stanbul ve Yalova b\u00f6lgelerinde gemileriniz i\u00e7in ana dizel makine servis ve yedek par\u00e7a hizmeti vermekteyiz.. Rutin bak\u0131m i\u015flerinden yedek par\u00e7a hizmetlerine kadar bize g\u00fcvenebilirsiniz. Sorular\u0131n\u0131z i\u00e7in l\u00fctfen bize ula\u015fmaktan \u00e7ekinmeyin. T\u00fcrkiye ve Akdeniz'in her yerinde 7\/24 hizmet vermekteyiz.<\/p>\n\n\n\n<div style=\"height:15px\" aria-hidden=\"true\" class=\"wp-block-spacer\"><\/div>\n\n\n\n<div class=\"wp-block-buttons is-layout-flex wp-block-buttons-is-layout-flex\">\n<div class=\"wp-block-button\"><a class=\"wp-block-button__link has-background wp-element-button\" href=\"https:\/\/mescomar.com\/tr\/contact\/\" style=\"border-radius:10px;background-color:#30d5c8\">Bize Ula\u015f\u0131n<\/a><\/div>\n<\/div>\n\n\n\n<div style=\"height:15px\" aria-hidden=\"true\" class=\"wp-block-spacer\"><\/div>\n\n\n\n<h1 class=\"wp-block-heading has-black-color has-text-color has-link-color wp-elements-b7adf894c8e8f4dfb9e82eb1d18c5a20\"><strong>Gemi Ana Dizel Makinesinin \u00d6nemi<\/strong><\/h1>\n\n\n\n<hr class=\"wp-block-separator has-text-color has-black-color has-alpha-channel-opacity has-black-background-color has-background is-style-wide\"\/>\n\n\n\n<p style=\"font-size:17px\">Geminin ana makinesi, pervaneyi bir \u015faft veya di\u015fli sistemi boyunca hareket ettirmek i\u00e7in yak\u0131t enerjisini kinetik enerjiye d\u00f6n\u00fc\u015ft\u00fcren, tahrik sisteminde \u00e7ok \u00f6nemli bir rol oynar. Bu kritik bile\u015fen, bir geminin operasyonel verimlili\u011fi ve ticari s\u00fcrd\u00fcr\u00fclebilirli\u011fi a\u00e7\u0131s\u0131ndan merkezi \u00f6neme sahiptir. Gemideki makine m\u00fchendisleri, ana makinenin kusursuz ve verimli bir \u015fekilde \u00e7al\u0131\u015fmas\u0131n\u0131 sa\u011flamakla g\u00f6revlidir.<\/p>\n\n\n\n<figure class=\"wp-block-image aligncenter size-full is-resized\"><img loading=\"lazy\" decoding=\"async\" width=\"265\" height=\"198\" src=\"https:\/\/mescomar.com\/wp-content\/uploads\/2024\/04\/1.png\" alt=\"\" class=\"wp-image-9141\" style=\"width:330px\"\/><\/figure>\n\n\n\n<div style=\"height:20px\" aria-hidden=\"true\" class=\"wp-block-spacer\"><\/div>\n\n\n\n<div class=\"wp-block-group is-layout-constrained wp-block-group-is-layout-constrained\">\n<h2 class=\"wp-block-heading has-black-color has-text-color has-link-color wp-elements-23a5ee53be8ad36af48b78471e0e31a6\"><strong>Ana Makine \u00c7al\u0131\u015fmas\u0131 i\u00e7in \u00d6nemli Stratejiler<\/strong><\/h2>\n\n\n\n<hr class=\"wp-block-separator has-text-color has-black-color has-alpha-channel-opacity has-black-background-color has-background is-style-wide\"\/>\n\n\n\n<div class=\"wp-block-columns is-layout-flex wp-container-core-columns-is-layout-9d6595d7 wp-block-columns-is-layout-flex\" style=\"font-size:16px\">\n<div class=\"wp-block-column is-layout-flow wp-block-column-is-layout-flow\">\n<p>Etkili ana makine y\u00f6netimi, \u00e7e\u015fitli temel fakt\u00f6rlere titizlikle dikkat edilmesini gerektirir. \u00d6ncelikle do\u011fru ya\u011f t\u00fcr\u00fcyle uygun ya\u011flama yap\u0131lmas\u0131 \u00f6nemlidir. Bu, t\u00fcm hareketli par\u00e7alar\u0131n sorunsuz \u00e7al\u0131\u015fmas\u0131n\u0131 sa\u011flayarak a\u015f\u0131r\u0131 \u0131s\u0131nma ve a\u015f\u0131nma riskini azalt\u0131r. Buna ek olarak, makine s\u0131cakl\u0131\u011f\u0131n\u0131n belirlenen s\u0131n\u0131rlar i\u00e7inde tutulmas\u0131, termal stresin ve makine bile\u015fenlerinde olas\u0131 hasar\u0131n \u00f6nlenmesi a\u00e7\u0131s\u0131ndan kritik \u00f6neme sahiptir.<\/p>\n<\/div>\n\n\n\n<div class=\"wp-block-column is-layout-flow wp-block-column-is-layout-flow\">\n<p>Sistematik periyodik bak\u0131mlar\u0131n yap\u0131lmas\u0131 da ayn\u0131 derecede \u00f6nemlidir. Bu planl\u0131 kontroller, potansiyel sorunlar\u0131n ciddi sorunlara d\u00f6n\u00fc\u015fmeden \u00f6nce tespit edilmesi ve d\u00fczeltilmesi a\u00e7\u0131s\u0131ndan hayati \u00f6neme sahiptir. Ana makinenin \u00e7al\u0131\u015ft\u0131r\u0131lmas\u0131 ve durdurulmas\u0131na ili\u015fkin uygun prosed\u00fcrler, makinenin sa\u011fl\u0131\u011f\u0131n\u0131n korunmas\u0131nda da \u00f6nemli bir rol oynar. Bu protokollere ba\u011fl\u0131 kalmak, mekanik stresin en aza indirilmesine ve makinenin \u00f6mr\u00fcn\u00fcn uzat\u0131lmas\u0131na yard\u0131mc\u0131 olur.<\/p>\n<\/div>\n<\/div>\n\n\n\n<div style=\"height:20px\" aria-hidden=\"true\" class=\"wp-block-spacer\"><\/div>\n\n\n\n<div class=\"wp-block-columns is-layout-flex wp-container-core-columns-is-layout-9d6595d7 wp-block-columns-is-layout-flex\">\n<div class=\"wp-block-column is-layout-flow wp-block-column-is-layout-flow\">\n<figure class=\"wp-block-image aligncenter size-large is-resized\"><img loading=\"lazy\" decoding=\"async\" width=\"1024\" height=\"768\" src=\"https:\/\/mescomar.com\/wp-content\/uploads\/2024\/04\/6-1024x768.jpg\" alt=\"\" class=\"wp-image-9142\" style=\"object-fit:cover;width:350px;height:200px\" srcset=\"https:\/\/mescomar.com\/wp-content\/uploads\/2024\/04\/6-980x735.jpg 980w, https:\/\/mescomar.com\/wp-content\/uploads\/2024\/04\/6-480x360.jpg 480w\" sizes=\"auto, (min-width: 0px) and (max-width: 480px) 480px, (min-width: 481px) and (max-width: 980px) 980px, (min-width: 981px) 1024px, 100vw\" \/><\/figure>\n<\/div>\n\n\n\n<div class=\"wp-block-column is-layout-flow wp-block-column-is-layout-flow\">\n<figure class=\"wp-block-image aligncenter size-large is-resized\"><img loading=\"lazy\" decoding=\"async\" width=\"1024\" height=\"576\" src=\"https:\/\/mescomar.com\/wp-content\/uploads\/2024\/04\/7-1024x576.jpg\" alt=\"\" class=\"wp-image-9143\" style=\"object-fit:cover;width:350px;height:200px\" srcset=\"https:\/\/mescomar.com\/wp-content\/uploads\/2024\/04\/7-980x551.jpg 980w, https:\/\/mescomar.com\/wp-content\/uploads\/2024\/04\/7-480x270.jpg 480w\" sizes=\"auto, (min-width: 0px) and (max-width: 480px) 480px, (min-width: 481px) and (max-width: 980px) 980px, (min-width: 981px) 1024px, 100vw\" \/><\/figure>\n<\/div>\n<\/div>\n\n\n\n<div style=\"height:20px\" aria-hidden=\"true\" class=\"wp-block-spacer\"><\/div>\n\n\n\n<div class=\"wp-block-group is-layout-constrained wp-block-group-is-layout-constrained\">\n<p class=\"has-black-color has-text-color has-link-color wp-elements-2f1b9448fa98b3c12181a7d270248261\" style=\"font-size:16px;font-style:normal;font-weight:600\">Bu bak\u0131m s\u00fcre\u00e7lerinde a\u015f\u0131nm\u0131\u015f veya eskimi\u015f par\u00e7alar\u0131n de\u011fi\u015fimi \u00fcreticinin tavsiyeleri do\u011frultusunda ger\u00e7ekle\u015ftirilir. Bu de\u011fi\u015fimler:<\/p>\n\n\n\n<div style=\"height:15px\" aria-hidden=\"true\" class=\"wp-block-spacer\"><\/div>\n\n\n\n<ul class=\"wp-block-list\" style=\"font-size:16px\">\n<li>Ana Makine Silindir Kapa\u011f\u0131 Bak\u0131m\u0131 ve Yedek Par\u00e7a De\u011fi\u015fimi<\/li>\n\n\n\n<li>Ana Yataklar\u0131n De\u011fi\u015ftirilmesi<\/li>\n\n\n\n<li>Yak\u0131t Pompalar\u0131n\u0131n Bak\u0131m\u0131 ve Yedek Par\u00e7a De\u011fi\u015fimi<\/li>\n\n\n\n<li>Turbo\u015farj Bak\u0131m\u0131 ve Yedek Par\u00e7a De\u011fi\u015fimi<\/li>\n\n\n\n<li>Ceket Bak\u0131m\u0131 ve Yedek Par\u00e7a De\u011fi\u015fimi<\/li>\n\n\n\n<li>Piston Bak\u0131m\u0131 ve Yedek Par\u00e7a De\u011fi\u015fimi<\/li>\n<\/ul>\n<\/div>\n<\/div>\n\n\n\n<h2 class=\"wp-block-heading has-black-color has-text-color has-link-color wp-elements-79ed954839d58eba025b6edf0e8ee65a\"><strong>Mecomar Gemi Ana Dizel Makina ve Yedek Par\u00e7a Hizmetleri<\/strong><\/h2>\n\n\n\n<hr class=\"wp-block-separator has-text-color has-black-color has-alpha-channel-opacity has-black-background-color has-background is-style-wide\"\/>\n\n\n\n<div style=\"height:20px\" aria-hidden=\"true\" class=\"wp-block-spacer\"><\/div>\n\n\n\n<p style=\"font-size:16px\">Mescomar, t\u00fcm ana makine t\u00fcrleri ve modelleri i\u00e7in kapsaml\u0131 yedek par\u00e7a tedari\u011fi ve bak\u0131m hizmetleri sa\u011flama konusunda uzmand\u0131r. T\u00fcm hizmetlerimizde \u015feffafl\u0131\u011f\u0131, rekabet\u00e7i fiyatland\u0131rmay\u0131 ve zaman\u0131nda teslimat\u0131 sa\u011flayarak m\u00fc\u015fteri memnuniyetini art\u0131r\u0131yoruz. MAN, MAK, WARTSILA, YANMAR, MITSUBISHI, CATERPILLAR, HANSHIN, WEICHAI, GUANGZHOU ve SULZER dahil ancak bunlarla s\u0131n\u0131rl\u0131 olmamak \u00fczere \u00e7ok \u00e7e\u015fitli ana dizel makine markalar\u0131na hizmet veriyoruz.<\/p>\n\n\n\n<p style=\"font-size:16px\">Tekliflerimiz, d\u00fcnya \u00e7ap\u0131ndaki m\u00fc\u015fterilerimizin farkl\u0131 ihtiya\u00e7lar\u0131n\u0131 kar\u015f\u0131lamak ve gemilerin operasyonel ve verimli kalmas\u0131n\u0131 sa\u011flamak i\u00e7in \u00f6zel olarak tasarlanm\u0131\u015ft\u0131r. Hizmetlerimiz \u015funlar\u0131 i\u00e7erir:<\/p>\n\n\n\n<div class=\"wp-block-columns is-layout-flex wp-container-core-columns-is-layout-9d6595d7 wp-block-columns-is-layout-flex\">\n<div class=\"wp-block-column is-layout-flow wp-block-column-is-layout-flow\" style=\"flex-basis:66.66%\">\n<ul class=\"wp-block-list\" style=\"font-size:16px\">\n<li>T\u00fcm ana dizel makine modelleri i\u00e7in y\u00fcksek kaliteli, orijinal yedek par\u00e7alar sa\u011fl\u0131yoruz.<\/li>\n\n\n\n<li>Her makinenin \u00f6zel gereksinimlerine g\u00f6re uyarlanm\u0131\u015f kapsaml\u0131 kapsaml\u0131 bak\u0131m hizmetleri sunuyoruz.<\/li>\n\n\n\n<li>Ar\u0131za s\u00fcresini en aza indirmek i\u00e7in yedek par\u00e7alar\u0131n  h\u0131zl\u0131 ve efektif teslimat\u0131n\u0131 ger\u00e7ekle\u015ftiriyoruz.<\/li>\n<\/ul>\n<\/div>\n\n\n\n<div class=\"wp-block-column is-layout-flow wp-block-column-is-layout-flow\" style=\"flex-basis:33.33%\">\n<figure class=\"wp-block-image aligncenter size-large is-resized\"><img loading=\"lazy\" decoding=\"async\" width=\"614\" height=\"1024\" src=\"https:\/\/mescomar.com\/wp-content\/uploads\/2024\/04\/3-614x1024.jpg\" alt=\"\" class=\"wp-image-9144\" style=\"width:106px;height:auto\" srcset=\"https:\/\/mescomar.com\/wp-content\/uploads\/2024\/04\/3-614x1024.jpg 614w, https:\/\/mescomar.com\/wp-content\/uploads\/2024\/04\/3-480x801.jpg 480w\" sizes=\"auto, (min-width: 0px) and (max-width: 480px) 480px, (min-width: 481px) 614px, 100vw\" \/><\/figure>\n<\/div>\n<\/div>\n\n\n\n<h2 class=\"wp-block-heading has-black-color has-text-color has-link-color wp-elements-d570145a14fe0f229bd4a1295d83e509\"><strong>Gemi Ana Makinesi ve Yedek Par\u00e7alar\u0131 \u0130\u00e7in Neden Mescomar'\u0131 tercih etmelisiniz?<\/strong><\/h2>\n\n\n\n<hr class=\"wp-block-separator has-text-color has-black-color has-alpha-channel-opacity has-black-background-color has-background is-style-wide\"\/>\n\n\n\n<div style=\"height:15px\" aria-hidden=\"true\" class=\"wp-block-spacer\"><\/div>\n\n\n\n<div class=\"wp-block-media-text has-media-on-the-right is-stacked-on-mobile is-image-fill\"><div class=\"wp-block-media-text__content\">\n<p style=\"font-size:15px\">Mescomar'\u0131n denizcilik sekt\u00f6r\u00fcndeki m\u00fchendisli\u011findeki e\u015fsiz becerisi, d\u00fcnya \u00e7ap\u0131nda \u00fcst\u00fcn ana dizel makine yedek par\u00e7alar\u0131 ve bak\u0131m hizmetleri sunmam\u0131z\u0131 sa\u011flar. Geminiz ister tersanede, ister limanda, ister denizde olsun, en uygun ana makine yedek par\u00e7alar\u0131n\u0131n en h\u0131zl\u0131 ve rekabet\u00e7i fiyatlarla tedari\u011fini garanti ediyoruz. Ayr\u0131ca, her i\u015flemi kapsayan bak\u0131m hizmetlerimiz ve tam \u015feffafl\u0131k i\u00e7in ayr\u0131nt\u0131l\u0131 raporlama ile filonuzun g\u00fcvenli ve verimli bir \u015fekilde \u00e7al\u0131\u015fmas\u0131n\u0131 sa\u011fl\u0131yoruz.<\/p>\n<\/div><figure class=\"wp-block-media-text__media\" style=\"background-image:url(https:\/\/mescomar.com\/wp-content\/uploads\/2024\/04\/4-1024x576.jpg);background-position:41% 54%\"><img loading=\"lazy\" decoding=\"async\" width=\"1024\" height=\"576\" src=\"https:\/\/mescomar.com\/wp-content\/uploads\/2024\/04\/4-1024x576.jpg\" alt=\"\" class=\"wp-image-9135 size-full\" srcset=\"https:\/\/mescomar.com\/wp-content\/uploads\/2024\/04\/4-980x551.jpg 980w, https:\/\/mescomar.com\/wp-content\/uploads\/2024\/04\/4-480x270.jpg 480w\" sizes=\"auto, (min-width: 0px) and (max-width: 480px) 480px, (min-width: 481px) and (max-width: 980px) 980px, (min-width: 981px) 1024px, 100vw\" \/><\/figure><\/div>\n\n\n\n<div style=\"height:20px\" aria-hidden=\"true\" class=\"wp-block-spacer\"><\/div>\n\n\n\n<div class=\"wp-block-media-text is-stacked-on-mobile is-image-fill\"><figure class=\"wp-block-media-text__media\" style=\"background-image:url(https:\/\/mescomar.com\/wp-content\/uploads\/2024\/04\/5-1024x768.jpg);background-position:50% 36%\"><img loading=\"lazy\" decoding=\"async\" width=\"1024\" height=\"768\" src=\"https:\/\/mescomar.com\/wp-content\/uploads\/2024\/04\/5-1024x768.jpg\" alt=\"\" class=\"wp-image-9136 size-full\" srcset=\"https:\/\/mescomar.com\/wp-content\/uploads\/2024\/04\/5-980x735.jpg 980w, https:\/\/mescomar.com\/wp-content\/uploads\/2024\/04\/5-480x360.jpg 480w\" sizes=\"auto, (min-width: 0px) and (max-width: 480px) 480px, (min-width: 481px) and (max-width: 980px) 980px, (min-width: 981px) 1024px, 100vw\" \/><\/figure><div class=\"wp-block-media-text__content\">\n<p style=\"font-size:15px\">Mescomar'\u0131 tercih ederek, gemi ana makine bak\u0131m\u0131n\u0131n inceliklerini anlayan tecr\u00fcbeli bir uzmanla \u00e7al\u0131\u015fman\u0131n g\u00fcvencesini alt\u0131nda olacaks\u0131n\u0131z. Her m\u00fc\u015fterimizin kendi \u00f6zel operasyonel ihtiya\u00e7lar\u0131n\u0131 kar\u015f\u0131layan ki\u015fiselle\u015ftirilmi\u015f \u00e7\u00f6z\u00fcmler almas\u0131n\u0131 sa\u011flayarak hizmet kalitesi ve m\u00fc\u015fteri deste\u011finde en y\u00fcksek standartlar\u0131 korumaya kendimizi adad\u0131k. Mecomar'\u0131 tercih ederek ana makinenizin performans\u0131n\u0131 ve g\u00fcvenilirli\u011finin yetenekli ellerde oldu\u011funa g\u00fcvenebilirsiniz.<\/p>\n<\/div><\/div>","protected":false},"excerpt":{"rendered":"<p>Ship Main Engine Maintenance and Spare Part Services in Tuzla-Istanbul and Yalova As mescomar we provide the best service for your ships main engine in Tuzla-Istanbul and Yalova. From normal maintenance jobs to spare part services, you can trust us. For your questions please don&#8217;t hesitate to reach us. We give main engine services 24\/7 [&hellip;]<\/p>","protected":false},"author":1,"featured_media":0,"parent":0,"menu_order":0,"comment_status":"closed","ping_status":"closed","template":"","meta":{"_et_pb_use_builder":"off","_et_pb_old_content":"","_et_gb_content_width":"","_monsterinsights_skip_tracking":false,"_monsterinsights_sitenote_active":false,"_monsterinsights_sitenote_note":"","_monsterinsights_sitenote_category":0,"footnotes":""},"class_list":["post-9134","page","type-page","status-publish","hentry"],"yoast_head":"<!-- This site is optimized with the Yoast SEO plugin v23.0 - https:\/\/yoast.com\/wordpress\/plugins\/seo\/ -->\n<title>Ship Main Diesel Engine Maintenance and Spare Parts<\/title>\n<meta name=\"description\" content=\"Discover Expert Ship Main Engine Maintenance and Spare Parts Services. Trust Us for Reliability and Efficiency in Marine Engineering.\" \/>\n<meta name=\"robots\" content=\"index, follow, max-snippet:-1, max-image-preview:large, max-video-preview:-1\" \/>\n<link rel=\"canonical\" href=\"https:\/\/mescomar.com\/tr\/ship-main-engine\/\" \/>\n<meta property=\"og:locale\" content=\"tr_TR\" \/>\n<meta property=\"og:type\" content=\"article\" \/>\n<meta property=\"og:title\" content=\"Ship Main Diesel Engine Maintenance and Spare Parts\" \/>\n<meta property=\"og:description\" content=\"Discover Expert Ship Main Engine Maintenance and Spare Parts Services. Trust Us for Reliability and Efficiency in Marine Engineering.\" \/>\n<meta property=\"og:url\" content=\"https:\/\/mescomar.com\/tr\/ship-main-engine\/\" \/>\n<meta property=\"og:site_name\" content=\"Mescomar\" \/>\n<meta property=\"article:modified_time\" content=\"2024-06-21T02:52:29+00:00\" \/>\n<meta property=\"og:image\" content=\"https:\/\/mescomar.com\/wp-content\/uploads\/2024\/04\/1.png\" \/>\n<meta name=\"twitter:card\" content=\"summary_large_image\" \/>\n<meta name=\"twitter:label1\" content=\"Tahmini okuma s\u00fcresi\" \/>\n\t<meta name=\"twitter:data1\" content=\"4 dakika\" \/>\n<script type=\"application\/ld+json\" class=\"yoast-schema-graph\">{\"@context\":\"https:\/\/schema.org\",\"@graph\":[{\"@type\":\"WebPage\",\"@id\":\"https:\/\/mescomar.com\/ship-main-engine\/\",\"url\":\"https:\/\/mescomar.com\/ship-main-engine\/\",\"name\":\"Ship Main Diesel Engine Maintenance and Spare Parts\",\"isPartOf\":{\"@id\":\"https:\/\/mescomar.com\/#website\"},\"primaryImageOfPage\":{\"@id\":\"https:\/\/mescomar.com\/ship-main-engine\/#primaryimage\"},\"image\":{\"@id\":\"https:\/\/mescomar.com\/ship-main-engine\/#primaryimage\"},\"thumbnailUrl\":\"https:\/\/mescomar.com\/wp-content\/uploads\/2024\/04\/1.png\",\"datePublished\":\"2024-04-26T00:31:58+00:00\",\"dateModified\":\"2024-06-21T02:52:29+00:00\",\"description\":\"Discover Expert Ship Main Engine Maintenance and Spare Parts Services. Trust Us for Reliability and Efficiency in Marine Engineering.\",\"breadcrumb\":{\"@id\":\"https:\/\/mescomar.com\/ship-main-engine\/#breadcrumb\"},\"inLanguage\":\"tr\",\"potentialAction\":[{\"@type\":\"ReadAction\",\"target\":[\"https:\/\/mescomar.com\/ship-main-engine\/\"]}]},{\"@type\":\"ImageObject\",\"inLanguage\":\"tr\",\"@id\":\"https:\/\/mescomar.com\/ship-main-engine\/#primaryimage\",\"url\":\"https:\/\/mescomar.com\/wp-content\/uploads\/2024\/04\/1.png\",\"contentUrl\":\"https:\/\/mescomar.com\/wp-content\/uploads\/2024\/04\/1.png\"},{\"@type\":\"BreadcrumbList\",\"@id\":\"https:\/\/mescomar.com\/ship-main-engine\/#breadcrumb\",\"itemListElement\":[{\"@type\":\"ListItem\",\"position\":1,\"name\":\"Anasayfa\",\"item\":\"https:\/\/mescomar.com\/en\/\"},{\"@type\":\"ListItem\",\"position\":2,\"name\":\"Ship Main Diesel Engine\"}]},{\"@type\":\"WebSite\",\"@id\":\"https:\/\/mescomar.com\/#website\",\"url\":\"https:\/\/mescomar.com\/\",\"name\":\"Mescomar\",\"description\":\"Marine Engineering Solutions and Consultancy\",\"publisher\":{\"@id\":\"https:\/\/mescomar.com\/#organization\"},\"potentialAction\":[{\"@type\":\"SearchAction\",\"target\":{\"@type\":\"EntryPoint\",\"urlTemplate\":\"https:\/\/mescomar.com\/?s={search_term_string}\"},\"query-input\":\"required name=search_term_string\"}],\"inLanguage\":\"tr\"},{\"@type\":\"Organization\",\"@id\":\"https:\/\/mescomar.com\/#organization\",\"name\":\"Mescomar\",\"url\":\"https:\/\/mescomar.com\/\",\"logo\":{\"@type\":\"ImageObject\",\"inLanguage\":\"tr\",\"@id\":\"https:\/\/mescomar.com\/#\/schema\/logo\/image\/\",\"url\":\"https:\/\/mescomar.com\/wp-content\/uploads\/2023\/09\/mescomar-logo-vek.png\",\"contentUrl\":\"https:\/\/mescomar.com\/wp-content\/uploads\/2023\/09\/mescomar-logo-vek.png\",\"width\":177,\"height\":200,\"caption\":\"Mescomar\"},\"image\":{\"@id\":\"https:\/\/mescomar.com\/#\/schema\/logo\/image\/\"},\"sameAs\":[\"https:\/\/www.linkedin.com\/company\/mescomar\/\"]}]}<\/script>\n<!-- \/ Yoast SEO plugin. -->","yoast_head_json":{"title":"Ship Main Diesel Engine Maintenance and Spare Parts","description":"Discover Expert Ship Main Engine Maintenance and Spare Parts Services. Trust Us for Reliability and Efficiency in Marine Engineering.","robots":{"index":"index","follow":"follow","max-snippet":"max-snippet:-1","max-image-preview":"max-image-preview:large","max-video-preview":"max-video-preview:-1"},"canonical":"https:\/\/mescomar.com\/tr\/ship-main-engine\/","og_locale":"tr_TR","og_type":"article","og_title":"Ship Main Diesel Engine Maintenance and Spare Parts","og_description":"Discover Expert Ship Main Engine Maintenance and Spare Parts Services. Trust Us for Reliability and Efficiency in Marine Engineering.","og_url":"https:\/\/mescomar.com\/tr\/ship-main-engine\/","og_site_name":"Mescomar","article_modified_time":"2024-06-21T02:52:29+00:00","og_image":[{"url":"https:\/\/mescomar.com\/wp-content\/uploads\/2024\/04\/1.png"}],"twitter_card":"summary_large_image","twitter_misc":{"Tahmini okuma s\u00fcresi":"4 dakika"},"schema":{"@context":"https:\/\/schema.org","@graph":[{"@type":"WebPage","@id":"https:\/\/mescomar.com\/ship-main-engine\/","url":"https:\/\/mescomar.com\/ship-main-engine\/","name":"Ship Main Diesel Engine Maintenance and Spare Parts","isPartOf":{"@id":"https:\/\/mescomar.com\/#website"},"primaryImageOfPage":{"@id":"https:\/\/mescomar.com\/ship-main-engine\/#primaryimage"},"image":{"@id":"https:\/\/mescomar.com\/ship-main-engine\/#primaryimage"},"thumbnailUrl":"https:\/\/mescomar.com\/wp-content\/uploads\/2024\/04\/1.png","datePublished":"2024-04-26T00:31:58+00:00","dateModified":"2024-06-21T02:52:29+00:00","description":"Discover Expert Ship Main Engine Maintenance and Spare Parts Services. Trust Us for Reliability and Efficiency in Marine Engineering.","breadcrumb":{"@id":"https:\/\/mescomar.com\/ship-main-engine\/#breadcrumb"},"inLanguage":"tr","potentialAction":[{"@type":"ReadAction","target":["https:\/\/mescomar.com\/ship-main-engine\/"]}]},{"@type":"ImageObject","inLanguage":"tr","@id":"https:\/\/mescomar.com\/ship-main-engine\/#primaryimage","url":"https:\/\/mescomar.com\/wp-content\/uploads\/2024\/04\/1.png","contentUrl":"https:\/\/mescomar.com\/wp-content\/uploads\/2024\/04\/1.png"},{"@type":"BreadcrumbList","@id":"https:\/\/mescomar.com\/ship-main-engine\/#breadcrumb","itemListElement":[{"@type":"ListItem","position":1,"name":"Anasayfa","item":"https:\/\/mescomar.com\/en\/"},{"@type":"ListItem","position":2,"name":"Ship Main Diesel Engine"}]},{"@type":"WebSite","@id":"https:\/\/mescomar.com\/#website","url":"https:\/\/mescomar.com\/","name":"Mescomar","description":"Marine Engineering Solutions and Consultancy","publisher":{"@id":"https:\/\/mescomar.com\/#organization"},"potentialAction":[{"@type":"SearchAction","target":{"@type":"EntryPoint","urlTemplate":"https:\/\/mescomar.com\/?s={search_term_string}"},"query-input":"required name=search_term_string"}],"inLanguage":"tr"},{"@type":"Organization","@id":"https:\/\/mescomar.com\/#organization","name":"Mescomar","url":"https:\/\/mescomar.com\/","logo":{"@type":"ImageObject","inLanguage":"tr","@id":"https:\/\/mescomar.com\/#\/schema\/logo\/image\/","url":"https:\/\/mescomar.com\/wp-content\/uploads\/2023\/09\/mescomar-logo-vek.png","contentUrl":"https:\/\/mescomar.com\/wp-content\/uploads\/2023\/09\/mescomar-logo-vek.png","width":177,"height":200,"caption":"Mescomar"},"image":{"@id":"https:\/\/mescomar.com\/#\/schema\/logo\/image\/"},"sameAs":["https:\/\/www.linkedin.com\/company\/mescomar\/"]}]}},"_links":{"self":[{"href":"https:\/\/mescomar.com\/tr\/wp-json\/wp\/v2\/pages\/9134","targetHints":{"allow":["GET"]}}],"collection":[{"href":"https:\/\/mescomar.com\/tr\/wp-json\/wp\/v2\/pages"}],"about":[{"href":"https:\/\/mescomar.com\/tr\/wp-json\/wp\/v2\/types\/page"}],"author":[{"embeddable":true,"href":"https:\/\/mescomar.com\/tr\/wp-json\/wp\/v2\/users\/1"}],"replies":[{"embeddable":true,"href":"https:\/\/mescomar.com\/tr\/wp-json\/wp\/v2\/comments?post=9134"}],"version-history":[{"count":18,"href":"https:\/\/mescomar.com\/tr\/wp-json\/wp\/v2\/pages\/9134\/revisions"}],"predecessor-version":[{"id":9451,"href":"https:\/\/mescomar.com\/tr\/wp-json\/wp\/v2\/pages\/9134\/revisions\/9451"}],"wp:attachment":[{"href":"https:\/\/mescomar.com\/tr\/wp-json\/wp\/v2\/media?parent=9134"}],"curies":[{"name":"wp","href":"https:\/\/api.w.org\/{rel}","templated":true}]}}