{"id":7411,"date":"2024-03-08T14:08:46","date_gmt":"2024-03-08T14:08:46","guid":{"rendered":"https:\/\/mescomar.com\/?page_id=7411"},"modified":"2024-06-24T06:11:09","modified_gmt":"2024-06-24T03:11:09","slug":"deck-machineries","status":"publish","type":"page","link":"https:\/\/mescomar.com\/tr\/spare-parts\/ship-auxilary-equipments\/deck-machineries\/","title":{"rendered":"G\u00fcverte Makineleri"},"content":{"rendered":"<h1 class=\"wp-block-heading has-black-color has-text-color has-link-color wp-elements-9944d5f4232f7229798b0c04d04bb875\"><strong>G\u00fcverte Makineleri Servis ve Yedek Par\u00e7a Hizmeti Tuzla-\u0130stanbul ve Yalova<\/strong><\/h1>\n\n\n\n<hr class=\"wp-block-separator has-text-color has-black-color has-alpha-channel-opacity has-black-background-color has-background is-style-wide\"\/>\n\n\n\n<p class=\"has-black-color has-text-color has-link-color wp-elements-24be27ea7b012c8db1f23ac498899e7f\" style=\"font-size:18px\">Mescomar olarak Tuzla - \u0130stanbul ve Yalova b\u00f6lgelerinde gemileriniz i\u00e7in g\u00fcverte makineleri servis ve yedek par\u00e7a hizmeti vermekteyiz. Sorular\u0131n\u0131z i\u00e7in l\u00fctfen bize ula\u015fmaktan \u00e7ekinmeyin. T\u00fcrkiye ve Akdeniz B\u00f6lgesinin her yerinde 7\/24 hizmet vermekteyiz.<\/p>","protected":false},"excerpt":{"rendered":"<p>Deck Machineries Services and Spare Parts in Tuzla-Istanbul Yalova and Mediterranean As Mecomar, we provide deck machineries service and spare parts for your ships in Tuzla &#8211; Istanbul and Yalova regions. Please feel free to contact us for your questions. We provide 24\/7 service all over T\u00fcrkiye and the Mediterranean Region.<\/p>","protected":false},"author":1,"featured_media":0,"parent":7438,"menu_order":0,"comment_status":"closed","ping_status":"closed","template":"","meta":{"_et_pb_use_builder":"off","_et_pb_old_content":"","_et_gb_content_width":"","_monsterinsights_skip_tracking":false,"_monsterinsights_sitenote_active":false,"_monsterinsights_sitenote_note":"","_monsterinsights_sitenote_category":0,"footnotes":""},"class_list":["post-7411","page","type-page","status-publish","hentry"],"yoast_head":"<!-- This site is optimized with the Yoast SEO plugin v23.0 - https:\/\/yoast.com\/wordpress\/plugins\/seo\/ -->\n<title>DECK MACHINERIES - Mescomar<\/title>\n<meta name=\"robots\" content=\"index, follow, max-snippet:-1, max-image-preview:large, max-video-preview:-1\" \/>\n<link rel=\"canonical\" href=\"https:\/\/mescomar.com\/tr\/spare-parts\/ship-auxilary-equipments\/deck-machineries\/\" \/>\n<meta property=\"og:locale\" content=\"tr_TR\" \/>\n<meta property=\"og:type\" content=\"article\" \/>\n<meta property=\"og:title\" content=\"DECK MACHINERIES - Mescomar\" \/>\n<meta property=\"og:description\" content=\"Deck Machineries Services and Spare Parts in Tuzla-Istanbul Yalova and Mediterranean As Mecomar, we provide deck machineries service and spare parts for your ships in Tuzla &#8211; Istanbul and Yalova regions. Please feel free to contact us for your questions. We provide 24\/7 service all over T\u00fcrkiye and the Mediterranean Region.\" \/>\n<meta property=\"og:url\" content=\"https:\/\/mescomar.com\/tr\/spare-parts\/ship-auxilary-equipments\/deck-machineries\/\" \/>\n<meta property=\"og:site_name\" content=\"Mescomar\" \/>\n<meta property=\"article:modified_time\" content=\"2024-06-24T03:11:09+00:00\" \/>\n<meta property=\"og:image\" content=\"https:\/\/mescomar.com\/wp-content\/uploads\/2023\/09\/mescomar-logo-vek.png\" \/>\n\t<meta property=\"og:image:width\" content=\"177\" \/>\n\t<meta property=\"og:image:height\" content=\"200\" \/>\n\t<meta property=\"og:image:type\" content=\"image\/png\" \/>\n<meta name=\"twitter:card\" content=\"summary_large_image\" \/>\n<meta name=\"twitter:label1\" content=\"Tahmini okuma s\u00fcresi\" \/>\n\t<meta name=\"twitter:data1\" content=\"1 dakika\" \/>\n<script type=\"application\/ld+json\" class=\"yoast-schema-graph\">{\"@context\":\"https:\/\/schema.org\",\"@graph\":[{\"@type\":\"WebPage\",\"@id\":\"https:\/\/mescomar.com\/en\/spare-parts\/ship-auxilary-equipments\/deck-machineries\/\",\"url\":\"https:\/\/mescomar.com\/en\/spare-parts\/ship-auxilary-equipments\/deck-machineries\/\",\"name\":\"DECK MACHINERIES - Mescomar\",\"isPartOf\":{\"@id\":\"https:\/\/mescomar.com\/#website\"},\"datePublished\":\"2024-03-08T14:08:46+00:00\",\"dateModified\":\"2024-06-24T03:11:09+00:00\",\"breadcrumb\":{\"@id\":\"https:\/\/mescomar.com\/en\/spare-parts\/ship-auxilary-equipments\/deck-machineries\/#breadcrumb\"},\"inLanguage\":\"tr\",\"potentialAction\":[{\"@type\":\"ReadAction\",\"target\":[\"https:\/\/mescomar.com\/en\/spare-parts\/ship-auxilary-equipments\/deck-machineries\/\"]}]},{\"@type\":\"BreadcrumbList\",\"@id\":\"https:\/\/mescomar.com\/en\/spare-parts\/ship-auxilary-equipments\/deck-machineries\/#breadcrumb\",\"itemListElement\":[{\"@type\":\"ListItem\",\"position\":1,\"name\":\"Anasayfa\",\"item\":\"https:\/\/mescomar.com\/en\/\"},{\"@type\":\"ListItem\",\"position\":2,\"name\":\"SPARE PARTS\",\"item\":\"https:\/\/mescomar.com\/spare-parts\/\"},{\"@type\":\"ListItem\",\"position\":3,\"name\":\"SHIP AUXILARY EQUIPMENTS\",\"item\":\"https:\/\/mescomar.com\/en\/spare-parts\/ship-auxilary-equipments\/\"},{\"@type\":\"ListItem\",\"position\":4,\"name\":\"DECK MACHINERIES\"}]},{\"@type\":\"WebSite\",\"@id\":\"https:\/\/mescomar.com\/#website\",\"url\":\"https:\/\/mescomar.com\/\",\"name\":\"Mescomar\",\"description\":\"Marine Engineering Solutions and Consultancy\",\"publisher\":{\"@id\":\"https:\/\/mescomar.com\/#organization\"},\"potentialAction\":[{\"@type\":\"SearchAction\",\"target\":{\"@type\":\"EntryPoint\",\"urlTemplate\":\"https:\/\/mescomar.com\/?s={search_term_string}\"},\"query-input\":\"required name=search_term_string\"}],\"inLanguage\":\"tr\"},{\"@type\":\"Organization\",\"@id\":\"https:\/\/mescomar.com\/#organization\",\"name\":\"Mescomar\",\"url\":\"https:\/\/mescomar.com\/\",\"logo\":{\"@type\":\"ImageObject\",\"inLanguage\":\"tr\",\"@id\":\"https:\/\/mescomar.com\/#\/schema\/logo\/image\/\",\"url\":\"https:\/\/mescomar.com\/wp-content\/uploads\/2023\/09\/mescomar-logo-vek.png\",\"contentUrl\":\"https:\/\/mescomar.com\/wp-content\/uploads\/2023\/09\/mescomar-logo-vek.png\",\"width\":177,\"height\":200,\"caption\":\"Mescomar\"},\"image\":{\"@id\":\"https:\/\/mescomar.com\/#\/schema\/logo\/image\/\"},\"sameAs\":[\"https:\/\/www.linkedin.com\/company\/mescomar\/\"]}]}<\/script>\n<!-- \/ Yoast SEO plugin. -->","yoast_head_json":{"title":"DECK MACHINERIES - Mescomar","robots":{"index":"index","follow":"follow","max-snippet":"max-snippet:-1","max-image-preview":"max-image-preview:large","max-video-preview":"max-video-preview:-1"},"canonical":"https:\/\/mescomar.com\/tr\/spare-parts\/ship-auxilary-equipments\/deck-machineries\/","og_locale":"tr_TR","og_type":"article","og_title":"DECK MACHINERIES - Mescomar","og_description":"Deck Machineries Services and Spare Parts in Tuzla-Istanbul Yalova and Mediterranean As Mecomar, we provide deck machineries service and spare parts for your ships in Tuzla &#8211; Istanbul and Yalova regions. Please feel free to contact us for your questions. We provide 24\/7 service all over T\u00fcrkiye and the Mediterranean Region.","og_url":"https:\/\/mescomar.com\/tr\/spare-parts\/ship-auxilary-equipments\/deck-machineries\/","og_site_name":"Mescomar","article_modified_time":"2024-06-24T03:11:09+00:00","og_image":[{"width":177,"height":200,"url":"https:\/\/mescomar.com\/wp-content\/uploads\/2023\/09\/mescomar-logo-vek.png","type":"image\/png"}],"twitter_card":"summary_large_image","twitter_misc":{"Tahmini okuma s\u00fcresi":"1 dakika"},"schema":{"@context":"https:\/\/schema.org","@graph":[{"@type":"WebPage","@id":"https:\/\/mescomar.com\/en\/spare-parts\/ship-auxilary-equipments\/deck-machineries\/","url":"https:\/\/mescomar.com\/en\/spare-parts\/ship-auxilary-equipments\/deck-machineries\/","name":"DECK MACHINERIES - Mescomar","isPartOf":{"@id":"https:\/\/mescomar.com\/#website"},"datePublished":"2024-03-08T14:08:46+00:00","dateModified":"2024-06-24T03:11:09+00:00","breadcrumb":{"@id":"https:\/\/mescomar.com\/en\/spare-parts\/ship-auxilary-equipments\/deck-machineries\/#breadcrumb"},"inLanguage":"tr","potentialAction":[{"@type":"ReadAction","target":["https:\/\/mescomar.com\/en\/spare-parts\/ship-auxilary-equipments\/deck-machineries\/"]}]},{"@type":"BreadcrumbList","@id":"https:\/\/mescomar.com\/en\/spare-parts\/ship-auxilary-equipments\/deck-machineries\/#breadcrumb","itemListElement":[{"@type":"ListItem","position":1,"name":"Anasayfa","item":"https:\/\/mescomar.com\/en\/"},{"@type":"ListItem","position":2,"name":"SPARE PARTS","item":"https:\/\/mescomar.com\/spare-parts\/"},{"@type":"ListItem","position":3,"name":"SHIP AUXILARY EQUIPMENTS","item":"https:\/\/mescomar.com\/en\/spare-parts\/ship-auxilary-equipments\/"},{"@type":"ListItem","position":4,"name":"DECK MACHINERIES"}]},{"@type":"WebSite","@id":"https:\/\/mescomar.com\/#website","url":"https:\/\/mescomar.com\/","name":"Mescomar","description":"Marine Engineering Solutions and Consultancy","publisher":{"@id":"https:\/\/mescomar.com\/#organization"},"potentialAction":[{"@type":"SearchAction","target":{"@type":"EntryPoint","urlTemplate":"https:\/\/mescomar.com\/?s={search_term_string}"},"query-input":"required name=search_term_string"}],"inLanguage":"tr"},{"@type":"Organization","@id":"https:\/\/mescomar.com\/#organization","name":"Mescomar","url":"https:\/\/mescomar.com\/","logo":{"@type":"ImageObject","inLanguage":"tr","@id":"https:\/\/mescomar.com\/#\/schema\/logo\/image\/","url":"https:\/\/mescomar.com\/wp-content\/uploads\/2023\/09\/mescomar-logo-vek.png","contentUrl":"https:\/\/mescomar.com\/wp-content\/uploads\/2023\/09\/mescomar-logo-vek.png","width":177,"height":200,"caption":"Mescomar"},"image":{"@id":"https:\/\/mescomar.com\/#\/schema\/logo\/image\/"},"sameAs":["https:\/\/www.linkedin.com\/company\/mescomar\/"]}]}},"_links":{"self":[{"href":"https:\/\/mescomar.com\/tr\/wp-json\/wp\/v2\/pages\/7411","targetHints":{"allow":["GET"]}}],"collection":[{"href":"https:\/\/mescomar.com\/tr\/wp-json\/wp\/v2\/pages"}],"about":[{"href":"https:\/\/mescomar.com\/tr\/wp-json\/wp\/v2\/types\/page"}],"author":[{"embeddable":true,"href":"https:\/\/mescomar.com\/tr\/wp-json\/wp\/v2\/users\/1"}],"replies":[{"embeddable":true,"href":"https:\/\/mescomar.com\/tr\/wp-json\/wp\/v2\/comments?post=7411"}],"version-history":[{"count":4,"href":"https:\/\/mescomar.com\/tr\/wp-json\/wp\/v2\/pages\/7411\/revisions"}],"predecessor-version":[{"id":9492,"href":"https:\/\/mescomar.com\/tr\/wp-json\/wp\/v2\/pages\/7411\/revisions\/9492"}],"up":[{"embeddable":true,"href":"https:\/\/mescomar.com\/tr\/wp-json\/wp\/v2\/pages\/7438"}],"wp:attachment":[{"href":"https:\/\/mescomar.com\/tr\/wp-json\/wp\/v2\/media?parent=7411"}],"curies":[{"name":"wp","href":"https:\/\/api.w.org\/{rel}","templated":true}]}}