{"id":7403,"date":"2024-03-08T14:07:31","date_gmt":"2024-03-08T14:07:31","guid":{"rendered":"https:\/\/mescomar.com\/?page_id=7403"},"modified":"2024-06-21T00:53:29","modified_gmt":"2024-06-20T21:53:29","slug":"ship-electric-electronic","status":"publish","type":"page","link":"https:\/\/mescomar.com\/tr\/spare-parts\/ship-electric-electronic\/","title":{"rendered":"GEM\u0130 ELEKTR\u0130K VE ELEKTRON\u0130\u011e\u0130"},"content":{"rendered":"<div style=\"height:30px\" aria-hidden=\"true\" class=\"wp-block-spacer\"><\/div>\n\n\n\n<div class=\"wp-block-group alignfull has-black-color has-text-color has-link-color wp-elements-fc9c861bffaf14ba1fa7ed39ef17fc76 is-content-justification-center is-layout-constrained wp-block-group-is-layout-constrained\">\n<h1 class=\"wp-block-heading has-black-color has-text-color has-link-color wp-elements-44c8b3c7c53ed9ba131f901a8ebfbfd5\"><strong>Gemi Elektrik ve Elektronik Sistem Servis ve Yedek Par\u00e7a Hizmeti Tuzla-Istanbul ve Yalova<\/strong><\/h1>\n\n\n\n<hr class=\"wp-block-separator has-text-color has-black-color has-alpha-channel-opacity has-black-background-color has-background is-style-wide\"\/>\n\n\n\n<div style=\"height:15px\" aria-hidden=\"true\" class=\"wp-block-spacer\"><\/div>\n\n\n\n<p style=\"font-size:18px\">Mescomar olarak Tuzla - \u0130stanbul ve Yalova b\u00f6lgelerinde gemileriniz i\u00e7in elektrik ve elektronik sistemlere servis ve yedek par\u00e7a hizmeti vermekteyiz. Amac\u0131m\u0131z geminizin her zaman en iyi performansla yola \u00e7\u0131kabilmesi i\u00e7in acil ihtiya\u00e7lar\u0131n\u0131z\u0131 ve sorunlar\u0131n\u0131z\u0131 \u00e7\u00f6zmektir. T\u00fcrkiye genelinde ve t\u00fcm Akdeniz'de gemi elektrik ve elektronik sistemlerin servis ve yedek par\u00e7a hizmetini 7\/24 vermekteyiz. \u0130htiya\u00e7lar\u0131n\u0131z i\u00e7in bize ula\u015f\u0131n, yap\u0131lmas\u0131 gerekeni yapal\u0131m!<\/p>\n\n\n\n<div style=\"height:10px\" aria-hidden=\"true\" class=\"wp-block-spacer\"><\/div>\n\n\n\n<div class=\"wp-block-buttons is-content-justification-left is-layout-flex wp-container-core-buttons-is-layout-fdcfc74e wp-block-buttons-is-layout-flex\">\n<div class=\"wp-block-button is-style-fill\"><a class=\"wp-block-button__link has-white-color has-text-color has-background has-link-color has-text-align-left wp-element-button\" href=\"https:\/\/mescomar.com\/tr\/contact\/\" style=\"border-radius:10px;background-color:#30d5c8\">Bize Ula\u015f\u0131n<\/a><\/div>\n<\/div>\n\n\n\n<div style=\"height:25px\" aria-hidden=\"true\" class=\"wp-block-spacer\"><\/div>\n\n\n\n<h2 class=\"wp-block-heading has-black-color has-text-color has-link-color wp-elements-b56646fa89f46e5c786f7f31f8a69b0b\"><strong>Gemi Elektrik ve Elektronik Sistemleri Nelerdir?<\/strong><\/h2>\n\n\n\n<hr class=\"wp-block-separator has-text-color has-black-color has-alpha-channel-opacity has-black-background-color has-background is-style-wide\"\/>\n\n\n\n<p style=\"font-size:17px\">Gemi elektrik ve elektronik sistemleri, bir gemide bulunan, elektrikle \u00e7al\u0131\u015fan ve elektronik olarak kontrol edilen t\u00fcm bile\u015fen ve sistemleri kapsamaktad\u0131r. Bu sistemler modern i\u015fletiminin, g\u00fcvenli\u011finin ve verimlili\u011finin ayr\u0131lmaz bir par\u00e7as\u0131d\u0131r. G\u00fc\u00e7 da\u011f\u0131t\u0131m mod\u00fclleri, kablolar, paneller, transformat\u00f6rler, elektronik \u00fcniteler, elektrik motorlar\u0131, kontrol\u00f6rler, anahtarlar ve di\u011fer mod\u00fcller gibi geni\u015f bir ekipman yelpazesini i\u00e7erirler. Kapsaml\u0131 bir anlay\u0131\u015f i\u00e7in, bu sistemler temel olarak \u015fu \u015fekilde kategorize edilir:<\/p>\n\n\n\n<ul style=\"font-size:18px\" class=\"has-black-color has-text-color has-link-color wp-block-list wp-elements-9cd8c9e22a1d748785341f7ecb0bfea0\">\n<li>Gemi Elektrik Sistemleri<\/li>\n<\/ul>\n\n\n\n<ul style=\"font-size:18px\" class=\"has-black-color has-text-color has-link-color wp-block-list wp-elements-601913c1db78acd8647a30174f60b630\">\n<li>Gemi Elektronik Sistemleri<\/li>\n<\/ul>\n\n\n\n<figure class=\"wp-block-image aligncenter size-large\"><img loading=\"lazy\" decoding=\"async\" width=\"1024\" height=\"683\" src=\"https:\/\/mescomar.com\/wp-content\/uploads\/2024\/06\/Superyacht-bridge-Hill-Robinson-1024x683.jpg\" alt=\"ship-bridge-electronics\" class=\"wp-image-9374\" srcset=\"https:\/\/mescomar.com\/wp-content\/uploads\/2024\/06\/Superyacht-bridge-Hill-Robinson-980x654.jpg 980w, https:\/\/mescomar.com\/wp-content\/uploads\/2024\/06\/Superyacht-bridge-Hill-Robinson-480x320.jpg 480w\" sizes=\"auto, (min-width: 0px) and (max-width: 480px) 480px, (min-width: 481px) and (max-width: 980px) 980px, (min-width: 981px) 1024px, 100vw\" \/><\/figure>\n\n\n\n<h3 class=\"wp-block-heading has-black-color has-text-color has-link-color wp-elements-6b68a0a7b1ac5da621c9fea1b6679561\"><strong>Gemi Elektrik Sistemleri<\/strong><\/h3>\n\n\n\n<hr class=\"wp-block-separator has-alpha-channel-opacity is-style-wide\"\/>\n\n\n\n<p style=\"font-size:17px\">Gemi elektrik sistemleri, t\u00fcm elektrik bile\u015fenlerini ve elektri\u011fin gemi boyunca iletilmesini i\u00e7erir. Gemideki \u00e7e\u015fitli operasyonlara g\u00fc\u00e7 sa\u011flamak ve kusursuz i\u015flevsellik sa\u011flamak ad\u0131na \u00e7ok \u00f6nemlidirler. Mescomar olarak, gemi elektrik sistemlerinin a\u015fa\u011f\u0131daki ana bile\u015fenleri i\u00e7in bak\u0131m hizmetleri ve yedek par\u00e7a tedari\u011fi konusunda hizmet veriyoruz:<\/p>\n\n\n\n<ul style=\"font-size:18px\" class=\"has-black-color has-text-color has-link-color wp-block-list wp-elements-19913e0a06a8efa411ab75d37a7182d1\">\n<li><strong>Elektrik Motorlar\u0131<\/strong>: Gemideki \u00e7e\u015fitli mekanik sistemlere ve makinelere g\u00fc\u00e7 sa\u011flamak i\u00e7in gereklidir.<\/li>\n<\/ul>\n\n\n\n<ul style=\"font-size:18px\" class=\"has-black-color has-text-color has-link-color wp-block-list wp-elements-3a3b16b743d6190a73972ce67ee215e4\">\n<li><strong>Kablolar<\/strong>: Gemi boyunca elektrik g\u00fcc\u00fc ve sinyallerin iletilmesi i\u00e7in hayati \u00f6neme sahiptir.<\/li>\n<\/ul>\n\n\n\n<ul class=\"wp-block-list\" style=\"font-size:18px\">\n<li><strong>G\u00fc\u00e7 \u00dcniteleri<\/strong>: Gemi genelinde elektrik g\u00fcc\u00fcn\u00fcn da\u011f\u0131t\u0131m\u0131 ve d\u00fczenlenmesinin merkezidir.<\/li>\n<\/ul>\n\n\n\n<ul class=\"wp-block-list\" style=\"font-size:18px\">\n<li><strong>Trafolar<\/strong>: Gemideki farkl\u0131 sistemlere gerekli voltaj seviyelerini ayarlamak i\u00e7in kullan\u0131l\u0131r.<\/li>\n<\/ul>\n\n\n\n<ul class=\"wp-block-list\" style=\"font-size:18px\">\n<li><strong>Elektrik Panolar\u0131<\/strong>: Elektrik g\u00fcc\u00fcn\u00fcn y\u00f6netimi ve da\u011f\u0131t\u0131m\u0131 i\u00e7in merkezi panolar.<\/li>\n<\/ul>\n\n\n\n<ul class=\"wp-block-list\" style=\"font-size:18px\">\n<li><strong>Gemi Ekipmanlar\u0131n\u0131n Motorlar\u0131 ve Elektrik Aksamlar\u0131<\/strong>: \u00c7e\u015fitli gemi makinelerinin operasyonel verimlili\u011fini sa\u011flar.<\/li>\n<\/ul>\n\n\n\n<ul class=\"wp-block-list\" style=\"font-size:18px\">\n<li><strong>Ballast Water Treatment \u2013 BWTS \/ BWMS Kablo, Aksesuar ve Trafolar<\/strong>: Bu kritik sistemlerin \u00e7al\u0131\u015fmas\u0131 i\u00e7in gerekli kablolar, aksesuarlar ve trafolar.<\/li>\n<\/ul>\n\n\n\n<h3 class=\"wp-block-heading has-black-color has-text-color has-link-color wp-elements-ae194ac9c63825fa901711998ec2b13b\"><strong>Gemi Elektronik Sistemleri<\/strong><\/h3>\n\n\n\n<hr class=\"wp-block-separator has-alpha-channel-opacity is-style-wide\"\/>\n\n\n\n<p style=\"font-size:18px\">Gemi elektronik sistemleri, gemilerde bulunan programlanabilir ve elektronik olarak kontrol edilen t\u00fcm sistemleri i\u00e7erir. Bu sistemler \u00e7e\u015fitli operasyonlar\u0131n otomasyonunu ve kontrol\u00fcn\u00fc sa\u011flayarak g\u00fcvenli\u011fi ve performans\u0131 art\u0131r\u0131r. Mescomar, gemi elektronik sistemlerinin a\u015fa\u011f\u0131da belirtilmi\u015f olan bile\u015fenler i\u00e7in \u00f6zel onar\u0131m hizmetleri ve yedek par\u00e7a tedari\u011fi sa\u011flamaktad\u0131r:<\/p>\n\n\n\n<ul class=\"wp-block-list\" style=\"font-size:18px\">\n<li><strong>Gemi makine dairesi kontrol odas\u0131 elektroni\u011fi<\/strong>: Makine dairesi operasyonlar\u0131n\u0131n izlenmesi ve kontrol edilmesi i\u00e7in.<\/li>\n<\/ul>\n\n\n\n<ul class=\"wp-block-list\" style=\"font-size:18px\">\n<li><strong>Gemi k\u00f6pr\u00fc \u00fcst\u00fc elektroni\u011fi<\/strong>: Geminin k\u00f6pr\u00fc \u00fcst\u00fc navigasyon, ileti\u015fim ve kontrol vb sistemler.<\/li>\n<\/ul>\n\n\n\n<ul class=\"wp-block-list\" style=\"font-size:18px\">\n<li><strong>Gemi radyo ve haberle\u015fme elektroni\u011fi<\/strong>: Gemiden gemiye ve gemiden karaya ileti\u015fim i\u00e7in hayati \u00f6neme sahiptir.<\/li>\n<\/ul>\n\n\n\n<ul class=\"wp-block-list\" style=\"font-size:18px\">\n<li><strong>Gemi ana makine govarn\u00f6r elektroni\u011fi<\/strong>: Ana makinenin h\u0131z\u0131n\u0131n ve g\u00fc\u00e7 \u00e7\u0131k\u0131\u015f\u0131n\u0131n hassas kontrol\u00fc i\u00e7in.<\/li>\n<\/ul>\n\n\n\n<ul class=\"wp-block-list\" style=\"font-size:18px\">\n<li><strong>Gemi ana makine Safety sistem elektroni\u011fi<\/strong>: Ana makinenin emniyet ve g\u00fcvenilirli\u011finin sa\u011flanmas\u0131.<\/li>\n<\/ul>\n\n\n\n<ul class=\"wp-block-list\" style=\"font-size:18px\">\n<li><strong>Gemi ana makine ana kart elektroni\u011fi<\/strong>: Ana makinenin elektronik sistemleri i\u00e7in merkezi kontrol \u00fcniteleri.<\/li>\n<\/ul>\n\n\n\n<ul class=\"wp-block-list\" style=\"font-size:18px\">\n<li><strong>Gemi dizel jenerat\u00f6r govarn\u00f6r elektroni\u011fi<\/strong>: Dizel jenerat\u00f6rlerin \u00e7al\u0131\u015fmas\u0131n\u0131 y\u00f6netmek i\u00e7in.<\/li>\n<\/ul>\n\n\n\n<ul class=\"wp-block-list\" style=\"font-size:18px\">\n<li><strong>Gemi dizel jenerat\u00f6r Safety sistem elektroni\u011fi<\/strong>: Jenarat\u00f6r sistemlerinin g\u00fcvenli \u00e7al\u0131\u015fmas\u0131n\u0131n sa\u011flanmas\u0131.<\/li>\n<\/ul>\n\n\n\n<ul class=\"wp-block-list\" style=\"font-size:18px\">\n<li><strong>Gemi dizel jenerat\u00f6r\u00fc ana kart elektroni\u011fi<\/strong>: Jenerat\u00f6r y\u00f6netimi i\u00e7in kontrol \u00fcniteleri.<\/li>\n<\/ul>\n\n\n\n<ul class=\"wp-block-list\" style=\"font-size:18px\">\n<li><strong>Gemi yard\u0131mc\u0131 makinelerin kontrol ve otomasyonu<\/strong>: Gemideki \u00e7e\u015fitli yard\u0131mc\u0131 makinelerin verimli \u00e7al\u0131\u015fmas\u0131 i\u00e7in.<\/li>\n<\/ul>\n\n\n\n<ul class=\"wp-block-list\" style=\"font-size:18px\">\n<li><strong>Gemi yang\u0131n ve Safety sistem elektroni\u011fi<\/strong>: Geminin ve m\u00fcrettebat\u0131n g\u00fcvenli\u011finin sa\u011flanmas\u0131.<\/li>\n<\/ul>\n\n\n\n<ul class=\"wp-block-list\" style=\"font-size:18px\">\n<li><strong>Gemi yard\u0131mc\u0131 makinelerin kart ve programlama elektroni\u011fi<\/strong>: Yard\u0131mc\u0131 makinelerin y\u00f6netimi ve otomasyonu.<\/li>\n<\/ul>\n\n\n\n<ul class=\"wp-block-list\" style=\"font-size:18px\">\n<li><strong>Ballast Water Treatment \u2013 BWTS \/ BWMS elektrik ve elektroni\u011fi<\/strong>: BWTS sistemleri i\u00e7in kontrol sistemleri.<\/li>\n<\/ul>\n\n\n\n<figure class=\"wp-block-image aligncenter size-full\"><img loading=\"lazy\" decoding=\"async\" width=\"1181\" height=\"887\" src=\"https:\/\/mescomar.com\/wp-content\/uploads\/2024\/06\/13437_2018_159_Fig1_HTML.jpg\" alt=\"ship-engine-electronics\" class=\"wp-image-9373\" srcset=\"https:\/\/mescomar.com\/wp-content\/uploads\/2024\/06\/13437_2018_159_Fig1_HTML.jpg 1181w, https:\/\/mescomar.com\/wp-content\/uploads\/2024\/06\/13437_2018_159_Fig1_HTML-980x736.jpg 980w, https:\/\/mescomar.com\/wp-content\/uploads\/2024\/06\/13437_2018_159_Fig1_HTML-480x361.jpg 480w\" sizes=\"auto, (min-width: 0px) and (max-width: 480px) 480px, (min-width: 481px) and (max-width: 980px) 980px, (min-width: 981px) 1181px, 100vw\" \/><\/figure>\n\n\n\n<h2 class=\"wp-block-heading has-black-color has-text-color has-link-color wp-elements-c39e09187b77523327b33eef723a4dc8\"><strong>Gemi Elektrik ve Elektronik Sistemleri i\u00e7in Neden Mescomar'\u0131 Tercih Etmelisiniz?<\/strong><\/h2>\n\n\n\n<hr class=\"wp-block-separator has-alpha-channel-opacity is-style-wide\"\/>\n\n\n\n<p style=\"font-size:17px\">Mescomar, her t\u00fcrl\u00fc gemi elektrik ve elektronik sistemleri i\u00e7in y\u00fcksek kalitede bak\u0131m hizmetleri ve yedek par\u00e7a sa\u011flama konusunda y\u00fcksek deneyime sahiptir. Geminizin sistemlerinin verimli ve g\u00fcvenilir bir \u015fekilde \u00e7al\u0131\u015fmas\u0131n\u0131 garanti ediyoruz. Uzman m\u00fchendislerimiz her t\u00fcrl\u00fc elektrik ve elektronik sorunlar\u0131 h\u0131zl\u0131 bir \u015fekilde \u00e7\u00f6zebilecek yeterlili\u011fe sahip olup minimum ar\u0131za s\u00fcresi ve operasyonel s\u00fcreklilik sa\u011flar.<\/p>\n\n\n\n<div style=\"height:20px\" aria-hidden=\"true\" class=\"wp-block-spacer\"><\/div>\n\n\n\n<h3 class=\"wp-block-heading has-black-color has-text-color has-link-color wp-elements-2ec79124a06a7e8129fe7c6fe4d6ab22\"><strong>Bizi \u00d6ne \u00c7\u0131karan \u00d6zelliklerimiz<\/strong><\/h3>\n\n\n\n<hr class=\"wp-block-separator has-alpha-channel-opacity is-style-wide\"\/>\n\n\n\n<ul class=\"wp-block-list\" style=\"font-size:17px\">\n<li><strong>Kapsaml\u0131 Bak\u0131m Hizmetleri<\/strong>: T\u00fcm gemi elektrik ve elektronik sistemleri i\u00e7in komple bak\u0131m \u00e7\u00f6z\u00fcmleri sunarak sistemlerin en iyi \u00e7al\u0131\u015fma ko\u015fullar\u0131nda kalmalar\u0131n\u0131 sa\u011fl\u0131yoruz.<\/li>\n<\/ul>\n\n\n\n<ul class=\"wp-block-list\" style=\"font-size:17px\">\n<li><strong>Y\u00fcksek Kaliteli Yedek Par\u00e7alar<\/strong>: G\u00fcvenilir ve dayan\u0131kl\u0131 yedek par\u00e7alar alman\u0131z\u0131 garanti ederek t\u00fcm \u00f6nemli marka ve sistemler i\u00e7in yedek par\u00e7a tedarik ediyoruz.<\/li>\n<\/ul>\n\n\n\n<ul class=\"wp-block-list\" style=\"font-size:17px\">\n<li><strong>7\/24 GlobalEri\u015filebilirlik<\/strong>: Geminiz nerede olursa olsun, acil ihtiya\u00e7lar\u0131n\u0131z\u0131 kar\u015f\u0131lamak i\u00e7in 24\/7 hizmet sunuyoruz.<\/li>\n<\/ul>\n\n\n\n<ul class=\"wp-block-list\" style=\"font-size:17px\">\n<li><strong>Rekabet\u00e7i Fiyatlar ve H\u0131zl\u0131 Teslimat<\/strong>: Operasyonlar\u0131n\u0131zda ar\u0131za s\u00fcrelerini en aza indirmek i\u00e7in uygun maliyetli \u00e7\u00f6z\u00fcmler sunuyor ve h\u0131zl\u0131 teslimat sa\u011fl\u0131yoruz.<\/li>\n<\/ul>\n<\/div>","protected":false},"excerpt":{"rendered":"<p>Ship Electric and Electronical System Services and Spare Parts in Tuzla-Istanbul Yalova and Mediterranean As Mescomar we provide any kind of ship electrical and electronical services for all your needs in Tuzla and Yalova areas. Our goal is to solve your urgent needs and problems so you and your ship can sail with the best [&hellip;]<\/p>","protected":false},"author":1,"featured_media":0,"parent":7264,"menu_order":6,"comment_status":"closed","ping_status":"closed","template":"","meta":{"_et_pb_use_builder":"off","_et_pb_old_content":"","_et_gb_content_width":"795","_monsterinsights_skip_tracking":false,"_monsterinsights_sitenote_active":false,"_monsterinsights_sitenote_note":"","_monsterinsights_sitenote_category":0,"footnotes":""},"class_list":["post-7403","page","type-page","status-publish","hentry"],"yoast_head":"<!-- This site is optimized with the Yoast SEO plugin v23.0 - https:\/\/yoast.com\/wordpress\/plugins\/seo\/ -->\n<title>SHIP ELECTRIC ELECTRONIC - Mescomar<\/title>\n<meta name=\"description\" content=\"Discover Mescomar&#039;s ship electrical and electronic systems services; maintenance, spare parts and expert repairs for best vessel performance.\" \/>\n<meta name=\"robots\" content=\"index, follow, max-snippet:-1, max-image-preview:large, max-video-preview:-1\" \/>\n<link rel=\"canonical\" href=\"https:\/\/mescomar.com\/tr\/spare-parts\/ship-electric-electronic\/\" \/>\n<meta property=\"og:locale\" content=\"tr_TR\" \/>\n<meta property=\"og:type\" content=\"article\" \/>\n<meta property=\"og:title\" content=\"SHIP ELECTRIC ELECTRONIC - Mescomar\" \/>\n<meta property=\"og:description\" content=\"Discover Mescomar&#039;s ship electrical and electronic systems services; maintenance, spare parts and expert repairs for best vessel performance.\" \/>\n<meta property=\"og:url\" content=\"https:\/\/mescomar.com\/tr\/spare-parts\/ship-electric-electronic\/\" \/>\n<meta property=\"og:site_name\" content=\"Mescomar\" \/>\n<meta property=\"article:modified_time\" content=\"2024-06-20T21:53:29+00:00\" \/>\n<meta property=\"og:image\" content=\"https:\/\/mescomar.com\/wp-content\/uploads\/2024\/06\/Superyacht-bridge-Hill-Robinson-1024x683.jpg\" \/>\n<meta name=\"twitter:card\" content=\"summary_large_image\" \/>\n<meta name=\"twitter:label1\" content=\"Tahmini okuma s\u00fcresi\" \/>\n\t<meta name=\"twitter:data1\" content=\"4 dakika\" \/>\n<script type=\"application\/ld+json\" class=\"yoast-schema-graph\">{\"@context\":\"https:\/\/schema.org\",\"@graph\":[{\"@type\":\"WebPage\",\"@id\":\"https:\/\/mescomar.com\/spare-parts\/ship-electric-electronic\/\",\"url\":\"https:\/\/mescomar.com\/spare-parts\/ship-electric-electronic\/\",\"name\":\"SHIP ELECTRIC ELECTRONIC - Mescomar\",\"isPartOf\":{\"@id\":\"https:\/\/mescomar.com\/#website\"},\"primaryImageOfPage\":{\"@id\":\"https:\/\/mescomar.com\/spare-parts\/ship-electric-electronic\/#primaryimage\"},\"image\":{\"@id\":\"https:\/\/mescomar.com\/spare-parts\/ship-electric-electronic\/#primaryimage\"},\"thumbnailUrl\":\"https:\/\/mescomar.com\/wp-content\/uploads\/2024\/06\/Superyacht-bridge-Hill-Robinson-1024x683.jpg\",\"datePublished\":\"2024-03-08T14:07:31+00:00\",\"dateModified\":\"2024-06-20T21:53:29+00:00\",\"description\":\"Discover Mescomar's ship electrical and electronic systems services; maintenance, spare parts and expert repairs for best vessel performance.\",\"breadcrumb\":{\"@id\":\"https:\/\/mescomar.com\/spare-parts\/ship-electric-electronic\/#breadcrumb\"},\"inLanguage\":\"tr\",\"potentialAction\":[{\"@type\":\"ReadAction\",\"target\":[\"https:\/\/mescomar.com\/spare-parts\/ship-electric-electronic\/\"]}]},{\"@type\":\"ImageObject\",\"inLanguage\":\"tr\",\"@id\":\"https:\/\/mescomar.com\/spare-parts\/ship-electric-electronic\/#primaryimage\",\"url\":\"https:\/\/mescomar.com\/wp-content\/uploads\/2024\/06\/Superyacht-bridge-Hill-Robinson-1024x683.jpg\",\"contentUrl\":\"https:\/\/mescomar.com\/wp-content\/uploads\/2024\/06\/Superyacht-bridge-Hill-Robinson-1024x683.jpg\"},{\"@type\":\"BreadcrumbList\",\"@id\":\"https:\/\/mescomar.com\/spare-parts\/ship-electric-electronic\/#breadcrumb\",\"itemListElement\":[{\"@type\":\"ListItem\",\"position\":1,\"name\":\"Anasayfa\",\"item\":\"https:\/\/mescomar.com\/en\/\"},{\"@type\":\"ListItem\",\"position\":2,\"name\":\"SPARE PARTS\",\"item\":\"https:\/\/mescomar.com\/spare-parts\/\"},{\"@type\":\"ListItem\",\"position\":3,\"name\":\"SHIP ELECTRIC ELECTRONIC\"}]},{\"@type\":\"WebSite\",\"@id\":\"https:\/\/mescomar.com\/#website\",\"url\":\"https:\/\/mescomar.com\/\",\"name\":\"Mescomar\",\"description\":\"Marine Engineering Solutions and Consultancy\",\"publisher\":{\"@id\":\"https:\/\/mescomar.com\/#organization\"},\"potentialAction\":[{\"@type\":\"SearchAction\",\"target\":{\"@type\":\"EntryPoint\",\"urlTemplate\":\"https:\/\/mescomar.com\/?s={search_term_string}\"},\"query-input\":\"required name=search_term_string\"}],\"inLanguage\":\"tr\"},{\"@type\":\"Organization\",\"@id\":\"https:\/\/mescomar.com\/#organization\",\"name\":\"Mescomar\",\"url\":\"https:\/\/mescomar.com\/\",\"logo\":{\"@type\":\"ImageObject\",\"inLanguage\":\"tr\",\"@id\":\"https:\/\/mescomar.com\/#\/schema\/logo\/image\/\",\"url\":\"https:\/\/mescomar.com\/wp-content\/uploads\/2023\/09\/mescomar-logo-vek.png\",\"contentUrl\":\"https:\/\/mescomar.com\/wp-content\/uploads\/2023\/09\/mescomar-logo-vek.png\",\"width\":177,\"height\":200,\"caption\":\"Mescomar\"},\"image\":{\"@id\":\"https:\/\/mescomar.com\/#\/schema\/logo\/image\/\"},\"sameAs\":[\"https:\/\/www.linkedin.com\/company\/mescomar\/\"]}]}<\/script>\n<!-- \/ Yoast SEO plugin. -->","yoast_head_json":{"title":"SHIP ELECTRIC ELECTRONIC - Mescomar","description":"Discover Mescomar's ship electrical and electronic systems services; maintenance, spare parts and expert repairs for best vessel performance.","robots":{"index":"index","follow":"follow","max-snippet":"max-snippet:-1","max-image-preview":"max-image-preview:large","max-video-preview":"max-video-preview:-1"},"canonical":"https:\/\/mescomar.com\/tr\/spare-parts\/ship-electric-electronic\/","og_locale":"tr_TR","og_type":"article","og_title":"SHIP ELECTRIC ELECTRONIC - Mescomar","og_description":"Discover Mescomar's ship electrical and electronic systems services; maintenance, spare parts and expert repairs for best vessel performance.","og_url":"https:\/\/mescomar.com\/tr\/spare-parts\/ship-electric-electronic\/","og_site_name":"Mescomar","article_modified_time":"2024-06-20T21:53:29+00:00","og_image":[{"url":"https:\/\/mescomar.com\/wp-content\/uploads\/2024\/06\/Superyacht-bridge-Hill-Robinson-1024x683.jpg"}],"twitter_card":"summary_large_image","twitter_misc":{"Tahmini okuma s\u00fcresi":"4 dakika"},"schema":{"@context":"https:\/\/schema.org","@graph":[{"@type":"WebPage","@id":"https:\/\/mescomar.com\/spare-parts\/ship-electric-electronic\/","url":"https:\/\/mescomar.com\/spare-parts\/ship-electric-electronic\/","name":"SHIP ELECTRIC ELECTRONIC - Mescomar","isPartOf":{"@id":"https:\/\/mescomar.com\/#website"},"primaryImageOfPage":{"@id":"https:\/\/mescomar.com\/spare-parts\/ship-electric-electronic\/#primaryimage"},"image":{"@id":"https:\/\/mescomar.com\/spare-parts\/ship-electric-electronic\/#primaryimage"},"thumbnailUrl":"https:\/\/mescomar.com\/wp-content\/uploads\/2024\/06\/Superyacht-bridge-Hill-Robinson-1024x683.jpg","datePublished":"2024-03-08T14:07:31+00:00","dateModified":"2024-06-20T21:53:29+00:00","description":"Discover Mescomar's ship electrical and electronic systems services; maintenance, spare parts and expert repairs for best vessel performance.","breadcrumb":{"@id":"https:\/\/mescomar.com\/spare-parts\/ship-electric-electronic\/#breadcrumb"},"inLanguage":"tr","potentialAction":[{"@type":"ReadAction","target":["https:\/\/mescomar.com\/spare-parts\/ship-electric-electronic\/"]}]},{"@type":"ImageObject","inLanguage":"tr","@id":"https:\/\/mescomar.com\/spare-parts\/ship-electric-electronic\/#primaryimage","url":"https:\/\/mescomar.com\/wp-content\/uploads\/2024\/06\/Superyacht-bridge-Hill-Robinson-1024x683.jpg","contentUrl":"https:\/\/mescomar.com\/wp-content\/uploads\/2024\/06\/Superyacht-bridge-Hill-Robinson-1024x683.jpg"},{"@type":"BreadcrumbList","@id":"https:\/\/mescomar.com\/spare-parts\/ship-electric-electronic\/#breadcrumb","itemListElement":[{"@type":"ListItem","position":1,"name":"Anasayfa","item":"https:\/\/mescomar.com\/en\/"},{"@type":"ListItem","position":2,"name":"SPARE PARTS","item":"https:\/\/mescomar.com\/spare-parts\/"},{"@type":"ListItem","position":3,"name":"SHIP ELECTRIC ELECTRONIC"}]},{"@type":"WebSite","@id":"https:\/\/mescomar.com\/#website","url":"https:\/\/mescomar.com\/","name":"Mescomar","description":"Marine Engineering Solutions and Consultancy","publisher":{"@id":"https:\/\/mescomar.com\/#organization"},"potentialAction":[{"@type":"SearchAction","target":{"@type":"EntryPoint","urlTemplate":"https:\/\/mescomar.com\/?s={search_term_string}"},"query-input":"required name=search_term_string"}],"inLanguage":"tr"},{"@type":"Organization","@id":"https:\/\/mescomar.com\/#organization","name":"Mescomar","url":"https:\/\/mescomar.com\/","logo":{"@type":"ImageObject","inLanguage":"tr","@id":"https:\/\/mescomar.com\/#\/schema\/logo\/image\/","url":"https:\/\/mescomar.com\/wp-content\/uploads\/2023\/09\/mescomar-logo-vek.png","contentUrl":"https:\/\/mescomar.com\/wp-content\/uploads\/2023\/09\/mescomar-logo-vek.png","width":177,"height":200,"caption":"Mescomar"},"image":{"@id":"https:\/\/mescomar.com\/#\/schema\/logo\/image\/"},"sameAs":["https:\/\/www.linkedin.com\/company\/mescomar\/"]}]}},"_links":{"self":[{"href":"https:\/\/mescomar.com\/tr\/wp-json\/wp\/v2\/pages\/7403","targetHints":{"allow":["GET"]}}],"collection":[{"href":"https:\/\/mescomar.com\/tr\/wp-json\/wp\/v2\/pages"}],"about":[{"href":"https:\/\/mescomar.com\/tr\/wp-json\/wp\/v2\/types\/page"}],"author":[{"embeddable":true,"href":"https:\/\/mescomar.com\/tr\/wp-json\/wp\/v2\/users\/1"}],"replies":[{"embeddable":true,"href":"https:\/\/mescomar.com\/tr\/wp-json\/wp\/v2\/comments?post=7403"}],"version-history":[{"count":9,"href":"https:\/\/mescomar.com\/tr\/wp-json\/wp\/v2\/pages\/7403\/revisions"}],"predecessor-version":[{"id":9381,"href":"https:\/\/mescomar.com\/tr\/wp-json\/wp\/v2\/pages\/7403\/revisions\/9381"}],"up":[{"embeddable":true,"href":"https:\/\/mescomar.com\/tr\/wp-json\/wp\/v2\/pages\/7264"}],"wp:attachment":[{"href":"https:\/\/mescomar.com\/tr\/wp-json\/wp\/v2\/media?parent=7403"}],"curies":[{"name":"wp","href":"https:\/\/api.w.org\/{rel}","templated":true}]}}