{"id":7367,"date":"2024-03-08T13:38:07","date_gmt":"2024-03-08T13:38:07","guid":{"rendered":"https:\/\/mescomar.com\/?page_id=7367"},"modified":"2024-06-21T06:00:10","modified_gmt":"2024-06-21T03:00:10","slug":"ship-special-equipment-manufacturing","status":"publish","type":"page","link":"https:\/\/mescomar.com\/tr\/services\/ship-manufacturing\/ship-special-equipment-manufacturing\/","title":{"rendered":"\u00d6zel \u00dcretim Par\u00e7a \u0130malat\u0131"},"content":{"rendered":"<div class=\"wp-block-group alignwide is-layout-constrained wp-block-group-is-layout-constrained\" style=\"font-size:18px\">\n<h1 class=\"wp-block-heading has-black-color has-text-color has-link-color wp-elements-87dd07255535395bdaa8dfca0afa29c1\">Gemi \u00d6zel Ekipman \u0130malat\u0131 Tuzla-Yalova<\/h1>\n\n\n\n<hr class=\"wp-block-separator has-text-color has-black-color has-alpha-channel-opacity has-black-background-color has-background is-style-wide\"\/>\n\n\n\n<p>Mescomar olarak Tuzla \u0130stanbul ve Yalova b\u00f6lgelerinde hizmet veren \u00f6zel gemi ekipman\u0131 imalat i\u015fletmesiyiz.  Acil ihtiya\u00e7lar\u0131n\u0131z i\u00e7in her t\u00fcrl\u00fc hizmeti 7\/24 sa\u011flayabiliriz. \u0130htiya\u00e7lar\u0131n\u0131z i\u00e7in bizimle ileti\u015fime ge\u00e7meniz yeterli.<\/p>\n\n\n\n<div style=\"height:10px\" aria-hidden=\"true\" class=\"wp-block-spacer\"><\/div>\n\n\n\n<div class=\"wp-block-buttons is-layout-flex wp-block-buttons-is-layout-flex\">\n<div class=\"wp-block-button\"><a class=\"wp-block-button__link has-background wp-element-button\" href=\"https:\/\/mescomar.com\/tr\/contact\/\" style=\"border-radius:10px;background-color:#30d5c8\">Bize Ula\u015f\u0131n<\/a><\/div>\n<\/div>\n\n\n\n<div style=\"height:15px\" aria-hidden=\"true\" class=\"wp-block-spacer\"><\/div>\n\n\n\n<h2 class=\"wp-block-heading has-black-color has-text-color has-link-color wp-elements-a7f2d9c665cffd65450ce4454c8925ea\">\u00d6zel Ekipman ve Yedek Par\u00e7a \u0130malat\u0131 Nedir?<\/h2>\n\n\n\n<hr class=\"wp-block-separator has-text-color has-black-color has-alpha-channel-opacity has-black-background-color has-background is-style-wide\" style=\"margin-top:var(--wp--preset--spacing--40);margin-bottom:var(--wp--preset--spacing--40)\"\/>\n\n\n\n<p class=\"has-foreground-color has-text-color has-link-color has-system-font-family wp-elements-4dbeda8054dda5a5b1761cd6bf90e19c\" style=\"font-size:18px;font-style:normal;font-weight:400\">\u00d6zel ekipman ve yedek par\u00e7a imalat\u0131, gemilerin bak\u0131m\u0131 ve operasyonlar\u0131 i\u00e7in gerekli olan \u00f6zel bile\u015fenlerin \u00fcretimini i\u00e7erir. Bu \u00fcretimler aras\u0131nda ekipman s\u00f6k\u00fcm aparatlar\u0131, yedek tanklar, \u00f6zel \u0131s\u0131t\u0131c\u0131lar, hidrolik kontrol bloklar\u0131 ve sistemlerinin yan\u0131 s\u0131ra \u00f6zel kapak ve kabinler gibi bir\u00e7ok \u00fcr\u00fcn yer almaktad\u0131r. Bu \u00fcr\u00fcnlerin detayl\u0131 \u00f6zellikleri, her geminin \u00f6zel ihtiya\u00e7lar\u0131na g\u00f6re titiz bir \u00f6n haz\u0131rl\u0131k ve m\u00fchendislik \u00e7al\u0131\u015fmas\u0131 ile belirlenmektedir. Bu titiz planlama, operasyonlar\u0131 kolayla\u015ft\u0131rmay\u0131 ve geminizin verimli bir \u015fekilde \u00e7al\u0131\u015fmas\u0131n\u0131 hedefler.<\/p>\n\n\n\n<div style=\"height:10px\" aria-hidden=\"true\" class=\"wp-block-spacer\"><\/div>\n\n\n\n<ul class=\"wp-block-list\">\n<li><strong>Hassas \u0130\u015f\u00e7ilik:<\/strong>&nbsp;MESCOMAR'\u0131n titiz m\u00fchendislik tasar\u0131m\u0131, her \u00f6zel bile\u015fenin tam spesifikasyon gereksinimlerinin kar\u015f\u0131lamas\u0131n\u0131 sa\u011flar. Ekipman s\u00f6kme aparatlar\u0131ndan hidrolik kontrol bloklar\u0131na kadar hassas i\u015f\u00e7ili\u011fimiz, maksimum performans\u0131 ve g\u00fcvenilirli\u011fi garanti eder.<\/li>\n\n\n\n<li><strong>Her Gemiye \u00d6zel \u00c7\u00f6z\u00fcmler:<\/strong>&nbsp;Her geminin kendine \u00f6zg\u00fc gereksinimleri oldu\u011funun bilincindeyiz. MESCOMAR, \u00fcretimi gereken par\u00e7a ve ekipmanlar\u0131, geminizin \u00f6zel ihtiya\u00e7lar\u0131na g\u00f6re uyarlar. Yedek tanklar, \u00f6zel \u0131s\u0131t\u0131c\u0131lar veya \u00f6zel kapaklar olsun, \u00e7\u00f6z\u00fcmlerimiz denizcilik operasyonlar\u0131n\u0131za kusursuz bir \u015fekilde entegre olur.<\/li>\n\n\n\n<li><strong>Denizde Verimlilik ve G\u00fcvenlik:<\/strong>&nbsp;\u00d6zel bile\u015fenlerimiz operasyonel verimlili\u011fi ve g\u00fcvenceyi art\u0131r\u0131r. Kolayla\u015ft\u0131r\u0131lm\u0131\u015f tahliye prosed\u00fcrlerinden g\u00fcvenilir hidrolik sistemlere kadar MESCOMAR \u00fcr\u00fcnleri, en zorlu ko\u015fullarda bile geminizin sorunsuz bir \u015fekilde yol almas\u0131n\u0131 sa\u011flar.<\/li>\n<\/ul>\n\n\n\n<hr class=\"wp-block-separator has-text-color has-black-color has-alpha-channel-opacity has-black-background-color has-background\" style=\"margin-top:var(--wp--preset--spacing--40);margin-bottom:var(--wp--preset--spacing--40)\"\/>\n<\/div>\n\n\n\n<div class=\"wp-block-group is-layout-constrained wp-block-group-is-layout-constrained\">\n<h2 class=\"wp-block-heading has-black-color has-text-color has-link-color wp-elements-a291f951af18fe711bddd926be2c71ce\">Mecomar \u00d6zel Ekipmanlar\u0131 Nas\u0131l \u00dcretir?<\/h2>\n\n\n\n<hr class=\"wp-block-separator has-text-color has-black-color has-alpha-channel-opacity has-black-background-color has-background is-style-wide\" style=\"margin-top:var(--wp--preset--spacing--40);margin-bottom:var(--wp--preset--spacing--40)\"\/>\n\n\n\n<p class=\"has-system-font-family\" style=\"font-size:18px;font-style:normal;font-weight:400\">Mescomar'da m\u00fchendislik uzmanl\u0131\u011f\u0131m\u0131z\u0131n ve \u00fcretim tecr\u00fcbemizin harmanlanmas\u0131yla \u00f6zel par\u00e7alar\u0131n \u00fcretimini ger\u00e7ekle\u015ftiriyoruz. Ekibimiz, hem tasar\u0131m hem de \u00fcretim s\u00fcre\u00e7lerindeki uzmanl\u0131\u011f\u0131m\u0131zdan faydalanarak, gemilerin ihtiya\u00e7 duydu\u011fu benzersiz gereksinimleri en kaliteli \u015fekilde kar\u015f\u0131lamaktad\u0131r. Dizel ana motorlar, jenerat\u00f6rler, pompalar ve ay\u0131r\u0131c\u0131lar dahil olmak \u00fczere \u00e7e\u015fitli gemi bile\u015fenlerinin s\u00f6k\u00fclmesi konusunda y\u00fcksek deneyime sahibiz. Ek olarak \u0131s\u0131t\u0131c\u0131lar, hidrolik kontrol sistemleri ve kabinler de dahil olmak \u00fczere \u00f6zel ekimpmanlar ve \u00fcretim \u00e7\u00f6z\u00fcmleri sa\u011flayarak ola\u011fan\u00fcst\u00fc hizmet sunmak i\u00e7in tecr\u00fcbelerimizi kullan\u0131yoruz. S\u00fcrekli iyile\u015ftirme ve m\u00fchendislik i\u00e7g\u00f6r\u00fc birikimimiz sayesinde, m\u00fc\u015fterilerimize benzersiz kalitede kapsaml\u0131 \u00e7\u00f6z\u00fcmler sunarak hizmet tekliflerimizi s\u00fcrekli olarak geli\u015ftirmeye devam ediyoruz.<\/p>\n\n\n\n<div style=\"height:10px\" aria-hidden=\"true\" class=\"wp-block-spacer\"><\/div>\n\n\n\n<div class=\"wp-block-columns is-layout-flex wp-container-core-columns-is-layout-9d6595d7 wp-block-columns-is-layout-flex\">\n<div class=\"wp-block-column is-layout-flow wp-block-column-is-layout-flow\">\n<figure class=\"wp-block-image size-large\"><img loading=\"lazy\" decoding=\"async\" width=\"768\" height=\"1024\" src=\"https:\/\/mescomar.com\/wp-content\/uploads\/2024\/04\/before-1-1-768x1024.jpg\" alt=\"\" class=\"wp-image-8949\"\/><\/figure>\n<\/div>\n\n\n\n<div class=\"wp-block-column is-layout-flow wp-block-column-is-layout-flow\">\n<figure class=\"wp-block-image size-large\"><img loading=\"lazy\" decoding=\"async\" width=\"768\" height=\"1024\" src=\"https:\/\/mescomar.com\/wp-content\/uploads\/2024\/04\/after-1-1-768x1024.jpg\" alt=\"\" class=\"wp-image-8948\"\/><\/figure>\n<\/div>\n<\/div>\n<\/div>\n\n\n\n<div class=\"wp-block-group is-layout-constrained wp-block-group-is-layout-constrained\">\n<div style=\"height:10px\" aria-hidden=\"true\" class=\"wp-block-spacer\"><\/div>\n\n\n\n<h2 class=\"wp-block-heading has-black-color has-text-color has-link-color wp-elements-3bb909eb45bb2eab6e429157f9f7738c\">\u00d6zel Ekipman \u0130malat\u0131 \u0130\u00e7in Neden Mescomar'\u0131 Tercih Etmelisiniz?<\/h2>\n\n\n\n<hr class=\"wp-block-separator has-text-color has-black-color has-alpha-channel-opacity has-black-background-color has-background is-style-wide\" style=\"margin-top:var(--wp--preset--spacing--40);margin-bottom:var(--wp--preset--spacing--40)\"\/>\n\n\n\n<p class=\"has-system-font-family\" style=\"font-size:18px;font-style:normal;font-weight:500\">Mescomar, \u00e7e\u015fitli sebeplerden dolay\u0131 \u00f6zel ekipman ve yedek par\u00e7a \u00fcretiminde birinci tercih olarak \u00f6ne \u00e7\u0131k\u0131yoruz. \u0130lk olarak, sahadaki kapsaml\u0131 deneyimimiz, en zorlu projeler dahil olmak \u00fczere, bize ihtiya\u00e7 duyulan t\u00fcm projeleri eksiksiz bir \u015fekilde ve tam zaman\u0131nda teslim ettik. Ayr\u0131ca, her ekipman ve par\u00e7an\u0131n en iyi performans\u0131 sa\u011flad\u0131\u011f\u0131n\u0131 garanti etmek i\u00e7in s\u0131k\u0131 standartlar\u0131n kar\u015f\u0131lamas\u0131n\u0131 sa\u011flayarak kaliteye \u00f6ncelik veriyoruz. Buna ek olarak, h\u0131zl\u0131 hizmet sunma taahh\u00fcd\u00fcm\u00fcz, m\u00fc\u015fterilerimizin gereksinimlerini verimli bir \u015fekilde yerine getirmemize, ar\u0131za s\u00fcrelerini ve operasyonel kesintileri en aza indirmemize olanak tan\u0131yor. Son olarak Mescomar, m\u00fc\u015fterilerimizin kaliteden veya hizmet m\u00fckemmelli\u011finden \u00f6d\u00fcn vermeden ola\u011fan\u00fcst\u00fc de\u011fer elde etmelerini sa\u011flayarak uygun maliyetli \u00e7\u00f6z\u00fcmler sunmaya kendinimizi adad\u0131k. \u00d6zel ekipman \u00fcretiminde benzersiz uzmanl\u0131k, kalite ve verimlilik i\u00e7in Mescomar'\u0131 tercih edin.<\/p>\n\n\n\n<ul class=\"wp-block-list\" style=\"font-size:18px\">\n<li><strong>Uzmanl\u0131k:<\/strong>&nbsp;MESCOMAR'\u0131n uzman kadrosu bizi paha bi\u00e7ilmez bilgi ve yeteneklerle donat\u0131yor. \u00c7e\u015fitli \u00fcretim taleplerini anl\u0131yor, birinci s\u0131n\u0131f \u00f6zel ekipman ve yedek par\u00e7alar \u00fcretiyoruz.<\/li>\n\n\n\n<li><strong>Standartlar\u0131 Belirleyen Kalite:<\/strong>&nbsp;Kaliteye olan ba\u011fl\u0131l\u0131\u011f\u0131m\u0131z sebebiyle, her \u00fcr\u00fcn\u00fcn gerekli standartlar\u0131 kar\u015f\u0131lamas\u0131n\u0131 garanti ediyoruz. \u0130ster kritik bir bile\u015fen ister \u00f6nemli bir yedek par\u00e7a olsun, g\u00fcvenilirlik bizim \u00f6nceli\u011fimizdir.<\/li>\n\n\n\n<li><strong>Her Alanda Verimlilik<\/strong>&nbsp;MESCOMAR'\u0131n h\u0131zl\u0131 hizmeti proje s\u00fcresini en aza indirir. M\u00fckemmellikten \u00f6d\u00fcn vermeden uygun maliyetli \u00e7\u00f6z\u00fcmler sunarak operasyonlar\u0131n\u0131z\u0131n sorunsuz ilerlemesini sa\u011fl\u0131yoruz.&nbsp;<\/li>\n<\/ul>\n\n\n\n<p class=\"has-text-align-center has-system-font-family\" style=\"font-size:17px;font-style:normal;font-weight:400\">Mescomar'\u0131n ba\u015far\u0131s\u0131n\u0131 deneyimleyen say\u0131s\u0131z memnun m\u00fc\u015fteriye kat\u0131l\u0131n. Daha fazlas\u0131n\u0131 \u00f6\u011frenmek ve bunu nas\u0131l yapt\u0131\u011f\u0131m\u0131z\u0131 ke\u015ffetmek i\u00e7in hemen bizimle ileti\u015fime ge\u00e7in.<\/p>\n<\/div>","protected":false},"excerpt":{"rendered":"<p>Ship Special Equipment Manufacturing in Tuzla-Yalova As Mescomar we are a big ship special equipment manufactoring business, who serves mainly in Tuzla Istanbul and Yalova areas. For our detailed list of equipment that we manufacture, scroll down below. We can provide any kind of service for your urgent needs 7\/24. Just contact us for your [&hellip;]<\/p>","protected":false},"author":1,"featured_media":0,"parent":7361,"menu_order":2,"comment_status":"closed","ping_status":"closed","template":"","meta":{"_et_pb_use_builder":"","_et_pb_old_content":"","_et_gb_content_width":"","_monsterinsights_skip_tracking":false,"_monsterinsights_sitenote_active":false,"_monsterinsights_sitenote_note":"","_monsterinsights_sitenote_category":0,"footnotes":""},"class_list":["post-7367","page","type-page","status-publish","hentry"],"yoast_head":"<!-- This site is optimized with the Yoast SEO plugin v23.0 - https:\/\/yoast.com\/wordpress\/plugins\/seo\/ -->\n<title>Special Equipment Request Manufacturing - Mescomar<\/title>\n<meta name=\"description\" content=\"Discover unparalleled expertise in manufacturing special equipment spare parts for ships. Quality, efficiency, cost-effectiveness guaranteed!\" \/>\n<meta name=\"robots\" content=\"index, follow, max-snippet:-1, max-image-preview:large, max-video-preview:-1\" \/>\n<link rel=\"canonical\" href=\"https:\/\/mescomar.com\/tr\/services__trashed\/ship-manufacturing\/ship-special-equipment-manufacturing\/\" \/>\n<meta property=\"og:locale\" content=\"tr_TR\" \/>\n<meta property=\"og:type\" content=\"article\" \/>\n<meta property=\"og:title\" content=\"Special Equipment Request Manufacturing - Mescomar\" \/>\n<meta property=\"og:description\" content=\"Discover unparalleled expertise in manufacturing special equipment spare parts for ships. Quality, efficiency, cost-effectiveness guaranteed!\" \/>\n<meta property=\"og:url\" content=\"https:\/\/mescomar.com\/tr\/services__trashed\/ship-manufacturing\/ship-special-equipment-manufacturing\/\" \/>\n<meta property=\"og:site_name\" content=\"Mescomar\" \/>\n<meta property=\"article:modified_time\" content=\"2024-06-21T03:00:10+00:00\" \/>\n<meta property=\"og:image\" content=\"https:\/\/mescomar.com\/wp-content\/uploads\/2024\/04\/before-1-1-768x1024.jpg\" \/>\n<meta name=\"twitter:card\" content=\"summary_large_image\" \/>\n<meta name=\"twitter:label1\" content=\"Tahmini okuma s\u00fcresi\" \/>\n\t<meta name=\"twitter:data1\" content=\"3 dakika\" \/>\n<script type=\"application\/ld+json\" class=\"yoast-schema-graph\">{\"@context\":\"https:\/\/schema.org\",\"@graph\":[{\"@type\":\"WebPage\",\"@id\":\"https:\/\/mescomar.com\/services__trashed\/ship-manufacturing\/ship-special-equipment-manufacturing\/\",\"url\":\"https:\/\/mescomar.com\/services__trashed\/ship-manufacturing\/ship-special-equipment-manufacturing\/\",\"name\":\"Special Equipment Request Manufacturing - Mescomar\",\"isPartOf\":{\"@id\":\"https:\/\/mescomar.com\/#website\"},\"primaryImageOfPage\":{\"@id\":\"https:\/\/mescomar.com\/services__trashed\/ship-manufacturing\/ship-special-equipment-manufacturing\/#primaryimage\"},\"image\":{\"@id\":\"https:\/\/mescomar.com\/services__trashed\/ship-manufacturing\/ship-special-equipment-manufacturing\/#primaryimage\"},\"thumbnailUrl\":\"https:\/\/mescomar.com\/wp-content\/uploads\/2024\/04\/before-1-1-768x1024.jpg\",\"datePublished\":\"2024-03-08T13:38:07+00:00\",\"dateModified\":\"2024-06-21T03:00:10+00:00\",\"description\":\"Discover unparalleled expertise in manufacturing special equipment spare parts for ships. Quality, efficiency, cost-effectiveness guaranteed!\",\"breadcrumb\":{\"@id\":\"https:\/\/mescomar.com\/services__trashed\/ship-manufacturing\/ship-special-equipment-manufacturing\/#breadcrumb\"},\"inLanguage\":\"tr\",\"potentialAction\":[{\"@type\":\"ReadAction\",\"target\":[\"https:\/\/mescomar.com\/services__trashed\/ship-manufacturing\/ship-special-equipment-manufacturing\/\"]}]},{\"@type\":\"ImageObject\",\"inLanguage\":\"tr\",\"@id\":\"https:\/\/mescomar.com\/services__trashed\/ship-manufacturing\/ship-special-equipment-manufacturing\/#primaryimage\",\"url\":\"https:\/\/mescomar.com\/wp-content\/uploads\/2024\/04\/before-1-1-768x1024.jpg\",\"contentUrl\":\"https:\/\/mescomar.com\/wp-content\/uploads\/2024\/04\/before-1-1-768x1024.jpg\"},{\"@type\":\"BreadcrumbList\",\"@id\":\"https:\/\/mescomar.com\/services__trashed\/ship-manufacturing\/ship-special-equipment-manufacturing\/#breadcrumb\",\"itemListElement\":[{\"@type\":\"ListItem\",\"position\":1,\"name\":\"Anasayfa\",\"item\":\"https:\/\/mescomar.com\/en\/\"},{\"@type\":\"ListItem\",\"position\":2,\"name\":\"SERVICES\",\"item\":\"https:\/\/mescomar.com\/?page_id=7150\"},{\"@type\":\"ListItem\",\"position\":3,\"name\":\"SHIP MANUFACTURING\",\"item\":\"https:\/\/mescomar.com\/services__trashed\/ship-manufacturing\/\"},{\"@type\":\"ListItem\",\"position\":4,\"name\":\"Ship Special Equipment Manufacturing\"}]},{\"@type\":\"WebSite\",\"@id\":\"https:\/\/mescomar.com\/#website\",\"url\":\"https:\/\/mescomar.com\/\",\"name\":\"Mescomar\",\"description\":\"Marine Engineering Solutions and Consultancy\",\"publisher\":{\"@id\":\"https:\/\/mescomar.com\/#organization\"},\"potentialAction\":[{\"@type\":\"SearchAction\",\"target\":{\"@type\":\"EntryPoint\",\"urlTemplate\":\"https:\/\/mescomar.com\/?s={search_term_string}\"},\"query-input\":\"required name=search_term_string\"}],\"inLanguage\":\"tr\"},{\"@type\":\"Organization\",\"@id\":\"https:\/\/mescomar.com\/#organization\",\"name\":\"Mescomar\",\"url\":\"https:\/\/mescomar.com\/\",\"logo\":{\"@type\":\"ImageObject\",\"inLanguage\":\"tr\",\"@id\":\"https:\/\/mescomar.com\/#\/schema\/logo\/image\/\",\"url\":\"https:\/\/mescomar.com\/wp-content\/uploads\/2023\/09\/mescomar-logo-vek.png\",\"contentUrl\":\"https:\/\/mescomar.com\/wp-content\/uploads\/2023\/09\/mescomar-logo-vek.png\",\"width\":177,\"height\":200,\"caption\":\"Mescomar\"},\"image\":{\"@id\":\"https:\/\/mescomar.com\/#\/schema\/logo\/image\/\"},\"sameAs\":[\"https:\/\/www.linkedin.com\/company\/mescomar\/\"]}]}<\/script>\n<!-- \/ Yoast SEO plugin. -->","yoast_head_json":{"title":"Special Equipment Request Manufacturing - Mescomar","description":"Discover unparalleled expertise in manufacturing special equipment spare parts for ships. Quality, efficiency, cost-effectiveness guaranteed!","robots":{"index":"index","follow":"follow","max-snippet":"max-snippet:-1","max-image-preview":"max-image-preview:large","max-video-preview":"max-video-preview:-1"},"canonical":"https:\/\/mescomar.com\/tr\/services__trashed\/ship-manufacturing\/ship-special-equipment-manufacturing\/","og_locale":"tr_TR","og_type":"article","og_title":"Special Equipment Request Manufacturing - Mescomar","og_description":"Discover unparalleled expertise in manufacturing special equipment spare parts for ships. Quality, efficiency, cost-effectiveness guaranteed!","og_url":"https:\/\/mescomar.com\/tr\/services__trashed\/ship-manufacturing\/ship-special-equipment-manufacturing\/","og_site_name":"Mescomar","article_modified_time":"2024-06-21T03:00:10+00:00","og_image":[{"url":"https:\/\/mescomar.com\/wp-content\/uploads\/2024\/04\/before-1-1-768x1024.jpg"}],"twitter_card":"summary_large_image","twitter_misc":{"Tahmini okuma s\u00fcresi":"3 dakika"},"schema":{"@context":"https:\/\/schema.org","@graph":[{"@type":"WebPage","@id":"https:\/\/mescomar.com\/services__trashed\/ship-manufacturing\/ship-special-equipment-manufacturing\/","url":"https:\/\/mescomar.com\/services__trashed\/ship-manufacturing\/ship-special-equipment-manufacturing\/","name":"Special Equipment Request Manufacturing - Mescomar","isPartOf":{"@id":"https:\/\/mescomar.com\/#website"},"primaryImageOfPage":{"@id":"https:\/\/mescomar.com\/services__trashed\/ship-manufacturing\/ship-special-equipment-manufacturing\/#primaryimage"},"image":{"@id":"https:\/\/mescomar.com\/services__trashed\/ship-manufacturing\/ship-special-equipment-manufacturing\/#primaryimage"},"thumbnailUrl":"https:\/\/mescomar.com\/wp-content\/uploads\/2024\/04\/before-1-1-768x1024.jpg","datePublished":"2024-03-08T13:38:07+00:00","dateModified":"2024-06-21T03:00:10+00:00","description":"Discover unparalleled expertise in manufacturing special equipment spare parts for ships. Quality, efficiency, cost-effectiveness guaranteed!","breadcrumb":{"@id":"https:\/\/mescomar.com\/services__trashed\/ship-manufacturing\/ship-special-equipment-manufacturing\/#breadcrumb"},"inLanguage":"tr","potentialAction":[{"@type":"ReadAction","target":["https:\/\/mescomar.com\/services__trashed\/ship-manufacturing\/ship-special-equipment-manufacturing\/"]}]},{"@type":"ImageObject","inLanguage":"tr","@id":"https:\/\/mescomar.com\/services__trashed\/ship-manufacturing\/ship-special-equipment-manufacturing\/#primaryimage","url":"https:\/\/mescomar.com\/wp-content\/uploads\/2024\/04\/before-1-1-768x1024.jpg","contentUrl":"https:\/\/mescomar.com\/wp-content\/uploads\/2024\/04\/before-1-1-768x1024.jpg"},{"@type":"BreadcrumbList","@id":"https:\/\/mescomar.com\/services__trashed\/ship-manufacturing\/ship-special-equipment-manufacturing\/#breadcrumb","itemListElement":[{"@type":"ListItem","position":1,"name":"Anasayfa","item":"https:\/\/mescomar.com\/en\/"},{"@type":"ListItem","position":2,"name":"SERVICES","item":"https:\/\/mescomar.com\/?page_id=7150"},{"@type":"ListItem","position":3,"name":"SHIP MANUFACTURING","item":"https:\/\/mescomar.com\/services__trashed\/ship-manufacturing\/"},{"@type":"ListItem","position":4,"name":"Ship Special Equipment Manufacturing"}]},{"@type":"WebSite","@id":"https:\/\/mescomar.com\/#website","url":"https:\/\/mescomar.com\/","name":"Mescomar","description":"Marine Engineering Solutions and Consultancy","publisher":{"@id":"https:\/\/mescomar.com\/#organization"},"potentialAction":[{"@type":"SearchAction","target":{"@type":"EntryPoint","urlTemplate":"https:\/\/mescomar.com\/?s={search_term_string}"},"query-input":"required name=search_term_string"}],"inLanguage":"tr"},{"@type":"Organization","@id":"https:\/\/mescomar.com\/#organization","name":"Mescomar","url":"https:\/\/mescomar.com\/","logo":{"@type":"ImageObject","inLanguage":"tr","@id":"https:\/\/mescomar.com\/#\/schema\/logo\/image\/","url":"https:\/\/mescomar.com\/wp-content\/uploads\/2023\/09\/mescomar-logo-vek.png","contentUrl":"https:\/\/mescomar.com\/wp-content\/uploads\/2023\/09\/mescomar-logo-vek.png","width":177,"height":200,"caption":"Mescomar"},"image":{"@id":"https:\/\/mescomar.com\/#\/schema\/logo\/image\/"},"sameAs":["https:\/\/www.linkedin.com\/company\/mescomar\/"]}]}},"_links":{"self":[{"href":"https:\/\/mescomar.com\/tr\/wp-json\/wp\/v2\/pages\/7367","targetHints":{"allow":["GET"]}}],"collection":[{"href":"https:\/\/mescomar.com\/tr\/wp-json\/wp\/v2\/pages"}],"about":[{"href":"https:\/\/mescomar.com\/tr\/wp-json\/wp\/v2\/types\/page"}],"author":[{"embeddable":true,"href":"https:\/\/mescomar.com\/tr\/wp-json\/wp\/v2\/users\/1"}],"replies":[{"embeddable":true,"href":"https:\/\/mescomar.com\/tr\/wp-json\/wp\/v2\/comments?post=7367"}],"version-history":[{"count":16,"href":"https:\/\/mescomar.com\/tr\/wp-json\/wp\/v2\/pages\/7367\/revisions"}],"predecessor-version":[{"id":9453,"href":"https:\/\/mescomar.com\/tr\/wp-json\/wp\/v2\/pages\/7367\/revisions\/9453"}],"up":[{"embeddable":true,"href":"https:\/\/mescomar.com\/tr\/wp-json\/wp\/v2\/pages\/7361"}],"wp:attachment":[{"href":"https:\/\/mescomar.com\/tr\/wp-json\/wp\/v2\/media?parent=7367"}],"curies":[{"name":"wp","href":"https:\/\/api.w.org\/{rel}","templated":true}]}}