{"id":7363,"date":"2024-03-08T13:36:58","date_gmt":"2024-03-08T13:36:58","guid":{"rendered":"https:\/\/mescomar.com\/?page_id=7363"},"modified":"2024-06-21T05:04:51","modified_gmt":"2024-06-21T02:04:51","slug":"ship-equipment-manufacturing","status":"publish","type":"page","link":"https:\/\/mescomar.com\/tr\/services\/ship-manufacturing\/ship-equipment-manufacturing\/","title":{"rendered":"Gemi Ekipman\u0131 \u0130malat\u0131"},"content":{"rendered":"<h1 class=\"wp-block-heading has-black-color has-text-color has-link-color wp-elements-9ded63675e01cead8ac7c91a3c86a9cb\">Gemi Ekipman \u0130malat\u0131 Tuzla-Yalova<\/h1>\n\n\n\n<hr class=\"wp-block-separator has-text-color has-black-color has-alpha-channel-opacity has-black-background-color has-background is-style-wide\"\/>\n\n\n\n<p style=\"font-size:20px\">Firmam\u0131z, Tuzla ve Yalova b\u00f6lgelerinde her t\u00fcrl\u00fc gemi ekipman\u0131 imalat, bak\u0131m ve onar\u0131m hizmeti sunmaktad\u0131r. Uzman ekibimizle, gemi sahiplerine g\u00fcvenilir ve kaliteli hizmetler sa\u011flayarak m\u00fc\u015fterilerimizin memnuniyetini en \u00fcst seviyede tutmay\u0131 garanti ediyoruz. M\u00fc\u015fterilerimize 7\/24 h\u0131zl\u0131 ve etkili \u00e7\u00f6z\u00fcmler sunarak, gemilerinizin denizde ge\u00e7irdi\u011fi s\u00fcreyi maksimuma \u00e7\u0131kar\u0131yoruz. Tuzla ve Yalova Gemi ekipmanlar\u0131n\u0131z i\u00e7in i\u00e7in g\u00fcvenilir bir i\u015f orta\u011f\u0131 ar\u0131yorsan\u0131z, firmam\u0131z\u0131n profesyonel \u00e7\u00f6z\u00fcmlerini tercih edebilirsiniz.<\/p>\n\n\n\n<div style=\"height:10px\" aria-hidden=\"true\" class=\"wp-block-spacer\"><\/div>\n\n\n\n<div class=\"wp-block-buttons is-layout-flex wp-block-buttons-is-layout-flex\">\n<div class=\"wp-block-button\"><a class=\"wp-block-button__link has-background wp-element-button\" href=\"https:\/\/mescomar.com\/tr\/contact\/\" style=\"border-radius:10px;background-color:#30d5c8\">Bize Ula\u015f\u0131n<\/a><\/div>\n<\/div>\n\n\n\n<div style=\"height:10px\" aria-hidden=\"true\" class=\"wp-block-spacer\"><\/div>\n\n\n\n<hr class=\"wp-block-separator has-text-color has-black-color has-alpha-channel-opacity has-black-background-color has-background is-style-wide\" style=\"margin-top:var(--wp--preset--spacing--40);margin-bottom:var(--wp--preset--spacing--40)\"\/>\n\n\n\n<h2 class=\"wp-block-heading has-black-color has-text-color has-link-color wp-elements-a7657fe23492a52c5b1a122581841bb3\"><strong>Gemi Ekipman\u0131 \u00dcretimi: Kalite ve Uyumlulu\u011fun Sa\u011flanmas\u0131<\/strong><\/h2>\n\n\n\n<hr class=\"wp-block-separator has-text-color has-black-color has-alpha-channel-opacity has-black-background-color has-background is-style-wide\" style=\"margin-top:var(--wp--preset--spacing--40);margin-bottom:var(--wp--preset--spacing--40)\"\/>\n\n\n\n<div class=\"wp-block-group is-layout-flow wp-block-group-is-layout-flow\">\n<div class=\"wp-block-columns is-layout-flex wp-container-core-columns-is-layout-9d6595d7 wp-block-columns-is-layout-flex\">\n<div class=\"wp-block-column has-foreground-color has-text-color has-link-color has-system-font-family has-normal-font-size wp-elements-7615f72a3eef6c443996a46e817d94ed is-layout-flow wp-block-column-is-layout-flow\" style=\"line-height:1.8\">\n<p style=\"font-size:18px\">Gemi ekipman\u0131 \u00fcretimi, orijinal spesifikasyonlara uyacak \u015fekilde hatal\u0131, ar\u0131zal\u0131, k\u0131r\u0131k vb gemi ekipman\u0131n\u0131n \u00fcretilmesini gerektirir. Bu s\u00fcre\u00e7te ekipman\u0131n kalitesinin, boyutlar\u0131n\u0131n do\u011fru ve i\u015flevsellik a\u00e7\u0131s\u0131ndan test edilmi\u015f olmas\u0131 gerekir. Gemi ekipmanlar\u0131n\u0131n orijinal spesifikasyonlara g\u00f6re \u00fcretimi iki \u015fekilde ger\u00e7ekle\u015ftirilebilir:<\/p>\n\n\n\n<p><\/p>\n\n\n\n<ul class=\"wp-block-list\" style=\"font-size:16px\">\n<li>Tamamen yeni par\u00e7a \u00fcretimi<\/li>\n\n\n\n<li>G\u00fc\u00e7lendirme olarak da bilinen mevcut ekipman\u0131n yenilenmesi<\/li>\n<\/ul>\n<\/div>\n\n\n\n<div class=\"wp-block-column has-foreground-color has-text-color has-link-color has-system-font-family has-normal-font-size wp-elements-be1a21c886fe660599d00f004912f1a2 is-layout-flow wp-block-column-is-layout-flow\" style=\"font-style:normal;font-weight:400;line-height:1.8\">\n<p style=\"font-size:18px\">Gemi ekipmanlar\u0131, orijinal \u00f6zelliklerine uygun olarak \u00fcretildi\u011finde, gemilerde maksimum performans ve g\u00fcvenlik standartlar\u0131n\u0131 kar\u015f\u0131lar. Malzeme se\u00e7iminde detaylara g\u00f6sterdi\u011fimiz \u00f6zen, hassas \u00f6l\u00e7\u00fcmler ve s\u0131k\u0131 test prosed\u00fcrleri, gemi ekipman\u0131 \u00fcretiminde \u00e7ok hassas bir konudur. Tamamen yeni ekipmanlar\u0131n imalat\u0131 veya eski bile\u015fenlerin yenilenmesi yoluyla olsun, gemi ekipman\u0131 \u00fcretimi, denizcilik operasyonlar\u0131n\u0131n verimlili\u011fini ve g\u00fcvenilirli\u011fini korumada \u00e7ok \u00f6nemli bir rol oynamaktad\u0131r. Bunlara ek olarak, orijinal spesifikasyonlara ba\u011fl\u0131l\u0131\u011f\u0131, mevcut sistemlerle uyumlulu\u011fu ve entegrasyonu garanti ederek kusursuz i\u015flevselli\u011fe ve operasyonel s\u00fcreklili\u011fe katk\u0131da bulunuyoruz.<\/p>\n<\/div>\n<\/div>\n\n\n\n<hr class=\"wp-block-separator has-text-color has-foreground-color has-alpha-channel-opacity has-foreground-background-color has-background\" style=\"margin-top:var(--wp--preset--spacing--40);margin-bottom:var(--wp--preset--spacing--40)\"\/>\n<\/div>\n\n\n\n<h2 class=\"wp-block-heading has-black-color has-text-color has-link-color wp-elements-b11e66a4a7e5f1f7798db635767b56aa\"><strong>Mecomar'\u0131n Gemi Ekipman\u0131 \u00dcretim S\u00fcreci<\/strong><\/h2>\n\n\n\n<hr class=\"wp-block-separator has-text-color has-black-color has-alpha-channel-opacity has-black-background-color has-background is-style-wide\" style=\"margin-top:var(--wp--preset--spacing--40);margin-bottom:var(--wp--preset--spacing--40)\"\/>\n\n\n\n<div class=\"wp-block-group is-layout-constrained wp-block-group-is-layout-constrained\">\n<div class=\"wp-block-media-text has-media-on-the-right is-stacked-on-mobile is-image-fill has-system-font-family has-normal-font-size\" style=\"font-style:normal;font-weight:400;line-height:1.8\"><div class=\"wp-block-media-text__content\">\n<p style=\"font-size:18px\">Mescomar, gemilerde bulunan mevcut ekipmanlar\u0131n ayn\u0131s\u0131n\u0131 \u00fcretmenin yan\u0131nada \u00e7ok \u00e7e\u015fitli gemi ekipman\u0131 \u00fcretme yeterlili\u011fine de sahiptir. Bunu yaparken, projede belirtilen \u00f6l\u00e7\u00fc ve ebatlara uygun malzeme analizleri yap\u0131larak orijinal spesifikasyonlara uygunlu\u011fun sa\u011flanmas\u0131na titizlikle dikkat edilir.<\/p>\n\n\n\n<p><\/p>\n<\/div><figure class=\"wp-block-media-text__media\" style=\"background-image:url(https:\/\/mescomar.com\/wp-content\/uploads\/2024\/03\/1-3.jpg);background-position:50% 50%\"><img loading=\"lazy\" decoding=\"async\" width=\"642\" height=\"852\" src=\"https:\/\/mescomar.com\/wp-content\/uploads\/2024\/03\/1-3.jpg\" alt=\"Ship equipment\" class=\"wp-image-7959 size-full\" srcset=\"https:\/\/mescomar.com\/wp-content\/uploads\/2024\/03\/1-3.jpg 642w, https:\/\/mescomar.com\/wp-content\/uploads\/2024\/03\/1-3-226x300.jpg 226w\" sizes=\"auto, (max-width: 642px) 100vw, 642px\" \/><\/figure><\/div>\n<\/div>\n\n\n\n<div style=\"height:100px\" aria-hidden=\"true\" class=\"wp-block-spacer\"><\/div>\n\n\n\n<div class=\"wp-block-group has-foreground-color has-text-color has-link-color wp-elements-6b0a9778f82901b36aff1a2ede6793b5 is-layout-constrained wp-block-group-is-layout-constrained\">\n<div class=\"wp-block-media-text is-stacked-on-mobile is-image-fill has-foreground-color has-text-color has-link-color has-system-font-family has-normal-font-size wp-elements-f1ea510dda676161b0818affbaa45f7a\" style=\"font-style:normal;font-weight:600;line-height:1.8\"><figure class=\"wp-block-media-text__media\" style=\"background-image:url(https:\/\/mescomar.com\/wp-content\/uploads\/2024\/03\/2-1-768x1024.jpg);background-position:50% 50%\"><img loading=\"lazy\" decoding=\"async\" width=\"768\" height=\"1024\" src=\"https:\/\/mescomar.com\/wp-content\/uploads\/2024\/03\/2-1-768x1024.jpg\" alt=\"ship equipment installation\" class=\"wp-image-7960 size-full\" srcset=\"https:\/\/mescomar.com\/wp-content\/uploads\/2024\/03\/2-1-768x1024.jpg 768w, https:\/\/mescomar.com\/wp-content\/uploads\/2024\/03\/2-1-225x300.jpg 225w, https:\/\/mescomar.com\/wp-content\/uploads\/2024\/03\/2-1-1152x1536.jpg 1152w, https:\/\/mescomar.com\/wp-content\/uploads\/2024\/03\/2-1.jpg 1200w\" sizes=\"auto, (max-width: 768px) 100vw, 768px\" \/><\/figure><div class=\"wp-block-media-text__content\">\n<p>Mecomar'\u0131n \u00fcretti\u011fi gemi ekipmanlar\u0131:<\/p>\n\n\n\n<ul class=\"wp-block-list\">\n<li>Zincir ve halat \u0131rgatlar\u0131<\/li>\n\n\n\n<li>Her t\u00fcrden seperat\u00f6rler<\/li>\n\n\n\n<li>Otomatik \u015fok filtreleri<\/li>\n\n\n\n<li>Hidrolik bloklar<\/li>\n\n\n\n<li>T\u00fcm pistonlar<\/li>\n\n\n\n<li>T\u00fcm pimler<\/li>\n\n\n\n<li>T\u00fcm borular<\/li>\n\n\n\n<li>T\u00fcm kapaklar<\/li>\n\n\n\n<li>Her t\u00fcrden di\u015fliler<\/li>\n\n\n\n<li>Her tip ve boyut miller<\/li>\n<\/ul>\n<\/div><\/div>\n\n\n\n<div class=\"wp-block-columns has-foreground-color has-text-color has-link-color has-system-font-family has-normal-font-size wp-elements-c81faef13f72492b3c43c74eeb49663d is-layout-flex wp-container-core-columns-is-layout-9d6595d7 wp-block-columns-is-layout-flex\" style=\"font-style:normal;font-weight:400;line-height:1.8\">\n<div class=\"wp-block-column has-foreground-color has-text-color has-link-color has-system-font-family has-normal-font-size wp-elements-8736f5285b068119bf44b3c3bd6fac15 is-layout-flow wp-block-column-is-layout-flow\" style=\"font-style:normal;font-weight:400;line-height:1.8\">\n<p style=\"font-size:18px\">Bu ekipmanlar,  s\u0131f\u0131rdan \u00fcretim olarak veya g\u00fc\u00e7lendirme y\u00f6ntemi ile orijinalleriyle e\u015fle\u015fen malzemelerden ve boyutlarda \u00fcretilir. Mescomar'\u0131n kaliteye olan ba\u011fl\u0131l\u0131\u011f\u0131, \u00fcretilen gemi ekipmanlar\u0131n\u0131n, gerekli standartlar\u0131 kar\u015f\u0131lamas\u0131n\u0131 sa\u011flar ve denizcilik operasyonlar\u0131n\u0131n s\u00fcreklili\u011fine ve g\u00fcvenli\u011fine katk\u0131da bulunur.<\/p>\n<\/div>\n<\/div>\n\n\n\n<hr class=\"wp-block-separator has-text-color has-foreground-color has-alpha-channel-opacity has-foreground-background-color has-background\" style=\"margin-top:var(--wp--preset--spacing--40);margin-bottom:var(--wp--preset--spacing--40)\"\/>\n<\/div>\n\n\n\n<h2 class=\"wp-block-heading has-black-color has-text-color has-link-color wp-elements-8e05c31c014babc99dbd4c33cae0dbb0\"><strong>Ekipman \u0130malat\u0131nda Neden Mecomar?<\/strong><\/h2>\n\n\n\n<hr class=\"wp-block-separator has-text-color has-black-color has-alpha-channel-opacity has-black-background-color has-background is-style-wide\" style=\"margin-top:var(--wp--preset--spacing--40);margin-bottom:var(--wp--preset--spacing--40)\"\/>\n\n\n\n<div class=\"wp-block-columns has-foreground-color has-text-color has-link-color has-system-font-family has-normal-font-size wp-elements-914db2c4fa539c2e4f0db2be8647271e is-layout-flex wp-container-core-columns-is-layout-9d6595d7 wp-block-columns-is-layout-flex\" style=\"font-style:normal;font-weight:400;line-height:1.8\">\n<div class=\"wp-block-column has-foreground-color has-text-color has-link-color wp-elements-08771879496bae5a8fff9190d2365c95 is-layout-flow wp-block-column-is-layout-flow\">\n<p style=\"font-size:18px\" class=\" translation-block\">Mescomar, yukar\u0131da listelenen gemi ekipmanlar\u0131n\u0131 say\u0131s\u0131z defa \u00fcretmi\u015ftir. Benzersiz uzmanl\u0131\u011f\u0131m\u0131zdan ve geli\u015fmi\u015f \u00fcretim becerilerimizden yararlanarak, y\u00fcksek kalite malzemenin yan\u0131 s\u0131ra gerekli ve do\u011fru boyutlarda gemi ekipmanlar\u0131 \u00fcretmekteyiz. Yeni ekipmanlara ek olarak Mescomar, m\u00fc\u015fterilerine ayr\u0131ca yenilenmi\u015f dahili yedek par\u00e7alarla birlikte bak\u0131m\u0131 yap\u0131lm\u0131\u015f veya yenilenmi\u015f gemi ekipmanlar\u0131 da sunmaktad\u0131r. Mescomar, m\u00fc\u015fterilerine sundu\u011fu geni\u015f fiyat se\u00e7enekleri ve \u00fcr\u00fcn yelpazesi ile gemi ekipmanlar\u0131 imalat\u0131nda lider konumdad\u0131r.<\/p>\n<\/div>\n<\/div>\n\n\n\n<div style=\"height:15px\" aria-hidden=\"true\" class=\"wp-block-spacer\"><\/div>\n\n\n\n<ul class=\"wp-block-list\" style=\"font-size:18px\">\n<li><strong>Uzmanl\u0131\u011f\u0131m\u0131z:<\/strong>&nbsp;Tecr\u00fcbeli dan\u0131\u015fmanlar\u0131m\u0131z projenin karma\u015f\u0131kl\u0131klar\u0131n\u0131 anlayarak verimli proje y\u00f6netimi ve uyumluluk sa\u011flar.<\/li>\n<\/ul>\n\n\n\n<ul class=\"wp-block-list\" style=\"font-size:18px\">\n<li><strong>G\u00fcvenilirli\u011fe Ba\u011fl\u0131 7\/24 Destek:<\/strong>&nbsp;MESCOMAR, tersane sorunlar\u0131na ve acil durumlara yan\u0131t vermeye haz\u0131r, 24 saat destek sa\u011flar.<\/li>\n<\/ul>\n\n\n\n<ul class=\"wp-block-list\">\n<li style=\"font-size:18px\"><strong>Kaliteli Yedek Par\u00e7a, Sorunsuz Lojistik:<\/strong>&nbsp;Y\u00fcksek kaliteli yedek par\u00e7alar\u0131 do\u011frudan \u00fcreticilerden temin ederek zaman\u0131nda teslimat\u0131 garanti ediyor ve proje s\u00fcresini en aza indiriyoruz.<\/li>\n<\/ul>","protected":false},"excerpt":{"rendered":"<p>Ship Equipment Manufacturing Tuzla-Yalova As Mescomar, we provide all kind of ship equipment prodcution, maintenance and repair services in Tuzla, Istanbul and Yalova areas, we can also provide urgent request throughout Mediterranean Sea. We provide completely new ship equipment manufactoring and refurbishment of existing equipment also known as retrofitting. We are full experienced with; windlasses, [&hellip;]<\/p>","protected":false},"author":1,"featured_media":0,"parent":7361,"menu_order":0,"comment_status":"closed","ping_status":"closed","template":"","meta":{"_et_pb_use_builder":"","_et_pb_old_content":"","_et_gb_content_width":"","_monsterinsights_skip_tracking":false,"_monsterinsights_sitenote_active":false,"_monsterinsights_sitenote_note":"","_monsterinsights_sitenote_category":0,"footnotes":""},"class_list":["post-7363","page","type-page","status-publish","hentry"],"yoast_head":"<!-- This site is optimized with the Yoast SEO plugin v23.0 - https:\/\/yoast.com\/wordpress\/plugins\/seo\/ -->\n<title>Ship Equipment Manufacturing - Mescomar<\/title>\n<meta name=\"description\" content=\"Discover the best ship equipment manufacturing services, including production, maintenance, and retrofitting, ensuring optimal vessel performance.\" \/>\n<meta name=\"robots\" content=\"index, follow, max-snippet:-1, max-image-preview:large, max-video-preview:-1\" \/>\n<link rel=\"canonical\" href=\"https:\/\/mescomar.com\/tr\/services__trashed\/ship-manufacturing\/ship-equipment-manufacturing\/\" \/>\n<meta property=\"og:locale\" content=\"tr_TR\" \/>\n<meta property=\"og:type\" content=\"article\" \/>\n<meta property=\"og:title\" content=\"Ship Equipment Manufacturing - Mescomar\" \/>\n<meta property=\"og:description\" content=\"Discover the best ship equipment manufacturing services, including production, maintenance, and retrofitting, ensuring optimal vessel performance.\" \/>\n<meta property=\"og:url\" content=\"https:\/\/mescomar.com\/tr\/services__trashed\/ship-manufacturing\/ship-equipment-manufacturing\/\" \/>\n<meta property=\"og:site_name\" content=\"Mescomar\" \/>\n<meta property=\"article:modified_time\" content=\"2024-06-21T02:04:51+00:00\" \/>\n<meta property=\"og:image\" content=\"https:\/\/mescomar.com\/wp-content\/uploads\/2024\/03\/1-3.jpg\" \/>\n<meta name=\"twitter:card\" content=\"summary_large_image\" \/>\n<meta name=\"twitter:label1\" content=\"Tahmini okuma s\u00fcresi\" \/>\n\t<meta name=\"twitter:data1\" content=\"3 dakika\" \/>\n<script type=\"application\/ld+json\" class=\"yoast-schema-graph\">{\"@context\":\"https:\/\/schema.org\",\"@graph\":[{\"@type\":\"WebPage\",\"@id\":\"https:\/\/mescomar.com\/services__trashed\/ship-manufacturing\/ship-equipment-manufacturing\/\",\"url\":\"https:\/\/mescomar.com\/services__trashed\/ship-manufacturing\/ship-equipment-manufacturing\/\",\"name\":\"Ship Equipment Manufacturing - Mescomar\",\"isPartOf\":{\"@id\":\"https:\/\/mescomar.com\/#website\"},\"primaryImageOfPage\":{\"@id\":\"https:\/\/mescomar.com\/services__trashed\/ship-manufacturing\/ship-equipment-manufacturing\/#primaryimage\"},\"image\":{\"@id\":\"https:\/\/mescomar.com\/services__trashed\/ship-manufacturing\/ship-equipment-manufacturing\/#primaryimage\"},\"thumbnailUrl\":\"https:\/\/mescomar.com\/wp-content\/uploads\/2024\/03\/1-3.jpg\",\"datePublished\":\"2024-03-08T13:36:58+00:00\",\"dateModified\":\"2024-06-21T02:04:51+00:00\",\"description\":\"Discover the best ship equipment manufacturing services, including production, maintenance, and retrofitting, ensuring optimal vessel performance.\",\"breadcrumb\":{\"@id\":\"https:\/\/mescomar.com\/services__trashed\/ship-manufacturing\/ship-equipment-manufacturing\/#breadcrumb\"},\"inLanguage\":\"tr\",\"potentialAction\":[{\"@type\":\"ReadAction\",\"target\":[\"https:\/\/mescomar.com\/services__trashed\/ship-manufacturing\/ship-equipment-manufacturing\/\"]}]},{\"@type\":\"ImageObject\",\"inLanguage\":\"tr\",\"@id\":\"https:\/\/mescomar.com\/services__trashed\/ship-manufacturing\/ship-equipment-manufacturing\/#primaryimage\",\"url\":\"https:\/\/mescomar.com\/wp-content\/uploads\/2024\/03\/1-3.jpg\",\"contentUrl\":\"https:\/\/mescomar.com\/wp-content\/uploads\/2024\/03\/1-3.jpg\"},{\"@type\":\"BreadcrumbList\",\"@id\":\"https:\/\/mescomar.com\/services__trashed\/ship-manufacturing\/ship-equipment-manufacturing\/#breadcrumb\",\"itemListElement\":[{\"@type\":\"ListItem\",\"position\":1,\"name\":\"Anasayfa\",\"item\":\"https:\/\/mescomar.com\/en\/\"},{\"@type\":\"ListItem\",\"position\":2,\"name\":\"SERVICES\",\"item\":\"https:\/\/mescomar.com\/?page_id=7150\"},{\"@type\":\"ListItem\",\"position\":3,\"name\":\"SHIP MANUFACTURING\",\"item\":\"https:\/\/mescomar.com\/services__trashed\/ship-manufacturing\/\"},{\"@type\":\"ListItem\",\"position\":4,\"name\":\"Ship Equipment Manufacturing\"}]},{\"@type\":\"WebSite\",\"@id\":\"https:\/\/mescomar.com\/#website\",\"url\":\"https:\/\/mescomar.com\/\",\"name\":\"Mescomar\",\"description\":\"Marine Engineering Solutions and Consultancy\",\"publisher\":{\"@id\":\"https:\/\/mescomar.com\/#organization\"},\"potentialAction\":[{\"@type\":\"SearchAction\",\"target\":{\"@type\":\"EntryPoint\",\"urlTemplate\":\"https:\/\/mescomar.com\/?s={search_term_string}\"},\"query-input\":\"required name=search_term_string\"}],\"inLanguage\":\"tr\"},{\"@type\":\"Organization\",\"@id\":\"https:\/\/mescomar.com\/#organization\",\"name\":\"Mescomar\",\"url\":\"https:\/\/mescomar.com\/\",\"logo\":{\"@type\":\"ImageObject\",\"inLanguage\":\"tr\",\"@id\":\"https:\/\/mescomar.com\/#\/schema\/logo\/image\/\",\"url\":\"https:\/\/mescomar.com\/wp-content\/uploads\/2023\/09\/mescomar-logo-vek.png\",\"contentUrl\":\"https:\/\/mescomar.com\/wp-content\/uploads\/2023\/09\/mescomar-logo-vek.png\",\"width\":177,\"height\":200,\"caption\":\"Mescomar\"},\"image\":{\"@id\":\"https:\/\/mescomar.com\/#\/schema\/logo\/image\/\"},\"sameAs\":[\"https:\/\/www.linkedin.com\/company\/mescomar\/\"]}]}<\/script>\n<!-- \/ Yoast SEO plugin. -->","yoast_head_json":{"title":"Ship Equipment Manufacturing - Mescomar","description":"Discover the best ship equipment manufacturing services, including production, maintenance, and retrofitting, ensuring optimal vessel performance.","robots":{"index":"index","follow":"follow","max-snippet":"max-snippet:-1","max-image-preview":"max-image-preview:large","max-video-preview":"max-video-preview:-1"},"canonical":"https:\/\/mescomar.com\/tr\/services__trashed\/ship-manufacturing\/ship-equipment-manufacturing\/","og_locale":"tr_TR","og_type":"article","og_title":"Ship Equipment Manufacturing - Mescomar","og_description":"Discover the best ship equipment manufacturing services, including production, maintenance, and retrofitting, ensuring optimal vessel performance.","og_url":"https:\/\/mescomar.com\/tr\/services__trashed\/ship-manufacturing\/ship-equipment-manufacturing\/","og_site_name":"Mescomar","article_modified_time":"2024-06-21T02:04:51+00:00","og_image":[{"url":"https:\/\/mescomar.com\/wp-content\/uploads\/2024\/03\/1-3.jpg"}],"twitter_card":"summary_large_image","twitter_misc":{"Tahmini okuma s\u00fcresi":"3 dakika"},"schema":{"@context":"https:\/\/schema.org","@graph":[{"@type":"WebPage","@id":"https:\/\/mescomar.com\/services__trashed\/ship-manufacturing\/ship-equipment-manufacturing\/","url":"https:\/\/mescomar.com\/services__trashed\/ship-manufacturing\/ship-equipment-manufacturing\/","name":"Ship Equipment Manufacturing - Mescomar","isPartOf":{"@id":"https:\/\/mescomar.com\/#website"},"primaryImageOfPage":{"@id":"https:\/\/mescomar.com\/services__trashed\/ship-manufacturing\/ship-equipment-manufacturing\/#primaryimage"},"image":{"@id":"https:\/\/mescomar.com\/services__trashed\/ship-manufacturing\/ship-equipment-manufacturing\/#primaryimage"},"thumbnailUrl":"https:\/\/mescomar.com\/wp-content\/uploads\/2024\/03\/1-3.jpg","datePublished":"2024-03-08T13:36:58+00:00","dateModified":"2024-06-21T02:04:51+00:00","description":"Discover the best ship equipment manufacturing services, including production, maintenance, and retrofitting, ensuring optimal vessel performance.","breadcrumb":{"@id":"https:\/\/mescomar.com\/services__trashed\/ship-manufacturing\/ship-equipment-manufacturing\/#breadcrumb"},"inLanguage":"tr","potentialAction":[{"@type":"ReadAction","target":["https:\/\/mescomar.com\/services__trashed\/ship-manufacturing\/ship-equipment-manufacturing\/"]}]},{"@type":"ImageObject","inLanguage":"tr","@id":"https:\/\/mescomar.com\/services__trashed\/ship-manufacturing\/ship-equipment-manufacturing\/#primaryimage","url":"https:\/\/mescomar.com\/wp-content\/uploads\/2024\/03\/1-3.jpg","contentUrl":"https:\/\/mescomar.com\/wp-content\/uploads\/2024\/03\/1-3.jpg"},{"@type":"BreadcrumbList","@id":"https:\/\/mescomar.com\/services__trashed\/ship-manufacturing\/ship-equipment-manufacturing\/#breadcrumb","itemListElement":[{"@type":"ListItem","position":1,"name":"Anasayfa","item":"https:\/\/mescomar.com\/en\/"},{"@type":"ListItem","position":2,"name":"SERVICES","item":"https:\/\/mescomar.com\/?page_id=7150"},{"@type":"ListItem","position":3,"name":"SHIP MANUFACTURING","item":"https:\/\/mescomar.com\/services__trashed\/ship-manufacturing\/"},{"@type":"ListItem","position":4,"name":"Ship Equipment Manufacturing"}]},{"@type":"WebSite","@id":"https:\/\/mescomar.com\/#website","url":"https:\/\/mescomar.com\/","name":"Mescomar","description":"Marine Engineering Solutions and Consultancy","publisher":{"@id":"https:\/\/mescomar.com\/#organization"},"potentialAction":[{"@type":"SearchAction","target":{"@type":"EntryPoint","urlTemplate":"https:\/\/mescomar.com\/?s={search_term_string}"},"query-input":"required name=search_term_string"}],"inLanguage":"tr"},{"@type":"Organization","@id":"https:\/\/mescomar.com\/#organization","name":"Mescomar","url":"https:\/\/mescomar.com\/","logo":{"@type":"ImageObject","inLanguage":"tr","@id":"https:\/\/mescomar.com\/#\/schema\/logo\/image\/","url":"https:\/\/mescomar.com\/wp-content\/uploads\/2023\/09\/mescomar-logo-vek.png","contentUrl":"https:\/\/mescomar.com\/wp-content\/uploads\/2023\/09\/mescomar-logo-vek.png","width":177,"height":200,"caption":"Mescomar"},"image":{"@id":"https:\/\/mescomar.com\/#\/schema\/logo\/image\/"},"sameAs":["https:\/\/www.linkedin.com\/company\/mescomar\/"]}]}},"_links":{"self":[{"href":"https:\/\/mescomar.com\/tr\/wp-json\/wp\/v2\/pages\/7363","targetHints":{"allow":["GET"]}}],"collection":[{"href":"https:\/\/mescomar.com\/tr\/wp-json\/wp\/v2\/pages"}],"about":[{"href":"https:\/\/mescomar.com\/tr\/wp-json\/wp\/v2\/types\/page"}],"author":[{"embeddable":true,"href":"https:\/\/mescomar.com\/tr\/wp-json\/wp\/v2\/users\/1"}],"replies":[{"embeddable":true,"href":"https:\/\/mescomar.com\/tr\/wp-json\/wp\/v2\/comments?post=7363"}],"version-history":[{"count":17,"href":"https:\/\/mescomar.com\/tr\/wp-json\/wp\/v2\/pages\/7363\/revisions"}],"predecessor-version":[{"id":9420,"href":"https:\/\/mescomar.com\/tr\/wp-json\/wp\/v2\/pages\/7363\/revisions\/9420"}],"up":[{"embeddable":true,"href":"https:\/\/mescomar.com\/tr\/wp-json\/wp\/v2\/pages\/7361"}],"wp:attachment":[{"href":"https:\/\/mescomar.com\/tr\/wp-json\/wp\/v2\/media?parent=7363"}],"curies":[{"name":"wp","href":"https:\/\/api.w.org\/{rel}","templated":true}]}}