{"id":7351,"date":"2024-03-08T13:25:21","date_gmt":"2024-03-08T13:25:21","guid":{"rendered":"https:\/\/mescomar.com\/?page_id=7351"},"modified":"2024-06-21T05:00:32","modified_gmt":"2024-06-21T02:00:32","slug":"ship-supply-service","status":"publish","type":"page","link":"https:\/\/mescomar.com\/tr\/services\/ship-service-and-supply\/ship-supply-service\/","title":{"rendered":"Tedarik Hizmeti"},"content":{"rendered":"<div class=\"wp-block-group alignwide is-layout-constrained wp-block-group-is-layout-constrained\">\n<h1 class=\"wp-block-heading has-black-color has-text-color has-link-color wp-elements-29775b0e9619ad88875891dadc8ac835\" style=\"font-size:38px\"><strong>Gemi Tedarik Hizmeti Tuzla - Yalova<\/strong><\/h1>\n\n\n\n<hr class=\"wp-block-separator has-text-color has-black-color has-alpha-channel-opacity has-black-background-color has-background is-style-wide\"\/>\n\n\n\n<p style=\"font-size:18px\">Firmam\u0131z, Tuzla ve Yalova b\u00f6lgelerinde gemi tedarik hizmetleri sunmaktad\u0131r. Uzman ekibimizle, gemi sahiplerine g\u00fcvenilir ve kaliteli hizmetler sa\u011flayarak m\u00fc\u015fterilerimizin memnuniyetini en \u00fcst seviyede tutmay\u0131 garanti ediyoruz. Gemi tedarik hizmetlerimiz, ihtiya\u00e7 duyulan her t\u00fcrl\u00fc yedek par\u00e7a, giyim, ila\u00e7 ve erzak gibi sarf malzemelerini kadar geni\u015f bir yelpazeyi kapsamaktad\u0131r. M\u00fc\u015fterilerimize 7\/24 h\u0131zl\u0131 ve etkili \u00e7\u00f6z\u00fcmler sunarak, gemilerinizin denizde ge\u00e7irdi\u011fi s\u00fcreyi maksimuma \u00e7\u0131kar\u0131yoruz. Tuzla ve Yalova gemi tedarik hizmetlerinde g\u00fcvenilir bir i\u015f orta\u011f\u0131 ar\u0131yorsan\u0131z, firmam\u0131z\u0131n profesyonel \u00e7\u00f6z\u00fcmlerini tercih edebilirsiniz. <\/p>\n\n\n\n<div style=\"height:10px\" aria-hidden=\"true\" class=\"wp-block-spacer\"><\/div>\n\n\n\n<div class=\"wp-block-buttons is-layout-flex wp-block-buttons-is-layout-flex\">\n<div class=\"wp-block-button\"><a class=\"wp-block-button__link has-background wp-element-button\" href=\"https:\/\/mescomar.com\/tr\/contact\/\" style=\"border-radius:10px;background-color:#30d5c8\">Bize Ula\u015f\u0131n<\/a><\/div>\n<\/div>\n\n\n\n<h2 class=\"wp-block-heading has-black-color has-text-color has-link-color wp-elements-37ae901b404e4b5123535c6cbbd8d61a\" style=\"font-size:36px;line-height:1.4\"><strong>Gemi Tedarik Hizmeti Nedir? Denizcilik Operasyonlar\u0131ndaki Hayati Rol<\/strong><\/h2>\n\n\n\n<hr class=\"wp-block-separator has-alpha-channel-opacity is-style-wide\" style=\"margin-top:var(--wp--preset--spacing--40);margin-bottom:var(--wp--preset--spacing--40)\"\/>\n\n\n\n<div class=\"wp-block-columns has-foreground-color has-text-color has-link-color wp-elements-b22418013922d8a1b9b7ac74f819237b is-layout-flex wp-container-core-columns-is-layout-9d6595d7 wp-block-columns-is-layout-flex\" style=\"border-style:none;border-width:0px;border-radius:15px\">\n<div class=\"wp-block-column is-layout-flow wp-block-column-is-layout-flow\">\n<p style=\"font-size:18px\">Gemi tedarik hizmetleri, yedek par\u00e7alardan giyim, ila\u00e7 ve erzak gibi temel sarf malzemelerine kadar her \u015feyi kapsayan, gemilerin \u00e7e\u015fitli ihtiya\u00e7lar\u0131n\u0131n kar\u015f\u0131lanmas\u0131nda \u00e7ok \u00f6nemli bir rol oynamaktad\u0131r. Kanal ge\u00e7i\u015fleri s\u0131ras\u0131nda, tersanelerde veya limana yana\u015fma s\u0131ras\u0131nda, gemi tedarik hizmetleri gemi g\u00fcvertesi, motorlar\u0131n, k\u00f6pr\u00fcn\u00fcn ve konaklama yerlerinin t\u00fcm taleplerini kar\u015f\u0131lamaya haz\u0131rd\u0131r.<\/p>\n<\/div>\n\n\n\n<div class=\"wp-block-column is-layout-flow wp-block-column-is-layout-flow\">\n<p style=\"font-size:18px\">Bu hizmetler, el aletleri, k\u0131rtasiye, ya\u011f, yak\u0131t, kimyasallar ve boya gibi geni\u015f bir \u00fcr\u00fcn yelpazesini kapsamakta ve gemilerin sorunsuz operasyonlar i\u00e7in gerekli her \u015feyle eksiklerin giderilmesini sa\u011flamaktad\u0131r. Gemi tedarik hizmetleri, hem geminin kendisinden hem de y\u00f6netiminden kaynaklanan talepleri kar\u015f\u0131lad\u0131\u011f\u0131ndan dolay\u0131, denizcilik operasyonlar\u0131 i\u00e7in hayati \u00f6neme sahiptir.<\/p>\n<\/div>\n<\/div>\n\n\n\n<hr class=\"wp-block-separator has-alpha-channel-opacity is-style-default\" style=\"margin-top:var(--wp--preset--spacing--70);margin-bottom:var(--wp--preset--spacing--70)\"\/>\n\n\n\n<h2 class=\"wp-block-heading has-black-color has-text-color has-link-color wp-elements-e8e62fc956c1381d263c61454aed3c61\" style=\"font-size:36px\"><strong>Gemi Tedarik Hizmetlerinde M\u00fckemmellik<\/strong><\/h2>\n\n\n\n<hr class=\"wp-block-separator has-alpha-channel-opacity is-style-wide\" style=\"margin-top:var(--wp--preset--spacing--70);margin-bottom:var(--wp--preset--spacing--70)\"\/>\n\n\n\n<div class=\"wp-block-media-text alignwide has-media-on-the-right is-stacked-on-mobile is-image-fill has-foreground-color has-text-color\" style=\"padding-top:0;padding-right:0;padding-bottom:0;padding-left:0;grid-template-columns:auto 69%\"><div class=\"wp-block-media-text__content\">\n<p style=\"font-size:17px\">Mescomar, her geminin ihtiya\u00e7lar\u0131na uygun, verimli ve g\u00fcvenilir \u00e7\u00f6z\u00fcmler sunarak tedarik hizmetlerine \u00f6nc\u00fcl\u00fck ediyor. Tersane s\u00fcre\u00e7lerinden denizde demirleme ve liman yana\u015fmalar\u0131na; Mescomar, g\u00fcverteden ana makineye kadar olan her t\u00fcrden gereksiniminizi hassas ve h\u0131zl\u0131 bir \u015fekilde kar\u015f\u0131layarak gemilerinizin yolculuklar\u0131 i\u00e7in tam donan\u0131ml\u0131 ve haz\u0131r olmas\u0131n\u0131 sa\u011flar. Kaliteye ve profesyonelli\u011fe \u00f6nem veren Mescomar, avantajl\u0131 teklifleri ve g\u00fcnl\u00fck tedarikler sunarak gemilerinizin a\u00e7\u0131k denizlerde sorunsuz bir \u015fekilde yol almas\u0131n\u0131 hedefler.<\/p>\n<\/div><figure class=\"wp-block-media-text__media\" style=\"background-image:url(https:\/\/mescomar.com\/wp-content\/uploads\/2024\/03\/WhatsApp-Image-2024-03-12-at-10.24.51_8ad1c78a-1024x768.jpg);background-position:2% 5%\"><img loading=\"lazy\" decoding=\"async\" width=\"1024\" height=\"768\" src=\"https:\/\/mescomar.com\/wp-content\/uploads\/2024\/03\/WhatsApp-Image-2024-03-12-at-10.24.51_8ad1c78a-1024x768.jpg\" alt=\"ship spare parts supply\" class=\"wp-image-7801 size-full\" srcset=\"https:\/\/mescomar.com\/wp-content\/uploads\/2024\/03\/WhatsApp-Image-2024-03-12-at-10.24.51_8ad1c78a-1024x768.jpg 1024w, https:\/\/mescomar.com\/wp-content\/uploads\/2024\/03\/WhatsApp-Image-2024-03-12-at-10.24.51_8ad1c78a-300x225.jpg 300w, https:\/\/mescomar.com\/wp-content\/uploads\/2024\/03\/WhatsApp-Image-2024-03-12-at-10.24.51_8ad1c78a-768x576.jpg 768w, https:\/\/mescomar.com\/wp-content\/uploads\/2024\/03\/WhatsApp-Image-2024-03-12-at-10.24.51_8ad1c78a-1536x1152.jpg 1536w, https:\/\/mescomar.com\/wp-content\/uploads\/2024\/03\/WhatsApp-Image-2024-03-12-at-10.24.51_8ad1c78a.jpg 2048w\" sizes=\"auto, (max-width: 1024px) 100vw, 1024px\" \/><\/figure><\/div>\n\n\n\n<hr class=\"wp-block-separator has-alpha-channel-opacity is-style-default\" style=\"margin-top:var(--wp--preset--spacing--70);margin-bottom:var(--wp--preset--spacing--70)\"\/>\n\n\n\n<div class=\"wp-block-group alignfull is-layout-constrained wp-container-core-group-is-layout-c0557af7 wp-block-group-is-layout-constrained\" style=\"border-radius:15px;margin-top:0;margin-bottom:0;padding-top:0px;padding-right:0px;padding-bottom:0px;padding-left:0px\">\n<h2 class=\"wp-block-heading has-text-align-center has-no-hover-shadow-dark animated animated-fadeInUp has-black-color has-background-background-color has-text-color has-background has-normal-font-size\" style=\"font-style:normal;font-weight:700\"><strong>Neden MESCOMAR<\/strong><\/h2>\n\n\n\n<p class=\"animated animated-fadeInUp\" style=\"margin-right:0;margin-left:0;padding-right:var(--wp--preset--spacing--20);padding-left:var(--wp--preset--spacing--20);font-size:18px;font-style:normal;font-weight:600\">M\u00fckemmelli\u011fe olan ba\u011fl\u0131l\u0131\u011f\u0131m\u0131zla, tedarik ve kurulumun her a\u015famas\u0131nda sorunsuz ilerlemeyi sa\u011fl\u0131yoruz. \u0130\u015fte Mecomar'\u0131n en iyi tercihiniz olmas\u0131n\u0131n nedenleri:<\/p>\n\n\n\n<div class=\"wp-block-columns alignwide is-layout-flex wp-container-core-columns-is-layout-4873143e wp-block-columns-is-layout-flex\" style=\"padding-top:0;padding-right:0;padding-bottom:0;padding-left:0\">\n<div class=\"wp-block-column is-layout-flow wp-block-column-is-layout-flow\" style=\"padding-top:40px;padding-right:40px;padding-bottom:40px;padding-left:40px\">\n<ul style=\"font-size:16px;font-style:normal;font-weight:500;line-height:1.9\" class=\"gutenify-list-style-five animated animated-fadeInUp fadeInUp has-foreground-color has-text-color has-link-color has-system-font-family wp-block-list wp-elements-a2d79c49590326e65c97270f6a493a4d\">\n<li><strong>H\u0131zl\u0131 Teklifler:<\/strong> H\u0131zl\u0131 tekliflerle h\u0131zl\u0131 sat\u0131n alma.<\/li>\n\n\n\n<li><strong>\u00c7\u00f6z\u00fcm Odakl\u0131 \u00d6neriler:<\/strong> Yerinde \u00e7\u00f6z\u00fcmler i\u00e7in uzman \u00f6nerileri.<\/li>\n\n\n\n<li><strong>Yerinde Destek:<\/strong> Kurulum s\u0131ras\u0131nda kapsaml\u0131 yard\u0131m.<\/li>\n\n\n\n<li><strong>Geri Bildirim \u0130\u00e7in Eri\u015filebilir:<\/strong> Her zaman ele\u015ftiriye a\u00e7\u0131k, iyile\u015ftirmeyi garantileyen.<\/li>\n<\/ul>\n<\/div>\n\n\n\n<div class=\"wp-block-column is-vertically-aligned-center is-layout-flow wp-block-column-is-layout-flow\" style=\"flex-basis:50%\">\n<figure class=\"wp-block-image aligncenter size-large\"><img loading=\"lazy\" decoding=\"async\" width=\"1024\" height=\"768\" src=\"https:\/\/mescomar.com\/wp-content\/uploads\/2024\/03\/WhatsApp-Image-2024-03-12-at-10.24.51_e054f8dc-1024x768.jpg\" alt=\"\" class=\"wp-image-7799\" srcset=\"https:\/\/mescomar.com\/wp-content\/uploads\/2024\/03\/WhatsApp-Image-2024-03-12-at-10.24.51_e054f8dc-1024x768.jpg 1024w, https:\/\/mescomar.com\/wp-content\/uploads\/2024\/03\/WhatsApp-Image-2024-03-12-at-10.24.51_e054f8dc-300x225.jpg 300w, https:\/\/mescomar.com\/wp-content\/uploads\/2024\/03\/WhatsApp-Image-2024-03-12-at-10.24.51_e054f8dc-768x576.jpg 768w, https:\/\/mescomar.com\/wp-content\/uploads\/2024\/03\/WhatsApp-Image-2024-03-12-at-10.24.51_e054f8dc-1536x1152.jpg 1536w, https:\/\/mescomar.com\/wp-content\/uploads\/2024\/03\/WhatsApp-Image-2024-03-12-at-10.24.51_e054f8dc.jpg 2048w\" sizes=\"auto, (max-width: 1024px) 100vw, 1024px\" \/><\/figure>\n<\/div>\n<\/div>\n<\/div>\n<\/div>","protected":false},"excerpt":{"rendered":"<p>Ship Supply Service at Tuzla and Yalova As Mescomar, we provide ship supply services mainly in Tuzla and Yalova areas. We also provide supply services in Mediterranean are. We can provide services in any situation your ship is in. Whether your ship is in a dock, on anchor or even sailing. We give services to [&hellip;]<\/p>","protected":false},"author":1,"featured_media":0,"parent":7347,"menu_order":1,"comment_status":"closed","ping_status":"closed","template":"","meta":{"_et_pb_use_builder":"","_et_pb_old_content":"","_et_gb_content_width":"","_monsterinsights_skip_tracking":false,"_monsterinsights_sitenote_active":false,"_monsterinsights_sitenote_note":"","_monsterinsights_sitenote_category":0,"footnotes":""},"class_list":["post-7351","page","type-page","status-publish","hentry"],"yoast_head":"<!-- This site is optimized with the Yoast SEO plugin v23.0 - https:\/\/yoast.com\/wordpress\/plugins\/seo\/ -->\n<title>Ship Supply Service - Mescomar<\/title>\n<meta name=\"description\" content=\"Top-quality ship supply solutions for seamless maritime operations. Ship supply solutions for marine operations. Find what you need with us!\" \/>\n<meta name=\"robots\" content=\"index, follow, max-snippet:-1, max-image-preview:large, max-video-preview:-1\" \/>\n<link rel=\"canonical\" href=\"https:\/\/mescomar.com\/tr\/services__trashed\/ship-service-and-supply\/ship-supply-service\/\" \/>\n<meta property=\"og:locale\" content=\"tr_TR\" \/>\n<meta property=\"og:type\" content=\"article\" \/>\n<meta property=\"og:title\" content=\"Ship Supply Service - Mescomar\" \/>\n<meta property=\"og:description\" content=\"Top-quality ship supply solutions for seamless maritime operations. Ship supply solutions for marine operations. Find what you need with us!\" \/>\n<meta property=\"og:url\" content=\"https:\/\/mescomar.com\/tr\/services__trashed\/ship-service-and-supply\/ship-supply-service\/\" \/>\n<meta property=\"og:site_name\" content=\"Mescomar\" \/>\n<meta property=\"article:modified_time\" content=\"2024-06-21T02:00:32+00:00\" \/>\n<meta property=\"og:image\" content=\"https:\/\/mescomar.com\/wp-content\/uploads\/2024\/03\/WhatsApp-Image-2024-03-12-at-10.24.51_8ad1c78a-1024x768.jpg\" \/>\n<meta name=\"twitter:card\" content=\"summary_large_image\" \/>\n<meta name=\"twitter:label1\" content=\"Tahmini okuma s\u00fcresi\" \/>\n\t<meta name=\"twitter:data1\" content=\"2 dakika\" \/>\n<script type=\"application\/ld+json\" class=\"yoast-schema-graph\">{\"@context\":\"https:\/\/schema.org\",\"@graph\":[{\"@type\":\"WebPage\",\"@id\":\"https:\/\/mescomar.com\/services__trashed\/ship-service-and-supply\/ship-supply-service\/\",\"url\":\"https:\/\/mescomar.com\/services__trashed\/ship-service-and-supply\/ship-supply-service\/\",\"name\":\"Ship Supply Service - Mescomar\",\"isPartOf\":{\"@id\":\"https:\/\/mescomar.com\/#website\"},\"primaryImageOfPage\":{\"@id\":\"https:\/\/mescomar.com\/services__trashed\/ship-service-and-supply\/ship-supply-service\/#primaryimage\"},\"image\":{\"@id\":\"https:\/\/mescomar.com\/services__trashed\/ship-service-and-supply\/ship-supply-service\/#primaryimage\"},\"thumbnailUrl\":\"https:\/\/mescomar.com\/wp-content\/uploads\/2024\/03\/WhatsApp-Image-2024-03-12-at-10.24.51_8ad1c78a-1024x768.jpg\",\"datePublished\":\"2024-03-08T13:25:21+00:00\",\"dateModified\":\"2024-06-21T02:00:32+00:00\",\"description\":\"Top-quality ship supply solutions for seamless maritime operations. Ship supply solutions for marine operations. Find what you need with us!\",\"breadcrumb\":{\"@id\":\"https:\/\/mescomar.com\/services__trashed\/ship-service-and-supply\/ship-supply-service\/#breadcrumb\"},\"inLanguage\":\"tr\",\"potentialAction\":[{\"@type\":\"ReadAction\",\"target\":[\"https:\/\/mescomar.com\/services__trashed\/ship-service-and-supply\/ship-supply-service\/\"]}]},{\"@type\":\"ImageObject\",\"inLanguage\":\"tr\",\"@id\":\"https:\/\/mescomar.com\/services__trashed\/ship-service-and-supply\/ship-supply-service\/#primaryimage\",\"url\":\"https:\/\/mescomar.com\/wp-content\/uploads\/2024\/03\/WhatsApp-Image-2024-03-12-at-10.24.51_8ad1c78a-1024x768.jpg\",\"contentUrl\":\"https:\/\/mescomar.com\/wp-content\/uploads\/2024\/03\/WhatsApp-Image-2024-03-12-at-10.24.51_8ad1c78a-1024x768.jpg\"},{\"@type\":\"BreadcrumbList\",\"@id\":\"https:\/\/mescomar.com\/services__trashed\/ship-service-and-supply\/ship-supply-service\/#breadcrumb\",\"itemListElement\":[{\"@type\":\"ListItem\",\"position\":1,\"name\":\"Anasayfa\",\"item\":\"https:\/\/mescomar.com\/en\/\"},{\"@type\":\"ListItem\",\"position\":2,\"name\":\"SERVICES\",\"item\":\"https:\/\/mescomar.com\/?page_id=7150\"},{\"@type\":\"ListItem\",\"position\":3,\"name\":\"SHIP SERVICE AND SUPPLY\",\"item\":\"https:\/\/mescomar.com\/services__trashed\/ship-service-and-supply\/\"},{\"@type\":\"ListItem\",\"position\":4,\"name\":\"Ship Supply Service\"}]},{\"@type\":\"WebSite\",\"@id\":\"https:\/\/mescomar.com\/#website\",\"url\":\"https:\/\/mescomar.com\/\",\"name\":\"Mescomar\",\"description\":\"Marine Engineering Solutions and Consultancy\",\"publisher\":{\"@id\":\"https:\/\/mescomar.com\/#organization\"},\"potentialAction\":[{\"@type\":\"SearchAction\",\"target\":{\"@type\":\"EntryPoint\",\"urlTemplate\":\"https:\/\/mescomar.com\/?s={search_term_string}\"},\"query-input\":\"required name=search_term_string\"}],\"inLanguage\":\"tr\"},{\"@type\":\"Organization\",\"@id\":\"https:\/\/mescomar.com\/#organization\",\"name\":\"Mescomar\",\"url\":\"https:\/\/mescomar.com\/\",\"logo\":{\"@type\":\"ImageObject\",\"inLanguage\":\"tr\",\"@id\":\"https:\/\/mescomar.com\/#\/schema\/logo\/image\/\",\"url\":\"https:\/\/mescomar.com\/wp-content\/uploads\/2023\/09\/mescomar-logo-vek.png\",\"contentUrl\":\"https:\/\/mescomar.com\/wp-content\/uploads\/2023\/09\/mescomar-logo-vek.png\",\"width\":177,\"height\":200,\"caption\":\"Mescomar\"},\"image\":{\"@id\":\"https:\/\/mescomar.com\/#\/schema\/logo\/image\/\"},\"sameAs\":[\"https:\/\/www.linkedin.com\/company\/mescomar\/\"]}]}<\/script>\n<!-- \/ Yoast SEO plugin. -->","yoast_head_json":{"title":"Ship Supply Service - Mescomar","description":"Top-quality ship supply solutions for seamless maritime operations. Ship supply solutions for marine operations. Find what you need with us!","robots":{"index":"index","follow":"follow","max-snippet":"max-snippet:-1","max-image-preview":"max-image-preview:large","max-video-preview":"max-video-preview:-1"},"canonical":"https:\/\/mescomar.com\/tr\/services__trashed\/ship-service-and-supply\/ship-supply-service\/","og_locale":"tr_TR","og_type":"article","og_title":"Ship Supply Service - Mescomar","og_description":"Top-quality ship supply solutions for seamless maritime operations. Ship supply solutions for marine operations. Find what you need with us!","og_url":"https:\/\/mescomar.com\/tr\/services__trashed\/ship-service-and-supply\/ship-supply-service\/","og_site_name":"Mescomar","article_modified_time":"2024-06-21T02:00:32+00:00","og_image":[{"url":"https:\/\/mescomar.com\/wp-content\/uploads\/2024\/03\/WhatsApp-Image-2024-03-12-at-10.24.51_8ad1c78a-1024x768.jpg"}],"twitter_card":"summary_large_image","twitter_misc":{"Tahmini okuma s\u00fcresi":"2 dakika"},"schema":{"@context":"https:\/\/schema.org","@graph":[{"@type":"WebPage","@id":"https:\/\/mescomar.com\/services__trashed\/ship-service-and-supply\/ship-supply-service\/","url":"https:\/\/mescomar.com\/services__trashed\/ship-service-and-supply\/ship-supply-service\/","name":"Ship Supply Service - Mescomar","isPartOf":{"@id":"https:\/\/mescomar.com\/#website"},"primaryImageOfPage":{"@id":"https:\/\/mescomar.com\/services__trashed\/ship-service-and-supply\/ship-supply-service\/#primaryimage"},"image":{"@id":"https:\/\/mescomar.com\/services__trashed\/ship-service-and-supply\/ship-supply-service\/#primaryimage"},"thumbnailUrl":"https:\/\/mescomar.com\/wp-content\/uploads\/2024\/03\/WhatsApp-Image-2024-03-12-at-10.24.51_8ad1c78a-1024x768.jpg","datePublished":"2024-03-08T13:25:21+00:00","dateModified":"2024-06-21T02:00:32+00:00","description":"Top-quality ship supply solutions for seamless maritime operations. Ship supply solutions for marine operations. Find what you need with us!","breadcrumb":{"@id":"https:\/\/mescomar.com\/services__trashed\/ship-service-and-supply\/ship-supply-service\/#breadcrumb"},"inLanguage":"tr","potentialAction":[{"@type":"ReadAction","target":["https:\/\/mescomar.com\/services__trashed\/ship-service-and-supply\/ship-supply-service\/"]}]},{"@type":"ImageObject","inLanguage":"tr","@id":"https:\/\/mescomar.com\/services__trashed\/ship-service-and-supply\/ship-supply-service\/#primaryimage","url":"https:\/\/mescomar.com\/wp-content\/uploads\/2024\/03\/WhatsApp-Image-2024-03-12-at-10.24.51_8ad1c78a-1024x768.jpg","contentUrl":"https:\/\/mescomar.com\/wp-content\/uploads\/2024\/03\/WhatsApp-Image-2024-03-12-at-10.24.51_8ad1c78a-1024x768.jpg"},{"@type":"BreadcrumbList","@id":"https:\/\/mescomar.com\/services__trashed\/ship-service-and-supply\/ship-supply-service\/#breadcrumb","itemListElement":[{"@type":"ListItem","position":1,"name":"Anasayfa","item":"https:\/\/mescomar.com\/en\/"},{"@type":"ListItem","position":2,"name":"SERVICES","item":"https:\/\/mescomar.com\/?page_id=7150"},{"@type":"ListItem","position":3,"name":"SHIP SERVICE AND SUPPLY","item":"https:\/\/mescomar.com\/services__trashed\/ship-service-and-supply\/"},{"@type":"ListItem","position":4,"name":"Ship Supply Service"}]},{"@type":"WebSite","@id":"https:\/\/mescomar.com\/#website","url":"https:\/\/mescomar.com\/","name":"Mescomar","description":"Marine Engineering Solutions and Consultancy","publisher":{"@id":"https:\/\/mescomar.com\/#organization"},"potentialAction":[{"@type":"SearchAction","target":{"@type":"EntryPoint","urlTemplate":"https:\/\/mescomar.com\/?s={search_term_string}"},"query-input":"required name=search_term_string"}],"inLanguage":"tr"},{"@type":"Organization","@id":"https:\/\/mescomar.com\/#organization","name":"Mescomar","url":"https:\/\/mescomar.com\/","logo":{"@type":"ImageObject","inLanguage":"tr","@id":"https:\/\/mescomar.com\/#\/schema\/logo\/image\/","url":"https:\/\/mescomar.com\/wp-content\/uploads\/2023\/09\/mescomar-logo-vek.png","contentUrl":"https:\/\/mescomar.com\/wp-content\/uploads\/2023\/09\/mescomar-logo-vek.png","width":177,"height":200,"caption":"Mescomar"},"image":{"@id":"https:\/\/mescomar.com\/#\/schema\/logo\/image\/"},"sameAs":["https:\/\/www.linkedin.com\/company\/mescomar\/"]}]}},"_links":{"self":[{"href":"https:\/\/mescomar.com\/tr\/wp-json\/wp\/v2\/pages\/7351","targetHints":{"allow":["GET"]}}],"collection":[{"href":"https:\/\/mescomar.com\/tr\/wp-json\/wp\/v2\/pages"}],"about":[{"href":"https:\/\/mescomar.com\/tr\/wp-json\/wp\/v2\/types\/page"}],"author":[{"embeddable":true,"href":"https:\/\/mescomar.com\/tr\/wp-json\/wp\/v2\/users\/1"}],"replies":[{"embeddable":true,"href":"https:\/\/mescomar.com\/tr\/wp-json\/wp\/v2\/comments?post=7351"}],"version-history":[{"count":36,"href":"https:\/\/mescomar.com\/tr\/wp-json\/wp\/v2\/pages\/7351\/revisions"}],"predecessor-version":[{"id":9413,"href":"https:\/\/mescomar.com\/tr\/wp-json\/wp\/v2\/pages\/7351\/revisions\/9413"}],"up":[{"embeddable":true,"href":"https:\/\/mescomar.com\/tr\/wp-json\/wp\/v2\/pages\/7347"}],"wp:attachment":[{"href":"https:\/\/mescomar.com\/tr\/wp-json\/wp\/v2\/media?parent=7351"}],"curies":[{"name":"wp","href":"https:\/\/api.w.org\/{rel}","templated":true}]}}