{"id":7344,"date":"2024-03-08T13:24:03","date_gmt":"2024-03-08T13:24:03","guid":{"rendered":"https:\/\/mescomar.com\/?page_id=7344"},"modified":"2024-06-21T05:03:58","modified_gmt":"2024-06-21T02:03:58","slug":"shipyard-agency","status":"publish","type":"page","link":"https:\/\/mescomar.com\/tr\/services\/shipyard-supervision\/shipyard-agency\/","title":{"rendered":"Tersane Acenteli\u011fi"},"content":{"rendered":"<div class=\"wp-block-group has-system-font-family has-foreground-color has-text-color has-link-color has-normal-font-size wp-elements-b0b31d18ab5f615a9396151e9b42c993 is-layout-constrained wp-block-group-is-layout-constrained\">\n<h1 class=\"wp-block-heading has-black-color has-text-color has-link-color wp-elements-170a8cf835e9ac91bd6af42f146a7923\"><strong>Tersane Acentecili\u011fi Tuzla - Yalova<\/strong><\/h1>\n\n\n\n<hr class=\"wp-block-separator has-text-color has-black-color has-alpha-channel-opacity has-black-background-color has-background is-style-wide\"\/>\n\n\n\n<p style=\"font-size:20px\" class=\" translation-block\">Firmam\u0131z, Tuzla ve Yalova b\u00f6lgelerinde tersane acentelik hizmeti sunmaktad\u0131r. Uzman ekibimizle, gemi sahiplerine g\u00fcvenilir ve kaliteli hizmetler sa\u011flayarak m\u00fc\u015fterilerimizin memnuniyetini en \u00fcst seviyede tutmay\u0131 garanti ediyoruz. M\u00fc\u015fterilerimize 7\/24 h\u0131zl\u0131 ve etkili \u00e7\u00f6z\u00fcmler sunarak, gemilerinizin tersane s\u00fcre\u00e7lerini en iyi \u015fekilde ge\u00e7irdi\u011finden emin oluyoruz. Tuzla ve Yalova tersane i\u015flemleriniz i\u00e7in g\u00fcvenilir bir i\u015f orta\u011f\u0131 ar\u0131yorsan\u0131z, firmam\u0131z\u0131n profesyonel \u00e7\u00f6z\u00fcmlerini tercih edebilirsiniz.<\/p>\n\n\n\n<div style=\"height:10px\" aria-hidden=\"true\" class=\"wp-block-spacer\"><\/div>\n\n\n\n<div class=\"wp-block-buttons is-layout-flex wp-block-buttons-is-layout-flex\">\n<div class=\"wp-block-button\"><a class=\"wp-block-button__link has-background wp-element-button\" href=\"https:\/\/mescomar.com\/tr\/contact\/\" style=\"background-color:#30d5c8\">Bize Ula\u015f\u0131n<\/a><\/div>\n<\/div>\n\n\n\n<div style=\"height:10px\" aria-hidden=\"true\" class=\"wp-block-spacer\"><\/div>\n\n\n\n<h2 class=\"wp-block-heading has-text-color\" style=\"color:#000000;font-size:30px\"><strong>Operasyonlar\u0131n Optimize Edilmesi: Bir Tersane Acentesinin \u00d6nemli Rol\u00fc<\/strong><\/h2>\n\n\n\n<hr class=\"wp-block-separator has-text-color has-black-color has-alpha-channel-opacity has-black-background-color has-background is-style-wide\"\/>\n\n\n\n<div style=\"height:50px\" aria-hidden=\"true\" class=\"wp-block-spacer\"><\/div>\n\n\n\n<p style=\"font-size:18px\">Tersane acenteli\u011fi verimli tersane operasyonlar\u0131 i\u00e7in hayati \u00f6neme sahiptir. Tersane se\u00e7imi ve anla\u015fmalar\u0131n m\u00fczakere edilmesi gibi karma\u015f\u0131k g\u00f6revlerin yerine getirilmesini sa\u011flar. Sorunsuz bir lojistik a\u011f\u0131 olu\u015fturarak gemi var\u0131\u015flar\u0131n\u0131 koordine eder. Titiz bir dikkat ve ba\u015far\u0131l\u0131 y\u00f6netim ile acente, tersane s\u00fcrecinin her y\u00f6n\u00fcn\u00fc optimize eder. Bu i\u015flemler gemileriniz a\u00e7\u0131k denizlerde g\u00fcvenle seyretmesine olanak sa\u011flar.<\/p>\n\n\n\n<div class=\"wp-block-media-text alignwide is-stacked-on-mobile is-vertically-aligned-center\" style=\"grid-template-columns:40% auto\"><figure class=\"wp-block-media-text__media\"><img loading=\"lazy\" decoding=\"async\" width=\"670\" height=\"413\" src=\"https:\/\/mescomar.com\/wp-content\/uploads\/2024\/04\/shipyard-agency.jpg\" alt=\"shipyard agency work\" class=\"wp-image-8623 size-full\" srcset=\"https:\/\/mescomar.com\/wp-content\/uploads\/2024\/04\/shipyard-agency.jpg 670w, https:\/\/mescomar.com\/wp-content\/uploads\/2024\/04\/shipyard-agency-300x185.jpg 300w\" sizes=\"auto, (max-width: 670px) 100vw, 670px\" \/><\/figure><div class=\"wp-block-media-text__content\">\n<p style=\"font-size:18px\">Tersane acentelik hizmeti, tersanelerin se\u00e7iminden var\u0131\u015flar\u0131n koordine edilmesine, personelin ve sat\u0131n alman\u0131n denetlenmesine kadar g\u00f6revlerin y\u00f6netilmesi, sorunsuz tersane operasyonlar\u0131 i\u00e7in vazge\u00e7ilmezdir. Titiz bir dikkatle s\u00fcrecin her y\u00f6n\u00fcn\u00fc optimize ederek gemilerinizin a\u00e7\u0131k denizlerde g\u00fcvenle seyretmelerini sa\u011flar. Buna ek olarak, acente stratejik rehberlik sunmakta, uyumu sa\u011flamakta ve i\u015fbirlik\u00e7i ili\u015fkileri te\u015fvik ederek dinamik denizcilik ortam\u0131nda uzun vadeli ba\u015far\u0131y\u0131 te\u015fvik etmektedir.<\/p>\n<\/div><\/div>\n<\/div>\n\n\n\n<hr class=\"wp-block-separator has-text-color has-black-color has-alpha-channel-opacity has-black-background-color has-background is-style-wide\"\/>\n\n\n\n<div class=\"wp-block-group alignfull has-system-font-family has-foreground-color has-text-color has-link-color wp-elements-3c335f042dc5d5a27039dff9379ae89e is-layout-constrained wp-container-core-group-is-layout-7ae9ef65 wp-block-group-is-layout-constrained\" style=\"padding-top:100px;padding-right:30px;padding-bottom:100px;padding-left:30px\">\n<div class=\"wp-block-columns alignwide is-layout-flex wp-container-core-columns-is-layout-4873143e wp-block-columns-is-layout-flex\" style=\"padding-top:0;padding-right:0;padding-bottom:0;padding-left:0\">\n<div class=\"wp-block-column is-vertically-aligned-center is-layout-flow wp-block-column-is-layout-flow\" style=\"padding-top:40px;padding-right:40px;padding-bottom:40px;padding-left:40px\">\n<div class=\"wp-block-group alignwide is-layout-constrained wp-block-group-is-layout-constrained\">\n<h2 class=\"wp-block-heading has-text-align-center animated animated-fadeInUp has-black-color has-text-color has-link-color has-slider-title-font-size wp-elements-e0da9cbea93d322fdcc721cc5481fabc\" style=\"font-style:normal;font-weight:600;text-transform:capitalize\">MESCOMAR bir tersane acentesi olarak nas\u0131l \u00e7al\u0131\u015f\u0131yor?<\/h2>\n\n\n\n<p class=\"has-foreground-color has-text-color has-link-color wp-elements-cb330da6c16ec3897219e0302b716e94\" style=\"font-size:18px\">Mescomar, Tuzla\/\u0130STANBUL ve Yalova b\u00f6lgelerinde k\u00fcresel armat\u00f6rlere y\u00f6nelik tersane acentelik hizmetleri y\u00fcr\u00fctmektedir. Mescomar, teknik bilgi birikimi ve yayg\u0131n servis a\u011f\u0131yla tersanelerde \u00e7ok say\u0131da gemiye acentelik hizmeti vermi\u015ftir. Buna ek olarak Mescomar, a\u015fa\u011f\u0131dakiler de dahil olmak \u00fczere geli\u015fmi\u015f tersane acentelik hizmetleri sunmaktad\u0131r:<\/p>\n\n\n\n<div class=\"wp-block-group is-layout-constrained wp-block-group-is-layout-constrained\">\n<ul style=\"font-size:18px;font-style:normal;font-weight:500;line-height:2.5\" class=\"gutenify-list-style-five animated animated-fadeInUp fadeInUp has-foreground-color has-text-color has-link-color wp-block-list wp-elements-18bc0a53426719751a9fe67536f29fbb\">\n<li><a href=\"https:\/\/mescomar.com\/tr\/spare-parts\/\">Yedek Par\u00e7a Tedari\u011fi<\/a><\/li>\n\n\n\n<li><a href=\"https:\/\/mescomar.com\/tr\/services\/ship-service-and-supply\/ship-repair-service\/\">Servis deste\u011fi<\/a><\/li>\n\n\n\n<li><a href=\"https:\/\/mescomar.com\/tr\/services\/shipyard-supervision\/shipyard-consultancy\/\">Teknik Destek<\/a><\/li>\n\n\n\n<li><a href=\"https:\/\/mescomar.com\/tr\/services\/shipyard-supervision\/\">S\u00fcperviz\u00f6rl\u00fck<\/a><\/li>\n<\/ul>\n\n\n\n<p class=\"has-foreground-color has-text-color has-link-color wp-elements-769cf17e35b44259daa3ad5b257ed2e7\" style=\"font-size:20px\">Bu kapsaml\u0131 hizmetler, tersane s\u00fcreci boyunca verimli ve kusursuz bir y\u00f6netim sa\u011flar.<\/p>\n\n\n\n<hr class=\"wp-block-separator has-alpha-channel-opacity is-style-wide\"\/>\n<\/div>\n<\/div>\n<\/div>\n<\/div>\n<\/div>\n\n\n\n<div class=\"wp-block-group is-layout-constrained wp-block-group-is-layout-constrained\">\n<div class=\"wp-block-media-text alignwide is-stacked-on-mobile is-vertically-aligned-center is-image-fill has-foreground-color has-text-color has-link-color wp-elements-b2f2b30ff04ff0d655fb789e11df0c7e\" style=\"grid-template-columns:38% auto\"><figure class=\"wp-block-media-text__media\" style=\"background-image:url(https:\/\/mescomar.com\/wp-content\/uploads\/2024\/03\/A-ship-launching-without-any-shipyard-accidents-for-the-maritime-workers-1024x684.jpeg);background-position:51% 91%\"><img loading=\"lazy\" decoding=\"async\" width=\"1024\" height=\"684\" src=\"https:\/\/mescomar.com\/wp-content\/uploads\/2024\/03\/A-ship-launching-without-any-shipyard-accidents-for-the-maritime-workers-1024x684.jpeg\" alt=\"\" class=\"wp-image-7948 size-full\" srcset=\"https:\/\/mescomar.com\/wp-content\/uploads\/2024\/03\/A-ship-launching-without-any-shipyard-accidents-for-the-maritime-workers-1024x684.jpeg 1024w, https:\/\/mescomar.com\/wp-content\/uploads\/2024\/03\/A-ship-launching-without-any-shipyard-accidents-for-the-maritime-workers-300x200.jpeg 300w, https:\/\/mescomar.com\/wp-content\/uploads\/2024\/03\/A-ship-launching-without-any-shipyard-accidents-for-the-maritime-workers-768x513.jpeg 768w, https:\/\/mescomar.com\/wp-content\/uploads\/2024\/03\/A-ship-launching-without-any-shipyard-accidents-for-the-maritime-workers.jpeg 1200w\" sizes=\"auto, (max-width: 1024px) 100vw, 1024px\" \/><\/figure><div class=\"wp-block-media-text__content\">\n<h2 class=\"wp-block-heading has-text-color\" style=\"color:#000000;font-size:32px\"><strong>Neden MESCOMAR?<\/strong><\/h2>\n\n\n\n<p style=\"font-size:18px\">Mescomar, \u00fcst d\u00fczey tecr\u00fcbesiyle en karma\u015f\u0131k operasyonlar\u0131 en k\u0131sa s\u00fcrede ve en d\u00fc\u015f\u00fck maliyetle ba\u015far\u0131yla tamamlamaktad\u0131r. Mescomar, tersane acentelik hizmetlerinin \u00f6tesinde, benzersiz teknik altyap\u0131s\u0131 ve uzmanl\u0131\u011f\u0131 sayesinde teknik dan\u0131\u015fmanl\u0131k ile en \u00fcst d\u00fczeyde hizmet vermektedir.<\/p>\n\n\n\n<ul class=\"wp-block-list\" style=\"font-size:17px\">\n<li><strong>Verimlilik<\/strong>: Mescomar'\u0131n \u00fcst\u00fcn deneyimi, zorlu i\u015flemlerin h\u0131zl\u0131 bir \u015fekilde y\u00fcr\u00fctmesine olanak tan\u0131yarak zaman kayb\u0131 ve maliyeti en aza indirir.<\/li>\n\n\n\n<li><strong>Kapsaml\u0131 Hizmet<\/strong>: Mescomar, acentelik hizmetlerinin \u00f6tesinde, benzersiz teknik altyap\u0131s\u0131 ve uzmanl\u0131\u011f\u0131ndan yararlanarak teknik dan\u0131\u015fmanl\u0131k hizmeti de sunmaktad\u0131r.<\/li>\n\n\n\n<li><strong>\u00dcst D\u00fczey Uzmanl\u0131k<\/strong>: Mescomar, m\u00fc\u015fterilerine g\u00fcvenilir ve bilgili destek sa\u011flayarak en \u00fcst d\u00fczeyde hizmet sa\u011flar.<\/li>\n<\/ul>\n<\/div><\/div>\n<\/div>","protected":false},"excerpt":{"rendered":"<p>Shipyard Agency in Tuzla-Yalova As Mescomar we provide all kind of shipyard agency services across Tuzla and Yalova area. We provide services such as&nbsp;consultancy,&nbsp;shipyard repair services, drydocking and repairs. We can also find and accommodate your ship in a desired location or the right shipyard following your needs in Tuzla, Istanbul and Yalova area. Just [&hellip;]<\/p>","protected":false},"author":1,"featured_media":0,"parent":7338,"menu_order":3,"comment_status":"closed","ping_status":"closed","template":"","meta":{"_et_pb_use_builder":"","_et_pb_old_content":"","_et_gb_content_width":"","_monsterinsights_skip_tracking":false,"_monsterinsights_sitenote_active":false,"_monsterinsights_sitenote_note":"","_monsterinsights_sitenote_category":0,"footnotes":""},"class_list":["post-7344","page","type-page","status-publish","hentry"],"yoast_head":"<!-- This site is optimized with the Yoast SEO plugin v23.0 - https:\/\/yoast.com\/wordpress\/plugins\/seo\/ -->\n<title>Shipyard Agency - Mescomar<\/title>\n<meta name=\"description\" content=\"Mescomar Shipyard Agency: Delivering Efficient, Expert, and Reliable Services for the best Marine Operations.\" \/>\n<meta name=\"robots\" content=\"index, follow, max-snippet:-1, max-image-preview:large, max-video-preview:-1\" \/>\n<link rel=\"canonical\" href=\"https:\/\/mescomar.com\/tr\/services__trashed\/shipyard-supervision\/shipyard-agency\/\" \/>\n<meta property=\"og:locale\" content=\"tr_TR\" \/>\n<meta property=\"og:type\" content=\"article\" \/>\n<meta property=\"og:title\" content=\"Shipyard Agency - Mescomar\" \/>\n<meta property=\"og:description\" content=\"Mescomar Shipyard Agency: Delivering Efficient, Expert, and Reliable Services for the best Marine Operations.\" \/>\n<meta property=\"og:url\" content=\"https:\/\/mescomar.com\/tr\/services__trashed\/shipyard-supervision\/shipyard-agency\/\" \/>\n<meta property=\"og:site_name\" content=\"Mescomar\" \/>\n<meta property=\"article:modified_time\" content=\"2024-06-21T02:03:58+00:00\" \/>\n<meta property=\"og:image\" content=\"https:\/\/mescomar.com\/wp-content\/uploads\/2024\/04\/shipyard-agency.jpg\" \/>\n<meta name=\"twitter:card\" content=\"summary_large_image\" \/>\n<meta name=\"twitter:label1\" content=\"Tahmini okuma s\u00fcresi\" \/>\n\t<meta name=\"twitter:data1\" content=\"2 dakika\" \/>\n<script type=\"application\/ld+json\" class=\"yoast-schema-graph\">{\"@context\":\"https:\/\/schema.org\",\"@graph\":[{\"@type\":\"WebPage\",\"@id\":\"https:\/\/mescomar.com\/services__trashed\/shipyard-supervision\/shipyard-agency\/\",\"url\":\"https:\/\/mescomar.com\/services__trashed\/shipyard-supervision\/shipyard-agency\/\",\"name\":\"Shipyard Agency - Mescomar\",\"isPartOf\":{\"@id\":\"https:\/\/mescomar.com\/#website\"},\"primaryImageOfPage\":{\"@id\":\"https:\/\/mescomar.com\/services__trashed\/shipyard-supervision\/shipyard-agency\/#primaryimage\"},\"image\":{\"@id\":\"https:\/\/mescomar.com\/services__trashed\/shipyard-supervision\/shipyard-agency\/#primaryimage\"},\"thumbnailUrl\":\"https:\/\/mescomar.com\/wp-content\/uploads\/2024\/04\/shipyard-agency.jpg\",\"datePublished\":\"2024-03-08T13:24:03+00:00\",\"dateModified\":\"2024-06-21T02:03:58+00:00\",\"description\":\"Mescomar Shipyard Agency: Delivering Efficient, Expert, and Reliable Services for the best Marine Operations.\",\"breadcrumb\":{\"@id\":\"https:\/\/mescomar.com\/services__trashed\/shipyard-supervision\/shipyard-agency\/#breadcrumb\"},\"inLanguage\":\"tr\",\"potentialAction\":[{\"@type\":\"ReadAction\",\"target\":[\"https:\/\/mescomar.com\/services__trashed\/shipyard-supervision\/shipyard-agency\/\"]}]},{\"@type\":\"ImageObject\",\"inLanguage\":\"tr\",\"@id\":\"https:\/\/mescomar.com\/services__trashed\/shipyard-supervision\/shipyard-agency\/#primaryimage\",\"url\":\"https:\/\/mescomar.com\/wp-content\/uploads\/2024\/04\/shipyard-agency.jpg\",\"contentUrl\":\"https:\/\/mescomar.com\/wp-content\/uploads\/2024\/04\/shipyard-agency.jpg\"},{\"@type\":\"BreadcrumbList\",\"@id\":\"https:\/\/mescomar.com\/services__trashed\/shipyard-supervision\/shipyard-agency\/#breadcrumb\",\"itemListElement\":[{\"@type\":\"ListItem\",\"position\":1,\"name\":\"Anasayfa\",\"item\":\"https:\/\/mescomar.com\/en\/\"},{\"@type\":\"ListItem\",\"position\":2,\"name\":\"SERVICES\",\"item\":\"https:\/\/mescomar.com\/?page_id=7150\"},{\"@type\":\"ListItem\",\"position\":3,\"name\":\"SHIPYARD SUPERVISION\",\"item\":\"https:\/\/mescomar.com\/services__trashed\/shipyard-supervision\/\"},{\"@type\":\"ListItem\",\"position\":4,\"name\":\"Shipyard Agency\"}]},{\"@type\":\"WebSite\",\"@id\":\"https:\/\/mescomar.com\/#website\",\"url\":\"https:\/\/mescomar.com\/\",\"name\":\"Mescomar\",\"description\":\"Marine Engineering Solutions and Consultancy\",\"publisher\":{\"@id\":\"https:\/\/mescomar.com\/#organization\"},\"potentialAction\":[{\"@type\":\"SearchAction\",\"target\":{\"@type\":\"EntryPoint\",\"urlTemplate\":\"https:\/\/mescomar.com\/?s={search_term_string}\"},\"query-input\":\"required name=search_term_string\"}],\"inLanguage\":\"tr\"},{\"@type\":\"Organization\",\"@id\":\"https:\/\/mescomar.com\/#organization\",\"name\":\"Mescomar\",\"url\":\"https:\/\/mescomar.com\/\",\"logo\":{\"@type\":\"ImageObject\",\"inLanguage\":\"tr\",\"@id\":\"https:\/\/mescomar.com\/#\/schema\/logo\/image\/\",\"url\":\"https:\/\/mescomar.com\/wp-content\/uploads\/2023\/09\/mescomar-logo-vek.png\",\"contentUrl\":\"https:\/\/mescomar.com\/wp-content\/uploads\/2023\/09\/mescomar-logo-vek.png\",\"width\":177,\"height\":200,\"caption\":\"Mescomar\"},\"image\":{\"@id\":\"https:\/\/mescomar.com\/#\/schema\/logo\/image\/\"},\"sameAs\":[\"https:\/\/www.linkedin.com\/company\/mescomar\/\"]}]}<\/script>\n<!-- \/ Yoast SEO plugin. -->","yoast_head_json":{"title":"Shipyard Agency - Mescomar","description":"Mescomar Shipyard Agency: Delivering Efficient, Expert, and Reliable Services for the best Marine Operations.","robots":{"index":"index","follow":"follow","max-snippet":"max-snippet:-1","max-image-preview":"max-image-preview:large","max-video-preview":"max-video-preview:-1"},"canonical":"https:\/\/mescomar.com\/tr\/services__trashed\/shipyard-supervision\/shipyard-agency\/","og_locale":"tr_TR","og_type":"article","og_title":"Shipyard Agency - Mescomar","og_description":"Mescomar Shipyard Agency: Delivering Efficient, Expert, and Reliable Services for the best Marine Operations.","og_url":"https:\/\/mescomar.com\/tr\/services__trashed\/shipyard-supervision\/shipyard-agency\/","og_site_name":"Mescomar","article_modified_time":"2024-06-21T02:03:58+00:00","og_image":[{"url":"https:\/\/mescomar.com\/wp-content\/uploads\/2024\/04\/shipyard-agency.jpg"}],"twitter_card":"summary_large_image","twitter_misc":{"Tahmini okuma s\u00fcresi":"2 dakika"},"schema":{"@context":"https:\/\/schema.org","@graph":[{"@type":"WebPage","@id":"https:\/\/mescomar.com\/services__trashed\/shipyard-supervision\/shipyard-agency\/","url":"https:\/\/mescomar.com\/services__trashed\/shipyard-supervision\/shipyard-agency\/","name":"Shipyard Agency - Mescomar","isPartOf":{"@id":"https:\/\/mescomar.com\/#website"},"primaryImageOfPage":{"@id":"https:\/\/mescomar.com\/services__trashed\/shipyard-supervision\/shipyard-agency\/#primaryimage"},"image":{"@id":"https:\/\/mescomar.com\/services__trashed\/shipyard-supervision\/shipyard-agency\/#primaryimage"},"thumbnailUrl":"https:\/\/mescomar.com\/wp-content\/uploads\/2024\/04\/shipyard-agency.jpg","datePublished":"2024-03-08T13:24:03+00:00","dateModified":"2024-06-21T02:03:58+00:00","description":"Mescomar Shipyard Agency: Delivering Efficient, Expert, and Reliable Services for the best Marine Operations.","breadcrumb":{"@id":"https:\/\/mescomar.com\/services__trashed\/shipyard-supervision\/shipyard-agency\/#breadcrumb"},"inLanguage":"tr","potentialAction":[{"@type":"ReadAction","target":["https:\/\/mescomar.com\/services__trashed\/shipyard-supervision\/shipyard-agency\/"]}]},{"@type":"ImageObject","inLanguage":"tr","@id":"https:\/\/mescomar.com\/services__trashed\/shipyard-supervision\/shipyard-agency\/#primaryimage","url":"https:\/\/mescomar.com\/wp-content\/uploads\/2024\/04\/shipyard-agency.jpg","contentUrl":"https:\/\/mescomar.com\/wp-content\/uploads\/2024\/04\/shipyard-agency.jpg"},{"@type":"BreadcrumbList","@id":"https:\/\/mescomar.com\/services__trashed\/shipyard-supervision\/shipyard-agency\/#breadcrumb","itemListElement":[{"@type":"ListItem","position":1,"name":"Anasayfa","item":"https:\/\/mescomar.com\/en\/"},{"@type":"ListItem","position":2,"name":"SERVICES","item":"https:\/\/mescomar.com\/?page_id=7150"},{"@type":"ListItem","position":3,"name":"SHIPYARD SUPERVISION","item":"https:\/\/mescomar.com\/services__trashed\/shipyard-supervision\/"},{"@type":"ListItem","position":4,"name":"Shipyard Agency"}]},{"@type":"WebSite","@id":"https:\/\/mescomar.com\/#website","url":"https:\/\/mescomar.com\/","name":"Mescomar","description":"Marine Engineering Solutions and Consultancy","publisher":{"@id":"https:\/\/mescomar.com\/#organization"},"potentialAction":[{"@type":"SearchAction","target":{"@type":"EntryPoint","urlTemplate":"https:\/\/mescomar.com\/?s={search_term_string}"},"query-input":"required name=search_term_string"}],"inLanguage":"tr"},{"@type":"Organization","@id":"https:\/\/mescomar.com\/#organization","name":"Mescomar","url":"https:\/\/mescomar.com\/","logo":{"@type":"ImageObject","inLanguage":"tr","@id":"https:\/\/mescomar.com\/#\/schema\/logo\/image\/","url":"https:\/\/mescomar.com\/wp-content\/uploads\/2023\/09\/mescomar-logo-vek.png","contentUrl":"https:\/\/mescomar.com\/wp-content\/uploads\/2023\/09\/mescomar-logo-vek.png","width":177,"height":200,"caption":"Mescomar"},"image":{"@id":"https:\/\/mescomar.com\/#\/schema\/logo\/image\/"},"sameAs":["https:\/\/www.linkedin.com\/company\/mescomar\/"]}]}},"_links":{"self":[{"href":"https:\/\/mescomar.com\/tr\/wp-json\/wp\/v2\/pages\/7344","targetHints":{"allow":["GET"]}}],"collection":[{"href":"https:\/\/mescomar.com\/tr\/wp-json\/wp\/v2\/pages"}],"about":[{"href":"https:\/\/mescomar.com\/tr\/wp-json\/wp\/v2\/types\/page"}],"author":[{"embeddable":true,"href":"https:\/\/mescomar.com\/tr\/wp-json\/wp\/v2\/users\/1"}],"replies":[{"embeddable":true,"href":"https:\/\/mescomar.com\/tr\/wp-json\/wp\/v2\/comments?post=7344"}],"version-history":[{"count":16,"href":"https:\/\/mescomar.com\/tr\/wp-json\/wp\/v2\/pages\/7344\/revisions"}],"predecessor-version":[{"id":9419,"href":"https:\/\/mescomar.com\/tr\/wp-json\/wp\/v2\/pages\/7344\/revisions\/9419"}],"up":[{"embeddable":true,"href":"https:\/\/mescomar.com\/tr\/wp-json\/wp\/v2\/pages\/7338"}],"wp:attachment":[{"href":"https:\/\/mescomar.com\/tr\/wp-json\/wp\/v2\/media?parent=7344"}],"curies":[{"name":"wp","href":"https:\/\/api.w.org\/{rel}","templated":true}]}}