{"id":7283,"date":"2024-03-07T05:32:39","date_gmt":"2024-03-07T05:32:39","guid":{"rendered":"https:\/\/mescomar.com\/?page_id=7283"},"modified":"2024-06-21T05:02:30","modified_gmt":"2024-06-21T02:02:30","slug":"dry-docking","status":"publish","type":"page","link":"https:\/\/mescomar.com\/tr\/services\/shipyard-supervision\/dry-docking\/","title":{"rendered":"Tersane Havuz Bak\u0131m Hizmeti"},"content":{"rendered":"<div class=\"wp-block-group is-layout-constrained wp-block-group-is-layout-constrained\">\n<h1 class=\"wp-block-heading has-black-color has-text-color has-link-color wp-elements-b8039fa7d614523768cb9055a7aee4dd\"><strong>Kuru Havuzlama ve Tamir Hizmetleri Tuzla - Yalova<\/strong><\/h1>\n\n\n\n<p style=\"font-size:20px\" class=\" translation-block\">Firmam\u0131z, Tuzla ve Yalova b\u00f6lgelerinde tersane kuru havuzlama ve tamir hizmetleri sunmaktad\u0131r. Uzman ekibimizle, gemi sahiplerine g\u00fcvenilir ve kaliteli hizmetler sa\u011flayarak m\u00fc\u015fterilerimizin memnuniyetini en \u00fcst seviyede tutmay\u0131 garanti ediyoruz. M\u00fc\u015fterilerimize 7\/24 h\u0131zl\u0131 ve etkili \u00e7\u00f6z\u00fcmler sunarak, gemilerinizin denizde ge\u00e7irdi\u011fi s\u00fcreyi maksimuma \u00e7\u0131kar\u0131yoruz. Tuzla ve Yalova tersane kuru havuzlama ve tamir hizmetleriniz i\u00e7in g\u00fcvenilir bir i\u015f orta\u011f\u0131 ar\u0131yorsan\u0131z, firmam\u0131z\u0131n profesyonel \u00e7\u00f6z\u00fcmlerini tercih edebilirsiniz.<\/p>\n\n\n\n<div style=\"height:10px\" aria-hidden=\"true\" class=\"wp-block-spacer\"><\/div>\n\n\n\n<div class=\"wp-block-buttons is-layout-flex wp-block-buttons-is-layout-flex\">\n<div class=\"wp-block-button\"><a class=\"wp-block-button__link has-background wp-element-button\" href=\"https:\/\/mescomar.com\/tr\/contact\/\" style=\"border-radius:10px;background-color:#30d5c8\">Bize Ula\u015f\u0131n<\/a><\/div>\n<\/div>\n\n\n\n<hr class=\"wp-block-separator has-text-color has-black-color has-alpha-channel-opacity has-black-background-color has-background is-style-wide\" style=\"margin-top:var(--wp--preset--spacing--40);margin-bottom:var(--wp--preset--spacing--40)\"\/>\n\n\n\n<h2 class=\"wp-block-heading has-black-color has-text-color has-link-color wp-elements-74a07a0fd126fe52ee5f05eb82b9ee89\" style=\"font-size:38px;line-height:1.4\"><strong>Tersane Kuru Havuzlama Hizmeti: Gemi Bak\u0131m\u0131 ve Performans\u0131n\u0131n Korunmas\u0131<\/strong><\/h2>\n\n\n\n<hr class=\"wp-block-separator has-text-color has-black-color has-alpha-channel-opacity has-black-background-color has-background is-style-wide\" style=\"margin-top:var(--wp--preset--spacing--40);margin-bottom:var(--wp--preset--spacing--40)\"\/>\n\n\n\n<h3 class=\"wp-block-heading\">Mecomar, gemilerinizde kar\u015f\u0131la\u015fabilece\u011finiz her t\u00fcrl\u00fc soruna y\u00f6nelik \u00e7\u00f6z\u00fcmler sunmaktad\u0131r. Hizmetlerimiz a\u015fa\u011f\u0131da listelenmi\u015ftir;<\/h3>\n\n\n\n<div class=\"wp-block-columns is-layout-flex wp-container-core-columns-is-layout-9d6595d7 wp-block-columns-is-layout-flex\">\n<div class=\"wp-block-column is-layout-flow wp-block-column-is-layout-flow\">\n<ul class=\"wp-block-list\" style=\"font-size:15px\">\n<li>Pervane ve d\u00fcmen bak\u0131m\u0131<\/li>\n\n\n\n<li>G\u00f6vde raspa ve boya<\/li>\n\n\n\n<li>Overboard devre ve valf i\u015flemleri<\/li>\n\n\n\n<li>Gemi zincir inspection ve bak\u0131m i\u015fleri<\/li>\n<\/ul>\n<\/div>\n\n\n\n<div class=\"wp-block-column is-layout-flow wp-block-column-is-layout-flow\">\n<ul class=\"wp-block-list\" style=\"font-size:15px\">\n<li>Tutya de\u011fi\u015fimleri<\/li>\n\n\n\n<li>Speed log bak\u0131m\u0131<\/li>\n\n\n\n<li>Gemi g\u00f6vdesindeki onar\u0131mlar<\/li>\n\n\n\n<li>Sac de\u011fi\u015fimi<\/li>\n<\/ul>\n<\/div>\n<\/div>\n\n\n\n<div class=\"wp-block-columns has-foreground-color has-border-background-color has-text-color has-background has-link-color has-system-font-family has-normal-font-size wp-elements-5fe8ec5ee7c930e8976c705bfc267958 is-layout-flex wp-container-core-columns-is-layout-9d6595d7 wp-block-columns-is-layout-flex\" style=\"font-style:normal;font-weight:500;line-height:1.8\">\n<div class=\"wp-block-column is-layout-flow wp-block-column-is-layout-flow\">\n<p style=\"font-size:17px\">Tersane kuru havuzlama hizmeti, gemilerin 5 y\u0131ll\u0131k veya ara d\u00f6nem tersane s\u00fcresi boyunca y\u00fcr\u00fct\u00fclen, pervane, d\u00fcmen ve g\u00f6vde gibi \u00f6nemli bile\u015fenlerin bak\u0131m ve onar\u0131m\u0131na odaklanan kritik bir s\u00fcre\u00e7tir. Bu hizmet, geminin \u00f6nceden belirlenmi\u015f i\u015f listesine g\u00f6re titiz bir planlama yap\u0131lmas\u0131n\u0131 ve haz\u0131rl\u0131klar\u0131n \u00f6nceden tamamlanmas\u0131n\u0131 gerektirir. Havuzlama s\u0131ras\u0131nda yap\u0131lan i\u015fler aras\u0131nda pervane ve d\u00fcmen bak\u0131m\u0131, kanat de\u011fi\u015fimi, g\u00f6vde kaz\u0131ma ve boyama, denize d\u00fc\u015fen devre i\u015fleri, zincir bak\u0131m\u0131 ve h\u0131z kay\u0131t de\u011fi\u015fimi yer al\u0131yor. Bu g\u00f6revlerin yan\u0131 s\u0131ra t\u00fcm s\u00fcrecin sorunsuz y\u00fcr\u00fct\u00fclmesi i\u00e7in bir defaya mahsus olarak tersane dan\u0131\u015fmanl\u0131\u011f\u0131 da verilmektedir. Bu g\u00f6revlerin tamamlanmas\u0131n\u0131n ard\u0131ndan havuzlama s\u00fcreci, genellikle tersane d\u00f6neminin sonuna denk gelecek \u015fekilde tamamlan\u0131r.<\/p>\n<\/div>\n\n\n\n<div class=\"wp-block-column is-layout-flow wp-block-column-is-layout-flow\">\n<p style=\"font-size:17px\">Tersaneler yap\u0131land\u0131r\u0131lm\u0131\u015f bir s\u00fcrece ba\u011fl\u0131 kalarak; gemi bak\u0131mlar\u0131n\u0131 verimli bir \u015fekilde y\u00f6netilmesini sa\u011flayarak gemi performans\u0131n\u0131 ve denizdeki g\u00fcvenli\u011fi art\u0131rmay\u0131 hedefler. Bu sistematik yakla\u015f\u0131m, geminin denize elveri\u015flili\u011fini ve \u00f6mr\u00fcn\u00fc etkileyen \u00e7e\u015fitli sorunlar\u0131n ele al\u0131nmas\u0131 ile birlikte gerekli onar\u0131m ve denetimlerin en y\u00fcksek standartlarda uygun tamamlanmas\u0131n\u0131 sa\u011flar. Bu prosed\u00fcr, gemi \u00e7al\u0131\u015f\u0131r durumdayken ger\u00e7ekle\u015ftirilmesi zor olan g\u00f6revlerin yerine getirilmesi i\u00e7in b\u00fcy\u00fck bir f\u0131rsat sundu\u011fundan dolay\u0131 kapsaml\u0131 incelemelere ve onar\u0131mlara olanak tan\u0131r. Tersaneler, titiz planlama ve uygulama s\u00fcre\u00e7leri ile ar\u0131za s\u00fcresini en aza indirir ve gemi g\u00fcvenilirli\u011fini en \u00fcst d\u00fczeye \u00e7\u0131kar\u0131r. Bu \u015fekilde g\u00fcvenli ve daha verimli deniz operasyonlar\u0131na olanak tan\u0131r.<\/p>\n<\/div>\n<\/div>\n\n\n\n<div style=\"height:10px\" aria-hidden=\"true\" class=\"wp-block-spacer\"><\/div>\n\n\n\n<h2 class=\"wp-block-heading has-text-align-center has-black-color has-text-color has-link-color wp-elements-107f4297fb065471c4b409de828f0981\" style=\"font-size:36px\"><strong>Mecomar'\u0131n Kapsaml\u0131 Tersane Hizmetleri: Verimli, Uzman ve B\u00fct\u00e7e Dostu<\/strong><\/h2>\n\n\n\n<hr class=\"wp-block-separator has-text-color has-black-color has-alpha-channel-opacity has-black-background-color has-background is-style-wide\" style=\"margin-top:var(--wp--preset--spacing--40);margin-bottom:var(--wp--preset--spacing--40)\"\/>\n<\/div>\n\n\n\n<div class=\"wp-block-group is-layout-constrained wp-block-group-is-layout-constrained\">\n<div class=\"wp-block-media-text is-stacked-on-mobile is-vertically-aligned-center is-image-fill has-foreground-color has-border-background-color has-text-color has-background has-link-color wp-elements-90dd6671001ff6156e82352886a4c2f4\" style=\"grid-template-columns:30% auto\"><figure class=\"wp-block-media-text__media\" style=\"background-image:url(https:\/\/mescomar.com\/wp-content\/uploads\/2024\/03\/1-1-1005x1024.jpg);background-position:54% 84%\"><img loading=\"lazy\" decoding=\"async\" width=\"1005\" height=\"1024\" src=\"https:\/\/mescomar.com\/wp-content\/uploads\/2024\/03\/1-1-1005x1024.jpg\" alt=\"ship in dry dock\" class=\"wp-image-7935 size-full\" srcset=\"https:\/\/mescomar.com\/wp-content\/uploads\/2024\/03\/1-1-1005x1024.jpg 1005w, https:\/\/mescomar.com\/wp-content\/uploads\/2024\/03\/1-1-295x300.jpg 295w, https:\/\/mescomar.com\/wp-content\/uploads\/2024\/03\/1-1-768x782.jpg 768w, https:\/\/mescomar.com\/wp-content\/uploads\/2024\/03\/1-1.jpg 1401w\" sizes=\"auto, (max-width: 1005px) 100vw, 1005px\" \/><\/figure><div class=\"wp-block-media-text__content\">\n<h3 class=\"wp-block-heading has-text-align-center has-text-color\" style=\"color:#000000;font-size:32px;font-style:normal;font-weight:700;line-height:1.2\"><strong><strong>Tuzla ve Yalova Tersanelerinde Kesintisiz Y\u00f6netim<\/strong><\/strong><\/h3>\n\n\n\n<p class=\"has-text-align-center\" style=\"font-size:17px\">Mecomar olarak Tuzla ve Yalova b\u00f6lgelerindeki tersanelerde bu s\u00fcre\u00e7leri denetliyoruz. Uzman s\u00fcperviz\u00f6rlerimiz s\u00fcrecin her a\u015famas\u0131n\u0131 titizlikle planlay\u0131p y\u00fcr\u00fct\u00fcyor, titizlik ve verimlili\u011fi garanti ediyoruz.<\/p>\n<\/div><\/div>\n<\/div>\n\n\n\n<div class=\"wp-block-group is-layout-constrained wp-block-group-is-layout-constrained\">\n<div class=\"wp-block-media-text has-media-on-the-right is-stacked-on-mobile is-vertically-aligned-center is-image-fill has-foreground-color has-border-background-color has-text-color has-background has-link-color has-system-font-family wp-elements-ab433990536bb933fdefdc5c0e267e75\" style=\"grid-template-columns:auto 30%\"><div class=\"wp-block-media-text__content\">\n<h3 class=\"wp-block-heading has-text-align-center has-text-color has-system-font-family\" style=\"color:#000000;font-size:32px;font-style:normal;font-weight:700;line-height:1.2\"><strong><strong>En \u0130yi Kuru Havuzlama Haz\u0131rl\u0131\u011f\u0131 i\u00e7in Uzman Denetimi<\/strong><\/strong><\/h3>\n\n\n\n<p class=\"has-text-align-center\" style=\"font-size:17px\">S\u00fcperviz\u00f6rlerimiz tersane i\u015f listesinin olu\u015fturulmas\u0131 ve yana\u015fma s\u00fcreci i\u00e7in gerekli t\u00fcm i\u015flemlerin belirlenmesinden sorumludur. Uzmanlar\u0131m\u0131z haz\u0131rl\u0131klar\u0131n titizlikle tamamlanmas\u0131n\u0131 sa\u011flayarak sorunsuz ve etkili bir kuru havuzlama prosed\u00fcr\u00fcn\u00fcn temelini olu\u015ftururlar.<\/p>\n<\/div><figure class=\"wp-block-media-text__media\" style=\"background-image:url(https:\/\/mescomar.com\/wp-content\/uploads\/2024\/03\/2-768x1024.jpg);background-position:53% 55%\"><img loading=\"lazy\" decoding=\"async\" width=\"768\" height=\"1024\" src=\"https:\/\/mescomar.com\/wp-content\/uploads\/2024\/03\/2-768x1024.jpg\" alt=\"\" class=\"wp-image-7934 size-full\"\/><\/figure><\/div>\n\n\n\n<div class=\"wp-block-columns alignwide has-foreground-color has-border-background-color has-text-color has-background has-link-color has-medium-font-size wp-elements-b7f281dec98947bcb679206bf86e4102 is-layout-flex wp-container-core-columns-is-layout-4873143e wp-block-columns-is-layout-flex\" style=\"padding-top:0;padding-right:0;padding-bottom:0;padding-left:0\">\n<div class=\"wp-block-column is-vertically-aligned-center is-layout-flow wp-block-column-is-layout-flow\" style=\"padding-top:40px;padding-right:40px;padding-bottom:40px;padding-left:40px\">\n<div class=\"wp-block-group alignwide is-layout-constrained wp-block-group-is-layout-constrained\">\n<h3 class=\"wp-block-heading has-text-align-center has-no-hover-shadow-dark animated animated-fadeInUp has-black-color has-border-background-color has-text-color has-background has-large-font-size\">S\u00fcperviz\u00f6rl\u00fck i\u00e7in Neden Mescomar?<\/h3>\n\n\n\n<div style=\"height:10px\" aria-hidden=\"true\" class=\"wp-block-spacer\"><\/div>\n\n\n\n<p class=\"animated animated-fadeInUp has-foreground-color has-text-color has-link-color has-system-font-family wp-elements-38adac69717fa7d8e3b132f9f657d155\" style=\"font-size:19px;font-style:normal;font-weight:500\">Mescomar olarak ge\u00e7ti\u011fimiz y\u0131l i\u00e7erisinde 14 geminin s\u00fcperviz\u00f6rl\u00fck s\u00fcrecini tamamlama konusundaki ola\u011fan\u00fcst\u00fc performans\u0131m\u0131zla \u00f6ne \u00e7\u0131k\u0131yoruz. T\u00fcm bu kuru havuzlama operasyonlar\u0131nda \u00f6ncelik verdiklerimiz:<\/p>\n\n\n\n<div class=\"wp-block-group has-foreground-color has-text-color has-link-color has-system-font-family wp-elements-5ff1accf150866ca655f5a52fdaa2483 is-layout-constrained wp-block-group-is-layout-constrained\">\n<ul style=\"font-size:19px;font-style:normal;font-weight:400;line-height:2.5\" class=\"gutenify-list-style-five animated animated-fadeInUp fadeInUp has-foreground-color has-text-color has-link-color wp-block-list wp-elements-2d7f5e42e705bf7ff1e196d2f4c4327c\">\n<li><strong>Maksimum i\u015f listesi:<\/strong> Kuru havuzlama s\u00fcrecinde gerekli olan her g\u00f6revi titizlikle planlay\u0131p y\u00fcr\u00fct\u00fcyor, bak\u0131m veya onar\u0131m\u0131n hi\u00e7bir y\u00f6n\u00fcn\u00fcn g\u00f6zden ka\u00e7mamas\u0131n\u0131 garanti ediyoruz.<\/li>\n\n\n\n<li><strong>En y\u00fcksek kalite \u00e7al\u0131\u015fma:<\/strong> Ekibimiz, t\u00fcm i\u015flemlerin hassasiyet ve m\u00fckemmellikle yerine getirilmesini garanti ederek en y\u00fcksek i\u015f\u00e7ilik standartlar\u0131n\u0131 sunmaya kendini adam\u0131\u015ft\u0131r.<\/li>\n\n\n\n<li><strong>En k\u0131sa s\u00fcrede:<\/strong> Ar\u0131za s\u00fcrelerini en aza indirmenin \u00f6neminin bilincinde olarak, kaliteden \u00f6d\u00fcn vermeden, kuru havuzlama s\u00fcrecini h\u0131zl\u0131 bir \u015fekilde tamamlamak i\u00e7in yorulmadan \u00e7al\u0131\u015f\u0131yoruz.<\/li>\n<\/ul>\n\n\n\n<p class=\"has-foreground-color has-text-color has-link-color has-system-font-family wp-elements-34dfffc21bb4297a50afa69e255a75dc translation-block\" style=\"font-size:20px;font-style:normal;font-weight:500\">Bu de\u011ferlere s\u0131k\u0131 s\u0131k\u0131ya ba\u011fl\u0131 kalarak gemilerinizin kuru havuzlama s\u00fcreci boyunca birinci s\u0131n\u0131f \u00f6zen ve dikkat g\u00f6rmesini sa\u011fl\u0131yoruz. Benzersiz kuru havuzlama ve tersane s\u00fcperviz\u00f6rl\u00fck deneyimimiz ile, m\u00fckemmel destek ve uzmanl\u0131k sunarak; sizlere 7\/24 hizmet vermeye haz\u0131r\u0131z. \u0130\u00e7iniz rahat olsun, gemileriniz art\u0131k bizim elimizde g\u00fcvende.<\/p>\n<\/div>\n<\/div>\n<\/div>\n<\/div>\n<\/div>","protected":false},"excerpt":{"rendered":"<p>Dry Docking and Repair Services in Tuzla-Yalova As Mescomar we provide all kind of dry docking and repair services across Tuzla and Yalova area. We provide services such as consultancy, shipyard repair services, drydocking and repairs. We can also find and accommodate your ship in a desired location or the right drydock following your needs [&hellip;]<\/p>","protected":false},"author":1,"featured_media":0,"parent":7338,"menu_order":2,"comment_status":"closed","ping_status":"closed","template":"","meta":{"_et_pb_use_builder":"","_et_pb_old_content":"","_et_gb_content_width":"","_monsterinsights_skip_tracking":false,"_monsterinsights_sitenote_active":false,"_monsterinsights_sitenote_note":"","_monsterinsights_sitenote_category":0,"footnotes":""},"class_list":["post-7283","page","type-page","status-publish","hentry"],"yoast_head":"<!-- This site is optimized with the Yoast SEO plugin v23.0 - https:\/\/yoast.com\/wordpress\/plugins\/seo\/ -->\n<title>Dry Docking and Repairs - Mescomar<\/title>\n<meta name=\"description\" content=\"Unlocking excellence in dry docking services, Mecomar delivers top-tier supervision for ship maintenance, ensuring seaworthiness \/longevity.\" \/>\n<meta name=\"robots\" content=\"index, follow, max-snippet:-1, max-image-preview:large, max-video-preview:-1\" \/>\n<link rel=\"canonical\" href=\"https:\/\/mescomar.com\/tr\/services__trashed\/shipyard-supervision\/dry-docking\/\" \/>\n<meta property=\"og:locale\" content=\"tr_TR\" \/>\n<meta property=\"og:type\" content=\"article\" \/>\n<meta property=\"og:title\" content=\"Dry Docking and Repairs - Mescomar\" \/>\n<meta property=\"og:description\" content=\"Unlocking excellence in dry docking services, Mecomar delivers top-tier supervision for ship maintenance, ensuring seaworthiness \/longevity.\" \/>\n<meta property=\"og:url\" content=\"https:\/\/mescomar.com\/tr\/services__trashed\/shipyard-supervision\/dry-docking\/\" \/>\n<meta property=\"og:site_name\" content=\"Mescomar\" \/>\n<meta property=\"article:modified_time\" content=\"2024-06-21T02:02:30+00:00\" \/>\n<meta property=\"og:image\" content=\"https:\/\/mescomar.com\/wp-content\/uploads\/2024\/03\/1-1-1005x1024.jpg\" \/>\n<meta name=\"twitter:card\" content=\"summary_large_image\" \/>\n<meta name=\"twitter:label1\" content=\"Tahmini okuma s\u00fcresi\" \/>\n\t<meta name=\"twitter:data1\" content=\"3 dakika\" \/>\n<script type=\"application\/ld+json\" class=\"yoast-schema-graph\">{\"@context\":\"https:\/\/schema.org\",\"@graph\":[{\"@type\":\"WebPage\",\"@id\":\"https:\/\/mescomar.com\/services__trashed\/shipyard-supervision\/dry-docking\/\",\"url\":\"https:\/\/mescomar.com\/services__trashed\/shipyard-supervision\/dry-docking\/\",\"name\":\"Dry Docking and Repairs - Mescomar\",\"isPartOf\":{\"@id\":\"https:\/\/mescomar.com\/#website\"},\"primaryImageOfPage\":{\"@id\":\"https:\/\/mescomar.com\/services__trashed\/shipyard-supervision\/dry-docking\/#primaryimage\"},\"image\":{\"@id\":\"https:\/\/mescomar.com\/services__trashed\/shipyard-supervision\/dry-docking\/#primaryimage\"},\"thumbnailUrl\":\"https:\/\/mescomar.com\/wp-content\/uploads\/2024\/03\/1-1-1005x1024.jpg\",\"datePublished\":\"2024-03-07T05:32:39+00:00\",\"dateModified\":\"2024-06-21T02:02:30+00:00\",\"description\":\"Unlocking excellence in dry docking services, Mecomar delivers top-tier supervision for ship maintenance, ensuring seaworthiness \/longevity.\",\"breadcrumb\":{\"@id\":\"https:\/\/mescomar.com\/services__trashed\/shipyard-supervision\/dry-docking\/#breadcrumb\"},\"inLanguage\":\"tr\",\"potentialAction\":[{\"@type\":\"ReadAction\",\"target\":[\"https:\/\/mescomar.com\/services__trashed\/shipyard-supervision\/dry-docking\/\"]}]},{\"@type\":\"ImageObject\",\"inLanguage\":\"tr\",\"@id\":\"https:\/\/mescomar.com\/services__trashed\/shipyard-supervision\/dry-docking\/#primaryimage\",\"url\":\"https:\/\/mescomar.com\/wp-content\/uploads\/2024\/03\/1-1-1005x1024.jpg\",\"contentUrl\":\"https:\/\/mescomar.com\/wp-content\/uploads\/2024\/03\/1-1-1005x1024.jpg\"},{\"@type\":\"BreadcrumbList\",\"@id\":\"https:\/\/mescomar.com\/services__trashed\/shipyard-supervision\/dry-docking\/#breadcrumb\",\"itemListElement\":[{\"@type\":\"ListItem\",\"position\":1,\"name\":\"Anasayfa\",\"item\":\"https:\/\/mescomar.com\/en\/\"},{\"@type\":\"ListItem\",\"position\":2,\"name\":\"SERVICES\",\"item\":\"https:\/\/mescomar.com\/?page_id=7150\"},{\"@type\":\"ListItem\",\"position\":3,\"name\":\"SHIPYARD SUPERVISION\",\"item\":\"https:\/\/mescomar.com\/services__trashed\/shipyard-supervision\/\"},{\"@type\":\"ListItem\",\"position\":4,\"name\":\"Dry Docking and Repairs\"}]},{\"@type\":\"WebSite\",\"@id\":\"https:\/\/mescomar.com\/#website\",\"url\":\"https:\/\/mescomar.com\/\",\"name\":\"Mescomar\",\"description\":\"Marine Engineering Solutions and Consultancy\",\"publisher\":{\"@id\":\"https:\/\/mescomar.com\/#organization\"},\"potentialAction\":[{\"@type\":\"SearchAction\",\"target\":{\"@type\":\"EntryPoint\",\"urlTemplate\":\"https:\/\/mescomar.com\/?s={search_term_string}\"},\"query-input\":\"required name=search_term_string\"}],\"inLanguage\":\"tr\"},{\"@type\":\"Organization\",\"@id\":\"https:\/\/mescomar.com\/#organization\",\"name\":\"Mescomar\",\"url\":\"https:\/\/mescomar.com\/\",\"logo\":{\"@type\":\"ImageObject\",\"inLanguage\":\"tr\",\"@id\":\"https:\/\/mescomar.com\/#\/schema\/logo\/image\/\",\"url\":\"https:\/\/mescomar.com\/wp-content\/uploads\/2023\/09\/mescomar-logo-vek.png\",\"contentUrl\":\"https:\/\/mescomar.com\/wp-content\/uploads\/2023\/09\/mescomar-logo-vek.png\",\"width\":177,\"height\":200,\"caption\":\"Mescomar\"},\"image\":{\"@id\":\"https:\/\/mescomar.com\/#\/schema\/logo\/image\/\"},\"sameAs\":[\"https:\/\/www.linkedin.com\/company\/mescomar\/\"]}]}<\/script>\n<!-- \/ Yoast SEO plugin. -->","yoast_head_json":{"title":"Dry Docking and Repairs - Mescomar","description":"Unlocking excellence in dry docking services, Mecomar delivers top-tier supervision for ship maintenance, ensuring seaworthiness \/longevity.","robots":{"index":"index","follow":"follow","max-snippet":"max-snippet:-1","max-image-preview":"max-image-preview:large","max-video-preview":"max-video-preview:-1"},"canonical":"https:\/\/mescomar.com\/tr\/services__trashed\/shipyard-supervision\/dry-docking\/","og_locale":"tr_TR","og_type":"article","og_title":"Dry Docking and Repairs - Mescomar","og_description":"Unlocking excellence in dry docking services, Mecomar delivers top-tier supervision for ship maintenance, ensuring seaworthiness \/longevity.","og_url":"https:\/\/mescomar.com\/tr\/services__trashed\/shipyard-supervision\/dry-docking\/","og_site_name":"Mescomar","article_modified_time":"2024-06-21T02:02:30+00:00","og_image":[{"url":"https:\/\/mescomar.com\/wp-content\/uploads\/2024\/03\/1-1-1005x1024.jpg"}],"twitter_card":"summary_large_image","twitter_misc":{"Tahmini okuma s\u00fcresi":"3 dakika"},"schema":{"@context":"https:\/\/schema.org","@graph":[{"@type":"WebPage","@id":"https:\/\/mescomar.com\/services__trashed\/shipyard-supervision\/dry-docking\/","url":"https:\/\/mescomar.com\/services__trashed\/shipyard-supervision\/dry-docking\/","name":"Dry Docking and Repairs - Mescomar","isPartOf":{"@id":"https:\/\/mescomar.com\/#website"},"primaryImageOfPage":{"@id":"https:\/\/mescomar.com\/services__trashed\/shipyard-supervision\/dry-docking\/#primaryimage"},"image":{"@id":"https:\/\/mescomar.com\/services__trashed\/shipyard-supervision\/dry-docking\/#primaryimage"},"thumbnailUrl":"https:\/\/mescomar.com\/wp-content\/uploads\/2024\/03\/1-1-1005x1024.jpg","datePublished":"2024-03-07T05:32:39+00:00","dateModified":"2024-06-21T02:02:30+00:00","description":"Unlocking excellence in dry docking services, Mecomar delivers top-tier supervision for ship maintenance, ensuring seaworthiness \/longevity.","breadcrumb":{"@id":"https:\/\/mescomar.com\/services__trashed\/shipyard-supervision\/dry-docking\/#breadcrumb"},"inLanguage":"tr","potentialAction":[{"@type":"ReadAction","target":["https:\/\/mescomar.com\/services__trashed\/shipyard-supervision\/dry-docking\/"]}]},{"@type":"ImageObject","inLanguage":"tr","@id":"https:\/\/mescomar.com\/services__trashed\/shipyard-supervision\/dry-docking\/#primaryimage","url":"https:\/\/mescomar.com\/wp-content\/uploads\/2024\/03\/1-1-1005x1024.jpg","contentUrl":"https:\/\/mescomar.com\/wp-content\/uploads\/2024\/03\/1-1-1005x1024.jpg"},{"@type":"BreadcrumbList","@id":"https:\/\/mescomar.com\/services__trashed\/shipyard-supervision\/dry-docking\/#breadcrumb","itemListElement":[{"@type":"ListItem","position":1,"name":"Anasayfa","item":"https:\/\/mescomar.com\/en\/"},{"@type":"ListItem","position":2,"name":"SERVICES","item":"https:\/\/mescomar.com\/?page_id=7150"},{"@type":"ListItem","position":3,"name":"SHIPYARD SUPERVISION","item":"https:\/\/mescomar.com\/services__trashed\/shipyard-supervision\/"},{"@type":"ListItem","position":4,"name":"Dry Docking and Repairs"}]},{"@type":"WebSite","@id":"https:\/\/mescomar.com\/#website","url":"https:\/\/mescomar.com\/","name":"Mescomar","description":"Marine Engineering Solutions and Consultancy","publisher":{"@id":"https:\/\/mescomar.com\/#organization"},"potentialAction":[{"@type":"SearchAction","target":{"@type":"EntryPoint","urlTemplate":"https:\/\/mescomar.com\/?s={search_term_string}"},"query-input":"required name=search_term_string"}],"inLanguage":"tr"},{"@type":"Organization","@id":"https:\/\/mescomar.com\/#organization","name":"Mescomar","url":"https:\/\/mescomar.com\/","logo":{"@type":"ImageObject","inLanguage":"tr","@id":"https:\/\/mescomar.com\/#\/schema\/logo\/image\/","url":"https:\/\/mescomar.com\/wp-content\/uploads\/2023\/09\/mescomar-logo-vek.png","contentUrl":"https:\/\/mescomar.com\/wp-content\/uploads\/2023\/09\/mescomar-logo-vek.png","width":177,"height":200,"caption":"Mescomar"},"image":{"@id":"https:\/\/mescomar.com\/#\/schema\/logo\/image\/"},"sameAs":["https:\/\/www.linkedin.com\/company\/mescomar\/"]}]}},"_links":{"self":[{"href":"https:\/\/mescomar.com\/tr\/wp-json\/wp\/v2\/pages\/7283","targetHints":{"allow":["GET"]}}],"collection":[{"href":"https:\/\/mescomar.com\/tr\/wp-json\/wp\/v2\/pages"}],"about":[{"href":"https:\/\/mescomar.com\/tr\/wp-json\/wp\/v2\/types\/page"}],"author":[{"embeddable":true,"href":"https:\/\/mescomar.com\/tr\/wp-json\/wp\/v2\/users\/1"}],"replies":[{"embeddable":true,"href":"https:\/\/mescomar.com\/tr\/wp-json\/wp\/v2\/comments?post=7283"}],"version-history":[{"count":24,"href":"https:\/\/mescomar.com\/tr\/wp-json\/wp\/v2\/pages\/7283\/revisions"}],"predecessor-version":[{"id":9417,"href":"https:\/\/mescomar.com\/tr\/wp-json\/wp\/v2\/pages\/7283\/revisions\/9417"}],"up":[{"embeddable":true,"href":"https:\/\/mescomar.com\/tr\/wp-json\/wp\/v2\/pages\/7338"}],"wp:attachment":[{"href":"https:\/\/mescomar.com\/tr\/wp-json\/wp\/v2\/media?parent=7283"}],"curies":[{"name":"wp","href":"https:\/\/api.w.org\/{rel}","templated":true}]}}