{"id":7279,"date":"2024-03-07T05:32:09","date_gmt":"2024-03-07T05:32:09","guid":{"rendered":"https:\/\/mescomar.com\/?page_id=7279"},"modified":"2024-06-21T05:10:08","modified_gmt":"2024-06-21T02:10:08","slug":"ihm-report-asbestos-removal","status":"publish","type":"page","link":"https:\/\/mescomar.com\/tr\/services\/marine-applications\/ihm-report-asbestos-removal\/","title":{"rendered":"IHM Report &#8211; Asbestos Removal"},"content":{"rendered":"<div class=\"wp-block-group alignfull has-system-font-family has-normal-font-size is-layout-constrained wp-block-group-is-layout-constrained\" style=\"font-style:normal;font-weight:400\">\n<h1 class=\"wp-block-heading has-black-color has-text-color has-link-color wp-elements-9b421e759a40854eb7fffc44fe68b03d\"><strong>IHM Raporlar\u0131 Tuzla, \u0130stanbul \u2013 Yalova ve Akdeniz<\/strong><\/h1>\n\n\n\n<hr class=\"wp-block-separator has-text-color has-black-color has-alpha-channel-opacity has-black-background-color has-background is-style-wide\"\/>\n\n\n\n<p style=\"font-size:20px\">Mescomar olarak Tuzla, \u0130stanbul \u2013 Yalova ve t\u00fcm Akdeniz'de tehlikeli madde envanteri (IHM) raporlar\u0131n\u0131 haz\u0131rl\u0131yoruz. Geminiz denizde, demirde, limanda ve hatta tersanede olsun, 7\/24 hizmet veriyoruz. \u0130htiya\u00e7lar\u0131n\u0131z i\u00e7in bizimle ileti\u015fime ge\u00e7meniz yeterli.<\/p>\n\n\n\n<div style=\"height:15px\" aria-hidden=\"true\" class=\"wp-block-spacer\"><\/div>\n\n\n\n<div class=\"wp-block-buttons is-layout-flex wp-block-buttons-is-layout-flex\">\n<div class=\"wp-block-button\"><a class=\"wp-block-button__link has-background wp-element-button\" href=\"https:\/\/mescomar.com\/tr\/contact\/\" style=\"border-radius:10px;background-color:#30d5c8\">Bize Ula\u015f\u0131n<\/a><\/div>\n<\/div>\n\n\n\n<div style=\"height:15px\" aria-hidden=\"true\" class=\"wp-block-spacer\"><\/div>\n\n\n\n<h2 class=\"wp-block-heading has-text-align-left has-black-color has-text-color has-link-color wp-elements-c71cfc4cd575f6037ba2672df0554342\" style=\"font-size:24px\"><strong>IHM Raporlar\u0131 Nedir? <\/strong><\/h2>\n\n\n\n<hr class=\"wp-block-separator has-text-color has-black-color has-alpha-channel-opacity has-black-background-color has-background is-style-wide\" style=\"margin-top:var(--wp--preset--spacing--40);margin-bottom:var(--wp--preset--spacing--40)\"\/>\n\n\n\n<p style=\"font-size:19px\" class=\" translation-block\">Tehlikeli Madde Envanteri, bir gemide tehlikeli maddelerin varl\u0131\u011f\u0131na ili\u015fkin \u00f6nemli bilgiler i\u00e7eren bir rapordur. Bu maddeler hem m\u00fcrettebat sa\u011fl\u0131\u011f\u0131 hem de \u00e7evre a\u00e7\u0131s\u0131ndan risk olu\u015fturmaktad\u0131r. IHM raporu yaln\u0131zca hangi tehlikeli maddelerin mevcut oldu\u011funu tan\u0131mlamakla kalmaz, ayn\u0131 zamanda bunlar\u0131n miktarlar\u0131n\u0131 ve spesifik \u00f6zelliklerini de belirtir.<\/p>\n\n\n\n<p class=\"has-black-color has-text-color has-link-color wp-elements-3a6aa5dd9150bfaebcf315d5b70931ec\" style=\"font-size:22px\"><strong>IHM raporlar\u0131n\u0131n \u00f6nemi:<\/strong><\/p>\n\n\n\n<ol class=\"wp-block-list\" style=\"font-size:18px\">\n<li><strong>G\u00fcvenlik ve Reg\u00fclasyonlar:<\/strong>&nbsp;Raporlar, uluslararas\u0131 d\u00fczenlemelere uyumun sa\u011flanmas\u0131nda \u00f6nemli bir rol oynuyor. Gemi sahipleri, tehlikeli maddeleri titizlikle kataloglayarak m\u00fcrettebat\u0131 ve \u00e7evreyi korumak i\u00e7in gerekli \u00f6nlemleri almal\u0131d\u0131r.<\/li>\n\n\n\n<li><strong>Asbest Y\u00f6netimi:<\/strong>&nbsp;Gemilerde yayg\u0131n bir tehlike olan asbest \u00f6zel dikkat gerektirir. IHM raporlar\u0131, asbest i\u00e7eren malzemelerin (ACM'ler) tan\u0131mlanmas\u0131na yard\u0131mc\u0131 olur ve bunlar\u0131n g\u00fcvenli bir \u015fekilde uzakla\u015ft\u0131r\u0131lmas\u0131 ve bertaraf\u0131na rehberlik eder. M\u00fcrettebat g\u00fcvenli\u011fine \u00f6ncelik vermek IHM \u00e7\u00f6z\u00fcmlerimizin temelini olu\u015fturur.<\/li>\n\n\n\n<li><strong>Do\u011fay\u0131 koruma:<\/strong>&nbsp;Bu raporlar gemi geri d\u00f6n\u00fc\u015f\u00fcm\u00fcne katk\u0131da bulunuyor. Gemi sahipleri, gemideki tehlikeli maddeleri anlayarak, geminin ya\u015fam d\u00f6ng\u00fcs\u00fc boyunca bilin\u00e7li kararlar alabilir ve \u00e7evresel etkiyi en aza indirebilir.<\/li>\n<\/ol>\n\n\n\n<h2 class=\"wp-block-heading has-text-align-center has-black-color has-text-color has-link-color wp-elements-7851ae7120dcd786e42ed134ecfff66f\"><strong>Detayl\u0131 IHM Raporlar\u0131 Olu\u015fturma<\/strong><\/h2>\n\n\n\n<hr class=\"wp-block-separator has-text-color has-black-color has-alpha-channel-opacity has-black-background-color has-background is-style-wide\" style=\"margin-top:var(--wp--preset--spacing--40);margin-bottom:var(--wp--preset--spacing--40)\"\/>\n\n\n\n<p style=\"font-size:18px\">Mescomar olarak do\u011fru raporlaman\u0131n kritik \u00f6nemini anl\u0131yoruz. Uzman ekiplerimiz gemilerinizi titizlikle inceliyor, asbest dahil tehlikeli maddeleri tespit ediyor ve konumlar\u0131n\u0131 hassasiyetle belgeliyor. Etkin numune toplama ve analiz yoluyla, verimlili\u011fe ve g\u00fcvenli\u011fe y\u00f6nelik yol haritan\u0131z olarak hizmet edecek kapsaml\u0131 raporlar derliyoruz.<\/p>\n\n\n\n<div style=\"height:10px\" aria-hidden=\"true\" class=\"wp-block-spacer\"><\/div>\n<\/div>\n\n\n\n<div class=\"wp-block-group is-layout-constrained wp-block-group-is-layout-constrained\">\n<h2 class=\"wp-block-heading has-text-align-center has-black-color has-text-color has-link-color wp-elements-220fa24560fd8e9cfb7eaa69949c64e8\"><strong>Asbest Bertaraf\u0131 <\/strong><\/h2>\n\n\n\n<hr class=\"wp-block-separator has-text-color has-black-color has-alpha-channel-opacity has-black-background-color has-background is-style-wide\" style=\"margin-top:var(--wp--preset--spacing--40);margin-bottom:var(--wp--preset--spacing--40)\"\/>\n\n\n\n<p style=\"font-size:18px\">Asbestin bertaraf\u0131, sa\u011fl\u0131k risklerine kar\u015f\u0131 korunmak i\u00e7in \u00f6zel bilgi ve teknikler gerektirir. Mecomar'\u0131n deneyimli profesyonel ekibi asbesti g\u00fcvenli ve etkili bir \u015fekilde y\u00f6netme yeterlili\u011fine sahiptir. Tan\u0131mlamadan \u00e7\u0131karmaya ve imha etmeye kadar s\u0131k\u0131 protokollere uyuyor, riskleri azalt\u0131yor ve s\u00fcrecin her ad\u0131m\u0131nda mevzuata uygunlu\u011fu sa\u011fl\u0131yoruz.<\/p>\n\n\n\n<div style=\"height:20px\" aria-hidden=\"true\" class=\"wp-block-spacer\"><\/div>\n\n\n\n<figure class=\"wp-block-image aligncenter size-full\"><img loading=\"lazy\" decoding=\"async\" width=\"576\" height=\"369\" src=\"https:\/\/mescomar.com\/wp-content\/uploads\/2024\/03\/Bulk-Sampling.png\" alt=\"ihm-asbestos\" class=\"wp-image-8122\" srcset=\"https:\/\/mescomar.com\/wp-content\/uploads\/2024\/03\/Bulk-Sampling.png 576w, https:\/\/mescomar.com\/wp-content\/uploads\/2024\/03\/Bulk-Sampling-300x192.png 300w\" sizes=\"auto, (max-width: 576px) 100vw, 576px\" \/><\/figure>\n\n\n\n<div style=\"height:20px\" aria-hidden=\"true\" class=\"wp-block-spacer\"><\/div>\n<\/div>\n\n\n\n<div class=\"wp-block-group is-layout-constrained wp-block-group-is-layout-constrained\">\n<h2 class=\"wp-block-heading has-text-align-center has-black-color has-text-color has-link-color wp-elements-b7f49cc2b6b63767ca80e3ec0a4a7ef1\"><strong>Mescomar Neden Sekt\u00f6rde \u00d6nc\u00fc?<\/strong><\/h2>\n\n\n\n<h3 class=\"wp-block-heading has-black-color has-text-color has-link-color wp-elements-dc90530a41a68eea014bfbf168e43ae0\" style=\"font-size:20px\">IHM raporlar\u0131 i\u00e7in Mescomar ile \u00e7al\u0131\u015fmak \u00e7ok say\u0131da avantaj sunar:<\/h3>\n\n\n\n<hr class=\"wp-block-separator has-text-color has-black-color has-alpha-channel-opacity has-black-background-color has-background is-style-wide\" style=\"margin-top:var(--wp--preset--spacing--40);margin-bottom:var(--wp--preset--spacing--40)\"\/>\n\n\n\n<ul class=\"wp-block-list\" style=\"font-size:18px\">\n<li><strong>7\/24 Hizmet<\/strong>: \u00d6zel ekiplerimiz g\u00fcn\u00fcn her saati hizmetinizdedir ve IHM raporlama gereksinimlerinizi h\u0131zl\u0131 ve verimli bir \u015fekilde kar\u015f\u0131lamaya haz\u0131rd\u0131r.<\/li>\n\n\n\n<li><strong>Kapsaml\u0131 Denetim Protokolleri<\/strong>: Tehlikeli maddeleri do\u011fru bir \u015fekilde tan\u0131mlamak i\u00e7in s\u0131k\u0131 denetim protokolleri uyguluyoruz ve gemi g\u00fcvenli\u011finin sa\u011flanmas\u0131nda alt\u0131na bak\u0131lmam\u0131\u015f ta\u015f b\u0131rakm\u0131yoruz.<\/li>\n\n\n\n<li><strong>Kapsaml\u0131 Raporlama<\/strong>: IHM raporlar\u0131m\u0131z ayr\u0131nt\u0131l\u0131 ve kapsaml\u0131 olup, asbest dahil tehlikeli maddelerin varl\u0131\u011f\u0131 ve konumu hakk\u0131nda net bilgiler sa\u011flar.<\/li>\n\n\n\n<li><strong>G\u00fcvenli Asbest Temizleme Uygulamalar\u0131<\/strong>: Mescomar, m\u00fcrettebat \u00fcyelerini ve \u00e7evreyi korumak i\u00e7in sekt\u00f6rdeki en iyi y\u00f6ntyemleri kullanarak t\u00fcm asbest giderme operasyonlar\u0131nda g\u00fcvenli\u011fe \u00f6ncelik verir.<\/li>\n\n\n\n<li><strong>Uygun Maliyetli \u00c7\u00f6z\u00fcmler<\/strong>: IHM rapor hizmetlerimiz i\u00e7in kalite ve g\u00fcvenlikten \u00f6d\u00fcn vermeden ola\u011fan\u00fcst\u00fc de\u011fer sunarak rekabet\u00e7i fiyatlar sunuyoruz.<\/li>\n\n\n\n<li><strong>Kan\u0131tlanm\u0131\u015f Uzmanl\u0131k<\/strong>: Denizcilik sekt\u00f6r\u00fcnde y\u0131llara dayanan deneyimiyle Mescomar, her IHM rapor projesine  tecr\u00fcbelerine zengin bilgi birkimi ve uzmanl\u0131k kat\u0131yor.<\/li>\n<\/ul>\n<\/div>","protected":false},"excerpt":{"rendered":"<p>IHM Reports Tuzla, Istanbul &#8211; Yalova and Mediterranean Sea As mescomar we provide inventory of hazardous materials (IHM) reports in Tuzla, Istanbul &#8211; Yalova and all across Mediterranean Sea. We can provide services 7\/24 and whether your ship is at sea, on anchor, docked or even at a shipyard. Just contact us for your needs. [&hellip;]<\/p>","protected":false},"author":1,"featured_media":0,"parent":7336,"menu_order":3,"comment_status":"closed","ping_status":"closed","template":"","meta":{"_et_pb_use_builder":"","_et_pb_old_content":"","_et_gb_content_width":"795","_monsterinsights_skip_tracking":false,"_monsterinsights_sitenote_active":false,"_monsterinsights_sitenote_note":"","_monsterinsights_sitenote_category":0,"footnotes":""},"class_list":["post-7279","page","type-page","status-publish","hentry"],"yoast_head":"<!-- This site is optimized with the Yoast SEO plugin v23.0 - https:\/\/yoast.com\/wordpress\/plugins\/seo\/ -->\n<title>IHM Report - Asbestos Removal - Mescomar<\/title>\n<meta name=\"description\" content=\"Your IHM Compliance Partner. Accurate IHM Manual preparation, rapid asbestos disposal for compliance. Trust us for the best solutions.\" \/>\n<meta name=\"robots\" content=\"index, follow, max-snippet:-1, max-image-preview:large, max-video-preview:-1\" \/>\n<link rel=\"canonical\" href=\"https:\/\/mescomar.com\/tr\/services__trashed\/marine-applications\/ihm-report-asbestos-removal\/\" \/>\n<meta property=\"og:locale\" content=\"tr_TR\" \/>\n<meta property=\"og:type\" content=\"article\" \/>\n<meta property=\"og:title\" content=\"IHM Report - Asbestos Removal - Mescomar\" \/>\n<meta property=\"og:description\" content=\"Your IHM Compliance Partner. Accurate IHM Manual preparation, rapid asbestos disposal for compliance. Trust us for the best solutions.\" \/>\n<meta property=\"og:url\" content=\"https:\/\/mescomar.com\/tr\/services__trashed\/marine-applications\/ihm-report-asbestos-removal\/\" \/>\n<meta property=\"og:site_name\" content=\"Mescomar\" \/>\n<meta property=\"article:modified_time\" content=\"2024-06-21T02:10:08+00:00\" \/>\n<meta property=\"og:image\" content=\"https:\/\/mescomar.com\/wp-content\/uploads\/2024\/03\/Bulk-Sampling.png\" \/>\n<meta name=\"twitter:card\" content=\"summary_large_image\" \/>\n<meta name=\"twitter:label1\" content=\"Tahmini okuma s\u00fcresi\" \/>\n\t<meta name=\"twitter:data1\" content=\"3 dakika\" \/>\n<script type=\"application\/ld+json\" class=\"yoast-schema-graph\">{\"@context\":\"https:\/\/schema.org\",\"@graph\":[{\"@type\":\"WebPage\",\"@id\":\"https:\/\/mescomar.com\/services__trashed\/marine-applications\/ihm-report-asbestos-removal\/\",\"url\":\"https:\/\/mescomar.com\/services__trashed\/marine-applications\/ihm-report-asbestos-removal\/\",\"name\":\"IHM Report - Asbestos Removal - Mescomar\",\"isPartOf\":{\"@id\":\"https:\/\/mescomar.com\/#website\"},\"primaryImageOfPage\":{\"@id\":\"https:\/\/mescomar.com\/services__trashed\/marine-applications\/ihm-report-asbestos-removal\/#primaryimage\"},\"image\":{\"@id\":\"https:\/\/mescomar.com\/services__trashed\/marine-applications\/ihm-report-asbestos-removal\/#primaryimage\"},\"thumbnailUrl\":\"https:\/\/mescomar.com\/wp-content\/uploads\/2024\/03\/Bulk-Sampling.png\",\"datePublished\":\"2024-03-07T05:32:09+00:00\",\"dateModified\":\"2024-06-21T02:10:08+00:00\",\"description\":\"Your IHM Compliance Partner. Accurate IHM Manual preparation, rapid asbestos disposal for compliance. Trust us for the best solutions.\",\"breadcrumb\":{\"@id\":\"https:\/\/mescomar.com\/services__trashed\/marine-applications\/ihm-report-asbestos-removal\/#breadcrumb\"},\"inLanguage\":\"tr\",\"potentialAction\":[{\"@type\":\"ReadAction\",\"target\":[\"https:\/\/mescomar.com\/services__trashed\/marine-applications\/ihm-report-asbestos-removal\/\"]}]},{\"@type\":\"ImageObject\",\"inLanguage\":\"tr\",\"@id\":\"https:\/\/mescomar.com\/services__trashed\/marine-applications\/ihm-report-asbestos-removal\/#primaryimage\",\"url\":\"https:\/\/mescomar.com\/wp-content\/uploads\/2024\/03\/Bulk-Sampling.png\",\"contentUrl\":\"https:\/\/mescomar.com\/wp-content\/uploads\/2024\/03\/Bulk-Sampling.png\"},{\"@type\":\"BreadcrumbList\",\"@id\":\"https:\/\/mescomar.com\/services__trashed\/marine-applications\/ihm-report-asbestos-removal\/#breadcrumb\",\"itemListElement\":[{\"@type\":\"ListItem\",\"position\":1,\"name\":\"Anasayfa\",\"item\":\"https:\/\/mescomar.com\/en\/\"},{\"@type\":\"ListItem\",\"position\":2,\"name\":\"SERVICES\",\"item\":\"https:\/\/mescomar.com\/?page_id=7150\"},{\"@type\":\"ListItem\",\"position\":3,\"name\":\"MARINE APPLICATIONS\",\"item\":\"https:\/\/mescomar.com\/services__trashed\/marine-applications\/\"},{\"@type\":\"ListItem\",\"position\":4,\"name\":\"IHM Report &#8211; Asbestos Removal\"}]},{\"@type\":\"WebSite\",\"@id\":\"https:\/\/mescomar.com\/#website\",\"url\":\"https:\/\/mescomar.com\/\",\"name\":\"Mescomar\",\"description\":\"Marine Engineering Solutions and Consultancy\",\"publisher\":{\"@id\":\"https:\/\/mescomar.com\/#organization\"},\"potentialAction\":[{\"@type\":\"SearchAction\",\"target\":{\"@type\":\"EntryPoint\",\"urlTemplate\":\"https:\/\/mescomar.com\/?s={search_term_string}\"},\"query-input\":\"required name=search_term_string\"}],\"inLanguage\":\"tr\"},{\"@type\":\"Organization\",\"@id\":\"https:\/\/mescomar.com\/#organization\",\"name\":\"Mescomar\",\"url\":\"https:\/\/mescomar.com\/\",\"logo\":{\"@type\":\"ImageObject\",\"inLanguage\":\"tr\",\"@id\":\"https:\/\/mescomar.com\/#\/schema\/logo\/image\/\",\"url\":\"https:\/\/mescomar.com\/wp-content\/uploads\/2023\/09\/mescomar-logo-vek.png\",\"contentUrl\":\"https:\/\/mescomar.com\/wp-content\/uploads\/2023\/09\/mescomar-logo-vek.png\",\"width\":177,\"height\":200,\"caption\":\"Mescomar\"},\"image\":{\"@id\":\"https:\/\/mescomar.com\/#\/schema\/logo\/image\/\"},\"sameAs\":[\"https:\/\/www.linkedin.com\/company\/mescomar\/\"]}]}<\/script>\n<!-- \/ Yoast SEO plugin. -->","yoast_head_json":{"title":"IHM Report - Asbestos Removal - Mescomar","description":"Your IHM Compliance Partner. Accurate IHM Manual preparation, rapid asbestos disposal for compliance. Trust us for the best solutions.","robots":{"index":"index","follow":"follow","max-snippet":"max-snippet:-1","max-image-preview":"max-image-preview:large","max-video-preview":"max-video-preview:-1"},"canonical":"https:\/\/mescomar.com\/tr\/services__trashed\/marine-applications\/ihm-report-asbestos-removal\/","og_locale":"tr_TR","og_type":"article","og_title":"IHM Report - Asbestos Removal - Mescomar","og_description":"Your IHM Compliance Partner. Accurate IHM Manual preparation, rapid asbestos disposal for compliance. Trust us for the best solutions.","og_url":"https:\/\/mescomar.com\/tr\/services__trashed\/marine-applications\/ihm-report-asbestos-removal\/","og_site_name":"Mescomar","article_modified_time":"2024-06-21T02:10:08+00:00","og_image":[{"url":"https:\/\/mescomar.com\/wp-content\/uploads\/2024\/03\/Bulk-Sampling.png"}],"twitter_card":"summary_large_image","twitter_misc":{"Tahmini okuma s\u00fcresi":"3 dakika"},"schema":{"@context":"https:\/\/schema.org","@graph":[{"@type":"WebPage","@id":"https:\/\/mescomar.com\/services__trashed\/marine-applications\/ihm-report-asbestos-removal\/","url":"https:\/\/mescomar.com\/services__trashed\/marine-applications\/ihm-report-asbestos-removal\/","name":"IHM Report - Asbestos Removal - Mescomar","isPartOf":{"@id":"https:\/\/mescomar.com\/#website"},"primaryImageOfPage":{"@id":"https:\/\/mescomar.com\/services__trashed\/marine-applications\/ihm-report-asbestos-removal\/#primaryimage"},"image":{"@id":"https:\/\/mescomar.com\/services__trashed\/marine-applications\/ihm-report-asbestos-removal\/#primaryimage"},"thumbnailUrl":"https:\/\/mescomar.com\/wp-content\/uploads\/2024\/03\/Bulk-Sampling.png","datePublished":"2024-03-07T05:32:09+00:00","dateModified":"2024-06-21T02:10:08+00:00","description":"Your IHM Compliance Partner. Accurate IHM Manual preparation, rapid asbestos disposal for compliance. Trust us for the best solutions.","breadcrumb":{"@id":"https:\/\/mescomar.com\/services__trashed\/marine-applications\/ihm-report-asbestos-removal\/#breadcrumb"},"inLanguage":"tr","potentialAction":[{"@type":"ReadAction","target":["https:\/\/mescomar.com\/services__trashed\/marine-applications\/ihm-report-asbestos-removal\/"]}]},{"@type":"ImageObject","inLanguage":"tr","@id":"https:\/\/mescomar.com\/services__trashed\/marine-applications\/ihm-report-asbestos-removal\/#primaryimage","url":"https:\/\/mescomar.com\/wp-content\/uploads\/2024\/03\/Bulk-Sampling.png","contentUrl":"https:\/\/mescomar.com\/wp-content\/uploads\/2024\/03\/Bulk-Sampling.png"},{"@type":"BreadcrumbList","@id":"https:\/\/mescomar.com\/services__trashed\/marine-applications\/ihm-report-asbestos-removal\/#breadcrumb","itemListElement":[{"@type":"ListItem","position":1,"name":"Anasayfa","item":"https:\/\/mescomar.com\/en\/"},{"@type":"ListItem","position":2,"name":"SERVICES","item":"https:\/\/mescomar.com\/?page_id=7150"},{"@type":"ListItem","position":3,"name":"MARINE APPLICATIONS","item":"https:\/\/mescomar.com\/services__trashed\/marine-applications\/"},{"@type":"ListItem","position":4,"name":"IHM Report &#8211; Asbestos Removal"}]},{"@type":"WebSite","@id":"https:\/\/mescomar.com\/#website","url":"https:\/\/mescomar.com\/","name":"Mescomar","description":"Marine Engineering Solutions and Consultancy","publisher":{"@id":"https:\/\/mescomar.com\/#organization"},"potentialAction":[{"@type":"SearchAction","target":{"@type":"EntryPoint","urlTemplate":"https:\/\/mescomar.com\/?s={search_term_string}"},"query-input":"required name=search_term_string"}],"inLanguage":"tr"},{"@type":"Organization","@id":"https:\/\/mescomar.com\/#organization","name":"Mescomar","url":"https:\/\/mescomar.com\/","logo":{"@type":"ImageObject","inLanguage":"tr","@id":"https:\/\/mescomar.com\/#\/schema\/logo\/image\/","url":"https:\/\/mescomar.com\/wp-content\/uploads\/2023\/09\/mescomar-logo-vek.png","contentUrl":"https:\/\/mescomar.com\/wp-content\/uploads\/2023\/09\/mescomar-logo-vek.png","width":177,"height":200,"caption":"Mescomar"},"image":{"@id":"https:\/\/mescomar.com\/#\/schema\/logo\/image\/"},"sameAs":["https:\/\/www.linkedin.com\/company\/mescomar\/"]}]}},"_links":{"self":[{"href":"https:\/\/mescomar.com\/tr\/wp-json\/wp\/v2\/pages\/7279","targetHints":{"allow":["GET"]}}],"collection":[{"href":"https:\/\/mescomar.com\/tr\/wp-json\/wp\/v2\/pages"}],"about":[{"href":"https:\/\/mescomar.com\/tr\/wp-json\/wp\/v2\/types\/page"}],"author":[{"embeddable":true,"href":"https:\/\/mescomar.com\/tr\/wp-json\/wp\/v2\/users\/1"}],"replies":[{"embeddable":true,"href":"https:\/\/mescomar.com\/tr\/wp-json\/wp\/v2\/comments?post=7279"}],"version-history":[{"count":26,"href":"https:\/\/mescomar.com\/tr\/wp-json\/wp\/v2\/pages\/7279\/revisions"}],"predecessor-version":[{"id":9427,"href":"https:\/\/mescomar.com\/tr\/wp-json\/wp\/v2\/pages\/7279\/revisions\/9427"}],"up":[{"embeddable":true,"href":"https:\/\/mescomar.com\/tr\/wp-json\/wp\/v2\/pages\/7336"}],"wp:attachment":[{"href":"https:\/\/mescomar.com\/tr\/wp-json\/wp\/v2\/media?parent=7279"}],"curies":[{"name":"wp","href":"https:\/\/api.w.org\/{rel}","templated":true}]}}