{"id":7275,"date":"2024-03-07T05:31:01","date_gmt":"2024-03-07T05:31:01","guid":{"rendered":"https:\/\/mescomar.com\/?page_id=7275"},"modified":"2024-06-21T05:46:09","modified_gmt":"2024-06-21T02:46:09","slug":"shapoli-shapoli","status":"publish","type":"page","link":"https:\/\/mescomar.com\/tr\/services\/marine-applications\/shapoli-shapoli\/","title":{"rendered":"Shapoli\/ShaPoLi"},"content":{"rendered":"<div class=\"wp-block-group has-link-color has-system-font-family has-normal-font-size wp-elements-0dacca4c11d3988ba385145d105ce52e is-layout-constrained wp-block-group-is-layout-constrained\" style=\"font-style:normal;font-weight:400\">\n<h1 class=\"wp-block-heading has-text-align-center has-black-color has-text-color has-link-color wp-elements-3ca38b43a5b36105feb7e9a8fb6ea00b\"><strong>Mescomar'dan Tuzla-\u0130stanbul ve Yalova'da Shapoli Hizmetleri<\/strong><\/h1>\n\n\n\n<hr class=\"wp-block-separator has-text-color has-black-color has-alpha-channel-opacity has-black-background-color has-background is-style-wide\"\/>\n\n\n\n<p style=\"font-size:18px\">Mescomar olarak Tuzla-\u0130stanbul ve Yalova'da Shapoli hizmeti vermekteyiz. Gemileriniz i\u00e7in optimum performans; bug\u00fcn bize ula\u015f\u0131n. Ayr\u0131ca T\u00fcrkiye'nin her yerinde ve Akdeniz b\u00f6lgesine hizmet vermekteyiz. Her t\u00fcrl\u00fc sorunuz i\u00e7in bizimle ileti\u015fime ge\u00e7mekten \u00e7ekinmeyin. Piyasadaki en iyi hizmetleri sunuyoruz. Nerede olursan\u0131z olun 7\/24 hizmet veriyoruz.<\/p>\n\n\n\n<div style=\"height:15px\" aria-hidden=\"true\" class=\"wp-block-spacer\"><\/div>\n\n\n\n<div class=\"wp-block-buttons is-layout-flex wp-block-buttons-is-layout-flex\">\n<div class=\"wp-block-button\"><a class=\"wp-block-button__link has-background wp-element-button\" href=\"https:\/\/mescomar.com\/tr\/contact\/\" style=\"border-radius:10px;background-color:#30d5c8\">Bize Ula\u015f\u0131n<\/a><\/div>\n<\/div>\n\n\n\n<div style=\"height:15px\" aria-hidden=\"true\" class=\"wp-block-spacer\"><\/div>\n\n\n\n<h2 class=\"wp-block-heading has-black-color has-text-color has-link-color wp-elements-0f02bbf0e44009e19fb4c492847cf616\"><strong>Shapoli nedir?<\/strong><\/h2>\n\n\n\n<hr class=\"wp-block-separator has-text-color has-black-color has-alpha-channel-opacity has-black-background-color has-background is-style-wide\" style=\"margin-top:var(--wp--preset--spacing--40);margin-bottom:var(--wp--preset--spacing--40)\"\/>\n\n\n\n<p class=\"has-foreground-color has-text-color has-link-color has-system-font-family wp-elements-1f903c8b7bb3636f00d0ca111a96a812 translation-block\" style=\"font-size:20px;font-style:normal;font-weight:400\">Shaft Power Limitation'\u0131n k\u0131saltmas\u0131 olan Shapoli, bir geminin makine g\u00fcc\u00fcn\u00fc EEXI hesaplamalar\u0131na dayal\u0131 olarak y\u00f6netmek i\u00e7in tasarlanm\u0131\u015f geli\u015fmi\u015f bir izleme sistemidir. Geleneksel g\u00fc\u00e7 s\u0131n\u0131rlama y\u00f6ntemlerinden farkl\u0131 olarak gemi \u015faft\u0131ndan devir ve g\u00fc\u00e7 \u00f6l\u00e7\u00fcm verilerini takip ederek \u00e7al\u0131\u015f\u0131r. Bu proaktif yakla\u015f\u0131m, m\u00fcrettebat\u0131n emisyon s\u0131n\u0131r\u0131 e\u015fiklerine yakla\u015f\u0131ld\u0131\u011f\u0131nda uyar\u0131lmas\u0131n\u0131 sa\u011flayarak, uygulaman\u0131n s\u00fcrd\u00fcr\u00fclmesi i\u00e7in zaman\u0131nda ayarlama yap\u0131lmas\u0131na olanak tan\u0131r.<\/p>\n\n\n\n<figure class=\"wp-block-image aligncenter size-full is-resized\"><img loading=\"lazy\" decoding=\"async\" width=\"559\" height=\"458\" src=\"https:\/\/mescomar.com\/wp-content\/uploads\/2024\/03\/Figure-1-ShaPoLi-add-on-overview.png\" alt=\"shapoli schema\" class=\"wp-image-8136\" style=\"width:417px;height:auto\" srcset=\"https:\/\/mescomar.com\/wp-content\/uploads\/2024\/03\/Figure-1-ShaPoLi-add-on-overview.png 559w, https:\/\/mescomar.com\/wp-content\/uploads\/2024\/03\/Figure-1-ShaPoLi-add-on-overview-300x246.png 300w\" sizes=\"auto, (max-width: 559px) 100vw, 559px\" \/><\/figure>\n\n\n\n<div style=\"height:35px\" aria-hidden=\"true\" class=\"wp-block-spacer\"><\/div>\n\n\n\n<h2 class=\"wp-block-heading has-text-align-center has-black-color has-text-color has-link-color wp-elements-80d45dbea6e7dce4d8827c979d562695\"><strong>Mescomar'da Shapoli \u00c7\u00f6z\u00fcmlerini Nas\u0131l Uyguluyoruz? <\/strong><\/h2>\n\n\n\n<hr class=\"wp-block-separator has-text-color has-black-color has-alpha-channel-opacity has-black-background-color has-background is-style-wide\" style=\"margin-top:var(--wp--preset--spacing--40);margin-bottom:var(--wp--preset--spacing--40)\"\/>\n\n\n\n<p class=\"has-link-color wp-elements-655ae406d73692a9187c78c5f4185c16 translation-block\" style=\"font-size:18px\">Mescomar olarak emisyon limitlerini a\u015fan EEXI hesaplama sonu\u00e7lar\u0131na y\u00f6nelik \u00e7\u00f6z\u00fcmlerin uygulanmas\u0131na \u00f6nc\u00fcl\u00fck ediyoruz. Uzman ekiplerimiz, \u00e7e\u015fitli \u015faft \u00f6l\u00e7\u00fcmleri ve servis a\u011flar\u0131na g\u00f6re uyarlanm\u0131\u015f bir dizi \u00e7\u00f6z\u00fcm sunmaktad\u0131r. Engin deneyimimiz ve teknik bilgi birikimimizle Shapoli'nin geminizin operasyonlar\u0131na kusursuz entegrasyonunu sa\u011fl\u0131yoruz, verimlili\u011fi optimize ederken yasal gerekliliklere uygunlu\u011fu da garantiliyoruz.<\/p>\n\n\n\n<div class=\"wp-block-group has-link-color has-system-font-family has-normal-font-size wp-elements-3fbacb68fce11621867b92415b4d238b is-layout-constrained wp-block-group-is-layout-constrained\" style=\"font-style:normal;font-weight:400\">\n<div style=\"height:35px\" aria-hidden=\"true\" class=\"wp-block-spacer\"><\/div>\n\n\n\n<h2 class=\"wp-block-heading has-text-align-center has-black-color has-text-color has-link-color wp-elements-cd01c7a364a7e3bfa80323b09fef0c8d\"><strong>Neden Shapoli \u00c7\u00f6z\u00fcmleri i\u00e7in Mescomar'\u0131 Tercih Etmelisiniz?<\/strong><\/h2>\n\n\n\n<hr class=\"wp-block-separator has-text-color has-black-color has-alpha-channel-opacity has-black-background-color has-background is-style-wide\" style=\"margin-top:var(--wp--preset--spacing--40);margin-bottom:var(--wp--preset--spacing--40)\"\/>\n\n\n\n<ul style=\"font-size:17px\" class=\"has-link-color wp-block-list wp-elements-ecf3ff8934659d268cd0d497ad25fce3\">\n<li class=\" translation-block\">Mescomar, denizcilik sekt\u00f6r\u00fcnde uzun y\u0131llara dayanan deneyime sahiptir ve bu da bizi Shapoli uygulamas\u0131nda ilk tercih haline getirmektedir. Deneyimli ekiplerimiz EEXI hesaplamalar\u0131n\u0131n karma\u015f\u0131kl\u0131\u011f\u0131n\u0131 anl\u0131yor ve Shapoli \u00e7\u00f6z\u00fcmlerini \u00f6zel ihtiya\u00e7lar\u0131n\u0131za g\u00f6re uyarlamak i\u00e7in i\u015fe koyuluyor.<\/li>\n\n\n\n<li><strong>Uygun Maliyetli \u00c7\u00f6z\u00fcmler<\/strong>: Kaliteden \u00f6d\u00fcn vermeden, uygun maliyetli \u00e7\u00f6z\u00fcmler sunmaya \u00f6ncelik veriyoruz. \u00d6zel anla\u015fmalar\u0131m\u0131z ve rekabet\u00e7i fiyatland\u0131rmam\u0131z sayesinde m\u00fc\u015fterilerimize e\u015fsiz bir de\u011fer sunarak, mali tasarruflar\u0131 en \u00fcst d\u00fczeye \u00e7\u0131kar\u0131rken reg\u00fclasyonlara uyum sa\u011flamalar\u0131na yard\u0131mc\u0131 oluyoruz.<\/li>\n\n\n\n<li><strong>K\u00fcresel Hizmet A\u011f\u0131<\/strong>: Mescomar ile, gemilerinizin \u00e7al\u0131\u015ft\u0131\u011f\u0131 her yerde an\u0131nda yard\u0131m ve destek sa\u011flayan k\u00fcresel bir hizmet a\u011f\u0131na eri\u015fim kazan\u0131rs\u0131n\u0131z. 7\/24 ula\u015f\u0131labilirli\u011fimiz, uzman yard\u0131m\u0131n\u0131n her zaman bir telefon uzakta oldu\u011funu bilerek i\u00e7inizin rahat olmas\u0131n\u0131 garanti eder.<\/li>\n\n\n\n<li><strong>\u00d6zel \u00c7\u00f6z\u00fcmler<\/strong>: Her geminin e\u015fsiz oldu\u011funun fark\u0131nday\u0131z, bu nedenle geminizin \u00f6zel gereksinimlerine g\u00f6re \u00f6zelle\u015ftirilmi\u015f anla\u015fmalar sunuyoruz. Farkl\u0131 \u015faft \u00f6l\u00e7\u00fcmleri i\u00e7in gerekli \u00e7\u00f6z\u00fcmler i\u00e7in Mescomar her daim yan\u0131n\u0131zdad\u0131r.<\/li>\n<\/ul>\n<\/div>\n\n\n\n<div class=\"wp-block-group has-foreground-color has-text-color has-link-color has-system-font-family has-normal-font-size wp-elements-caa2bb2da0b2778d4509bc2cc9b30b59 is-layout-constrained wp-block-group-is-layout-constrained\" style=\"font-style:normal;font-weight:400\">\n<div style=\"height:10px\" aria-hidden=\"true\" class=\"wp-block-spacer\"><\/div>\n\n\n\n<h3 class=\"wp-block-heading alignwide has-text-align-center has-black-color has-text-color has-link-color wp-elements-619e1aeb0ea1c26490411ea96c0fa72d\"><strong>Verimlilik ve Performans\u0131 Deneyimleyin<\/strong><\/h3>\n\n\n\n<hr class=\"wp-block-separator alignwide has-text-color has-black-color has-alpha-channel-opacity has-black-background-color has-background is-style-wide\" style=\"margin-top:var(--wp--preset--spacing--40);margin-bottom:var(--wp--preset--spacing--40)\"\/>\n\n\n\n<p class=\"has-text-align-center\">Mescomar'\u0131n faydalar\u0131n\u0131 deneyimleyen say\u0131s\u0131z memnun m\u00fc\u015fteriye kat\u0131l\u0131n. Mevzuata uygunlu\u011fu sa\u011flarken geminizin performans\u0131n\u0131 optimize etmenize nas\u0131l yard\u0131mc\u0131 olabilece\u011fimiz hakk\u0131nda daha fazla bilgi edinmek ve ke\u015ffetmek i\u00e7in bug\u00fcn bizimle ileti\u015fime ge\u00e7in.<\/p>\n\n\n\n<div style=\"height:20px\" aria-hidden=\"true\" class=\"wp-block-spacer\"><\/div>\n<\/div>\n<\/div>","protected":false},"excerpt":{"rendered":"<p>Shapoli Services by Mescomar in Tuzla-Istanbul and Yalova As mescomar we provide Shapoli services in Tuzla-Istanbul and Yalova. For your ships optimal performance; reach us today. We also give services all around Turkey and Mediterranean region. For any kind of questions don&#8217;t hesitate to contact us. We provide the best services in the market. We [&hellip;]<\/p>","protected":false},"author":1,"featured_media":0,"parent":7336,"menu_order":2,"comment_status":"closed","ping_status":"closed","template":"","meta":{"_et_pb_use_builder":"","_et_pb_old_content":"","_et_gb_content_width":"","_monsterinsights_skip_tracking":false,"_monsterinsights_sitenote_active":false,"_monsterinsights_sitenote_note":"","_monsterinsights_sitenote_category":0,"footnotes":""},"class_list":["post-7275","page","type-page","status-publish","hentry"],"yoast_head":"<!-- This site is optimized with the Yoast SEO plugin v23.0 - https:\/\/yoast.com\/wordpress\/plugins\/seo\/ -->\n<title>Shapoli\/ShaPoLi - Mescomar<\/title>\n<meta name=\"description\" content=\"Comprehensive Pricing, Supply and Support Solutions for Shapoli. Tailored Products, Continuous Assistance and Regulatory Integration.\" \/>\n<meta name=\"robots\" content=\"index, follow, max-snippet:-1, max-image-preview:large, max-video-preview:-1\" \/>\n<link rel=\"canonical\" href=\"https:\/\/mescomar.com\/tr\/services__trashed\/marine-applications\/shapoli-shapoli\/\" \/>\n<meta property=\"og:locale\" content=\"tr_TR\" \/>\n<meta property=\"og:type\" content=\"article\" \/>\n<meta property=\"og:title\" content=\"Shapoli\/ShaPoLi - Mescomar\" \/>\n<meta property=\"og:description\" content=\"Comprehensive Pricing, Supply and Support Solutions for Shapoli. Tailored Products, Continuous Assistance and Regulatory Integration.\" \/>\n<meta property=\"og:url\" content=\"https:\/\/mescomar.com\/tr\/services__trashed\/marine-applications\/shapoli-shapoli\/\" \/>\n<meta property=\"og:site_name\" content=\"Mescomar\" \/>\n<meta property=\"article:modified_time\" content=\"2024-06-21T02:46:09+00:00\" \/>\n<meta property=\"og:image\" content=\"https:\/\/mescomar.com\/wp-content\/uploads\/2024\/03\/Figure-1-ShaPoLi-add-on-overview.png\" \/>\n<meta name=\"twitter:card\" content=\"summary_large_image\" \/>\n<meta name=\"twitter:label1\" content=\"Tahmini okuma s\u00fcresi\" \/>\n\t<meta name=\"twitter:data1\" content=\"2 dakika\" \/>\n<script type=\"application\/ld+json\" class=\"yoast-schema-graph\">{\"@context\":\"https:\/\/schema.org\",\"@graph\":[{\"@type\":\"WebPage\",\"@id\":\"https:\/\/mescomar.com\/services__trashed\/marine-applications\/shapoli-shapoli\/\",\"url\":\"https:\/\/mescomar.com\/services__trashed\/marine-applications\/shapoli-shapoli\/\",\"name\":\"Shapoli\/ShaPoLi - Mescomar\",\"isPartOf\":{\"@id\":\"https:\/\/mescomar.com\/#website\"},\"primaryImageOfPage\":{\"@id\":\"https:\/\/mescomar.com\/services__trashed\/marine-applications\/shapoli-shapoli\/#primaryimage\"},\"image\":{\"@id\":\"https:\/\/mescomar.com\/services__trashed\/marine-applications\/shapoli-shapoli\/#primaryimage\"},\"thumbnailUrl\":\"https:\/\/mescomar.com\/wp-content\/uploads\/2024\/03\/Figure-1-ShaPoLi-add-on-overview.png\",\"datePublished\":\"2024-03-07T05:31:01+00:00\",\"dateModified\":\"2024-06-21T02:46:09+00:00\",\"description\":\"Comprehensive Pricing, Supply and Support Solutions for Shapoli. Tailored Products, Continuous Assistance and Regulatory Integration.\",\"breadcrumb\":{\"@id\":\"https:\/\/mescomar.com\/services__trashed\/marine-applications\/shapoli-shapoli\/#breadcrumb\"},\"inLanguage\":\"tr\",\"potentialAction\":[{\"@type\":\"ReadAction\",\"target\":[\"https:\/\/mescomar.com\/services__trashed\/marine-applications\/shapoli-shapoli\/\"]}]},{\"@type\":\"ImageObject\",\"inLanguage\":\"tr\",\"@id\":\"https:\/\/mescomar.com\/services__trashed\/marine-applications\/shapoli-shapoli\/#primaryimage\",\"url\":\"https:\/\/mescomar.com\/wp-content\/uploads\/2024\/03\/Figure-1-ShaPoLi-add-on-overview.png\",\"contentUrl\":\"https:\/\/mescomar.com\/wp-content\/uploads\/2024\/03\/Figure-1-ShaPoLi-add-on-overview.png\"},{\"@type\":\"BreadcrumbList\",\"@id\":\"https:\/\/mescomar.com\/services__trashed\/marine-applications\/shapoli-shapoli\/#breadcrumb\",\"itemListElement\":[{\"@type\":\"ListItem\",\"position\":1,\"name\":\"Anasayfa\",\"item\":\"https:\/\/mescomar.com\/en\/\"},{\"@type\":\"ListItem\",\"position\":2,\"name\":\"SERVICES\",\"item\":\"https:\/\/mescomar.com\/?page_id=7150\"},{\"@type\":\"ListItem\",\"position\":3,\"name\":\"MARINE APPLICATIONS\",\"item\":\"https:\/\/mescomar.com\/services__trashed\/marine-applications\/\"},{\"@type\":\"ListItem\",\"position\":4,\"name\":\"Shapoli\/ShaPoLi\"}]},{\"@type\":\"WebSite\",\"@id\":\"https:\/\/mescomar.com\/#website\",\"url\":\"https:\/\/mescomar.com\/\",\"name\":\"Mescomar\",\"description\":\"Marine Engineering Solutions and Consultancy\",\"publisher\":{\"@id\":\"https:\/\/mescomar.com\/#organization\"},\"potentialAction\":[{\"@type\":\"SearchAction\",\"target\":{\"@type\":\"EntryPoint\",\"urlTemplate\":\"https:\/\/mescomar.com\/?s={search_term_string}\"},\"query-input\":\"required name=search_term_string\"}],\"inLanguage\":\"tr\"},{\"@type\":\"Organization\",\"@id\":\"https:\/\/mescomar.com\/#organization\",\"name\":\"Mescomar\",\"url\":\"https:\/\/mescomar.com\/\",\"logo\":{\"@type\":\"ImageObject\",\"inLanguage\":\"tr\",\"@id\":\"https:\/\/mescomar.com\/#\/schema\/logo\/image\/\",\"url\":\"https:\/\/mescomar.com\/wp-content\/uploads\/2023\/09\/mescomar-logo-vek.png\",\"contentUrl\":\"https:\/\/mescomar.com\/wp-content\/uploads\/2023\/09\/mescomar-logo-vek.png\",\"width\":177,\"height\":200,\"caption\":\"Mescomar\"},\"image\":{\"@id\":\"https:\/\/mescomar.com\/#\/schema\/logo\/image\/\"},\"sameAs\":[\"https:\/\/www.linkedin.com\/company\/mescomar\/\"]}]}<\/script>\n<!-- \/ Yoast SEO plugin. -->","yoast_head_json":{"title":"Shapoli\/ShaPoLi - Mescomar","description":"Comprehensive Pricing, Supply and Support Solutions for Shapoli. Tailored Products, Continuous Assistance and Regulatory Integration.","robots":{"index":"index","follow":"follow","max-snippet":"max-snippet:-1","max-image-preview":"max-image-preview:large","max-video-preview":"max-video-preview:-1"},"canonical":"https:\/\/mescomar.com\/tr\/services__trashed\/marine-applications\/shapoli-shapoli\/","og_locale":"tr_TR","og_type":"article","og_title":"Shapoli\/ShaPoLi - Mescomar","og_description":"Comprehensive Pricing, Supply and Support Solutions for Shapoli. Tailored Products, Continuous Assistance and Regulatory Integration.","og_url":"https:\/\/mescomar.com\/tr\/services__trashed\/marine-applications\/shapoli-shapoli\/","og_site_name":"Mescomar","article_modified_time":"2024-06-21T02:46:09+00:00","og_image":[{"url":"https:\/\/mescomar.com\/wp-content\/uploads\/2024\/03\/Figure-1-ShaPoLi-add-on-overview.png"}],"twitter_card":"summary_large_image","twitter_misc":{"Tahmini okuma s\u00fcresi":"2 dakika"},"schema":{"@context":"https:\/\/schema.org","@graph":[{"@type":"WebPage","@id":"https:\/\/mescomar.com\/services__trashed\/marine-applications\/shapoli-shapoli\/","url":"https:\/\/mescomar.com\/services__trashed\/marine-applications\/shapoli-shapoli\/","name":"Shapoli\/ShaPoLi - Mescomar","isPartOf":{"@id":"https:\/\/mescomar.com\/#website"},"primaryImageOfPage":{"@id":"https:\/\/mescomar.com\/services__trashed\/marine-applications\/shapoli-shapoli\/#primaryimage"},"image":{"@id":"https:\/\/mescomar.com\/services__trashed\/marine-applications\/shapoli-shapoli\/#primaryimage"},"thumbnailUrl":"https:\/\/mescomar.com\/wp-content\/uploads\/2024\/03\/Figure-1-ShaPoLi-add-on-overview.png","datePublished":"2024-03-07T05:31:01+00:00","dateModified":"2024-06-21T02:46:09+00:00","description":"Comprehensive Pricing, Supply and Support Solutions for Shapoli. Tailored Products, Continuous Assistance and Regulatory Integration.","breadcrumb":{"@id":"https:\/\/mescomar.com\/services__trashed\/marine-applications\/shapoli-shapoli\/#breadcrumb"},"inLanguage":"tr","potentialAction":[{"@type":"ReadAction","target":["https:\/\/mescomar.com\/services__trashed\/marine-applications\/shapoli-shapoli\/"]}]},{"@type":"ImageObject","inLanguage":"tr","@id":"https:\/\/mescomar.com\/services__trashed\/marine-applications\/shapoli-shapoli\/#primaryimage","url":"https:\/\/mescomar.com\/wp-content\/uploads\/2024\/03\/Figure-1-ShaPoLi-add-on-overview.png","contentUrl":"https:\/\/mescomar.com\/wp-content\/uploads\/2024\/03\/Figure-1-ShaPoLi-add-on-overview.png"},{"@type":"BreadcrumbList","@id":"https:\/\/mescomar.com\/services__trashed\/marine-applications\/shapoli-shapoli\/#breadcrumb","itemListElement":[{"@type":"ListItem","position":1,"name":"Anasayfa","item":"https:\/\/mescomar.com\/en\/"},{"@type":"ListItem","position":2,"name":"SERVICES","item":"https:\/\/mescomar.com\/?page_id=7150"},{"@type":"ListItem","position":3,"name":"MARINE APPLICATIONS","item":"https:\/\/mescomar.com\/services__trashed\/marine-applications\/"},{"@type":"ListItem","position":4,"name":"Shapoli\/ShaPoLi"}]},{"@type":"WebSite","@id":"https:\/\/mescomar.com\/#website","url":"https:\/\/mescomar.com\/","name":"Mescomar","description":"Marine Engineering Solutions and Consultancy","publisher":{"@id":"https:\/\/mescomar.com\/#organization"},"potentialAction":[{"@type":"SearchAction","target":{"@type":"EntryPoint","urlTemplate":"https:\/\/mescomar.com\/?s={search_term_string}"},"query-input":"required name=search_term_string"}],"inLanguage":"tr"},{"@type":"Organization","@id":"https:\/\/mescomar.com\/#organization","name":"Mescomar","url":"https:\/\/mescomar.com\/","logo":{"@type":"ImageObject","inLanguage":"tr","@id":"https:\/\/mescomar.com\/#\/schema\/logo\/image\/","url":"https:\/\/mescomar.com\/wp-content\/uploads\/2023\/09\/mescomar-logo-vek.png","contentUrl":"https:\/\/mescomar.com\/wp-content\/uploads\/2023\/09\/mescomar-logo-vek.png","width":177,"height":200,"caption":"Mescomar"},"image":{"@id":"https:\/\/mescomar.com\/#\/schema\/logo\/image\/"},"sameAs":["https:\/\/www.linkedin.com\/company\/mescomar\/"]}]}},"_links":{"self":[{"href":"https:\/\/mescomar.com\/tr\/wp-json\/wp\/v2\/pages\/7275","targetHints":{"allow":["GET"]}}],"collection":[{"href":"https:\/\/mescomar.com\/tr\/wp-json\/wp\/v2\/pages"}],"about":[{"href":"https:\/\/mescomar.com\/tr\/wp-json\/wp\/v2\/types\/page"}],"author":[{"embeddable":true,"href":"https:\/\/mescomar.com\/tr\/wp-json\/wp\/v2\/users\/1"}],"replies":[{"embeddable":true,"href":"https:\/\/mescomar.com\/tr\/wp-json\/wp\/v2\/comments?post=7275"}],"version-history":[{"count":35,"href":"https:\/\/mescomar.com\/tr\/wp-json\/wp\/v2\/pages\/7275\/revisions"}],"predecessor-version":[{"id":9448,"href":"https:\/\/mescomar.com\/tr\/wp-json\/wp\/v2\/pages\/7275\/revisions\/9448"}],"up":[{"embeddable":true,"href":"https:\/\/mescomar.com\/tr\/wp-json\/wp\/v2\/pages\/7336"}],"wp:attachment":[{"href":"https:\/\/mescomar.com\/tr\/wp-json\/wp\/v2\/media?parent=7275"}],"curies":[{"name":"wp","href":"https:\/\/api.w.org\/{rel}","templated":true}]}}