{"id":7273,"date":"2024-03-07T05:30:40","date_gmt":"2024-03-07T05:30:40","guid":{"rendered":"https:\/\/mescomar.com\/?page_id=7273"},"modified":"2024-06-30T23:19:40","modified_gmt":"2024-06-30T20:19:40","slug":"epl-engine-power-limitation","status":"publish","type":"page","link":"https:\/\/mescomar.com\/tr\/services\/marine-applications\/epl-engine-power-limitation\/","title":{"rendered":"EPL ( Engine Power Limitation)"},"content":{"rendered":"<div class=\"wp-block-group has-black-color has-text-color has-link-color wp-elements-f1f36620095f8b9e4d5a3ffd274a70a8 is-layout-constrained wp-block-group-is-layout-constrained\">\n<h1 class=\"wp-block-heading has-black-color has-text-color has-link-color has-large-font-size wp-elements-e22cf7f3040536bc34a7dcad0a8245d0\"><strong>Engine Power Limitation (EPL) Tuzla \u2013 Yalova<\/strong><\/h1>\n\n\n\n<hr class=\"wp-block-separator has-text-color has-black-color has-alpha-channel-opacity has-black-background-color has-background is-style-wide\"\/>\n\n\n\n<p style=\"font-size:20px\" class=\" translation-block\">Mescomar olarak Tuzla, \u0130stanbul \u2013 Yalova ve Akdeniz genelinde engine power limitation hizmetleri vermekteyiz. EEXI dosyan\u0131za g\u00f6re EPL hizmetlerini y\u00fcr\u00fct\u00fcyor, 7\/24 EPL hizmetleri sa\u011fl\u0131yoruz.<\/p>\n\n\n\n<div style=\"height:15px\" aria-hidden=\"true\" class=\"wp-block-spacer\"><\/div>\n\n\n\n<div class=\"wp-block-buttons is-layout-flex wp-block-buttons-is-layout-flex\">\n<div class=\"wp-block-button\"><a class=\"wp-block-button__link has-background wp-element-button\" href=\"https:\/\/mescomar.com\/tr\/contact\/\" style=\"border-radius:10px;background-color:#30d5c8\">Bize Ula\u015f\u0131n<\/a><\/div>\n<\/div>\n\n\n\n<div style=\"height:15px\" aria-hidden=\"true\" class=\"wp-block-spacer\"><\/div>\n\n\n\n<hr class=\"wp-block-separator has-text-color has-black-color has-alpha-channel-opacity has-black-background-color has-background is-style-wide\"\/>\n\n\n\n<p style=\"font-size:18px;font-style:normal;font-weight:400\" class=\" translation-block\">Denizcilik m\u00fchendisli\u011finde \u00f6nemli bir kavram olan Engine Power Limitation (EPL), EEXI (Energy Efficiency Existing Ship Index) taraf\u0131ndan hesaplanan ve emisyon limitlerini a\u015fan sonu\u00e7lara g\u00f6re geminin ana makinesine uygulanan k\u0131s\u0131tlamay\u0131 ifade eder. Bu s\u0131n\u0131rlama, kapsam\u0131 ve oran\u0131 tamamen EEXI hesaplamas\u0131ndan elde edilen verilerle belirlenecek \u015fekilde, \u00e7e\u015fitli \u015fekillerde uygulanabilir.<\/p>\n\n\n\n<div style=\"height:10px\" aria-hidden=\"true\" class=\"wp-block-spacer\"><\/div>\n<\/div>\n\n\n\n<div class=\"wp-block-group has-black-color has-text-color has-link-color wp-elements-8d647bcfee612067f87351ada1dac852 is-layout-constrained wp-block-group-is-layout-constrained\">\n<h2 class=\"wp-block-heading has-black-color has-text-color has-link-color wp-elements-88f549a2f523814c470c9eec493b3eb8\" style=\"font-size:30px\"><strong>Engine Power Limitation'\u0131n (EPL) Uygulanmas\u0131<\/strong><\/h2>\n\n\n\n<hr class=\"wp-block-separator has-text-color has-black-color has-alpha-channel-opacity has-black-background-color has-background is-style-wide\"\/>\n\n\n\n<p style=\"font-size:20px\">EPL genellikle \u00fc\u00e7 ana y\u00f6ntemle uygulan\u0131r:<\/p>\n\n\n\n<div style=\"height:10px\" aria-hidden=\"true\" class=\"wp-block-spacer\"><\/div>\n\n\n\n<ol class=\"wp-block-list\" style=\"font-size:18px\">\n<li><strong>Mekanik Govern\u00f6r S\u0131n\u0131rlamas\u0131:<\/strong> Bu y\u00f6ntem, geminin ana makinesindeki mekanik reg\u00fclat\u00f6r\u00fcne uygulanan m\u00fch\u00fcrl\u00fc bir limit vidas\u0131n\u0131n kullan\u0131m\u0131n\u0131 i\u00e7erir.<\/li>\n\n\n\n<li><strong>Electronic Govern\u00f6r S\u0131n\u0131rlamas\u0131:<\/strong> Bu y\u00f6ntem ile geminin ana makinesine elektronik reg\u00fclat\u00f6r arac\u0131l\u0131\u011f\u0131yla elektronik limit getirilmektedir.<\/li>\n\n\n\n<li><strong>Kontrol Edilebilir Pitch Pervane (CPP) S\u0131n\u0131rlamas\u0131:<\/strong> S\u0131n\u0131rlama ayn\u0131 zamanda pervane kanatlar\u0131n\u0131n e\u011fim olarak bilinen a\u00e7\u0131s\u0131n\u0131n bir CPP sistemi arac\u0131l\u0131\u011f\u0131yla d\u00fczenlenmesiyle de sa\u011flanabilir.<\/li>\n<\/ol>\n\n\n\n<hr class=\"wp-block-separator has-alpha-channel-opacity\"\/>\n\n\n\n<figure class=\"wp-block-image\"><img decoding=\"async\" src=\"https:\/\/mescomar.com\/wp-content\/uploads\/2024\/03\/WhatsApp-Gorsel-2024-03-16-saat-18.12.00_8c5748bc-1024x700.jpg\" alt=\"Engine-Power-Limitation schema\"\/><\/figure>\n<\/div>\n\n\n\n<div class=\"wp-block-group has-black-color has-text-color has-link-color wp-elements-cf021a8b3c37d480a5e375230367556d is-layout-constrained wp-block-group-is-layout-constrained\">\n<h2 class=\"wp-block-heading has-black-color has-text-color has-link-color wp-elements-f59f174d5d0dd120f2dacf8887511f89\" style=\"font-size:30px\"><strong>Mescomar&#8217;s Approach on Engine Power Limitation (EPL) Implementation<\/strong><\/h2>\n\n\n\n<hr class=\"wp-block-separator has-text-color has-black-color has-alpha-channel-opacity has-black-background-color has-background is-style-wide\"\/>\n\n\n\n<p style=\"font-size:17px\" class=\" translation-block\">Mescomar olarak \u00e7e\u015fitli EEXI hesaplamalar\u0131na g\u00f6re emisyon limitlerini a\u015fan gemiler i\u00e7in \u00e7ok say\u0131da EPL uygulamas\u0131 ger\u00e7ekle\u015ftirdik. Hizmetlerimizi d\u00fcnyan\u0131n neresinde olursan\u0131z olun h\u0131zl\u0131 bir \u015fekilde uygulanarak uyumluluk sa\u011flan\u0131r. Uygulaman\u0131n hemen ard\u0131ndan, EPL verileri Geminin \u0130\u015fletme ve Bak\u0131m El Kitab\u0131na (OMM) kaydedilerek hem Klas'a hem de gemi operat\u00f6rlerine gerekli bilgiler sa\u011flan\u0131r.<\/p>\n\n\n\n<figure class=\"wp-block-image\"><img decoding=\"async\" src=\"https:\/\/mescomar.com\/wp-content\/uploads\/2024\/03\/WhatsApp-Gorsel-2024-03-16-saat-18.12.02_6a5ac262-1024x474.jpg\" alt=\"Enagine-Power-Limitation application\"\/><\/figure>\n<\/div>\n\n\n\n<div class=\"wp-block-group has-black-color has-text-color has-link-color wp-elements-d858469b68a716c4bdae3ca56213b376 is-layout-constrained wp-block-group-is-layout-constrained\">\n<div style=\"height:10px\" aria-hidden=\"true\" class=\"wp-block-spacer\"><\/div>\n\n\n\n<h3 class=\"wp-block-heading has-black-color has-text-color has-link-color wp-elements-e777033d3161ab3e3de66681bc7fb703\" style=\"font-size:20px\"><strong>Neden EPL i\u00e7in Mescomar'\u0131 Se\u00e7melisiniz?<\/strong><\/h3>\n\n\n\n<hr class=\"wp-block-separator has-alpha-channel-opacity\"\/>\n\n\n\n<p class=\"has-black-color has-text-color has-link-color wp-elements-46df764ae1271ea349bc4c5e9520c03c\" style=\"font-size:17px\">Mescomar, en h\u0131zl\u0131, en verimli ve uygun maliyetli EPL uygulamalar\u0131n\u0131 sa\u011flamas\u0131yla d\u00fcnya \u00e7ap\u0131nda \u00f6ne \u00e7\u0131k\u0131yor. Klas prosed\u00fcrlerinde benzersiz uzmanl\u0131\u011fa sahip uzman ekibimizin deste\u011fiyle, hem m\u00fc\u015fterilerimizin hem de Klas yetkililerinin beklentilerini kar\u015f\u0131l\u0131yoruz. Sekt\u00f6r lideri ekibimizle 7\/24 hizmetinizde olan Mescomar, benzersiz destek ve hizmet m\u00fckemmelli\u011fi sunuyor.<\/p>\n\n\n\n<div style=\"height:15px\" aria-hidden=\"true\" class=\"wp-block-spacer\"><\/div>\n\n\n\n<ul style=\"font-size:17px\" class=\"has-black-color has-text-color has-link-color wp-block-list wp-elements-534ff18e961817d6b96187678946a88d\">\n<li><strong>H\u0131zl\u0131 ve Verimli Uygulama:<\/strong>&nbsp;MESCOMAR'\u0131n EPL uygulamalar\u0131 son derece \u00e7abuk hayata ge\u00e7er. Verimlilikten \u00f6d\u00fcn vermeden emisyon s\u0131n\u0131rlar\u0131na uygunlu\u011fu sa\u011flayarak gemi performans\u0131n\u0131 optimize ediyoruz. Sizler i\u00e7in kolayla\u015ft\u0131r\u0131lm\u0131\u015f s\u00fcre\u00e7lerimiz denizcilik operasyonlar\u0131n\u0131z\u0131n sorunsuz \u015fekilde ilerlemesini sa\u011flar.<\/li>\n\n\n\n<li><strong>Klas Onayl\u0131 Uzmanl\u0131k:<\/strong>&nbsp;Uzman ekibimiz Klas prosed\u00fcrleri konusunda e\u015fsiz bilgiye sahiptir. D\u00fczenlemelerin karma\u015f\u0131kl\u0131\u011f\u0131n\u0131 y\u00f6netiyor, m\u00fc\u015fteri beklentilerini kar\u015f\u0131l\u0131yor ve a\u015f\u0131yoruz. Geminizin en y\u00fcksek potansiyelde \u00e7al\u0131\u015fmas\u0131n\u0131 garantilemek i\u00e7in MESCOMAR'a g\u00fcvenin.<\/li>\n\n\n\n<li><p><strong>24 Saat Destek:<\/strong>&nbsp;MESCOMAR'da destek zaman dilimi tan\u0131maz. Sekt\u00f6r lideri ekibimiz 7\/24 hizmetinizde olup EPL ile ilgili t\u00fcm sorular\u0131 veya acil durumlar\u0131 \u00e7\u00f6zmeye haz\u0131rd\u0131r. Bizim i\u00e7in hizmet m\u00fckemmelli\u011fi sadece bir vaat de\u011fildir; bu bir garantidir.<\/p><br><\/li>\n<\/ul>\n<\/div>","protected":false},"excerpt":{"rendered":"<p>Engine Power Limitation (EPL) Tuzla &#8211; Yalova As mescomar we provide engine power limitaion services in Tuzla, Istanbul &#8211; Yalova and across Meditteranean Sea. We conduct EPL services according to your EEXI file, We provide EPL services 7\/24. Engine Power Limitation (EPL), a crucial concept in maritime engineering, pertains to the restriction applied to a [&hellip;]<\/p>","protected":false},"author":1,"featured_media":0,"parent":7336,"menu_order":1,"comment_status":"closed","ping_status":"closed","template":"","meta":{"_et_pb_use_builder":"","_et_pb_old_content":"","_et_gb_content_width":"","_monsterinsights_skip_tracking":false,"_monsterinsights_sitenote_active":false,"_monsterinsights_sitenote_note":"","_monsterinsights_sitenote_category":0,"footnotes":""},"class_list":["post-7273","page","type-page","status-publish","hentry"],"yoast_head":"<!-- This site is optimized with the Yoast SEO plugin v23.0 - https:\/\/yoast.com\/wordpress\/plugins\/seo\/ -->\n<title>Engine Power Limitation (EPL) - Mescomar<\/title>\n<meta name=\"description\" content=\"Engine Power Limitation( EPL) is Crutial For Marine Sector. We Mescomar, Provide You The Best in Business EPL Appliance Within The Best Prices\" \/>\n<meta name=\"robots\" content=\"index, follow, max-snippet:-1, max-image-preview:large, max-video-preview:-1\" \/>\n<link rel=\"canonical\" href=\"https:\/\/mescomar.com\/tr\/services__trashed\/marine-applications\/epl-engine-power-limitation\/\" \/>\n<meta property=\"og:locale\" content=\"tr_TR\" \/>\n<meta property=\"og:type\" content=\"article\" \/>\n<meta property=\"og:title\" content=\"Engine Power Limitation (EPL) - Mescomar\" \/>\n<meta property=\"og:description\" content=\"Engine Power Limitation( EPL) is Crutial For Marine Sector. We Mescomar, Provide You The Best in Business EPL Appliance Within The Best Prices\" \/>\n<meta property=\"og:url\" content=\"https:\/\/mescomar.com\/tr\/services__trashed\/marine-applications\/epl-engine-power-limitation\/\" \/>\n<meta property=\"og:site_name\" content=\"Mescomar\" \/>\n<meta property=\"article:modified_time\" content=\"2024-06-30T20:19:40+00:00\" \/>\n<meta property=\"og:image\" content=\"https:\/\/mescomar.com\/wp-content\/uploads\/2024\/03\/WhatsApp-Gorsel-2024-03-16-saat-18.12.00_8c5748bc-1024x700.jpg\" \/>\n<meta name=\"twitter:card\" content=\"summary_large_image\" \/>\n<meta name=\"twitter:label1\" content=\"Tahmini okuma s\u00fcresi\" \/>\n\t<meta name=\"twitter:data1\" content=\"3 dakika\" \/>\n<script type=\"application\/ld+json\" class=\"yoast-schema-graph\">{\"@context\":\"https:\/\/schema.org\",\"@graph\":[{\"@type\":\"WebPage\",\"@id\":\"https:\/\/mescomar.com\/services__trashed\/marine-applications\/epl-engine-power-limitation\/\",\"url\":\"https:\/\/mescomar.com\/services__trashed\/marine-applications\/epl-engine-power-limitation\/\",\"name\":\"Engine Power Limitation (EPL) - Mescomar\",\"isPartOf\":{\"@id\":\"https:\/\/mescomar.com\/#website\"},\"primaryImageOfPage\":{\"@id\":\"https:\/\/mescomar.com\/services__trashed\/marine-applications\/epl-engine-power-limitation\/#primaryimage\"},\"image\":{\"@id\":\"https:\/\/mescomar.com\/services__trashed\/marine-applications\/epl-engine-power-limitation\/#primaryimage\"},\"thumbnailUrl\":\"https:\/\/mescomar.com\/wp-content\/uploads\/2024\/03\/WhatsApp-Gorsel-2024-03-16-saat-18.12.00_8c5748bc-1024x700.jpg\",\"datePublished\":\"2024-03-07T05:30:40+00:00\",\"dateModified\":\"2024-06-30T20:19:40+00:00\",\"description\":\"Engine Power Limitation( EPL) is Crutial For Marine Sector. We Mescomar, Provide You The Best in Business EPL Appliance Within The Best Prices\",\"breadcrumb\":{\"@id\":\"https:\/\/mescomar.com\/services__trashed\/marine-applications\/epl-engine-power-limitation\/#breadcrumb\"},\"inLanguage\":\"tr\",\"potentialAction\":[{\"@type\":\"ReadAction\",\"target\":[\"https:\/\/mescomar.com\/services__trashed\/marine-applications\/epl-engine-power-limitation\/\"]}]},{\"@type\":\"ImageObject\",\"inLanguage\":\"tr\",\"@id\":\"https:\/\/mescomar.com\/services__trashed\/marine-applications\/epl-engine-power-limitation\/#primaryimage\",\"url\":\"https:\/\/mescomar.com\/wp-content\/uploads\/2024\/03\/WhatsApp-Gorsel-2024-03-16-saat-18.12.00_8c5748bc-1024x700.jpg\",\"contentUrl\":\"https:\/\/mescomar.com\/wp-content\/uploads\/2024\/03\/WhatsApp-Gorsel-2024-03-16-saat-18.12.00_8c5748bc-1024x700.jpg\"},{\"@type\":\"BreadcrumbList\",\"@id\":\"https:\/\/mescomar.com\/services__trashed\/marine-applications\/epl-engine-power-limitation\/#breadcrumb\",\"itemListElement\":[{\"@type\":\"ListItem\",\"position\":1,\"name\":\"Anasayfa\",\"item\":\"https:\/\/mescomar.com\/en\/\"},{\"@type\":\"ListItem\",\"position\":2,\"name\":\"SERVICES\",\"item\":\"https:\/\/mescomar.com\/?page_id=7150\"},{\"@type\":\"ListItem\",\"position\":3,\"name\":\"MARINE APPLICATIONS\",\"item\":\"https:\/\/mescomar.com\/services__trashed\/marine-applications\/\"},{\"@type\":\"ListItem\",\"position\":4,\"name\":\"EPL ( Engine Power Limitation)\"}]},{\"@type\":\"WebSite\",\"@id\":\"https:\/\/mescomar.com\/#website\",\"url\":\"https:\/\/mescomar.com\/\",\"name\":\"Mescomar\",\"description\":\"Marine Engineering Solutions and Consultancy\",\"publisher\":{\"@id\":\"https:\/\/mescomar.com\/#organization\"},\"potentialAction\":[{\"@type\":\"SearchAction\",\"target\":{\"@type\":\"EntryPoint\",\"urlTemplate\":\"https:\/\/mescomar.com\/?s={search_term_string}\"},\"query-input\":\"required name=search_term_string\"}],\"inLanguage\":\"tr\"},{\"@type\":\"Organization\",\"@id\":\"https:\/\/mescomar.com\/#organization\",\"name\":\"Mescomar\",\"url\":\"https:\/\/mescomar.com\/\",\"logo\":{\"@type\":\"ImageObject\",\"inLanguage\":\"tr\",\"@id\":\"https:\/\/mescomar.com\/#\/schema\/logo\/image\/\",\"url\":\"https:\/\/mescomar.com\/wp-content\/uploads\/2023\/09\/mescomar-logo-vek.png\",\"contentUrl\":\"https:\/\/mescomar.com\/wp-content\/uploads\/2023\/09\/mescomar-logo-vek.png\",\"width\":177,\"height\":200,\"caption\":\"Mescomar\"},\"image\":{\"@id\":\"https:\/\/mescomar.com\/#\/schema\/logo\/image\/\"},\"sameAs\":[\"https:\/\/www.linkedin.com\/company\/mescomar\/\"]}]}<\/script>\n<!-- \/ Yoast SEO plugin. -->","yoast_head_json":{"title":"Engine Power Limitation (EPL) - Mescomar","description":"Engine Power Limitation( EPL) is Crutial For Marine Sector. We Mescomar, Provide You The Best in Business EPL Appliance Within The Best Prices","robots":{"index":"index","follow":"follow","max-snippet":"max-snippet:-1","max-image-preview":"max-image-preview:large","max-video-preview":"max-video-preview:-1"},"canonical":"https:\/\/mescomar.com\/tr\/services__trashed\/marine-applications\/epl-engine-power-limitation\/","og_locale":"tr_TR","og_type":"article","og_title":"Engine Power Limitation (EPL) - Mescomar","og_description":"Engine Power Limitation( EPL) is Crutial For Marine Sector. We Mescomar, Provide You The Best in Business EPL Appliance Within The Best Prices","og_url":"https:\/\/mescomar.com\/tr\/services__trashed\/marine-applications\/epl-engine-power-limitation\/","og_site_name":"Mescomar","article_modified_time":"2024-06-30T20:19:40+00:00","og_image":[{"url":"https:\/\/mescomar.com\/wp-content\/uploads\/2024\/03\/WhatsApp-Gorsel-2024-03-16-saat-18.12.00_8c5748bc-1024x700.jpg"}],"twitter_card":"summary_large_image","twitter_misc":{"Tahmini okuma s\u00fcresi":"3 dakika"},"schema":{"@context":"https:\/\/schema.org","@graph":[{"@type":"WebPage","@id":"https:\/\/mescomar.com\/services__trashed\/marine-applications\/epl-engine-power-limitation\/","url":"https:\/\/mescomar.com\/services__trashed\/marine-applications\/epl-engine-power-limitation\/","name":"Engine Power Limitation (EPL) - Mescomar","isPartOf":{"@id":"https:\/\/mescomar.com\/#website"},"primaryImageOfPage":{"@id":"https:\/\/mescomar.com\/services__trashed\/marine-applications\/epl-engine-power-limitation\/#primaryimage"},"image":{"@id":"https:\/\/mescomar.com\/services__trashed\/marine-applications\/epl-engine-power-limitation\/#primaryimage"},"thumbnailUrl":"https:\/\/mescomar.com\/wp-content\/uploads\/2024\/03\/WhatsApp-Gorsel-2024-03-16-saat-18.12.00_8c5748bc-1024x700.jpg","datePublished":"2024-03-07T05:30:40+00:00","dateModified":"2024-06-30T20:19:40+00:00","description":"Engine Power Limitation( EPL) is Crutial For Marine Sector. We Mescomar, Provide You The Best in Business EPL Appliance Within The Best Prices","breadcrumb":{"@id":"https:\/\/mescomar.com\/services__trashed\/marine-applications\/epl-engine-power-limitation\/#breadcrumb"},"inLanguage":"tr","potentialAction":[{"@type":"ReadAction","target":["https:\/\/mescomar.com\/services__trashed\/marine-applications\/epl-engine-power-limitation\/"]}]},{"@type":"ImageObject","inLanguage":"tr","@id":"https:\/\/mescomar.com\/services__trashed\/marine-applications\/epl-engine-power-limitation\/#primaryimage","url":"https:\/\/mescomar.com\/wp-content\/uploads\/2024\/03\/WhatsApp-Gorsel-2024-03-16-saat-18.12.00_8c5748bc-1024x700.jpg","contentUrl":"https:\/\/mescomar.com\/wp-content\/uploads\/2024\/03\/WhatsApp-Gorsel-2024-03-16-saat-18.12.00_8c5748bc-1024x700.jpg"},{"@type":"BreadcrumbList","@id":"https:\/\/mescomar.com\/services__trashed\/marine-applications\/epl-engine-power-limitation\/#breadcrumb","itemListElement":[{"@type":"ListItem","position":1,"name":"Anasayfa","item":"https:\/\/mescomar.com\/en\/"},{"@type":"ListItem","position":2,"name":"SERVICES","item":"https:\/\/mescomar.com\/?page_id=7150"},{"@type":"ListItem","position":3,"name":"MARINE APPLICATIONS","item":"https:\/\/mescomar.com\/services__trashed\/marine-applications\/"},{"@type":"ListItem","position":4,"name":"EPL ( Engine Power Limitation)"}]},{"@type":"WebSite","@id":"https:\/\/mescomar.com\/#website","url":"https:\/\/mescomar.com\/","name":"Mescomar","description":"Marine Engineering Solutions and Consultancy","publisher":{"@id":"https:\/\/mescomar.com\/#organization"},"potentialAction":[{"@type":"SearchAction","target":{"@type":"EntryPoint","urlTemplate":"https:\/\/mescomar.com\/?s={search_term_string}"},"query-input":"required name=search_term_string"}],"inLanguage":"tr"},{"@type":"Organization","@id":"https:\/\/mescomar.com\/#organization","name":"Mescomar","url":"https:\/\/mescomar.com\/","logo":{"@type":"ImageObject","inLanguage":"tr","@id":"https:\/\/mescomar.com\/#\/schema\/logo\/image\/","url":"https:\/\/mescomar.com\/wp-content\/uploads\/2023\/09\/mescomar-logo-vek.png","contentUrl":"https:\/\/mescomar.com\/wp-content\/uploads\/2023\/09\/mescomar-logo-vek.png","width":177,"height":200,"caption":"Mescomar"},"image":{"@id":"https:\/\/mescomar.com\/#\/schema\/logo\/image\/"},"sameAs":["https:\/\/www.linkedin.com\/company\/mescomar\/"]}]}},"_links":{"self":[{"href":"https:\/\/mescomar.com\/tr\/wp-json\/wp\/v2\/pages\/7273","targetHints":{"allow":["GET"]}}],"collection":[{"href":"https:\/\/mescomar.com\/tr\/wp-json\/wp\/v2\/pages"}],"about":[{"href":"https:\/\/mescomar.com\/tr\/wp-json\/wp\/v2\/types\/page"}],"author":[{"embeddable":true,"href":"https:\/\/mescomar.com\/tr\/wp-json\/wp\/v2\/users\/1"}],"replies":[{"embeddable":true,"href":"https:\/\/mescomar.com\/tr\/wp-json\/wp\/v2\/comments?post=7273"}],"version-history":[{"count":47,"href":"https:\/\/mescomar.com\/tr\/wp-json\/wp\/v2\/pages\/7273\/revisions"}],"predecessor-version":[{"id":9549,"href":"https:\/\/mescomar.com\/tr\/wp-json\/wp\/v2\/pages\/7273\/revisions\/9549"}],"up":[{"embeddable":true,"href":"https:\/\/mescomar.com\/tr\/wp-json\/wp\/v2\/pages\/7336"}],"wp:attachment":[{"href":"https:\/\/mescomar.com\/tr\/wp-json\/wp\/v2\/media?parent=7273"}],"curies":[{"name":"wp","href":"https:\/\/api.w.org\/{rel}","templated":true}]}}