{"id":7269,"date":"2024-03-07T05:29:36","date_gmt":"2024-03-07T05:29:36","guid":{"rendered":"https:\/\/mescomar.com\/?page_id=7269"},"modified":"2024-06-21T05:48:40","modified_gmt":"2024-06-21T02:48:40","slug":"ship-inspection","status":"publish","type":"page","link":"https:\/\/mescomar.com\/tr\/services\/ship-inspection\/","title":{"rendered":"GEM\u0130 S\u00d6RVEY H\u0130ZMETLER\u0130"},"content":{"rendered":"<div class=\"wp-block-group is-layout-constrained wp-block-group-is-layout-constrained\">\n<h1 class=\"wp-block-heading has-text-align-center has-black-color has-text-color has-link-color wp-elements-4e2a03c55231ded12d3b138421699cda\"><strong>Mecomar'dan Tuzla-\u0130stanbul ve Yalova'da Gemi S\u00f6rvey Hizmetleri<\/strong><\/h1>\n\n\n\n<hr class=\"wp-block-separator has-text-color has-black-color has-alpha-channel-opacity has-black-background-color has-background is-style-wide\"\/>\n\n\n\n<p style=\"font-size:18px\">Mescomar olarak Tuzla-\u0130stanbul ve Yalova'da sat\u0131n alma \u00f6ncesi gemi s\u00f6rveyinden liman kaptanl\u0131\u011f\u0131 hizmetlerine kadar her t\u00fcrl\u00fc gemi s\u00f6rvey hizmetini vermekteyiz. T\u00fcm s\u00f6rvey hizmetlerimiz a\u015fa\u011f\u0131da belirtilmi\u015ftir. Sorular\u0131n\u0131z i\u00e7in bizimle ileti\u015fime ge\u00e7mekten \u00e7ekinmeyin. T\u00fcrkiye ve Akdeniz'in her yerinde 7\/24 hizmet vermekteyiz.<\/p>\n\n\n\n<div style=\"height:15px\" aria-hidden=\"true\" class=\"wp-block-spacer\"><\/div>\n\n\n\n<div class=\"wp-block-buttons is-layout-flex wp-block-buttons-is-layout-flex\">\n<div class=\"wp-block-button\"><a class=\"wp-block-button__link has-background wp-element-button\" href=\"https:\/\/mescomar.com\/tr\/contact\/\" style=\"border-radius:10px;background-color:#30d5c8\">Bize Ula\u015f\u0131n<\/a><\/div>\n<\/div>\n\n\n\n<div style=\"height:15px\" aria-hidden=\"true\" class=\"wp-block-spacer\"><\/div>\n\n\n\n<h2 class=\"wp-block-heading has-black-color has-text-color has-link-color has-large-font-size wp-elements-657d4fad11abacc6d8cb063298d36808\"><strong>Gemi S\u00f6rveyi Nedir?<\/strong><\/h2>\n\n\n\n<hr class=\"wp-block-separator has-text-color has-black-color has-alpha-channel-opacity has-black-background-color has-background is-style-wide\"\/>\n\n\n\n<div style=\"height:14px\" aria-hidden=\"true\" class=\"wp-block-spacer\"><\/div>\n\n\n\n<div class=\"wp-block-columns is-layout-flex wp-container-core-columns-is-layout-9d6595d7 wp-block-columns-is-layout-flex\">\n<div class=\"wp-block-column is-layout-flow wp-block-column-is-layout-flow\" style=\"flex-basis:66.66%\">\n<p style=\"font-size:16px\">Gemi s\u00f6rveyleri, gemilerin \u00e7e\u015fitli standart ve d\u00fczenlemelere uygunlu\u011funun sa\u011flanmas\u0131 amac\u0131yla detayl\u0131 incelemesini ifade eder. Bu incelemeler, denetimin hedeflerine g\u00f6re haz\u0131rlanm\u0131\u015f, \u00f6nceden tan\u0131mlanm\u0131\u015f bir dizi kontrol listesinde listelenen belirli kurallar ve \u00f6\u011feler \u00e7er\u00e7evesinde ger\u00e7ekle\u015ftirilir. Olumlu ve olumsuz bulgular\u0131 belgeleyen sonu\u00e7lar, denet\u00e7iyi atayan otoriteye raporlan\u0131r. Bu de\u011ferlendirme, geminin durumu ve uygunlu\u011fu hakk\u0131nda gerekli kararlar vermek i\u00e7in denetimin sonu\u00e7lar\u0131n\u0131 dikkate al\u0131r.<\/p>\n<\/div>\n\n\n\n<div class=\"wp-block-column is-layout-flow wp-block-column-is-layout-flow\" style=\"flex-basis:33.33%\">\n<div style=\"height:30px\" aria-hidden=\"true\" class=\"wp-block-spacer\"><\/div>\n\n\n\n<figure class=\"wp-block-image aligncenter size-large is-resized\"><img loading=\"lazy\" decoding=\"async\" width=\"1024\" height=\"634\" src=\"https:\/\/mescomar.com\/wp-content\/uploads\/2024\/04\/ship-ongoing-inspection-2-1024x634.jpg\" alt=\"\" class=\"wp-image-9124\" style=\"width:263px;height:auto\" srcset=\"https:\/\/mescomar.com\/wp-content\/uploads\/2024\/04\/ship-ongoing-inspection-2-1024x634.jpg 1024w, https:\/\/mescomar.com\/wp-content\/uploads\/2024\/04\/ship-ongoing-inspection-2-980x607.jpg 980w, https:\/\/mescomar.com\/wp-content\/uploads\/2024\/04\/ship-ongoing-inspection-2-480x297.jpg 480w\" sizes=\"auto, (min-width: 0px) and (max-width: 480px) 480px, (min-width: 481px) and (max-width: 980px) 980px, (min-width: 981px) 1024px, 100vw\" \/><\/figure>\n<\/div>\n<\/div>\n\n\n\n<div style=\"height:14px\" aria-hidden=\"true\" class=\"wp-block-spacer\"><\/div>\n\n\n\n<h2 class=\"wp-block-heading has-black-color has-text-color has-link-color wp-elements-4f61a3dccf465e58d38e214b10ac50f7\"><strong>Gemi Denetimlerinin Gereklili\u011fi ve Etkisi<\/strong><\/h2>\n\n\n\n<hr class=\"wp-block-separator has-text-color has-black-color has-alpha-channel-opacity has-black-background-color has-background is-style-wide\"\/>\n\n\n\n<div style=\"height:14px\" aria-hidden=\"true\" class=\"wp-block-spacer\"><\/div>\n\n\n\n<div class=\"wp-block-columns is-layout-flex wp-container-core-columns-is-layout-9d6595d7 wp-block-columns-is-layout-flex\">\n<div class=\"wp-block-column is-layout-flow wp-block-column-is-layout-flow\" style=\"flex-basis:33.33%\">\n<figure class=\"wp-block-image aligncenter size-large is-resized\"><img loading=\"lazy\" decoding=\"async\" width=\"1024\" height=\"637\" src=\"https:\/\/mescomar.com\/wp-content\/uploads\/2024\/04\/ship-ongoing-inspection-1-1024x637.jpg\" alt=\"\" class=\"wp-image-9123\" style=\"width:297px;height:auto\" srcset=\"https:\/\/mescomar.com\/wp-content\/uploads\/2024\/04\/ship-ongoing-inspection-1-1024x637.jpg 1024w, https:\/\/mescomar.com\/wp-content\/uploads\/2024\/04\/ship-ongoing-inspection-1-980x610.jpg 980w, https:\/\/mescomar.com\/wp-content\/uploads\/2024\/04\/ship-ongoing-inspection-1-480x299.jpg 480w\" sizes=\"auto, (min-width: 0px) and (max-width: 480px) 480px, (min-width: 481px) and (max-width: 980px) 980px, (min-width: 981px) 1024px, 100vw\" \/><\/figure>\n<\/div>\n\n\n\n<div class=\"wp-block-column is-layout-flow wp-block-column-is-layout-flow\" style=\"flex-basis:66.66%\">\n<p style=\"font-size:16px\">Denizcilik operasyonlar\u0131n\u0131n g\u00fcvenli\u011fini, verimlili\u011fini ve uzun \u00f6m\u00fcrl\u00fcl\u00fc\u011f\u00fcn\u00fc korumak i\u00e7in d\u00fczenli denetimler \u015fartt\u0131r. Gemi denetimleri, s\u0131k\u0131 d\u00fczenleyici gerekliliklere ba\u011fl\u0131 kalarak kazalar\u0131n, \u00e7evre felaketlerinin ve denizde ya\u015fanabilecek can kay\u0131plar\u0131n\u0131 \u00f6nlemeye yard\u0131mc\u0131 olur. Ayr\u0131ca bu denetimler, bir geminin makine veya sistemlerinin operasyonel b\u00fct\u00fcnl\u00fc\u011f\u00fcn\u00fc de\u011ferlendirmek i\u00e7in kritik bir kontrol noktas\u0131 g\u00f6revi de g\u00f6r\u00fcr.<\/p>\n<\/div>\n<\/div>\n\n\n\n<div style=\"height:14px\" aria-hidden=\"true\" class=\"wp-block-spacer\"><\/div>\n\n\n\n<h2 class=\"wp-block-heading has-black-color has-text-color has-link-color wp-elements-1c49fe0745d9c8e861eec3e066a4854b\"><strong>Gemi S\u00f6rvey T\u00fcrleri:<\/strong><\/h2>\n\n\n\n<hr class=\"wp-block-separator has-text-color has-black-color has-alpha-channel-opacity has-black-background-color has-background is-style-wide\"\/>\n\n\n\n<div style=\"height:14px\" aria-hidden=\"true\" class=\"wp-block-spacer\"><\/div>\n\n\n\n<ul class=\"wp-block-list\" style=\"font-size:16px\">\n<li>&#8211; <strong>Liman otoritesi (port state control \/ psc):<\/strong> Limanlarda gemilerin g\u00fcvenlikle ilgili Uluslararas\u0131 Denizcilik \u00d6rg\u00fct\u00fc (IMO) standartlar\u0131na uygunlu\u011funu sa\u011flamak amac\u0131yla ger\u00e7ekle\u015ftirilir.<\/li>\n\n\n\n<li>&#8211; <strong>Tarafs\u0131z S\u00f6rvey Denetimleri:<\/strong> Gemi i\u015fletmesinin filosundaki gemileri PSC ve Class gibi zorunlu\ndenetimlere haz\u0131r durumda tutabilmek ad\u0131na ger\u00e7ekle\u015ftirilen denetimlerdir. Denetleyici bu\ndenette bir PSC ve Class denetlemesinde takip edilen maddeleri denetler. Denetleme sonu\u00e7lar\u0131n\u0131 tarafs\u0131z\nbir \u015fekilde i\u015fletme ile payla\u015f\u0131l\u0131r.<\/li>\n\n\n\n<li>&#8211; <strong>Class Denetimleri:<\/strong> Gemilerin ba\u011fl\u0131 oldu\u011fu Class'lar\u0131n geminin g\u00fcvenlik, i\u015fletme ve teknik\nkondisyonlar\u0131n\u0131 denetledi\u011fi denetlerdir. Class, kendisine \u00fcye olan geminin t\u00fcm\nkondisyonundan sorumludur ve bu sorumlulu\u011fu neticesinde geminin kondisyonunu takip\nedebilmek ad\u0131na bu denetlemeleri ger\u00e7ekle\u015ftirir.<\/li>\n\n\n\n<li>&#8211; <strong>Ticari Y\u00fck Otorite denetimleri:<\/strong> D\u00fcnya \u00e7ap\u0131nda kabul g\u00f6ren y\u00fck sahiplerinin, y\u00fcklerini\ng\u00fcvenli bir \u015fekilde emanet edebilece\u011fi gemilere y\u0131ll\u0131k periyotlarda yapt\u0131\u011f\u0131 denetimlerdir.\nGemilerin bu denetleme otoritelerinde birer kondisyon karneleri bulunur. Bu karnelere g\u00f6re y\u00fck\nsahipleri y\u00fcklerini ta\u015f\u0131taca\u011f\u0131 gemileri analiz eder ve se\u00e7er.<\/li>\n\n\n\n<li>&#8211; <strong>Sigorta \/ P&amp;I Denetlemeleri:<\/strong> Gemilerin i\u015fletildi\u011fi s\u00fcre i\u00e7erisindeki sigortaland\u0131\u011f\u0131 kurulu\u015f taraf\u0131ndan\nyap\u0131lan sigorta expert denetimleridir. Sigortan\u0131n atad\u0131\u011f\u0131 s\u00f6rvey , geminin g\u00fcvenlik ve y\u00fck ta\u015f\u0131ma\nkondisyonlar\u0131n\u0131 denetler. Sigorta denetleyicisi , geminin g\u00fcvenli\u011fini ve y\u00fck\u00fcn g\u00fcvenli bir\n\u015fekilde ta\u015f\u0131ma durumunu g\u00f6z \u00f6n\u00fcne alarak denetini ger\u00e7ekle\u015ftirir. Denetim sonucuna g\u00f6re\ni\u015fletmenin geminin sigortas\u0131 i\u00e7in \u00f6deyece\u011fi risk mebla\u011f\u0131 ortaya \u00e7\u0131kar.<\/li>\n\n\n\n<li>&#8211; <strong>Armat\u00f6r Gemi Sat\u0131n Alma \u00d6ncesi Denetimleri:<\/strong> Gemi armat\u00f6r\u00fc , bir gemiyi almadan \u00f6nce tarafs\u0131z\nbir s\u00f6rvey \/ denetleyici atayarak almak istedi\u011fi geminin t\u00fcm g\u00fcvenlik ve y\u00fck ta\u015f\u0131ma\nkondisyonlar\u0131n\u0131 denetler. Denetim sonucuna g\u00f6re geminin ticari i\u015fletme durumu ortaya \u00e7\u0131kar.\nArmat\u00f6r bu duruma g\u00f6re gemiyi almaya yada almamaya karar verir.<\/li>\n<\/ul>\n\n\n\n<div style=\"height:14px\" aria-hidden=\"true\" class=\"wp-block-spacer\"><\/div>\n\n\n\n<h2 class=\"wp-block-heading has-black-color has-text-color has-link-color wp-elements-1f2473a68c96160e476368fee4616c8d\"><strong>Mescomar'\u0131n Gemi Denetimindeki Uzmanl\u0131\u011f\u0131<\/strong><\/h2>\n\n\n\n<hr class=\"wp-block-separator has-text-color has-black-color has-alpha-channel-opacity has-black-background-color has-background is-style-wide\"\/>\n\n\n\n<div style=\"height:14px\" aria-hidden=\"true\" class=\"wp-block-spacer\"><\/div>\n\n\n\n<p style=\"font-size:16px\">Mescomar olarak , tarafs\u0131z bir gemi s\u00f6rveyi \/ denetleyicisi olarak hizmet vermekteyiz. E\u015fsiz tecr\u00fcbemiz ve\nger\u00e7ekle\u015ftirdi\u011fimiz say\u0131s\u0131z denetim tecr\u00fcbelerimizle m\u00fc\u015fterilerimize eksiksiz denetim hizmetleri sa\u011fl\u0131yoruz.\nVerdi\u011fimiz tarafs\u0131z s\u00f6rveylik ve denetim hizmetleri ile m\u00fc\u015fterilerimize; gemilerin g\u00fcvenlik\nkondisyonlar\u0131 , teknik kondisyonlar\u0131 , y\u00fck ta\u015f\u0131ma kondisyonlar\u0131 ve ticari durumlar\u0131 hakk\u0131nda ayr\u0131nt\u0131l\u0131\nraporlarla rehber oluyoruz.<\/p>\n\n\n\n<figure class=\"wp-block-image aligncenter size-large is-resized\"><img loading=\"lazy\" decoding=\"async\" width=\"1024\" height=\"1013\" src=\"https:\/\/mescomar.com\/wp-content\/uploads\/2024\/04\/ship-dry-pool-inspection-1024x1013.jpg\" alt=\"\" class=\"wp-image-9125\" style=\"width:487px;height:auto\" srcset=\"https:\/\/mescomar.com\/wp-content\/uploads\/2024\/04\/ship-dry-pool-inspection-980x969.jpg 980w, https:\/\/mescomar.com\/wp-content\/uploads\/2024\/04\/ship-dry-pool-inspection-480x475.jpg 480w\" sizes=\"auto, (min-width: 0px) and (max-width: 480px) 480px, (min-width: 481px) and (max-width: 980px) 980px, (min-width: 981px) 1024px, 100vw\" \/><\/figure>\n\n\n\n<div style=\"height:14px\" aria-hidden=\"true\" class=\"wp-block-spacer\"><\/div>\n\n\n\n<h2 class=\"wp-block-heading has-black-color has-text-color has-link-color wp-elements-63a38c614f89fb83c48a2b2b3933b86f\"><strong>Ger\u00e7ekle\u015ftirdi\u011fimiz Denetimler:<\/strong><\/h2>\n\n\n\n<hr class=\"wp-block-separator has-text-color has-black-color has-alpha-channel-opacity has-black-background-color has-background is-style-wide\"\/>\n\n\n\n<div style=\"height:14px\" aria-hidden=\"true\" class=\"wp-block-spacer\"><\/div>\n\n\n\n<div class=\"wp-block-columns is-layout-flex wp-container-core-columns-is-layout-9d6595d7 wp-block-columns-is-layout-flex\">\n<div class=\"wp-block-column is-layout-flow wp-block-column-is-layout-flow\">\n<ul class=\"wp-block-list\" style=\"font-size:16px\">\n<li>Pre-Purchase Inspection<\/li>\n\n\n\n<li>Condition Assessment<\/li>\n\n\n\n<li>Pre-Vetting Inspection<\/li>\n\n\n\n<li>Pre-Rightship Inspection<\/li>\n\n\n\n<li>Flag State Pre-Inspection<\/li>\n\n\n\n<li>Port State Control Pre-Inspection<\/li>\n\n\n\n<li>PSC Deficiency Follow-Up<\/li>\n<\/ul>\n<\/div>\n\n\n\n<div class=\"wp-block-column is-layout-flow wp-block-column-is-layout-flow\">\n<ul class=\"wp-block-list\" style=\"font-size:16px\">\n<li>Damage Surveys<\/li>\n\n\n\n<li>Condition Assessment Surveys<\/li>\n\n\n\n<li>Pre-Delivery Survey<\/li>\n\n\n\n<li>On\/Off Hire Bunker &amp; Condition Survey<\/li>\n\n\n\n<li>Bunker Quantity Survey<\/li>\n\n\n\n<li>Preload and Out-Turn Survey<\/li>\n\n\n\n<li>Supervision Port Captain Services<\/li>\n<\/ul>\n<\/div>\n<\/div>\n\n\n\n<div style=\"height:14px\" aria-hidden=\"true\" class=\"wp-block-spacer\"><\/div>\n\n\n\n<h2 class=\"wp-block-heading has-black-color has-text-color has-link-color wp-elements-99a41e2cd0d28139090b24499c95d7ad\"><strong>Gemi Denetim \u0130htiya\u00e7lar\u0131n\u0131z \u0130\u00e7in Neden Mescomar'\u0131 Se\u00e7melisiniz?<\/strong><\/h2>\n\n\n\n<hr class=\"wp-block-separator has-text-color has-black-color has-alpha-channel-opacity has-black-background-color has-background is-style-wide\"\/>\n\n\n\n<div style=\"height:14px\" aria-hidden=\"true\" class=\"wp-block-spacer\"><\/div>\n\n\n\n<div class=\"wp-block-columns is-layout-flex wp-container-core-columns-is-layout-9d6595d7 wp-block-columns-is-layout-flex\">\n<div class=\"wp-block-column is-layout-flow wp-block-column-is-layout-flow\" style=\"flex-basis:66.66%\">\n<p style=\"font-size:16px\">Mescomar, rekabet\u00e7i fiyatlar\u0131yla ve en ayr\u0131nt\u0131l\u0131 raporlamay\u0131 sunmas\u0131 ile gemi denetim sekt\u00f6r\u00fcnde \u00f6ne \u00e7\u0131k\u0131yor. Uzmanl\u0131\u011f\u0131m\u0131zla m\u00fc\u015fterilerimizin denizcilik d\u00fczenlemelerinin karma\u015f\u0131kl\u0131klar\u0131n\u0131 a\u015fmalar\u0131na yard\u0131mc\u0131 oluyor ve gemilerinin verimli, g\u00fcvenli ve her t\u00fcrl\u00fc operasyona haz\u0131r olmas\u0131n\u0131 sa\u011fl\u0131yoruz. Kaliteye ve m\u00fc\u015fteri memnuniyetine olan ba\u011fl\u0131l\u0131\u011f\u0131m\u0131z Mescomar'\u0131 denizcilik sekt\u00f6r\u00fcnde g\u00fcvenilir bir ortak haline getirmi\u015ftir. Hizmetlerimiz, filonuzun en iyi durumda kalmas\u0131n\u0131 ve en y\u00fcksek verimlilik ile \u00e7al\u0131\u015fmas\u0131n\u0131 sa\u011flayacak \u015fekilde end\u00fcstri standartlar\u0131n\u0131 kar\u015f\u0131lamak ve a\u015fmak i\u00e7in tasarlanm\u0131\u015ft\u0131r. Denizlerdeki g\u00fcvenli\u011finiz ve  en \u00f6nemli \u00f6ncelikleriniz i\u00e7in Mescomar'\u0131 se\u00e7in.<\/p>\n<\/div>\n\n\n\n<div class=\"wp-block-column is-layout-flow wp-block-column-is-layout-flow\" style=\"flex-basis:33.33%\">\n<figure class=\"wp-block-image aligncenter size-large is-resized\"><img loading=\"lazy\" decoding=\"async\" width=\"824\" height=\"1024\" src=\"https:\/\/mescomar.com\/wp-content\/uploads\/2024\/04\/ship-inspection-4-824x1024.jpg\" alt=\"\" class=\"wp-image-9126\" style=\"object-fit:cover;width:250px;height:250px\"\/><\/figure>\n<\/div>\n<\/div>\n<\/div>","protected":false},"excerpt":{"rendered":"<p>Ship Inspection Services by Mescomar in Tuzla-Istanbul and Yalova As Mescomar we provide any kind of ship inspection services from pre purchase ship inspections to supervision port captain services in Tuzla-Istanbul and Yalova. For all of our inspection services check out the list below. For your questions dont hesitate to contact us. We give services [&hellip;]<\/p>","protected":false},"author":1,"featured_media":0,"parent":7150,"menu_order":4,"comment_status":"closed","ping_status":"closed","template":"","meta":{"_et_pb_use_builder":"","_et_pb_old_content":"","_et_gb_content_width":"","_monsterinsights_skip_tracking":false,"_monsterinsights_sitenote_active":false,"_monsterinsights_sitenote_note":"","_monsterinsights_sitenote_category":0,"footnotes":""},"class_list":["post-7269","page","type-page","status-publish","hentry"],"yoast_head":"<!-- This site is optimized with the Yoast SEO plugin v23.0 - https:\/\/yoast.com\/wordpress\/plugins\/seo\/ -->\n<title>Best Ship Inspection service (2024) | Mescomar<\/title>\n<meta name=\"description\" content=\"Explore Mescomar&#039;s expert ship inspection services, ensuring compliance, safety and operational excellence in the maritime industry.\" \/>\n<meta name=\"robots\" content=\"index, follow, max-snippet:-1, max-image-preview:large, max-video-preview:-1\" \/>\n<link rel=\"canonical\" href=\"https:\/\/mescomar.com\/tr\/services__trashed\/ship-inspection\/\" \/>\n<meta property=\"og:locale\" content=\"tr_TR\" \/>\n<meta property=\"og:type\" content=\"article\" \/>\n<meta property=\"og:title\" content=\"Best Ship Inspection service (2024) | Mescomar\" \/>\n<meta property=\"og:description\" content=\"Explore Mescomar&#039;s expert ship inspection services, ensuring compliance, safety and operational excellence in the maritime industry.\" \/>\n<meta property=\"og:url\" content=\"https:\/\/mescomar.com\/tr\/services__trashed\/ship-inspection\/\" \/>\n<meta property=\"og:site_name\" content=\"Mescomar\" \/>\n<meta property=\"article:modified_time\" content=\"2024-06-21T02:48:40+00:00\" \/>\n<meta property=\"og:image\" content=\"https:\/\/mescomar.com\/wp-content\/uploads\/2024\/04\/ship-ongoing-inspection-2-1024x634.jpg\" \/>\n<meta name=\"twitter:card\" content=\"summary_large_image\" \/>\n<meta name=\"twitter:label1\" content=\"Tahmini okuma s\u00fcresi\" \/>\n\t<meta name=\"twitter:data1\" content=\"4 dakika\" \/>\n<script type=\"application\/ld+json\" class=\"yoast-schema-graph\">{\"@context\":\"https:\/\/schema.org\",\"@graph\":[{\"@type\":\"WebPage\",\"@id\":\"https:\/\/mescomar.com\/services__trashed\/ship-inspection\/\",\"url\":\"https:\/\/mescomar.com\/services__trashed\/ship-inspection\/\",\"name\":\"Best Ship Inspection service (2024) | Mescomar\",\"isPartOf\":{\"@id\":\"https:\/\/mescomar.com\/#website\"},\"primaryImageOfPage\":{\"@id\":\"https:\/\/mescomar.com\/services__trashed\/ship-inspection\/#primaryimage\"},\"image\":{\"@id\":\"https:\/\/mescomar.com\/services__trashed\/ship-inspection\/#primaryimage\"},\"thumbnailUrl\":\"https:\/\/mescomar.com\/wp-content\/uploads\/2024\/04\/ship-ongoing-inspection-2-1024x634.jpg\",\"datePublished\":\"2024-03-07T05:29:36+00:00\",\"dateModified\":\"2024-06-21T02:48:40+00:00\",\"description\":\"Explore Mescomar's expert ship inspection services, ensuring compliance, safety and operational excellence in the maritime industry.\",\"breadcrumb\":{\"@id\":\"https:\/\/mescomar.com\/services__trashed\/ship-inspection\/#breadcrumb\"},\"inLanguage\":\"tr\",\"potentialAction\":[{\"@type\":\"ReadAction\",\"target\":[\"https:\/\/mescomar.com\/services__trashed\/ship-inspection\/\"]}]},{\"@type\":\"ImageObject\",\"inLanguage\":\"tr\",\"@id\":\"https:\/\/mescomar.com\/services__trashed\/ship-inspection\/#primaryimage\",\"url\":\"https:\/\/mescomar.com\/wp-content\/uploads\/2024\/04\/ship-ongoing-inspection-2-1024x634.jpg\",\"contentUrl\":\"https:\/\/mescomar.com\/wp-content\/uploads\/2024\/04\/ship-ongoing-inspection-2-1024x634.jpg\"},{\"@type\":\"BreadcrumbList\",\"@id\":\"https:\/\/mescomar.com\/services__trashed\/ship-inspection\/#breadcrumb\",\"itemListElement\":[{\"@type\":\"ListItem\",\"position\":1,\"name\":\"Anasayfa\",\"item\":\"https:\/\/mescomar.com\/en\/\"},{\"@type\":\"ListItem\",\"position\":2,\"name\":\"SERVICES\",\"item\":\"https:\/\/mescomar.com\/?page_id=7150\"},{\"@type\":\"ListItem\",\"position\":3,\"name\":\"SHIP INSPECTION\"}]},{\"@type\":\"WebSite\",\"@id\":\"https:\/\/mescomar.com\/#website\",\"url\":\"https:\/\/mescomar.com\/\",\"name\":\"Mescomar\",\"description\":\"Marine Engineering Solutions and Consultancy\",\"publisher\":{\"@id\":\"https:\/\/mescomar.com\/#organization\"},\"potentialAction\":[{\"@type\":\"SearchAction\",\"target\":{\"@type\":\"EntryPoint\",\"urlTemplate\":\"https:\/\/mescomar.com\/?s={search_term_string}\"},\"query-input\":\"required name=search_term_string\"}],\"inLanguage\":\"tr\"},{\"@type\":\"Organization\",\"@id\":\"https:\/\/mescomar.com\/#organization\",\"name\":\"Mescomar\",\"url\":\"https:\/\/mescomar.com\/\",\"logo\":{\"@type\":\"ImageObject\",\"inLanguage\":\"tr\",\"@id\":\"https:\/\/mescomar.com\/#\/schema\/logo\/image\/\",\"url\":\"https:\/\/mescomar.com\/wp-content\/uploads\/2023\/09\/mescomar-logo-vek.png\",\"contentUrl\":\"https:\/\/mescomar.com\/wp-content\/uploads\/2023\/09\/mescomar-logo-vek.png\",\"width\":177,\"height\":200,\"caption\":\"Mescomar\"},\"image\":{\"@id\":\"https:\/\/mescomar.com\/#\/schema\/logo\/image\/\"},\"sameAs\":[\"https:\/\/www.linkedin.com\/company\/mescomar\/\"]}]}<\/script>\n<!-- \/ Yoast SEO plugin. -->","yoast_head_json":{"title":"Best Ship Inspection service (2024) | Mescomar","description":"Explore Mescomar's expert ship inspection services, ensuring compliance, safety and operational excellence in the maritime industry.","robots":{"index":"index","follow":"follow","max-snippet":"max-snippet:-1","max-image-preview":"max-image-preview:large","max-video-preview":"max-video-preview:-1"},"canonical":"https:\/\/mescomar.com\/tr\/services__trashed\/ship-inspection\/","og_locale":"tr_TR","og_type":"article","og_title":"Best Ship Inspection service (2024) | Mescomar","og_description":"Explore Mescomar's expert ship inspection services, ensuring compliance, safety and operational excellence in the maritime industry.","og_url":"https:\/\/mescomar.com\/tr\/services__trashed\/ship-inspection\/","og_site_name":"Mescomar","article_modified_time":"2024-06-21T02:48:40+00:00","og_image":[{"url":"https:\/\/mescomar.com\/wp-content\/uploads\/2024\/04\/ship-ongoing-inspection-2-1024x634.jpg"}],"twitter_card":"summary_large_image","twitter_misc":{"Tahmini okuma s\u00fcresi":"4 dakika"},"schema":{"@context":"https:\/\/schema.org","@graph":[{"@type":"WebPage","@id":"https:\/\/mescomar.com\/services__trashed\/ship-inspection\/","url":"https:\/\/mescomar.com\/services__trashed\/ship-inspection\/","name":"Best Ship Inspection service (2024) | Mescomar","isPartOf":{"@id":"https:\/\/mescomar.com\/#website"},"primaryImageOfPage":{"@id":"https:\/\/mescomar.com\/services__trashed\/ship-inspection\/#primaryimage"},"image":{"@id":"https:\/\/mescomar.com\/services__trashed\/ship-inspection\/#primaryimage"},"thumbnailUrl":"https:\/\/mescomar.com\/wp-content\/uploads\/2024\/04\/ship-ongoing-inspection-2-1024x634.jpg","datePublished":"2024-03-07T05:29:36+00:00","dateModified":"2024-06-21T02:48:40+00:00","description":"Explore Mescomar's expert ship inspection services, ensuring compliance, safety and operational excellence in the maritime industry.","breadcrumb":{"@id":"https:\/\/mescomar.com\/services__trashed\/ship-inspection\/#breadcrumb"},"inLanguage":"tr","potentialAction":[{"@type":"ReadAction","target":["https:\/\/mescomar.com\/services__trashed\/ship-inspection\/"]}]},{"@type":"ImageObject","inLanguage":"tr","@id":"https:\/\/mescomar.com\/services__trashed\/ship-inspection\/#primaryimage","url":"https:\/\/mescomar.com\/wp-content\/uploads\/2024\/04\/ship-ongoing-inspection-2-1024x634.jpg","contentUrl":"https:\/\/mescomar.com\/wp-content\/uploads\/2024\/04\/ship-ongoing-inspection-2-1024x634.jpg"},{"@type":"BreadcrumbList","@id":"https:\/\/mescomar.com\/services__trashed\/ship-inspection\/#breadcrumb","itemListElement":[{"@type":"ListItem","position":1,"name":"Anasayfa","item":"https:\/\/mescomar.com\/en\/"},{"@type":"ListItem","position":2,"name":"SERVICES","item":"https:\/\/mescomar.com\/?page_id=7150"},{"@type":"ListItem","position":3,"name":"SHIP INSPECTION"}]},{"@type":"WebSite","@id":"https:\/\/mescomar.com\/#website","url":"https:\/\/mescomar.com\/","name":"Mescomar","description":"Marine Engineering Solutions and Consultancy","publisher":{"@id":"https:\/\/mescomar.com\/#organization"},"potentialAction":[{"@type":"SearchAction","target":{"@type":"EntryPoint","urlTemplate":"https:\/\/mescomar.com\/?s={search_term_string}"},"query-input":"required name=search_term_string"}],"inLanguage":"tr"},{"@type":"Organization","@id":"https:\/\/mescomar.com\/#organization","name":"Mescomar","url":"https:\/\/mescomar.com\/","logo":{"@type":"ImageObject","inLanguage":"tr","@id":"https:\/\/mescomar.com\/#\/schema\/logo\/image\/","url":"https:\/\/mescomar.com\/wp-content\/uploads\/2023\/09\/mescomar-logo-vek.png","contentUrl":"https:\/\/mescomar.com\/wp-content\/uploads\/2023\/09\/mescomar-logo-vek.png","width":177,"height":200,"caption":"Mescomar"},"image":{"@id":"https:\/\/mescomar.com\/#\/schema\/logo\/image\/"},"sameAs":["https:\/\/www.linkedin.com\/company\/mescomar\/"]}]}},"_links":{"self":[{"href":"https:\/\/mescomar.com\/tr\/wp-json\/wp\/v2\/pages\/7269","targetHints":{"allow":["GET"]}}],"collection":[{"href":"https:\/\/mescomar.com\/tr\/wp-json\/wp\/v2\/pages"}],"about":[{"href":"https:\/\/mescomar.com\/tr\/wp-json\/wp\/v2\/types\/page"}],"author":[{"embeddable":true,"href":"https:\/\/mescomar.com\/tr\/wp-json\/wp\/v2\/users\/1"}],"replies":[{"embeddable":true,"href":"https:\/\/mescomar.com\/tr\/wp-json\/wp\/v2\/comments?post=7269"}],"version-history":[{"count":11,"href":"https:\/\/mescomar.com\/tr\/wp-json\/wp\/v2\/pages\/7269\/revisions"}],"predecessor-version":[{"id":9450,"href":"https:\/\/mescomar.com\/tr\/wp-json\/wp\/v2\/pages\/7269\/revisions\/9450"}],"up":[{"embeddable":true,"href":"https:\/\/mescomar.com\/tr\/wp-json\/wp\/v2\/pages\/7150"}],"wp:attachment":[{"href":"https:\/\/mescomar.com\/tr\/wp-json\/wp\/v2\/media?parent=7269"}],"curies":[{"name":"wp","href":"https:\/\/api.w.org\/{rel}","templated":true}]}}