{"id":7258,"date":"2024-03-07T05:16:58","date_gmt":"2024-03-07T05:16:58","guid":{"rendered":"https:\/\/mescomar.com\/?page_id=7258"},"modified":"2024-06-21T05:37:50","modified_gmt":"2024-06-21T02:37:50","slug":"ship-auxiliary-diesel-engine","status":"publish","type":"page","link":"https:\/\/mescomar.com\/tr\/spare-parts\/marine-diesel-engines\/ship-auxiliary-diesel-engine\/","title":{"rendered":"Gemi Dizel Jenerat\u00f6rleri"},"content":{"rendered":"<h1 class=\"wp-block-heading has-black-color has-text-color has-link-color wp-elements-8cfabba9b146cc776f785d3423a1bdca\"><strong>Tuzla-\u0130stanbul ve Yalova'da Gemi Dizel Jenerat\u00f6r Hizmetleri<\/strong><\/h1>\n\n\n\n<hr class=\"wp-block-separator has-text-color has-black-color has-alpha-channel-opacity has-black-background-color has-background is-style-wide\"\/>\n\n\n\n<p style=\"font-size:18px\">Mescomar olarak Tuzla - \u0130stanbul ve Yalova b\u00f6lgelerinde gemileriniz i\u00e7in dizel jenerat\u00f6r servis ve yedek par\u00e7a hizmeti vermekteyiz.. Piyasadaki en geni\u015f yedek par\u00e7a yelpazesine sahibiz. Sorular\u0131n\u0131z i\u00e7in l\u00fctfen bize ula\u015fmaktan \u00e7ekinmeyin. Tuzla-\u0130stanbul, Yalova, T\u00fcrkiye ve Akdeniz'in her yerinde 7\/24 hizmet vermekteyiz.<\/p>\n\n\n\n<div style=\"height:10px\" aria-hidden=\"true\" class=\"wp-block-spacer\"><\/div>\n\n\n\n<div class=\"wp-block-buttons is-layout-flex wp-block-buttons-is-layout-flex\">\n<div class=\"wp-block-button\"><a class=\"wp-block-button__link has-background wp-element-button\" href=\"https:\/\/mescomar.com\/tr\/contact\/\" style=\"border-radius:10px;background-color:#30d5c8\">Bize Ula\u015f\u0131n<\/a><\/div>\n<\/div>\n\n\n\n<div style=\"height:15px\" aria-hidden=\"true\" class=\"wp-block-spacer\"><\/div>\n\n\n\n<h2 class=\"wp-block-heading has-black-color has-text-color has-link-color wp-elements-f84d7d8d2721e97a032f7f8db2572a02\"><strong>Gemi Dizel Jenerat\u00f6rleri Nedir (Yard\u0131mc\u0131 Dizel Motorlar)<\/strong><\/h2>\n\n\n\n<hr class=\"wp-block-separator has-text-color has-black-color has-alpha-channel-opacity has-black-background-color has-background is-style-wide\"\/>\n\n\n\n<div style=\"height:20px\" aria-hidden=\"true\" class=\"wp-block-spacer\"><\/div>\n\n\n\n<div class=\"wp-block-columns is-layout-flex wp-container-core-columns-is-layout-9d6595d7 wp-block-columns-is-layout-flex\">\n<div class=\"wp-block-column is-layout-flow wp-block-column-is-layout-flow\" style=\"flex-basis:66.66%\">\n<p style=\"font-size:16px\">Gemi jenerat\u00f6rleri gemilerdeki t\u00fcm yard\u0131mc\u0131 ekipmanlar i\u00e7in elektrik g\u00fcc\u00fcn\u00fcn sa\u011flanmas\u0131nda \u00e7ok \u00f6nemli bir rol oynar. Bu dizel jenerat\u00f6rler, ana gemi makinelerine benzer \u015fekilde kinetik enerji kullan\u0131yor ancak elektrik \u00fcretmek i\u00e7in bir alternat\u00f6r\u00fc \u00e7al\u0131\u015ft\u0131rmaya odaklan\u0131yor. Fosil yak\u0131tlarla \u00e7al\u0131\u015fan bu jenerat\u00f6rler, kritik yedek par\u00e7alar\u0131n d\u00fczenli olarak de\u011fi\u015ftirilmesi de dahil olmak \u00fczere ana makinelere benzer bak\u0131m gerektirir.<\/p>\n<\/div>\n\n\n\n<div class=\"wp-block-column is-layout-flow wp-block-column-is-layout-flow\" style=\"flex-basis:33.33%\">\n<figure class=\"wp-block-image aligncenter size-large is-resized\"><img loading=\"lazy\" decoding=\"async\" width=\"1024\" height=\"707\" src=\"https:\/\/mescomar.com\/wp-content\/uploads\/2024\/04\/Marine-Diesel-Generator-for-Ship-with-Weichai-Engine-200kw-250kw-1024x707.webp\" alt=\"\" class=\"wp-image-9161\" style=\"width:345px;height:auto\" srcset=\"https:\/\/mescomar.com\/wp-content\/uploads\/2024\/04\/Marine-Diesel-Generator-for-Ship-with-Weichai-Engine-200kw-250kw-1024x707.webp 1024w, https:\/\/mescomar.com\/wp-content\/uploads\/2024\/04\/Marine-Diesel-Generator-for-Ship-with-Weichai-Engine-200kw-250kw-980x676.webp 980w, https:\/\/mescomar.com\/wp-content\/uploads\/2024\/04\/Marine-Diesel-Generator-for-Ship-with-Weichai-Engine-200kw-250kw-480x331.webp 480w\" sizes=\"auto, (min-width: 0px) and (max-width: 480px) 480px, (min-width: 481px) and (max-width: 980px) 980px, (min-width: 981px) 1024px, 100vw\" \/><\/figure>\n<\/div>\n<\/div>\n\n\n\n<div style=\"height:15px\" aria-hidden=\"true\" class=\"wp-block-spacer\"><\/div>\n\n\n\n<h2 class=\"wp-block-heading has-black-color has-text-color has-link-color wp-elements-366bce8aa355bc2c7f95587278dad878\"><strong>Dizel Jenerat\u00f6rler (Yard\u0131mc\u0131 Dizel Motorlar) i\u00e7in Bak\u0131m<\/strong><\/h2>\n\n\n\n<hr class=\"wp-block-separator has-text-color has-black-color has-alpha-channel-opacity has-black-background-color has-background is-style-wide\"\/>\n\n\n\n<div style=\"height:20px\" aria-hidden=\"true\" class=\"wp-block-spacer\"><\/div>\n\n\n\n<p style=\"font-size:16px\">Yard\u0131mc\u0131 dizel motorlar\u0131n g\u00fcvenilirli\u011fini ve verimlili\u011fini korumak i\u00e7in detayl\u0131 bir bak\u0131m \u00e7ok \u00f6nemlidir. Bu sadece jenerat\u00f6r\u00fcn genel bak\u0131m\u0131n\u0131 de\u011fil ayn\u0131 zamanda alternat\u00f6r bile\u015fenlerinin \u00f6zel bak\u0131mlar\u0131n\u0131 da i\u00e7erir. bak\u0131m i\u00e7eri\u011fi \u015fu \u015fekildedir:<\/p>\n\n\n\n<div class=\"wp-block-columns is-layout-flex wp-container-core-columns-is-layout-9d6595d7 wp-block-columns-is-layout-flex\">\n<div class=\"wp-block-column is-layout-flow wp-block-column-is-layout-flow\">\n<ul class=\"wp-block-list\" style=\"font-size:15px\">\n<li>Jenerat\u00f6r\u00fcn\u00fcn silindir kafalar\u0131n\u0131n ve di\u011fer yedek par\u00e7alar\u0131n\u0131n de\u011fi\u015ftirilmesi.<\/li>\n\n\n\n<li>Ana rulmanlar\u0131n bak\u0131m\u0131 ve de\u011fi\u015ftirilmesi.<\/li>\n\n\n\n<li>Yak\u0131t pompalar\u0131n\u0131n ve bile\u015fenlerinin revizyonu.<\/li>\n\n\n\n<li>Turbo\u015farj ve astar bak\u0131m\u0131 ve yedek par\u00e7a de\u011fi\u015fimi.<\/li>\n\n\n\n<li>Piston bak\u0131m\u0131 ve yedek par\u00e7a de\u011fi\u015fimi.<\/li>\n\n\n\n<li>Alternat\u00f6r kablolar\u0131n\u0131n kapsaml\u0131 incelemeleri ve bak\u0131m\u0131.<\/li>\n<\/ul>\n<\/div>\n\n\n\n<div class=\"wp-block-column is-layout-flow wp-block-column-is-layout-flow\">\n<figure class=\"wp-block-image aligncenter size-large is-resized\"><img loading=\"lazy\" decoding=\"async\" width=\"1024\" height=\"768\" src=\"https:\/\/mescomar.com\/wp-content\/uploads\/2024\/04\/service-2-2-1030x773-1-1024x768.webp\" alt=\"\" class=\"wp-image-9162\" style=\"width:349px;height:auto\" srcset=\"https:\/\/mescomar.com\/wp-content\/uploads\/2024\/04\/service-2-2-1030x773-1-1024x768.webp 1024w, https:\/\/mescomar.com\/wp-content\/uploads\/2024\/04\/service-2-2-1030x773-1-980x735.webp 980w, https:\/\/mescomar.com\/wp-content\/uploads\/2024\/04\/service-2-2-1030x773-1-480x360.webp 480w\" sizes=\"auto, (min-width: 0px) and (max-width: 480px) 480px, (min-width: 481px) and (max-width: 980px) 980px, (min-width: 981px) 1024px, 100vw\" \/><\/figure>\n<\/div>\n<\/div>\n\n\n\n<div style=\"height:15px\" aria-hidden=\"true\" class=\"wp-block-spacer\"><\/div>\n\n\n\n<h2 class=\"wp-block-heading has-black-color has-text-color has-link-color wp-elements-b79c320a459e104314202aa62a78ef81\"><strong>Mescomar\u2019\u0131n Gemi Jenerat\u00f6rleri (Yard\u0131mc\u0131 Dizel Motorlar) Yedek Par\u00e7a ve Hizmetlerindeki Uzmanl\u0131\u011f\u0131:<\/strong><\/h2>\n\n\n\n<hr class=\"wp-block-separator has-text-color has-black-color has-alpha-channel-opacity has-black-background-color has-background is-style-wide\"\/>\n\n\n\n<div style=\"height:20px\" aria-hidden=\"true\" class=\"wp-block-spacer\"><\/div>\n\n\n\n<p style=\"font-size:16px\">Mecomar olarak t\u00fcm \u00f6nemli marka ve modellerdeki yard\u0131mc\u0131 dizel jenerat\u00f6rler i\u00e7in y\u00fcksek kalitede yedek par\u00e7a ve bak\u0131m hizmetleri sa\u011flama konusunda uzman\u0131z. Hizmetlerimiz, geminizin jenerat\u00f6rlerini en iyi durumda tutacak ve kesintisiz, g\u00fcvenilir g\u00fc\u00e7 sa\u011flamalar\u0131n\u0131 sa\u011flayacak \u015fekilde belirlenmi\u015ftir. A\u015fa\u011f\u0131daki \u00f6nemli markalar i\u00e7in yedek par\u00e7a tedari\u011fi ve bak\u0131m hizmetleri sunuyoruz:<\/p>\n\n\n\n<div class=\"wp-block-columns is-layout-flex wp-container-core-columns-is-layout-9d6595d7 wp-block-columns-is-layout-flex\">\n<div class=\"wp-block-column is-layout-flow wp-block-column-is-layout-flow\">\n<ul class=\"wp-block-list\" style=\"font-size:16px\">\n<li>&#8211; MAN B&amp;W<\/li>\n\n\n\n<li>&#8211; SCANIA<\/li>\n\n\n\n<li>&#8211; WARTSILA<\/li>\n\n\n\n<li>&#8211; YANMAR<\/li>\n\n\n\n<li>&#8211; CUMMINS<\/li>\n<\/ul>\n<\/div>\n\n\n\n<div class=\"wp-block-column is-layout-flow wp-block-column-is-layout-flow\">\n<ul class=\"wp-block-list\" style=\"font-size:16px\">\n<li>&#8211; CATERPILLAR<\/li>\n\n\n\n<li>&#8211; MTU<\/li>\n\n\n\n<li>&#8211; PERKINS<\/li>\n\n\n\n<li>&#8211; VOLVO PENTA<\/li>\n\n\n\n<li>&#8211; DEUTZ<\/li>\n<\/ul>\n<\/div>\n<\/div>\n\n\n\n<div class=\"wp-block-columns is-layout-flex wp-container-core-columns-is-layout-9d6595d7 wp-block-columns-is-layout-flex\">\n<div class=\"wp-block-column is-layout-flow wp-block-column-is-layout-flow\">\n<figure class=\"wp-block-image aligncenter size-full is-resized\"><img loading=\"lazy\" decoding=\"async\" width=\"800\" height=\"800\" src=\"https:\/\/mescomar.com\/wp-content\/uploads\/2024\/04\/ERK-4.2LDI49B.jpg\" alt=\"\" class=\"wp-image-9163\" style=\"object-fit:cover;width:350px;height:350px\" srcset=\"https:\/\/mescomar.com\/wp-content\/uploads\/2024\/04\/ERK-4.2LDI49B.jpg 800w, https:\/\/mescomar.com\/wp-content\/uploads\/2024\/04\/ERK-4.2LDI49B-480x480.jpg 480w\" sizes=\"auto, (min-width: 0px) and (max-width: 480px) 480px, (min-width: 481px) 800px, 100vw\" \/><\/figure>\n<\/div>\n\n\n\n<div class=\"wp-block-column is-layout-flow wp-block-column-is-layout-flow\">\n<figure class=\"wp-block-image aligncenter size-large is-resized\"><img loading=\"lazy\" decoding=\"async\" width=\"575\" height=\"1024\" src=\"https:\/\/mescomar.com\/wp-content\/uploads\/2024\/04\/auxiliary-575x1024.jpg\" alt=\"\" class=\"wp-image-9164\" style=\"object-fit:cover;width:350px;height:350px\" srcset=\"https:\/\/mescomar.com\/wp-content\/uploads\/2024\/04\/auxiliary-575x1024.jpg 575w, https:\/\/mescomar.com\/wp-content\/uploads\/2024\/04\/auxiliary-480x854.jpg 480w\" sizes=\"auto, (min-width: 0px) and (max-width: 480px) 480px, (min-width: 481px) 575px, 100vw\" \/><\/figure>\n<\/div>\n<\/div>\n\n\n\n<div style=\"height:15px\" aria-hidden=\"true\" class=\"wp-block-spacer\"><\/div>\n\n\n\n<h2 class=\"wp-block-heading has-black-color has-text-color has-link-color wp-elements-e4f6f71900dc108ec86722d6fdab4c7c\"><strong>Dizel Jenerat\u00f6r \u0130htiya\u00e7lar\u0131n\u0131z i\u00e7in Neden Mescomar'a G\u00fcvenmelisiniz?<\/strong><\/h2>\n\n\n\n<hr class=\"wp-block-separator has-text-color has-black-color has-alpha-channel-opacity has-black-background-color has-background is-style-wide\"\/>\n\n\n\n<div style=\"height:20px\" aria-hidden=\"true\" class=\"wp-block-spacer\"><\/div>\n\n\n\n<p style=\"font-size:16px\">Mescomar, t\u00fcm jenerat\u00f6r (yard\u0131mc\u0131 dizel motor) yedek par\u00e7a ve bak\u0131m ihtiya\u00e7lar\u0131n\u0131z i\u00e7in g\u00fcvenilir orta\u011f\u0131n\u0131zd\u0131r. Gemilerinizin ister kuru havuzda, ister limanda, ister demirde olsun, m\u00fcmk\u00fcn olan en h\u0131zl\u0131, en uygun maliyetli hizmeti almas\u0131n\u0131 sa\u011fl\u0131yoruz. K\u00fcresel servis a\u011f\u0131m\u0131z, yedek par\u00e7alar\u0131 h\u0131zl\u0131 bir \u015fekilde teslim etmemize, ar\u0131za s\u00fcrelerini en aza indirmemize ve operasyonel verimlili\u011finizi art\u0131rmam\u0131za olanak tan\u0131r. Ayr\u0131nt\u0131l\u0131 ve proaktif hizmet yakla\u015f\u0131m\u0131m\u0131z, dizel jenerat\u00f6rlerinizin her zaman \u00e7al\u0131\u015fmaya haz\u0131r olmas\u0131n\u0131 ve t\u00fcm potansiyel sorunlar\u0131n operasyonlar\u0131n\u0131z\u0131 etkilemeden \u00f6nce ele giderilmesini kapsar.<\/p>","protected":false},"excerpt":{"rendered":"<p>Ship Auxiliary Diesel Engine Services in Tuzla-Istanbul and Yalova As mescomar we provide any kind of ship auxiliary diesel engine services from routine maintenance to spare parts supply. We have the best wide range of spare parts in market. For your questions please don&#8217;t hesitate to reach us. We provide services 24\/7 in Tuzla-Istanbul, Yalova, [&hellip;]<\/p>","protected":false},"author":1,"featured_media":0,"parent":7536,"menu_order":1,"comment_status":"closed","ping_status":"closed","template":"","meta":{"_et_pb_use_builder":"","_et_pb_old_content":"","_et_gb_content_width":"","_monsterinsights_skip_tracking":false,"_monsterinsights_sitenote_active":false,"_monsterinsights_sitenote_note":"","_monsterinsights_sitenote_category":0,"footnotes":""},"class_list":["post-7258","page","type-page","status-publish","hentry"],"yoast_head":"<!-- This site is optimized with the Yoast SEO plugin v23.0 - https:\/\/yoast.com\/wordpress\/plugins\/seo\/ -->\n<title>Diesel Generator (Ship Auxiliary Diesel Engine)<\/title>\n<meta name=\"description\" content=\"Diesel Generator Top-Tier Services and Spare Parts from Mescomar. Expert Maintenance for Reliable Vessel Operations.\" \/>\n<meta name=\"robots\" content=\"index, follow, max-snippet:-1, max-image-preview:large, max-video-preview:-1\" \/>\n<link rel=\"canonical\" href=\"https:\/\/mescomar.com\/tr\/spare-parts\/marine-diesel-engines\/ship-auxiliary-diesel-engine\/\" \/>\n<meta property=\"og:locale\" content=\"tr_TR\" \/>\n<meta property=\"og:type\" content=\"article\" \/>\n<meta property=\"og:title\" content=\"Diesel Generator (Ship Auxiliary Diesel Engine)\" \/>\n<meta property=\"og:description\" content=\"Diesel Generator Top-Tier Services and Spare Parts from Mescomar. Expert Maintenance for Reliable Vessel Operations.\" \/>\n<meta property=\"og:url\" content=\"https:\/\/mescomar.com\/tr\/spare-parts\/marine-diesel-engines\/ship-auxiliary-diesel-engine\/\" \/>\n<meta property=\"og:site_name\" content=\"Mescomar\" \/>\n<meta property=\"article:modified_time\" content=\"2024-06-21T02:37:50+00:00\" \/>\n<meta property=\"og:image\" content=\"https:\/\/mescomar.com\/wp-content\/uploads\/2024\/04\/Marine-Diesel-Generator-for-Ship-with-Weichai-Engine-200kw-250kw-1024x707.webp\" \/>\n<meta name=\"twitter:card\" content=\"summary_large_image\" \/>\n<meta name=\"twitter:label1\" content=\"Tahmini okuma s\u00fcresi\" \/>\n\t<meta name=\"twitter:data1\" content=\"3 dakika\" \/>\n<script type=\"application\/ld+json\" class=\"yoast-schema-graph\">{\"@context\":\"https:\/\/schema.org\",\"@graph\":[{\"@type\":\"WebPage\",\"@id\":\"https:\/\/mescomar.com\/en\/spare-parts\/marine-diesel-engines\/ship-auxiliary-diesel-engine\/\",\"url\":\"https:\/\/mescomar.com\/en\/spare-parts\/marine-diesel-engines\/ship-auxiliary-diesel-engine\/\",\"name\":\"Diesel Generator (Ship Auxiliary Diesel Engine)\",\"isPartOf\":{\"@id\":\"https:\/\/mescomar.com\/#website\"},\"primaryImageOfPage\":{\"@id\":\"https:\/\/mescomar.com\/en\/spare-parts\/marine-diesel-engines\/ship-auxiliary-diesel-engine\/#primaryimage\"},\"image\":{\"@id\":\"https:\/\/mescomar.com\/en\/spare-parts\/marine-diesel-engines\/ship-auxiliary-diesel-engine\/#primaryimage\"},\"thumbnailUrl\":\"https:\/\/mescomar.com\/wp-content\/uploads\/2024\/04\/Marine-Diesel-Generator-for-Ship-with-Weichai-Engine-200kw-250kw-1024x707.webp\",\"datePublished\":\"2024-03-07T05:16:58+00:00\",\"dateModified\":\"2024-06-21T02:37:50+00:00\",\"description\":\"Diesel Generator Top-Tier Services and Spare Parts from Mescomar. Expert Maintenance for Reliable Vessel Operations.\",\"breadcrumb\":{\"@id\":\"https:\/\/mescomar.com\/en\/spare-parts\/marine-diesel-engines\/ship-auxiliary-diesel-engine\/#breadcrumb\"},\"inLanguage\":\"tr\",\"potentialAction\":[{\"@type\":\"ReadAction\",\"target\":[\"https:\/\/mescomar.com\/en\/spare-parts\/marine-diesel-engines\/ship-auxiliary-diesel-engine\/\"]}]},{\"@type\":\"ImageObject\",\"inLanguage\":\"tr\",\"@id\":\"https:\/\/mescomar.com\/en\/spare-parts\/marine-diesel-engines\/ship-auxiliary-diesel-engine\/#primaryimage\",\"url\":\"https:\/\/mescomar.com\/wp-content\/uploads\/2024\/04\/Marine-Diesel-Generator-for-Ship-with-Weichai-Engine-200kw-250kw-1024x707.webp\",\"contentUrl\":\"https:\/\/mescomar.com\/wp-content\/uploads\/2024\/04\/Marine-Diesel-Generator-for-Ship-with-Weichai-Engine-200kw-250kw-1024x707.webp\"},{\"@type\":\"BreadcrumbList\",\"@id\":\"https:\/\/mescomar.com\/en\/spare-parts\/marine-diesel-engines\/ship-auxiliary-diesel-engine\/#breadcrumb\",\"itemListElement\":[{\"@type\":\"ListItem\",\"position\":1,\"name\":\"Anasayfa\",\"item\":\"https:\/\/mescomar.com\/en\/\"},{\"@type\":\"ListItem\",\"position\":2,\"name\":\"SPARE PARTS\",\"item\":\"https:\/\/mescomar.com\/spare-parts\/\"},{\"@type\":\"ListItem\",\"position\":3,\"name\":\"MARINE DIESEL ENGINES\",\"item\":\"https:\/\/mescomar.com\/en\/spare-parts\/marine-diesel-engines\/\"},{\"@type\":\"ListItem\",\"position\":4,\"name\":\"Ship Auxiliary Diesel Engine\"}]},{\"@type\":\"WebSite\",\"@id\":\"https:\/\/mescomar.com\/#website\",\"url\":\"https:\/\/mescomar.com\/\",\"name\":\"Mescomar\",\"description\":\"Marine Engineering Solutions and Consultancy\",\"publisher\":{\"@id\":\"https:\/\/mescomar.com\/#organization\"},\"potentialAction\":[{\"@type\":\"SearchAction\",\"target\":{\"@type\":\"EntryPoint\",\"urlTemplate\":\"https:\/\/mescomar.com\/?s={search_term_string}\"},\"query-input\":\"required name=search_term_string\"}],\"inLanguage\":\"tr\"},{\"@type\":\"Organization\",\"@id\":\"https:\/\/mescomar.com\/#organization\",\"name\":\"Mescomar\",\"url\":\"https:\/\/mescomar.com\/\",\"logo\":{\"@type\":\"ImageObject\",\"inLanguage\":\"tr\",\"@id\":\"https:\/\/mescomar.com\/#\/schema\/logo\/image\/\",\"url\":\"https:\/\/mescomar.com\/wp-content\/uploads\/2023\/09\/mescomar-logo-vek.png\",\"contentUrl\":\"https:\/\/mescomar.com\/wp-content\/uploads\/2023\/09\/mescomar-logo-vek.png\",\"width\":177,\"height\":200,\"caption\":\"Mescomar\"},\"image\":{\"@id\":\"https:\/\/mescomar.com\/#\/schema\/logo\/image\/\"},\"sameAs\":[\"https:\/\/www.linkedin.com\/company\/mescomar\/\"]}]}<\/script>\n<!-- \/ Yoast SEO plugin. -->","yoast_head_json":{"title":"Diesel Generator (Ship Auxiliary Diesel Engine)","description":"Diesel Generator Top-Tier Services and Spare Parts from Mescomar. Expert Maintenance for Reliable Vessel Operations.","robots":{"index":"index","follow":"follow","max-snippet":"max-snippet:-1","max-image-preview":"max-image-preview:large","max-video-preview":"max-video-preview:-1"},"canonical":"https:\/\/mescomar.com\/tr\/spare-parts\/marine-diesel-engines\/ship-auxiliary-diesel-engine\/","og_locale":"tr_TR","og_type":"article","og_title":"Diesel Generator (Ship Auxiliary Diesel Engine)","og_description":"Diesel Generator Top-Tier Services and Spare Parts from Mescomar. Expert Maintenance for Reliable Vessel Operations.","og_url":"https:\/\/mescomar.com\/tr\/spare-parts\/marine-diesel-engines\/ship-auxiliary-diesel-engine\/","og_site_name":"Mescomar","article_modified_time":"2024-06-21T02:37:50+00:00","og_image":[{"url":"https:\/\/mescomar.com\/wp-content\/uploads\/2024\/04\/Marine-Diesel-Generator-for-Ship-with-Weichai-Engine-200kw-250kw-1024x707.webp"}],"twitter_card":"summary_large_image","twitter_misc":{"Tahmini okuma s\u00fcresi":"3 dakika"},"schema":{"@context":"https:\/\/schema.org","@graph":[{"@type":"WebPage","@id":"https:\/\/mescomar.com\/en\/spare-parts\/marine-diesel-engines\/ship-auxiliary-diesel-engine\/","url":"https:\/\/mescomar.com\/en\/spare-parts\/marine-diesel-engines\/ship-auxiliary-diesel-engine\/","name":"Diesel Generator (Ship Auxiliary Diesel Engine)","isPartOf":{"@id":"https:\/\/mescomar.com\/#website"},"primaryImageOfPage":{"@id":"https:\/\/mescomar.com\/en\/spare-parts\/marine-diesel-engines\/ship-auxiliary-diesel-engine\/#primaryimage"},"image":{"@id":"https:\/\/mescomar.com\/en\/spare-parts\/marine-diesel-engines\/ship-auxiliary-diesel-engine\/#primaryimage"},"thumbnailUrl":"https:\/\/mescomar.com\/wp-content\/uploads\/2024\/04\/Marine-Diesel-Generator-for-Ship-with-Weichai-Engine-200kw-250kw-1024x707.webp","datePublished":"2024-03-07T05:16:58+00:00","dateModified":"2024-06-21T02:37:50+00:00","description":"Diesel Generator Top-Tier Services and Spare Parts from Mescomar. Expert Maintenance for Reliable Vessel Operations.","breadcrumb":{"@id":"https:\/\/mescomar.com\/en\/spare-parts\/marine-diesel-engines\/ship-auxiliary-diesel-engine\/#breadcrumb"},"inLanguage":"tr","potentialAction":[{"@type":"ReadAction","target":["https:\/\/mescomar.com\/en\/spare-parts\/marine-diesel-engines\/ship-auxiliary-diesel-engine\/"]}]},{"@type":"ImageObject","inLanguage":"tr","@id":"https:\/\/mescomar.com\/en\/spare-parts\/marine-diesel-engines\/ship-auxiliary-diesel-engine\/#primaryimage","url":"https:\/\/mescomar.com\/wp-content\/uploads\/2024\/04\/Marine-Diesel-Generator-for-Ship-with-Weichai-Engine-200kw-250kw-1024x707.webp","contentUrl":"https:\/\/mescomar.com\/wp-content\/uploads\/2024\/04\/Marine-Diesel-Generator-for-Ship-with-Weichai-Engine-200kw-250kw-1024x707.webp"},{"@type":"BreadcrumbList","@id":"https:\/\/mescomar.com\/en\/spare-parts\/marine-diesel-engines\/ship-auxiliary-diesel-engine\/#breadcrumb","itemListElement":[{"@type":"ListItem","position":1,"name":"Anasayfa","item":"https:\/\/mescomar.com\/en\/"},{"@type":"ListItem","position":2,"name":"SPARE PARTS","item":"https:\/\/mescomar.com\/spare-parts\/"},{"@type":"ListItem","position":3,"name":"MARINE DIESEL ENGINES","item":"https:\/\/mescomar.com\/en\/spare-parts\/marine-diesel-engines\/"},{"@type":"ListItem","position":4,"name":"Ship Auxiliary Diesel Engine"}]},{"@type":"WebSite","@id":"https:\/\/mescomar.com\/#website","url":"https:\/\/mescomar.com\/","name":"Mescomar","description":"Marine Engineering Solutions and Consultancy","publisher":{"@id":"https:\/\/mescomar.com\/#organization"},"potentialAction":[{"@type":"SearchAction","target":{"@type":"EntryPoint","urlTemplate":"https:\/\/mescomar.com\/?s={search_term_string}"},"query-input":"required name=search_term_string"}],"inLanguage":"tr"},{"@type":"Organization","@id":"https:\/\/mescomar.com\/#organization","name":"Mescomar","url":"https:\/\/mescomar.com\/","logo":{"@type":"ImageObject","inLanguage":"tr","@id":"https:\/\/mescomar.com\/#\/schema\/logo\/image\/","url":"https:\/\/mescomar.com\/wp-content\/uploads\/2023\/09\/mescomar-logo-vek.png","contentUrl":"https:\/\/mescomar.com\/wp-content\/uploads\/2023\/09\/mescomar-logo-vek.png","width":177,"height":200,"caption":"Mescomar"},"image":{"@id":"https:\/\/mescomar.com\/#\/schema\/logo\/image\/"},"sameAs":["https:\/\/www.linkedin.com\/company\/mescomar\/"]}]}},"_links":{"self":[{"href":"https:\/\/mescomar.com\/tr\/wp-json\/wp\/v2\/pages\/7258","targetHints":{"allow":["GET"]}}],"collection":[{"href":"https:\/\/mescomar.com\/tr\/wp-json\/wp\/v2\/pages"}],"about":[{"href":"https:\/\/mescomar.com\/tr\/wp-json\/wp\/v2\/types\/page"}],"author":[{"embeddable":true,"href":"https:\/\/mescomar.com\/tr\/wp-json\/wp\/v2\/users\/1"}],"replies":[{"embeddable":true,"href":"https:\/\/mescomar.com\/tr\/wp-json\/wp\/v2\/comments?post=7258"}],"version-history":[{"count":13,"href":"https:\/\/mescomar.com\/tr\/wp-json\/wp\/v2\/pages\/7258\/revisions"}],"predecessor-version":[{"id":9442,"href":"https:\/\/mescomar.com\/tr\/wp-json\/wp\/v2\/pages\/7258\/revisions\/9442"}],"up":[{"embeddable":true,"href":"https:\/\/mescomar.com\/tr\/wp-json\/wp\/v2\/pages\/7536"}],"wp:attachment":[{"href":"https:\/\/mescomar.com\/tr\/wp-json\/wp\/v2\/media?parent=7258"}],"curies":[{"name":"wp","href":"https:\/\/api.w.org\/{rel}","templated":true}]}}