{"id":7256,"date":"2024-03-07T05:16:36","date_gmt":"2024-03-07T05:16:36","guid":{"rendered":"https:\/\/mescomar.com\/?page_id=7256"},"modified":"2024-06-23T16:45:39","modified_gmt":"2024-06-23T13:45:39","slug":"pmaxpressure-indicator-peak-pressure-indicator-pmax-device","status":"publish","type":"page","link":"https:\/\/mescomar.com\/tr\/spare-parts\/pmaxpressure-indicator-peak-pressure-indicator-pmax-device\/","title":{"rendered":"PmaxPressure Indicator &#8211; Peak Pressure Indicator (PMAX Device)"},"content":{"rendered":"<div class=\"wp-block-group alignfull has-foreground-color has-border-background-color has-text-color has-background has-link-color has-system-font-family has-normal-font-size wp-elements-9e0ce033444ca01a2ab60b73ab807e77 is-layout-constrained wp-block-group-is-layout-constrained\" style=\"font-style:normal;font-weight:400\">\n<h1 class=\"wp-block-heading has-black-color has-text-color has-link-color wp-elements-f6dc86b873b9e5ff3e14b35082485215\"><strong>Pmax \u0130ndikat\u00f6r Cihaz Servisi \u2013 Tuzla-\u0130stanbul ve Yalova<\/strong><\/h1>\n\n\n\n<hr class=\"wp-block-separator has-text-color has-black-color has-alpha-channel-opacity has-black-background-color has-background is-style-wide\"\/>\n\n\n\n<p style=\"font-size:18px\">Mescomar olarak Tuzla - \u0130stanbul ve Yalova b\u00f6lgelerinde gemileriniz i\u00e7in  Pmax indikat\u00f6r\u00fc\/Pmax cihaz\u0131 servis ve yedek par\u00e7a hizmeti vermekteyiz. Sorular\u0131n\u0131z i\u00e7in l\u00fctfen bize ula\u015fmaktan \u00e7ekinmeyin. T\u00fcrkiye ve Akdeniz B\u00f6lgesinin her yerinde 7\/24 hizmet vermekteyiz.<\/p>\n\n\n\n<div style=\"height:15px\" aria-hidden=\"true\" class=\"wp-block-spacer\"><\/div>\n\n\n\n<div class=\"wp-block-buttons is-layout-flex wp-block-buttons-is-layout-flex\">\n<div class=\"wp-block-button\"><a class=\"wp-block-button__link has-background wp-element-button\" href=\"https:\/\/mescomar.com\/tr\/contact\/\" style=\"border-radius:10px;background-color:#30d5c8\">Bize Ula\u015f\u0131n<\/a><\/div>\n<\/div>\n\n\n\n<div style=\"height:15px\" aria-hidden=\"true\" class=\"wp-block-spacer\"><\/div>\n\n\n\n<h1 class=\"wp-block-heading has-black-color has-text-color has-link-color wp-elements-95a9cb16c7617d2ef59df3d0e4a102d2\"><strong>Pmax \u0130ndikat\u00f6r\u00fc - Cihaz\u0131 Nedir?<\/strong><\/h1>\n\n\n\n<hr class=\"wp-block-separator has-text-color has-black-color has-alpha-channel-opacity has-black-background-color has-background is-style-wide\" style=\"margin-top:var(--wp--preset--spacing--40);margin-bottom:var(--wp--preset--spacing--40)\"\/>\n\n\n\n<p>Pmax indikat\u00f6r cihaz\u0131, denizcilik end\u00fcstrisinde bir geminin ana makine silindirindeki maksimum bas\u0131nc\u0131 veya tepe bas\u0131nc\u0131n\u0131 \u00f6l\u00e7mek i\u00e7in kullan\u0131lan \u00f6zel bir cihazd\u0131r. Bu \u00f6l\u00e7\u00fcm, makinenin g\u00fcvenli bas\u0131n\u00e7 s\u0131n\u0131rlar\u0131 dahilinde \u00e7al\u0131\u015fmas\u0131n\u0131 sa\u011flamak a\u00e7\u0131s\u0131ndan kritik \u00f6neme sahiptir ve makinenin durumunun kontrol\u00fcne ve bak\u0131m\u0131na yard\u0131mc\u0131 olur.<\/p>\n\n\n\n<hr class=\"wp-block-separator has-text-color has-black-color has-alpha-channel-opacity has-black-background-color has-background\" style=\"margin-top:var(--wp--preset--spacing--40);margin-bottom:var(--wp--preset--spacing--40)\"\/>\n\n\n\n<h2 class=\"wp-block-heading has-black-color has-text-color has-link-color wp-elements-91afda5a95b06f39f9e626e120188807\"><strong>Pmax \u0130ndikat\u00f6r\u00fcn\u00fcn Kullan\u0131m Alanlar\u0131 <\/strong><\/h2>\n\n\n\n<hr class=\"wp-block-separator has-text-color has-black-color has-alpha-channel-opacity has-black-background-color has-background is-style-wide\" style=\"margin-top:var(--wp--preset--spacing--40);margin-bottom:var(--wp--preset--spacing--40)\"\/>\n\n\n\n<p>Cihaz\u0131n birincil kullan\u0131m\u0131, makine silindirleri i\u00e7indeki yanma i\u015flemi s\u0131ras\u0131nda \u00fcretilen tepe bas\u0131nc\u0131n\u0131 do\u011fru bir \u015fekilde \u00f6l\u00e7mektir. Bu veriler, yak\u0131t enjeksiyon zamanlamas\u0131n\u0131 ayarlamak, makine performans sorunlar\u0131n\u0131 te\u015fhis etmek ve bas\u0131n\u00e7 dengesizliklerinden kaynaklanan potansiyel makine ar\u0131zalar\u0131n\u0131 \u00f6nlemek i\u00e7in gereklidir.<\/p>\n\n\n\n<hr class=\"wp-block-separator has-text-color has-black-color has-alpha-channel-opacity has-black-background-color has-background\" style=\"margin-top:var(--wp--preset--spacing--40);margin-bottom:var(--wp--preset--spacing--40)\"\/>\n<\/div>\n\n\n\n<div class=\"wp-block-group alignwide has-foreground-color has-border-background-color has-text-color has-background has-link-color has-system-font-family has-normal-font-size wp-elements-51f9c27b5bf6048b7f0ab9b22d205c1f is-layout-constrained wp-block-group-is-layout-constrained\" style=\"font-style:normal;font-weight:400\">\n<h2 class=\"wp-block-heading has-black-color has-text-color has-link-color wp-elements-27e10b774955227b4bf396edc57da011\"><strong>Pmax \u0130ndikat\u00f6r - Cihazlar\u0131n\u0131n \u00c7e\u015fitleri<\/strong><\/h2>\n\n\n\n<hr class=\"wp-block-separator has-text-color has-foreground-color has-alpha-channel-opacity has-foreground-background-color has-background is-style-wide\" style=\"margin-top:var(--wp--preset--spacing--40);margin-bottom:var(--wp--preset--spacing--40)\"\/>\n\n\n\n<h3 class=\"wp-block-heading has-black-color has-text-color has-link-color wp-elements-b1cf08ebbcda73149fb747ac8e4f5961\">\u0130ki Ana Tipte Pmax Cihaz\u0131 Vard\u0131r:<\/h3>\n\n\n\n<ul class=\"has-black-color has-text-color has-link-color wp-block-list wp-elements-670a774bbcf565a3e2ec96bf5a74da54\">\n<li><strong>Analog Pmax \u0130ndikat\u00f6r <\/strong>: Analog cihazlar, denizcilik end\u00fcstrisinde bir geminin makine silindirindeki maksimum bas\u0131nc\u0131 \u00f6l\u00e7mek i\u00e7in kullan\u0131lan geleneksel ara\u00e7lard\u0131r. Bu cihazlar do\u011fas\u0131 gere\u011fi mekaniktir ve bas\u0131nc\u0131 okunabilir bir g\u00f6stergeye d\u00f6n\u00fc\u015ft\u00fcrmek i\u00e7in bir di\u015fliler ve kollar sistemi kullan\u0131r. Sa\u011flaml\u0131klar\u0131 nedeniyle uzun y\u0131llard\u0131r g\u00fcvenilir bir se\u00e7im olmu\u015ftur. Dijital teknolojinin geli\u015fmesine ra\u011fmen analog Pmax cihazlar\u0131 basitli\u011fi ve onar\u0131m kolayl\u0131\u011f\u0131 nedeniyle kullan\u0131lmaya devam etmektedir.<\/li>\n<\/ul>\n\n\n\n<figure class=\"wp-block-image aligncenter size-full is-resized\"><img loading=\"lazy\" decoding=\"async\" width=\"482\" height=\"402\" src=\"https:\/\/mescomar.com\/wp-content\/uploads\/2024\/04\/pmax-analog-2.jpg\" alt=\"pmax analog\" class=\"wp-image-8161\" style=\"width:360px;height:auto\" srcset=\"https:\/\/mescomar.com\/wp-content\/uploads\/2024\/04\/pmax-analog-2.jpg 482w, https:\/\/mescomar.com\/wp-content\/uploads\/2024\/04\/pmax-analog-2-300x250.jpg 300w\" sizes=\"auto, (max-width: 482px) 100vw, 482px\" \/><\/figure>\n\n\n\n<ul class=\"has-black-color has-text-color has-link-color wp-block-list wp-elements-3970b059e9aaf5e4f0e92f2f25886bdf\">\n<li><strong>Dijital Pmax \u0130ndikat\u00f6r\u00fc<\/strong>: Dijital cihazlar denizcilik sekt\u00f6r\u00fcnde bas\u0131n\u00e7 \u00f6l\u00e7\u00fcm teknolojisinin geli\u015fimini temsil etmektedir. Bu cihazlar, bas\u0131n\u00e7 de\u011fi\u015fikliklerini tespit etmek ve de\u011ferleri dijital ekranda g\u00f6r\u00fcnt\u00fclemek i\u00e7in geli\u015fmi\u015f elektronik sens\u00f6rler kullan\u0131r. Elektronik  cihazlar daha y\u00fcksek do\u011fruluk, veri depolama ve analiz etme yetene\u011fi sunar ve s\u0131kl\u0131kla trend analizi ve anormal bas\u0131n\u00e7 seviyelerine y\u00f6nelik alarmlar gibi \u00f6zellikler i\u00e7erir. Makine performans\u0131 ve olas\u0131 sorunlar hakk\u0131nda daha ayr\u0131nt\u0131l\u0131 bilgiler sa\u011flad\u0131klar\u0131ndan g\u00fcn ge\u00e7tik\u00e7e daha pop\u00fcler hale geliyorlar.<\/li>\n<\/ul>\n\n\n\n<figure class=\"wp-block-image aligncenter size-full is-resized\"><img loading=\"lazy\" decoding=\"async\" width=\"692\" height=\"820\" src=\"https:\/\/mescomar.com\/wp-content\/uploads\/2024\/04\/pmax-uygulama.jpg\" alt=\"\" class=\"wp-image-8966\" style=\"object-fit:contain;width:692px;height:820px\" srcset=\"https:\/\/mescomar.com\/wp-content\/uploads\/2024\/04\/pmax-uygulama.jpg 692w, https:\/\/mescomar.com\/wp-content\/uploads\/2024\/04\/pmax-uygulama-480x569.jpg 480w\" sizes=\"auto, (min-width: 0px) and (max-width: 480px) 480px, (min-width: 481px) 692px, 100vw\" \/><\/figure>\n\n\n\n<div style=\"height:10px\" aria-hidden=\"true\" class=\"wp-block-spacer\"><\/div>\n\n\n\n<hr class=\"wp-block-separator has-text-color has-black-color has-alpha-channel-opacity has-black-background-color has-background is-style-wide\"\/>\n\n\n\n<div style=\"height:10px\" aria-hidden=\"true\" class=\"wp-block-spacer\"><\/div>\n\n\n\n<figure class=\"wp-block-image aligncenter size-full\"><img loading=\"lazy\" decoding=\"async\" width=\"867\" height=\"524\" src=\"https:\/\/mescomar.com\/wp-content\/uploads\/2024\/04\/pmax-table.jpg\" alt=\"\" class=\"wp-image-8965\" style=\"object-fit:contain\" srcset=\"https:\/\/mescomar.com\/wp-content\/uploads\/2024\/04\/pmax-table.jpg 867w, https:\/\/mescomar.com\/wp-content\/uploads\/2024\/04\/pmax-table-480x290.jpg 480w\" sizes=\"auto, (min-width: 0px) and (max-width: 480px) 480px, (min-width: 481px) 867px, 100vw\" \/><\/figure>\n\n\n\n<p class=\"has-text-align-center\"><strong>Her cihaz tipinin kendine has avantajlar\u0131 vard\u0131r ve gemideki m\u00fchendislik ekibinin \u00f6zel ihtiya\u00e7lar\u0131 ve tercihlerine g\u00f6re se\u00e7ilir.<\/strong><\/p>\n\n\n\n<hr class=\"wp-block-separator has-text-color has-black-color has-alpha-channel-opacity has-black-background-color has-background\" style=\"margin-top:var(--wp--preset--spacing--40);margin-bottom:var(--wp--preset--spacing--40)\"\/>\n<\/div>\n\n\n\n<div class=\"wp-block-group alignwide has-foreground-color has-border-background-color has-text-color has-background has-link-color has-system-font-family has-normal-font-size wp-elements-5902f2e417a40859ff763dd0b839bdbf is-layout-constrained wp-block-group-is-layout-constrained\" style=\"font-style:normal;font-weight:400\">\n<h3 class=\"wp-block-heading has-black-color has-text-color has-link-color wp-elements-96890c501e75b08913d9d774495e3028\"><strong>Kullan\u0131m \u015eekli<\/strong><\/h3>\n\n\n\n<hr class=\"wp-block-separator has-text-color has-foreground-color has-alpha-channel-opacity has-foreground-background-color has-background is-style-wide\" style=\"margin-top:var(--wp--preset--spacing--40);margin-bottom:var(--wp--preset--spacing--40)\"\/>\n\n\n\n<p>Cihaz\u0131 kullanmak i\u00e7in a\u015fa\u011f\u0131daki ad\u0131mlar ger\u00e7ekle\u015ftirilir:<\/p>\n\n\n\n<ul class=\"wp-block-list\">\n<li><strong>Partik\u00fcllerin Temizlenmesi<\/strong>: Makine \u00e7al\u0131\u015f\u0131rken, i\u00e7erisinde birikmi\u015f olabilecek partik\u00fcllerin d\u0131\u015far\u0131 at\u0131lmas\u0131 i\u00e7in makine silindiri \u00fczerindeki indikat\u00f6r muslu\u011fu a\u00e7\u0131l\u0131r. Bu i\u015flem, Pmax cihaz\u0131n\u0131n zarar g\u00f6rmesini \u00f6nlemek i\u00e7in \u00e7ok \u00f6nemli bir ad\u0131md\u0131r.<\/li>\n\n\n\n<li><strong>Cihaz\u0131n Ba\u011flanmas\u0131<\/strong>: \u0130ndikat\u00f6r muslu\u011fu kapal\u0131yken Pmax cihaz\u0131 ba\u011flan\u0131r. Bu, \u00f6l\u00e7\u00fcm i\u015flemi s\u0131ras\u0131nda sisteme hi\u00e7bir harici partik\u00fcl\u00fcn girmemesini sa\u011flar.<\/li>\n\n\n\n<li><strong>Bas\u0131nc\u0131n \u0130zlenmesi<\/strong>: \u0130ndikat\u00f6r muslu\u011fu tekrar a\u00e7\u0131larak maksimum bas\u0131n\u00e7 de\u011feri izlenir ve Pmax cihaz\u0131n\u0131n bas\u0131nc\u0131 do\u011fru bir \u015fekilde \u00f6l\u00e7mesi sa\u011flan\u0131r.<\/li>\n\n\n\n<li><strong>Cihaz\u0131n S\u00f6k\u00fclmesi<\/strong>: Pmax cihaz\u0131n\u0131 \u00e7\u0131karmadan \u00f6nce indikat\u00f6r muslu\u011fu kapat\u0131lmal\u0131d\u0131r. Daha sonra cihaz, kullan\u0131mdan sonra olu\u015fabilecek y\u00fcksek s\u0131cakl\u0131k g\u00f6z \u00f6n\u00fcnde bulundurularak dikkatlice \u00e7\u0131kar\u0131lmal\u0131d\u0131r.<\/li>\n<\/ul>\n\n\n\n<hr class=\"wp-block-separator has-text-color has-foreground-color has-alpha-channel-opacity has-foreground-background-color has-background\" style=\"margin-top:var(--wp--preset--spacing--40);margin-bottom:var(--wp--preset--spacing--40)\"\/>\n<\/div>\n\n\n\n<div class=\"wp-block-group alignwide has-foreground-color has-border-background-color has-text-color has-background has-link-color has-system-font-family has-normal-font-size wp-elements-43b43e4e15c700adcd3681906a57b338 is-layout-constrained wp-block-group-is-layout-constrained\" style=\"font-style:normal;font-weight:400\">\n<h3 class=\"wp-block-heading has-black-color has-text-color has-link-color wp-elements-f46027f39891d902fe054930f971472c\"><strong>Kullan\u0131m S\u0131ras\u0131nda Al\u0131nmas\u0131 Gereken \u00d6nlemler <\/strong><\/h3>\n\n\n\n<hr class=\"wp-block-separator has-text-color has-foreground-color has-alpha-channel-opacity has-foreground-background-color has-background is-style-wide\" style=\"margin-top:var(--wp--preset--spacing--40);margin-bottom:var(--wp--preset--spacing--40)\"\/>\n\n\n\n<p>Cihaz\u0131 \u00e7al\u0131\u015ft\u0131r\u0131rken a\u015fa\u011f\u0131daki \u00f6nlemlerin al\u0131nmas\u0131 \u00f6nemlidir:<\/p>\n\n\n\n<ul class=\"wp-block-list\">\n<li>Hasar\u0131 \u00f6nlemek i\u00e7in cihaz\u0131 ba\u011flamadan \u00f6nce daima partik\u00fclleri bo\u015falt\u0131n.<\/li>\n\n\n\n<li>Kazalar\u0131 \u00f6nlemek i\u00e7in Pmax cihaz\u0131n\u0131 takmadan veya \u00e7\u0131karmadan \u00f6nce indikat\u00f6r muslu\u011funun kapal\u0131 oldu\u011fundan emin olun.<\/li>\n\n\n\n<li>Makinenin \u00e7al\u0131\u015fma s\u00fcrecinden kaynaklanan y\u00fcksek s\u0131cakl\u0131klardan dolay\u0131 cihaz\u0131 kulland\u0131ktan sonra olun.<\/li>\n\n\n\n<li>Do\u011fru veriler sa\u011flamak i\u00e7in Pmax cihaz\u0131n\u0131 d\u00fczenli olarak kalibre edin ve bak\u0131m\u0131n\u0131 yap\u0131n.<\/li>\n<\/ul>\n\n\n\n<p>Bu y\u00f6nergeleri takip ederek Pmax cihaz\u0131, bir geminin ana makinesinin sa\u011fl\u0131\u011f\u0131n\u0131 ve verimlili\u011fini korumak i\u00e7in etkili bir \u015fekilde kullan\u0131labilir.<\/p>\n\n\n\n<hr class=\"wp-block-separator has-text-color has-foreground-color has-alpha-channel-opacity has-foreground-background-color has-background\" style=\"margin-top:var(--wp--preset--spacing--40);margin-bottom:var(--wp--preset--spacing--40)\"\/>\n<\/div>\n\n\n\n<div class=\"wp-block-media-text alignwide is-stacked-on-mobile has-foreground-color has-border-background-color has-text-color has-background has-link-color wp-elements-6648130dfa908e1d0d2f9d56343f7444\" style=\"grid-template-columns:29% auto\"><figure class=\"wp-block-media-text__media\"><img loading=\"lazy\" decoding=\"async\" width=\"576\" height=\"1024\" src=\"https:\/\/mescomar.com\/wp-content\/uploads\/2024\/04\/pmax-analog-1-1-576x1024.jpg\" alt=\"\" class=\"wp-image-8164 size-full\" srcset=\"https:\/\/mescomar.com\/wp-content\/uploads\/2024\/04\/pmax-analog-1-1-576x1024.jpg 576w, https:\/\/mescomar.com\/wp-content\/uploads\/2024\/04\/pmax-analog-1-1-169x300.jpg 169w, https:\/\/mescomar.com\/wp-content\/uploads\/2024\/04\/pmax-analog-1-1.jpg 742w\" sizes=\"auto, (max-width: 576px) 100vw, 576px\" \/><\/figure><div class=\"wp-block-media-text__content\">\n<p class=\"has-medium-font-size translation-block\">Ayr\u0131nt\u0131l\u0131 teknik \u00f6zellikler, sat\u0131n alma bilgileri veya sorular\u0131n\u0131z i\u00e7in l\u00fctfen\u00a0bizimle ileti\u015fime ge\u00e7iniz. Uzman ekibimiz, geminiz i\u00e7in m\u00fckemmel Pmax \u00e7\u00f6z\u00fcm\u00fcn\u00fc bulman\u0131z\u0131 sa\u011flamak amac\u0131yla ki\u015fiselle\u015ftirilmi\u015f \u00f6neriler ve destekle size yard\u0131mc\u0131 olmaya haz\u0131rd\u0131r.<\/p>\n\n\n\n<div style=\"margin-top:0;margin-bottom:0;height:55px\" aria-hidden=\"true\" class=\"wp-block-spacer\"><\/div>\n<\/div><\/div>","protected":false},"excerpt":{"rendered":"<p>Pmax Indicator &#8211; Peak Pressure Indicator Device Service in Tuzla-Istanbul and Yalova As mescomar we are the biggest Pmax indicator &#8211; Peak Pressure Indicator device suppliers in Tuzla-Istanbul and Yalova region. For your questions please don&#8217;t hesitate reaching us. We give services 24\/7 all around Turkey and Mediterranean region. What is a Pmax &#8211; Peak [&hellip;]<\/p>","protected":false},"author":1,"featured_media":0,"parent":7264,"menu_order":5,"comment_status":"closed","ping_status":"closed","template":"","meta":{"_et_pb_use_builder":"","_et_pb_old_content":"","_et_gb_content_width":"","_monsterinsights_skip_tracking":false,"_monsterinsights_sitenote_active":false,"_monsterinsights_sitenote_note":"","_monsterinsights_sitenote_category":0,"footnotes":""},"class_list":["post-7256","page","type-page","status-publish","hentry"],"yoast_head":"<!-- This site is optimized with the Yoast SEO plugin v23.0 - https:\/\/yoast.com\/wordpress\/plugins\/seo\/ -->\n<title>Pmax Device- Peak Pressure Device | Mescomar<\/title>\n<meta name=\"description\" content=\"Explore the precision of Pmax devices for peak cylinder pressure measurement in marine engines, ensuring optimal performance and safety.\" \/>\n<meta name=\"robots\" content=\"index, follow, max-snippet:-1, max-image-preview:large, max-video-preview:-1\" \/>\n<link rel=\"canonical\" href=\"https:\/\/mescomar.com\/tr\/spare-parts\/pmaxpressure-indicator-peak-pressure-indicator-pmax-device\/\" \/>\n<meta property=\"og:locale\" content=\"tr_TR\" \/>\n<meta property=\"og:type\" content=\"article\" \/>\n<meta property=\"og:title\" content=\"Pmax Device- Peak Pressure Device | Mescomar\" \/>\n<meta property=\"og:description\" content=\"Explore the precision of Pmax devices for peak cylinder pressure measurement in marine engines, ensuring optimal performance and safety.\" \/>\n<meta property=\"og:url\" content=\"https:\/\/mescomar.com\/tr\/spare-parts\/pmaxpressure-indicator-peak-pressure-indicator-pmax-device\/\" \/>\n<meta property=\"og:site_name\" content=\"Mescomar\" \/>\n<meta property=\"article:modified_time\" content=\"2024-06-23T13:45:39+00:00\" \/>\n<meta property=\"og:image\" content=\"https:\/\/mescomar.com\/wp-content\/uploads\/2024\/04\/pmax-analog-2.jpg\" \/>\n<meta name=\"twitter:card\" content=\"summary_large_image\" \/>\n<meta name=\"twitter:label1\" content=\"Tahmini okuma s\u00fcresi\" \/>\n\t<meta name=\"twitter:data1\" content=\"4 dakika\" \/>\n<script type=\"application\/ld+json\" class=\"yoast-schema-graph\">{\"@context\":\"https:\/\/schema.org\",\"@graph\":[{\"@type\":\"WebPage\",\"@id\":\"https:\/\/mescomar.com\/spare-parts\/pmaxpressure-indicator-peak-pressure-indicator-pmax-device\/\",\"url\":\"https:\/\/mescomar.com\/spare-parts\/pmaxpressure-indicator-peak-pressure-indicator-pmax-device\/\",\"name\":\"Pmax Device- Peak Pressure Device | Mescomar\",\"isPartOf\":{\"@id\":\"https:\/\/mescomar.com\/#website\"},\"primaryImageOfPage\":{\"@id\":\"https:\/\/mescomar.com\/spare-parts\/pmaxpressure-indicator-peak-pressure-indicator-pmax-device\/#primaryimage\"},\"image\":{\"@id\":\"https:\/\/mescomar.com\/spare-parts\/pmaxpressure-indicator-peak-pressure-indicator-pmax-device\/#primaryimage\"},\"thumbnailUrl\":\"https:\/\/mescomar.com\/wp-content\/uploads\/2024\/04\/pmax-analog-2.jpg\",\"datePublished\":\"2024-03-07T05:16:36+00:00\",\"dateModified\":\"2024-06-23T13:45:39+00:00\",\"description\":\"Explore the precision of Pmax devices for peak cylinder pressure measurement in marine engines, ensuring optimal performance and safety.\",\"breadcrumb\":{\"@id\":\"https:\/\/mescomar.com\/spare-parts\/pmaxpressure-indicator-peak-pressure-indicator-pmax-device\/#breadcrumb\"},\"inLanguage\":\"tr\",\"potentialAction\":[{\"@type\":\"ReadAction\",\"target\":[\"https:\/\/mescomar.com\/spare-parts\/pmaxpressure-indicator-peak-pressure-indicator-pmax-device\/\"]}]},{\"@type\":\"ImageObject\",\"inLanguage\":\"tr\",\"@id\":\"https:\/\/mescomar.com\/spare-parts\/pmaxpressure-indicator-peak-pressure-indicator-pmax-device\/#primaryimage\",\"url\":\"https:\/\/mescomar.com\/wp-content\/uploads\/2024\/04\/pmax-analog-2.jpg\",\"contentUrl\":\"https:\/\/mescomar.com\/wp-content\/uploads\/2024\/04\/pmax-analog-2.jpg\"},{\"@type\":\"BreadcrumbList\",\"@id\":\"https:\/\/mescomar.com\/spare-parts\/pmaxpressure-indicator-peak-pressure-indicator-pmax-device\/#breadcrumb\",\"itemListElement\":[{\"@type\":\"ListItem\",\"position\":1,\"name\":\"Anasayfa\",\"item\":\"https:\/\/mescomar.com\/en\/\"},{\"@type\":\"ListItem\",\"position\":2,\"name\":\"SPARE PARTS\",\"item\":\"https:\/\/mescomar.com\/spare-parts\/\"},{\"@type\":\"ListItem\",\"position\":3,\"name\":\"PmaxPressure Indicator &#8211; Peak Pressure Indicator (PMAX Device)\"}]},{\"@type\":\"WebSite\",\"@id\":\"https:\/\/mescomar.com\/#website\",\"url\":\"https:\/\/mescomar.com\/\",\"name\":\"Mescomar\",\"description\":\"Marine Engineering Solutions and Consultancy\",\"publisher\":{\"@id\":\"https:\/\/mescomar.com\/#organization\"},\"potentialAction\":[{\"@type\":\"SearchAction\",\"target\":{\"@type\":\"EntryPoint\",\"urlTemplate\":\"https:\/\/mescomar.com\/?s={search_term_string}\"},\"query-input\":\"required name=search_term_string\"}],\"inLanguage\":\"tr\"},{\"@type\":\"Organization\",\"@id\":\"https:\/\/mescomar.com\/#organization\",\"name\":\"Mescomar\",\"url\":\"https:\/\/mescomar.com\/\",\"logo\":{\"@type\":\"ImageObject\",\"inLanguage\":\"tr\",\"@id\":\"https:\/\/mescomar.com\/#\/schema\/logo\/image\/\",\"url\":\"https:\/\/mescomar.com\/wp-content\/uploads\/2023\/09\/mescomar-logo-vek.png\",\"contentUrl\":\"https:\/\/mescomar.com\/wp-content\/uploads\/2023\/09\/mescomar-logo-vek.png\",\"width\":177,\"height\":200,\"caption\":\"Mescomar\"},\"image\":{\"@id\":\"https:\/\/mescomar.com\/#\/schema\/logo\/image\/\"},\"sameAs\":[\"https:\/\/www.linkedin.com\/company\/mescomar\/\"]}]}<\/script>\n<!-- \/ Yoast SEO plugin. -->","yoast_head_json":{"title":"Pmax Device- Peak Pressure Device | Mescomar","description":"Explore the precision of Pmax devices for peak cylinder pressure measurement in marine engines, ensuring optimal performance and safety.","robots":{"index":"index","follow":"follow","max-snippet":"max-snippet:-1","max-image-preview":"max-image-preview:large","max-video-preview":"max-video-preview:-1"},"canonical":"https:\/\/mescomar.com\/tr\/spare-parts\/pmaxpressure-indicator-peak-pressure-indicator-pmax-device\/","og_locale":"tr_TR","og_type":"article","og_title":"Pmax Device- Peak Pressure Device | Mescomar","og_description":"Explore the precision of Pmax devices for peak cylinder pressure measurement in marine engines, ensuring optimal performance and safety.","og_url":"https:\/\/mescomar.com\/tr\/spare-parts\/pmaxpressure-indicator-peak-pressure-indicator-pmax-device\/","og_site_name":"Mescomar","article_modified_time":"2024-06-23T13:45:39+00:00","og_image":[{"url":"https:\/\/mescomar.com\/wp-content\/uploads\/2024\/04\/pmax-analog-2.jpg"}],"twitter_card":"summary_large_image","twitter_misc":{"Tahmini okuma s\u00fcresi":"4 dakika"},"schema":{"@context":"https:\/\/schema.org","@graph":[{"@type":"WebPage","@id":"https:\/\/mescomar.com\/spare-parts\/pmaxpressure-indicator-peak-pressure-indicator-pmax-device\/","url":"https:\/\/mescomar.com\/spare-parts\/pmaxpressure-indicator-peak-pressure-indicator-pmax-device\/","name":"Pmax Device- Peak Pressure Device | Mescomar","isPartOf":{"@id":"https:\/\/mescomar.com\/#website"},"primaryImageOfPage":{"@id":"https:\/\/mescomar.com\/spare-parts\/pmaxpressure-indicator-peak-pressure-indicator-pmax-device\/#primaryimage"},"image":{"@id":"https:\/\/mescomar.com\/spare-parts\/pmaxpressure-indicator-peak-pressure-indicator-pmax-device\/#primaryimage"},"thumbnailUrl":"https:\/\/mescomar.com\/wp-content\/uploads\/2024\/04\/pmax-analog-2.jpg","datePublished":"2024-03-07T05:16:36+00:00","dateModified":"2024-06-23T13:45:39+00:00","description":"Explore the precision of Pmax devices for peak cylinder pressure measurement in marine engines, ensuring optimal performance and safety.","breadcrumb":{"@id":"https:\/\/mescomar.com\/spare-parts\/pmaxpressure-indicator-peak-pressure-indicator-pmax-device\/#breadcrumb"},"inLanguage":"tr","potentialAction":[{"@type":"ReadAction","target":["https:\/\/mescomar.com\/spare-parts\/pmaxpressure-indicator-peak-pressure-indicator-pmax-device\/"]}]},{"@type":"ImageObject","inLanguage":"tr","@id":"https:\/\/mescomar.com\/spare-parts\/pmaxpressure-indicator-peak-pressure-indicator-pmax-device\/#primaryimage","url":"https:\/\/mescomar.com\/wp-content\/uploads\/2024\/04\/pmax-analog-2.jpg","contentUrl":"https:\/\/mescomar.com\/wp-content\/uploads\/2024\/04\/pmax-analog-2.jpg"},{"@type":"BreadcrumbList","@id":"https:\/\/mescomar.com\/spare-parts\/pmaxpressure-indicator-peak-pressure-indicator-pmax-device\/#breadcrumb","itemListElement":[{"@type":"ListItem","position":1,"name":"Anasayfa","item":"https:\/\/mescomar.com\/en\/"},{"@type":"ListItem","position":2,"name":"SPARE PARTS","item":"https:\/\/mescomar.com\/spare-parts\/"},{"@type":"ListItem","position":3,"name":"PmaxPressure Indicator &#8211; Peak Pressure Indicator (PMAX Device)"}]},{"@type":"WebSite","@id":"https:\/\/mescomar.com\/#website","url":"https:\/\/mescomar.com\/","name":"Mescomar","description":"Marine Engineering Solutions and Consultancy","publisher":{"@id":"https:\/\/mescomar.com\/#organization"},"potentialAction":[{"@type":"SearchAction","target":{"@type":"EntryPoint","urlTemplate":"https:\/\/mescomar.com\/?s={search_term_string}"},"query-input":"required name=search_term_string"}],"inLanguage":"tr"},{"@type":"Organization","@id":"https:\/\/mescomar.com\/#organization","name":"Mescomar","url":"https:\/\/mescomar.com\/","logo":{"@type":"ImageObject","inLanguage":"tr","@id":"https:\/\/mescomar.com\/#\/schema\/logo\/image\/","url":"https:\/\/mescomar.com\/wp-content\/uploads\/2023\/09\/mescomar-logo-vek.png","contentUrl":"https:\/\/mescomar.com\/wp-content\/uploads\/2023\/09\/mescomar-logo-vek.png","width":177,"height":200,"caption":"Mescomar"},"image":{"@id":"https:\/\/mescomar.com\/#\/schema\/logo\/image\/"},"sameAs":["https:\/\/www.linkedin.com\/company\/mescomar\/"]}]}},"_links":{"self":[{"href":"https:\/\/mescomar.com\/tr\/wp-json\/wp\/v2\/pages\/7256","targetHints":{"allow":["GET"]}}],"collection":[{"href":"https:\/\/mescomar.com\/tr\/wp-json\/wp\/v2\/pages"}],"about":[{"href":"https:\/\/mescomar.com\/tr\/wp-json\/wp\/v2\/types\/page"}],"author":[{"embeddable":true,"href":"https:\/\/mescomar.com\/tr\/wp-json\/wp\/v2\/users\/1"}],"replies":[{"embeddable":true,"href":"https:\/\/mescomar.com\/tr\/wp-json\/wp\/v2\/comments?post=7256"}],"version-history":[{"count":20,"href":"https:\/\/mescomar.com\/tr\/wp-json\/wp\/v2\/pages\/7256\/revisions"}],"predecessor-version":[{"id":9484,"href":"https:\/\/mescomar.com\/tr\/wp-json\/wp\/v2\/pages\/7256\/revisions\/9484"}],"up":[{"embeddable":true,"href":"https:\/\/mescomar.com\/tr\/wp-json\/wp\/v2\/pages\/7264"}],"wp:attachment":[{"href":"https:\/\/mescomar.com\/tr\/wp-json\/wp\/v2\/media?parent=7256"}],"curies":[{"name":"wp","href":"https:\/\/api.w.org\/{rel}","templated":true}]}}